{"id":3531,"date":"2025-03-06T18:12:14","date_gmt":"2025-03-06T17:12:14","guid":{"rendered":"https:\/\/deep-space-astronomy.geekworkers.dev\/produit\/neptune-m-camera-planetaire-6-4mp-60fps-monochrome\/"},"modified":"2026-01-12T17:14:10","modified_gmt":"2026-01-12T16:14:10","slug":"neptune-m-camera-planetaire-6-4mp-60fps-monochrome","status":"publish","type":"product","link":"https:\/\/deep-space-astronomy.ch\/de\/produkt\/neptune-m-camera-planetaire-6-4mp-60fps-monochrome\/","title":{"rendered":"Neptune-M - 6.4MP\/60FPS monochrome Planetenkamera"},"content":{"rendered":"<h3>Neptune-M: Monochrome planetare Hochleistungskamera<\/h3>\n<p>Die <strong>Neptun-M<\/strong>, entwickelt von <strong>Player One Astronomie<\/strong>Die Sony IMX178 ist eine monochrome Planetenkamera mit dem CMOS-Sensor Sony IMX178, die eine au\u00dfergew\u00f6hnliche Leistung bei der Sonnen-, Mond- und Planetenfotografie bietet und Astrofotografen die M\u00f6glichkeit gibt, hochpr\u00e4zise Bilder aufzunehmen.<\/p>\n<h3>Wichtigste Merkmale<\/h3>\n<ul>\n<li><strong>Sony IMX178 CMOS-Sensor :<\/strong><\/li>\n<ul>\n<li>Format 1\/1.8\"<\/li>\n<li>Gesamtaufl\u00f6sung von 6,4 Megapixeln (3096 x 2078 Pixel)<\/li>\n<li>Pixelgr\u00f6\u00dfe von 2,4 \u00b5m<\/li>\n<li>9 mm Diagonale<\/li>\n<li>Brunnentiefe (Full Well): 15 ke<\/li>\n<li>Bildrate: Bis zu 60 FPS im RAW8-Modus (10-Bit)<\/li>\n<li>Belichtungsbereich: Von 32 \u00b5s bis 2000 s<\/li>\n<\/ul>\n<\/ul>\n<h3>Technische Leistungen<\/h3>\n<ul>\n<li><strong>Leseger\u00e4usche :<\/strong> Zwischen 2,2 e- und 1,3 e- f\u00fcr eine optimale Ger\u00e4uschunterdr\u00fcckung.<\/li>\n<li><strong>Quanteneffizienz (QE) :<\/strong> Ca. 80 % f\u00fcr sch\u00e4rfere und detailliertere Bilder.<\/li>\n<li><strong>ADC :<\/strong> 14 Bit f\u00fcr eine pr\u00e4zise Datenumwandlung und hohe Bildtreue.<\/li>\n<li><strong>H\u00e4fen :<\/strong> USB3.0\/USB2.0 f\u00fcr schnelle und stabile Konnektivit\u00e4t.<\/li>\n<li><strong>Verschluss :<\/strong> Rollverschluss f\u00fcr eine reibungslose Verwaltung der Aufnahmen.<\/li>\n<\/ul>\n<h3>Technologische Vorteile<\/h3>\n<ul>\n<li><strong>DPS-Technologie (Dead Pixel Suppression) :<\/strong> Entfernen von toten Pixeln, um die Bildqualit\u00e4t zu verbessern.<\/li>\n<li><strong>256 MB DDR3-Cache :<\/strong> Stabilisiert die Daten\u00fcbertragung f\u00fcr eine h\u00f6here Leistung.<\/li>\n<li><strong>Mechanismus zum Schutz vor \u00dcberspannungen :<\/strong> F\u00fcr mehr Haltbarkeit und Sicherheit.<\/li>\n<li><strong>Sechseckiges Design :<\/strong> Elegantes rotes und schwarzes Finish f\u00fcr eine moderne \u00c4sthetik.<\/li>\n<\/ul>\n<h3>Anwendungen<\/h3>\n<p>Die <strong>Neptun-M<\/strong> ist ideal f\u00fcr :<\/p>\n<ul>\n<li>Solar Imaging<\/li>\n<li>Mondbeobachtung<\/li>\n<li>Planetarische Fotografie<\/li>\n<li>Astronomische Mosaike<\/li>\n<\/ul>\n<h3>Schlussfolgerung<\/h3>\n<p>Mit ihrem innovativen Design und ihrer fortschrittlichen technischen Leistung ist die <strong>Neptun-M<\/strong> hat sich als unverzichtbares Werkzeug f\u00fcr anspruchsvolle Astrofotografen etabliert und erm\u00f6glicht die Aufnahme von Bildern in au\u00dfergew\u00f6hnlicher Qualit\u00e4t in verschiedenen Bereichen der Astronomie.<\/p>","protected":false},"excerpt":{"rendered":"<p>Neptune-M : Cam\u00e9ra Monochrome Plan\u00e9taire de Haute Performance La Neptune-M, d\u00e9velopp\u00e9e par Player One Astronomy, est une cam\u00e9ra monochrome plan\u00e9taire \u00e9quip\u00e9e du capteur CMOS Sony IMX178. Elle offre des performances exceptionnelles pour l\u2019imagerie solaire, lunaire et plan\u00e9taire, permettant aux astrophotographes de capturer des images d\u2019une grande pr\u00e9cision. Caract\u00e9ristiques Principales Capteur CMOS Sony IMX178 : Format [&hellip;]<\/p>\n","protected":false},"featured_media":3530,"comment_status":"open","ping_status":"closed","template":"","meta":[],"product_brand":[556],"product_cat":[781,769],"product_tag":[],"class_list":{"0":"post-3531","1":"product","2":"type-product","3":"status-publish","4":"has-post-thumbnail","6":"product_brand-player-one","7":"product_cat-planetaire","8":"product_cat-planetaire-guidage-lucky-imaging","10":"first","11":"on_supplier","12":"taxable","13":"shipping-taxable","14":"purchasable","15":"product-type-simple"},"_links":{"self":[{"href":"https:\/\/deep-space-astronomy.ch\/de\/wp-json\/wp\/v2\/product\/3531","targetHints":{"allow":["GET"]}}],"collection":[{"href":"https:\/\/deep-space-astronomy.ch\/de\/wp-json\/wp\/v2\/product"}],"about":[{"href":"https:\/\/deep-space-astronomy.ch\/de\/wp-json\/wp\/v2\/types\/product"}],"replies":[{"embeddable":true,"href":"https:\/\/deep-space-astronomy.ch\/de\/wp-json\/wp\/v2\/comments?post=3531"}],"wp:featuredmedia":[{"embeddable":true,"href":"https:\/\/deep-space-astronomy.ch\/de\/wp-json\/wp\/v2\/media\/3530"}],"wp:attachment":[{"href":"https:\/\/deep-space-astronomy.ch\/de\/wp-json\/wp\/v2\/media?parent=3531"}],"wp:term":[{"taxonomy":"product_brand","embeddable":true,"href":"https:\/\/deep-space-astronomy.ch\/de\/wp-json\/wp\/v2\/product_brand?post=3531"},{"taxonomy":"product_cat","embeddable":true,"href":"https:\/\/deep-space-astronomy.ch\/de\/wp-json\/wp\/v2\/product_cat?post=3531"},{"taxonomy":"product_tag","embeddable":true,"href":"https:\/\/deep-space-astronomy.ch\/de\/wp-json\/wp\/v2\/product_tag?post=3531"}],"curies":[{"name":"wp","href":"https:\/\/api.w.org\/{rel}","templated":true}]}}