{"id":3539,"date":"2025-03-06T18:13:41","date_gmt":"2025-03-06T17:13:41","guid":{"rendered":"https:\/\/deep-space-astronomy.geekworkers.dev\/produit\/neptune-c-camera-planetaire-6-4mp-60fps-couleur\/"},"modified":"2026-01-12T17:13:07","modified_gmt":"2026-01-12T16:13:07","slug":"neptune-c-camera-planetaire-6-4mp-60fps-couleur","status":"publish","type":"product","link":"https:\/\/deep-space-astronomy.ch\/de\/produkt\/neptune-c-camera-planetaire-6-4mp-60fps-couleur\/","title":{"rendered":"Neptune-C - Planetenkamera 6.4MP\/60FPS Farbe"},"content":{"rendered":"<h3>Neptune-C: Leistungsstarke planetarische Farbkamera<\/h3>\n<p>Die <strong>Neptun-C<\/strong>, entwickelt von <strong>Player One Astronomie<\/strong>Die Sony IMX178 ist eine planetarische Farbkamera mit dem CMOS-Sensor Sony IMX178. Sie wurde f\u00fcr eine hohe Bildqualit\u00e4t entwickelt und eignet sich ideal f\u00fcr die planetarische Bildgebung, die Sonnenbeobachtung und die Erfassung von astronomischen Objekten.<\/p>\n<h3>Wichtigste Merkmale<\/h3>\n<ul>\n<li><strong>Sony IMX178 CMOS-Sensor :<\/strong><\/li>\n<ul>\n<li>Format 1\/1,8\"<\/li>\n<li>Aufl\u00f6sung von 6,4 Megapixel (3096 x 2078 Pixel)<\/li>\n<li>Pixelgr\u00f6\u00dfe von 2,4 \u00b5m<\/li>\n<li>9 mm Diagonale<\/li>\n<li>Brunnentiefe (Full Well): 15 ke<\/li>\n<li>Bildrate: Bis zu 60 FPS<\/li>\n<li>ADC: 12 Bit f\u00fcr eine pr\u00e4zise Datenumwandlung<\/li>\n<\/ul>\n<\/ul>\n<h3>Technologische Highlights<\/h3>\n<ul>\n<li><strong>Hohe Empfindlichkeit :<\/strong> Quanteneffizienz (QE) von ca. 80 % f\u00fcr eine scharfe und pr\u00e4zise Bildaufnahme.<\/li>\n<li><strong>DPS-Technologie (Dead Pixel Suppression) :<\/strong> Reduzierung toter Pixel f\u00fcr eine bessere Bildqualit\u00e4t.<\/li>\n<li><strong>Schutzfenster :<\/strong> Mehrschichtige Antireflexbeschichtung AR Plus, die Blendungen reduziert und die Bildklarheit verbessert.<\/li>\n<li><strong>H\u00e4fen :<\/strong> USB3.0\/USB2.0 f\u00fcr schnelle und stabile Konnektivit\u00e4t.<\/li>\n<\/ul>\n<h3>Anwendungen<\/h3>\n<p>Die <strong>Neptun-C<\/strong> ist ideal f\u00fcr :<\/p>\n<ul>\n<li>Planetare Bildgebung<\/li>\n<li>Sonnenbeobachtung<\/li>\n<li>Astronomische Erfassung von Himmelsobjekten<\/li>\n<\/ul>\n<h3>Schlussfolgerung<\/h3>\n<p>Mit ihrem sechseckigen Design und ihrer fortschrittlichen Leistung ist die <strong>Neptun-C<\/strong> ist ein unverzichtbares Werkzeug f\u00fcr begeisterte Astrofotografen, die nach Pr\u00e4zision und Zuverl\u00e4ssigkeit bei ihren Beobachtungen und Aufnahmen suchen.<\/p>","protected":false},"excerpt":{"rendered":"<p>Neptune-C : Cam\u00e9ra Couleur Plan\u00e9taire Hautes Performances La Neptune-C, d\u00e9velopp\u00e9e par Player One Astronomy, est une cam\u00e9ra couleur plan\u00e9taire \u00e9quip\u00e9e du capteur CMOS Sony IMX178. Con\u00e7ue pour offrir des images de haute qualit\u00e9, elle est id\u00e9ale pour l\u2019imagerie plan\u00e9taire, l\u2019observation solaire et la capture d\u2019objets astronomiques. Caract\u00e9ristiques Principales Capteur CMOS Sony IMX178 : Format 1\/1,8\u201d [&hellip;]<\/p>\n","protected":false},"featured_media":3538,"comment_status":"open","ping_status":"closed","template":"","meta":[],"product_brand":[556],"product_cat":[781,769],"product_tag":[],"class_list":{"0":"post-3539","1":"product","2":"type-product","3":"status-publish","4":"has-post-thumbnail","6":"product_brand-player-one","7":"product_cat-planetaire","8":"product_cat-planetaire-guidage-lucky-imaging","10":"first","11":"on_supplier","12":"taxable","13":"shipping-taxable","14":"purchasable","15":"product-type-simple"},"_links":{"self":[{"href":"https:\/\/deep-space-astronomy.ch\/de\/wp-json\/wp\/v2\/product\/3539","targetHints":{"allow":["GET"]}}],"collection":[{"href":"https:\/\/deep-space-astronomy.ch\/de\/wp-json\/wp\/v2\/product"}],"about":[{"href":"https:\/\/deep-space-astronomy.ch\/de\/wp-json\/wp\/v2\/types\/product"}],"replies":[{"embeddable":true,"href":"https:\/\/deep-space-astronomy.ch\/de\/wp-json\/wp\/v2\/comments?post=3539"}],"wp:featuredmedia":[{"embeddable":true,"href":"https:\/\/deep-space-astronomy.ch\/de\/wp-json\/wp\/v2\/media\/3538"}],"wp:attachment":[{"href":"https:\/\/deep-space-astronomy.ch\/de\/wp-json\/wp\/v2\/media?parent=3539"}],"wp:term":[{"taxonomy":"product_brand","embeddable":true,"href":"https:\/\/deep-space-astronomy.ch\/de\/wp-json\/wp\/v2\/product_brand?post=3539"},{"taxonomy":"product_cat","embeddable":true,"href":"https:\/\/deep-space-astronomy.ch\/de\/wp-json\/wp\/v2\/product_cat?post=3539"},{"taxonomy":"product_tag","embeddable":true,"href":"https:\/\/deep-space-astronomy.ch\/de\/wp-json\/wp\/v2\/product_tag?post=3539"}],"curies":[{"name":"wp","href":"https:\/\/api.w.org\/{rel}","templated":true}]}}