{"id":3552,"date":"2025-03-06T18:15:19","date_gmt":"2025-03-06T17:15:19","guid":{"rendered":"https:\/\/deep-space-astronomy.geekworkers.dev\/produit\/uranus-c-camera-planetaire-8mp-47fps-couleur\/"},"modified":"2026-01-12T17:12:41","modified_gmt":"2026-01-12T16:12:41","slug":"uranus-c-camera-planetaire-8mp-47fps-couleur","status":"publish","type":"product","link":"https:\/\/deep-space-astronomy.ch\/de\/produkt\/uranus-c-camera-planetaire-8mp-47fps-couleur\/","title":{"rendered":"Uranus-C"},"content":{"rendered":"<h3>Uranus-C: Planetarische Hochleistungs-Farbkamera<\/h3>\n<p>Die <strong>Uranus-C<\/strong>, entwickelt von <strong>Player One Astronomie<\/strong>Die Sony IMX585 ist eine planetarische Farbkamera mit dem Sony IMX585 CMOS-Sensor. Sie bietet eine bemerkenswerte Leistung f\u00fcr die astronomische Bildgebung und erm\u00f6glicht es Astrofotografen, qualitativ hochwertige Bilder von Mond, Sonne und Planeten aufzunehmen.<\/p>\n<h3>Wichtigste Merkmale<\/h3>\n<ul>\n<li><strong>Sony IMX585 CMOS-Sensor :<\/strong>\n<ul>\n<li>Format 1\/1,2\"<\/li>\n<li>Aufl\u00f6sung von 8,3 Megapixel (3856 x 2180 Pixel)<\/li>\n<li>Pixelgr\u00f6\u00dfe von 2,9 \u00b5m<\/li>\n<li>Diagonale von 12,85 mm<\/li>\n<li>Bildrate: 47 FPS in 10 Bit<\/li>\n<li>Tiefe des Bohrlochs (Full Well): 38,8 ke<\/li>\n<\/ul>\n<\/li>\n<\/ul>\n<h3>Technologische Highlights<\/h3>\n<ul>\n<li><strong>STARVIS 2-Technologie von Sony :<\/strong> Bietet eine hervorragende Empfindlichkeit und Bildqualit\u00e4t auch bei schlechten Lichtverh\u00e4ltnissen.<\/li>\n<li><strong>Bayer-Matrix :<\/strong> RGGB, ideal f\u00fcr die Aufnahme von Farbbildern.<\/li>\n<li><strong>Non-Amp-Glow :<\/strong> V\u00f6llig dunkler Hintergrund, wodurch Lichtartefakte reduziert werden.<\/li>\n<li><strong>Quanteneffizienz (QE) :<\/strong> Etwa 91 % f\u00fcr qualitativ hochwertige Bilder.<\/li>\n<li><strong>Belichtungsbereich :<\/strong> Von 32 \u00b5s bis 2000 s f\u00fcr eine hohe Flexibilit\u00e4t bei der Bilderfassung.<\/li>\n<li><strong>Leseger\u00e4usche :<\/strong> Zwischen 6,5 und 0,7 e-, garantiert saubere und scharfe Bilder.<\/li>\n<\/ul>\n<h3>Design<\/h3>\n<ul>\n<li><strong>Sechseckiges Design :<\/strong> Elegantes rotes und schwarzes Finish.<\/li>\n<li><strong>Gewicht :<\/strong> 160 g f\u00fcr eine einfache Handhabung.<\/li>\n<li><strong>H\u00e4fen :<\/strong> USB3.0\/USB2.0 f\u00fcr schnelle und zuverl\u00e4ssige Konnektivit\u00e4t.<\/li>\n<li><strong>Adapter Enthalten :<\/strong> 1,25\" \/ M42x0,75 f\u00fcr die Verwendung mit verschiedenen Arten von Teleskopen.<\/li>\n<\/ul>\n<h3>Schlussfolgerung<\/h3>\n<p>Mit ihrer fortschrittlichen Leistung und ihrem modernen Design ist die <strong>Uranus-C<\/strong> hat sich als unverzichtbares Werkzeug f\u00fcr Astrofotografen etabliert, die sich auf Sonnen-, Mond- und Planetenbilder spezialisiert haben.<\/p>","protected":false},"excerpt":{"rendered":"<p>Uranus-C : Cam\u00e9ra Couleur Plan\u00e9taire de Haute Performance La Uranus-C, d\u00e9velopp\u00e9e par Player One Astronomy, est une cam\u00e9ra couleur plan\u00e9taire \u00e9quip\u00e9e du capteur CMOS Sony IMX585. Elle offre des performances remarquables pour l\u2019imagerie astronomique, permettant aux astrophotographes de capturer des images de haute qualit\u00e9 de la Lune, du Soleil et des plan\u00e8tes. Caract\u00e9ristiques Principales Capteur [&hellip;]<\/p>\n","protected":false},"featured_media":3546,"comment_status":"open","ping_status":"closed","template":"","meta":[],"product_brand":[556],"product_cat":[781,769],"product_tag":[],"class_list":{"0":"post-3552","1":"product","2":"type-product","3":"status-publish","4":"has-post-thumbnail","6":"product_brand-player-one","7":"product_cat-planetaire","8":"product_cat-planetaire-guidage-lucky-imaging","10":"first","11":"on_supplier","12":"taxable","13":"shipping-taxable","14":"purchasable","15":"product-type-simple"},"_links":{"self":[{"href":"https:\/\/deep-space-astronomy.ch\/de\/wp-json\/wp\/v2\/product\/3552","targetHints":{"allow":["GET"]}}],"collection":[{"href":"https:\/\/deep-space-astronomy.ch\/de\/wp-json\/wp\/v2\/product"}],"about":[{"href":"https:\/\/deep-space-astronomy.ch\/de\/wp-json\/wp\/v2\/types\/product"}],"replies":[{"embeddable":true,"href":"https:\/\/deep-space-astronomy.ch\/de\/wp-json\/wp\/v2\/comments?post=3552"}],"wp:featuredmedia":[{"embeddable":true,"href":"https:\/\/deep-space-astronomy.ch\/de\/wp-json\/wp\/v2\/media\/3546"}],"wp:attachment":[{"href":"https:\/\/deep-space-astronomy.ch\/de\/wp-json\/wp\/v2\/media?parent=3552"}],"wp:term":[{"taxonomy":"product_brand","embeddable":true,"href":"https:\/\/deep-space-astronomy.ch\/de\/wp-json\/wp\/v2\/product_brand?post=3552"},{"taxonomy":"product_cat","embeddable":true,"href":"https:\/\/deep-space-astronomy.ch\/de\/wp-json\/wp\/v2\/product_cat?post=3552"},{"taxonomy":"product_tag","embeddable":true,"href":"https:\/\/deep-space-astronomy.ch\/de\/wp-json\/wp\/v2\/product_tag?post=3552"}],"curies":[{"name":"wp","href":"https:\/\/api.w.org\/{rel}","templated":true}]}}