{"id":3562,"date":"2025-03-06T18:16:29","date_gmt":"2025-03-06T17:16:29","guid":{"rendered":"https:\/\/deep-space-astronomy.geekworkers.dev\/produit\/saturn-m-sqr-camera-planetaire-9mp-43fps-monochrome\/"},"modified":"2026-01-12T17:12:19","modified_gmt":"2026-01-12T16:12:19","slug":"saturn-m-sqr-camera-planetaire-9mp-43fps-monochrome","status":"publish","type":"product","link":"https:\/\/deep-space-astronomy.ch\/de\/produkt\/saturn-m-sqr-camera-planetaire-9mp-43fps-monochrome\/","title":{"rendered":"Saturn-M SQR - Player One"},"content":{"rendered":"<h3>Saturn-M SQR: Monochrome Planetenkamera der neuen Generation<\/h3>\n<p>Die <strong>Saturn-M SQR<\/strong>, entwickelt von <strong>Player One Astronomie<\/strong>Die Sony IMX533 ist eine monochrome Planetenkamera der n\u00e4chsten Generation mit dem Sony IMX533 CMOS-Sensor. Sie bietet au\u00dfergew\u00f6hnliche Eigenschaften und Leistungen, insbesondere f\u00fcr Astrofotografen, die auf der Suche nach maximaler Pr\u00e4zision sind.<\/p>\n<h3>Wichtigste Merkmale<\/h3>\n<ul>\n<li><strong>Sony IMX533 CMOS-Sensor :<\/strong><\/li>\n<ul>\n<li>Quadratisches Format 1\"<\/li>\n<li>9-Megapixel-Aufl\u00f6sung (3008 x 3008 Pixel)<\/li>\n<li>Pixelgr\u00f6\u00dfe von 3,76 \u00b5m<\/li>\n<li>16 mm Diagonale<\/li>\n<li>Brunnentiefe (Full Well): 73 ke, 1,5-mal mehr als der Standard IMX533<\/li>\n<li>Bildrate: 43 FPS im RAW-Modus8<\/li>\n<\/ul>\n<\/ul>\n<h3>Technologische Highlights<\/h3>\n<ul>\n<li><strong>STARVIS 2-Technologie von Sony :<\/strong> Verbessert die Empfindlichkeit und die Bildqualit\u00e4t bei schlechten Lichtverh\u00e4ltnissen.<\/li>\n<li><strong>Dual Sampling Mode :<\/strong>\n<ul>\n<li><strong>Normaler Modus :<\/strong> Optimal f\u00fcr die Planetenabbildung.<\/li>\n<li><strong>LRN-Modus (Low Read Noise) :<\/strong> Geeignet f\u00fcr DSO-Bilder (Deep Sky Objects).<\/li>\n<\/ul>\n<\/li>\n<li><strong>Non-Amp-Glow :<\/strong> V\u00f6llig dunkler Hintergrund, der das Bildrauschen reduziert.<\/li>\n<li><strong>Quadratisches Format :<\/strong> Ideal f\u00fcr Mond- und Sonnenmosaike.<\/li>\n<\/ul>\n<h3>Anwendungen<\/h3>\n<p>Die Saturn-M SQR ist perfekt geeignet f\u00fcr :<\/p>\n<ul>\n<li>Bildgebung auf dem Mond<\/li>\n<li>Sonnenbeobachtung<\/li>\n<li>Astronomische Mosaike<\/li>\n<li>Planetare Bildgebung<\/li>\n<\/ul>\n<h3>Schlussfolgerung<\/h3>\n<p>Mit ihrem innovativen sechseckigen Design und ihrer fortschrittlichen Leistung ist die <strong>Saturn-M SQR<\/strong> hat sich als unverzichtbares Werkzeug f\u00fcr anspruchsvolle Astrofotografen etabliert, egal ob es sich um Planeten-, Mond- oder Sonnenaufnahmen handelt.<\/p>","protected":false},"excerpt":{"rendered":"<p>Saturn-M SQR : Cam\u00e9ra Plan\u00e9taire Monochrome de Nouvelle G\u00e9n\u00e9ration La Saturn-M SQR, d\u00e9velopp\u00e9e par Player One Astronomy, est une cam\u00e9ra monochrome plan\u00e9taire de nouvelle g\u00e9n\u00e9ration \u00e9quip\u00e9e du capteur CMOS Sony IMX533. Elle offre des caract\u00e9ristiques et des performances exceptionnelles, en particulier pour les astrophotographes \u00e0 la recherche d\u2019une pr\u00e9cision maximale. Caract\u00e9ristiques Principales Capteur CMOS Sony [&hellip;]<\/p>\n","protected":false},"featured_media":3557,"comment_status":"open","ping_status":"closed","template":"","meta":[],"product_brand":[556],"product_cat":[781,769],"product_tag":[],"class_list":{"0":"post-3562","1":"product","2":"type-product","3":"status-publish","4":"has-post-thumbnail","6":"product_brand-player-one","7":"product_cat-planetaire","8":"product_cat-planetaire-guidage-lucky-imaging","10":"first","11":"on_supplier","12":"taxable","13":"shipping-taxable","14":"purchasable","15":"product-type-simple"},"_links":{"self":[{"href":"https:\/\/deep-space-astronomy.ch\/de\/wp-json\/wp\/v2\/product\/3562","targetHints":{"allow":["GET"]}}],"collection":[{"href":"https:\/\/deep-space-astronomy.ch\/de\/wp-json\/wp\/v2\/product"}],"about":[{"href":"https:\/\/deep-space-astronomy.ch\/de\/wp-json\/wp\/v2\/types\/product"}],"replies":[{"embeddable":true,"href":"https:\/\/deep-space-astronomy.ch\/de\/wp-json\/wp\/v2\/comments?post=3562"}],"wp:featuredmedia":[{"embeddable":true,"href":"https:\/\/deep-space-astronomy.ch\/de\/wp-json\/wp\/v2\/media\/3557"}],"wp:attachment":[{"href":"https:\/\/deep-space-astronomy.ch\/de\/wp-json\/wp\/v2\/media?parent=3562"}],"wp:term":[{"taxonomy":"product_brand","embeddable":true,"href":"https:\/\/deep-space-astronomy.ch\/de\/wp-json\/wp\/v2\/product_brand?post=3562"},{"taxonomy":"product_cat","embeddable":true,"href":"https:\/\/deep-space-astronomy.ch\/de\/wp-json\/wp\/v2\/product_cat?post=3562"},{"taxonomy":"product_tag","embeddable":true,"href":"https:\/\/deep-space-astronomy.ch\/de\/wp-json\/wp\/v2\/product_tag?post=3562"}],"curies":[{"name":"wp","href":"https:\/\/api.w.org\/{rel}","templated":true}]}}