{"id":3579,"date":"2025-03-06T18:18:52","date_gmt":"2025-03-06T17:18:52","guid":{"rendered":"https:\/\/deep-space-astronomy.geekworkers.dev\/produit\/ceres-462m-camera-guidage-et-planetaire-2-1mp-136fps-monochrome\/"},"modified":"2026-01-12T17:10:24","modified_gmt":"2026-01-12T16:10:24","slug":"ceres-462m-camera-guidage-et-planetaire-2-1mp-136fps-monochrome","status":"publish","type":"product","link":"https:\/\/deep-space-astronomy.ch\/de\/produkt\/ceres-462m-camera-guidage-et-planetaire-2-1mp-136fps-monochrome\/","title":{"rendered":"Ceres 462M - F\u00fchrungs- und Planetenkamera 2.1MP\/136FPS Monochrom"},"content":{"rendered":"<h3>Die Ceres 462M: Vielseitige Monochrom-Kamera<\/h3>\n<p>Die von Player One Astronomy entwickelte Ceres 462M ist eine vielseitige monochrome Kamera, die f\u00fcr die Planetenabbildung und das Autoguiding entwickelt wurde. Sie verwendet den Sony IMX462 CMOS-Sensor, der f\u00fcr seine hohe Empfindlichkeit und sein geringes Ausleserauschen bekannt ist, was sie zu einer ausgezeichneten Wahl f\u00fcr anspruchsvolle Astrofotografen macht.<\/p>\n<h3>Hauptmerkmale<\/h3>\n<ul>\n<li><strong>Sony IMX462 CMOS-Sensor :<\/strong><\/li>\n<ul>\n<li>Format: 1\/2,8\"<\/li>\n<li>Aufl\u00f6sung: 2,1 Megapixel (1944 x 1096 Pixel)<\/li>\n<li>Pixelgr\u00f6\u00dfe: 2,9 \u00b5m<\/li>\n<li>Diagonale des Sensors: 6,5 mm<\/li>\n<li>Abmessungen des Sensors: 5,6 mm x 3,2 mm<\/li>\n<li>Brunnentiefe (Full Well): 12 ke<\/li>\n<li>Maximale Bildrate: Bis zu 136 FPS im RAW8-Modus (10-Bit)<\/li>\n<li>Belichtungsbereich: Von 32 \u00b5s bis 2000 s<\/li>\n<li>Obturator: Rollend<\/li>\n<\/ul>\n<\/ul>\n<h3>Technische Leistungen<\/h3>\n<ul>\n<li><strong>Ultra-niedriges Lese-Rauschen :<\/strong> Zwischen 2,6 e- und 0,7 e-, abh\u00e4ngig von der verwendeten Verst\u00e4rkung.<\/li>\n<li><strong>Quanteneffizienz (QE) :<\/strong> Spitzenwert der Quanteneffizienz von ca. 91 %, der eine hervorragende Erfassung des einfallenden Lichts gew\u00e4hrleistet.<\/li>\n<li><strong>AR-Schutzfenster Plus :<\/strong> Mehrschichtige Antireflexbeschichtung f\u00fcr optimale Lichtdurchl\u00e4ssigkeit (310 nm bis 1100 nm).<\/li>\n<li><strong>USB3.0-Schnittstelle :<\/strong> Erm\u00f6glicht eine schnelle Daten\u00fcbertragung mit einer maximalen Geschwindigkeit von 136 FPS bei voller Aufl\u00f6sung.<\/li>\n<\/ul>\n<h3>Technologische St\u00e4rken<\/h3>\n<ul>\n<li><strong>DPS (Dead Pixel Suppression) :<\/strong> Integrierte Technologie zur automatischen Korrektur fehlerhafter Pixel, indem dunkle Bilder analysiert und abnormale Werte durch Medianwerte ersetzt werden.<\/li>\n<li><strong>Vielseitigkeit :<\/strong><\/li>\n<ul>\n<li>Entwickelt f\u00fcr Autoguiding mit ST4-Anschluss und hoher Leistung bei der planetaren Bildgebung.<\/li>\n<li>Kann als Monochromkamera mit speziellen Filtern im nahen Infrarotbereich (NIR) verwendet werden.<\/li>\n<\/ul>\n<li><strong>Erweiterter Schutz :<\/strong> Integrierte Mechanismen gegen \u00dcberspannung und \u00dcberstrom zum Schutz der Kamera und der angeschlossenen Ger\u00e4te.<\/li>\n<li><strong>Kompakt und leicht :<\/strong><\/li>\n<ul>\n<li>Durchmesser: 40 mm<\/li>\n<li>Gewicht: 65 g<\/li>\n<li>Inklusive Adapter f\u00fcr 1,25\"-Okularhalter oder M28.5\u00d70.6-Gewinde.<\/li>\n<\/ul>\n<\/ul>\n<h3>Anwendungen<\/h3>\n<ul>\n<li><strong>Hochaufl\u00f6sende Planetenbilder :<\/strong> Jupiter, Saturn, Mars und andere Objekte des Sonnensystems.<\/li>\n<li><strong>Sonnen- und Mondbeobachtung :<\/strong> Kompatibel mit H-Alpha- oder Wei\u00dflichtfiltern.<\/li>\n<li><strong>Pr\u00e4zises Autoguiding :<\/strong> Dank des geringen Leserauschens und der hohen Empfindlichkeit.<\/li>\n<\/ul>\n<h3>Inklusive Zubeh\u00f6r<\/h3>\n<ul>\n<li>USB3.0-Kabel<\/li>\n<li>ST4-Kabel f\u00fcr Autoguiding<\/li>\n<li>T2\/1,25\"-Adapter<\/li>\n<li>Schutzkappe<\/li>\n<\/ul>\n<p>Mit seinen fortschrittlichen technischen Merkmalen und dem auf Vielseitigkeit optimierten Design ist das Ceres 462M eine unverzichtbare Wahl f\u00fcr Astrofotografen, die die faszinierenden Details des Sonnensystems erkunden und gleichzeitig eine zuverl\u00e4ssige L\u00f6sung f\u00fcr das Autoguiding nutzen m\u00f6chten.<\/p>","protected":false},"excerpt":{"rendered":"<p>La Ceres 462M : Cam\u00e9ra Monochrome Polyvalente La Ceres 462M, d\u00e9velopp\u00e9e par Player One Astronomy, est une cam\u00e9ra monochrome polyvalente con\u00e7ue pour l\u2019imagerie plan\u00e9taire et l\u2019autoguidage. Elle utilise le capteur CMOS Sony IMX462, reconnu pour sa sensibilit\u00e9 \u00e9lev\u00e9e et son faible bruit de lecture, ce qui en fait un excellent choix pour les astrophotographes exigeants. [&hellip;]<\/p>\n","protected":false},"featured_media":3576,"comment_status":"open","ping_status":"closed","template":"","meta":[],"product_brand":[556],"product_cat":[781,769],"product_tag":[],"class_list":{"0":"post-3579","1":"product","2":"type-product","3":"status-publish","4":"has-post-thumbnail","6":"product_brand-player-one","7":"product_cat-planetaire","8":"product_cat-planetaire-guidage-lucky-imaging","10":"first","11":"on_supplier","12":"taxable","13":"shipping-taxable","14":"purchasable","15":"product-type-simple"},"_links":{"self":[{"href":"https:\/\/deep-space-astronomy.ch\/de\/wp-json\/wp\/v2\/product\/3579","targetHints":{"allow":["GET"]}}],"collection":[{"href":"https:\/\/deep-space-astronomy.ch\/de\/wp-json\/wp\/v2\/product"}],"about":[{"href":"https:\/\/deep-space-astronomy.ch\/de\/wp-json\/wp\/v2\/types\/product"}],"replies":[{"embeddable":true,"href":"https:\/\/deep-space-astronomy.ch\/de\/wp-json\/wp\/v2\/comments?post=3579"}],"wp:featuredmedia":[{"embeddable":true,"href":"https:\/\/deep-space-astronomy.ch\/de\/wp-json\/wp\/v2\/media\/3576"}],"wp:attachment":[{"href":"https:\/\/deep-space-astronomy.ch\/de\/wp-json\/wp\/v2\/media?parent=3579"}],"wp:term":[{"taxonomy":"product_brand","embeddable":true,"href":"https:\/\/deep-space-astronomy.ch\/de\/wp-json\/wp\/v2\/product_brand?post=3579"},{"taxonomy":"product_cat","embeddable":true,"href":"https:\/\/deep-space-astronomy.ch\/de\/wp-json\/wp\/v2\/product_cat?post=3579"},{"taxonomy":"product_tag","embeddable":true,"href":"https:\/\/deep-space-astronomy.ch\/de\/wp-json\/wp\/v2\/product_tag?post=3579"}],"curies":[{"name":"wp","href":"https:\/\/api.w.org\/{rel}","templated":true}]}}