{"id":3595,"date":"2025-03-06T18:21:30","date_gmt":"2025-03-06T17:21:30","guid":{"rendered":"https:\/\/deep-space-astronomy.geekworkers.dev\/produit\/xena-m-camera-guidage-et-planetaire-2-3mp-48fps-monochrome\/"},"modified":"2026-01-12T17:09:59","modified_gmt":"2026-01-12T16:09:59","slug":"xena-m-camera-guidage-et-planetaire-2-3mp-48fps-monochrome","status":"publish","type":"product","link":"https:\/\/deep-space-astronomy.ch\/de\/produkt\/xena-m-camera-guidage-et-planetaire-2-3mp-48fps-monochrome\/","title":{"rendered":"Xena-M - F\u00fchrungs- und Planetenkamera 2.3MP\/48FPS Monochrom"},"content":{"rendered":"<h3>Xena-M: Vielseitige Monochrom-Kamera f\u00fcr Autoguiding und planetare Bildgebung<\/h3>\n<p>Die <strong>Xena-M<\/strong>ist eine von Player One Astronomy entwickelte monochrome Mehrzweckkamera, die f\u00fcr Autoguiding und planetare Bildgebung entwickelt wurde und Teil der \"Dwarf Planet\"-Serie ist.<\/p>\n<h3>Hauptmerkmale<\/h3>\n<ul>\n<li><strong>Sony IMX249 CMOS-Sensor :<\/strong><\/li>\n<ul>\n<li><strong>Format :<\/strong> 1\/1.2\"<\/li>\n<li><strong>Aufl\u00f6sung :<\/strong> 2,3 Megapixel (1936 x 1216 Pixel)<\/li>\n<li><strong>Pixelgr\u00f6\u00dfe :<\/strong> 5,86 \u00b5m<\/li>\n<li><strong>Diagonale :<\/strong> 13,3 mm<\/li>\n<li><strong>Brunnentiefe (Full Well) :<\/strong> 32 ke<\/li>\n<li><strong>Maximale Trittfrequenz :<\/strong> 48 FPS im RAW8-Modus (10 Bit)<\/li>\n<\/ul>\n<\/ul>\n<h3>Technologische St\u00e4rken<\/h3>\n<ul>\n<li><strong>Nova Boosting Technology :<\/strong>\n<ul>\n<li>Erm\u00f6glicht das \u00dcbertakten der Sensorfrequenz.<\/li>\n<li>Erh\u00f6ht die Bildrate von 30 FPS (offizielle Sony-Geschwindigkeit) auf 48 FPS.<\/li>\n<\/ul>\n<\/li>\n<li><strong>DPS-Technologie (Dead Pixel Suppression) :<\/strong>\n<ul>\n<li>Analysiert dunkle Bilder.<\/li>\n<li>Korrigiert automatisch fehlerhafte Pixel, indem ein Medianwert zugewiesen wird.<\/li>\n<\/ul>\n<\/li>\n<li><strong>USB3.0-Konnektivit\u00e4t :<\/strong>\n<ul>\n<li>\u00dcbertragungsgeschwindigkeit von 500 Mb\/s.<\/li>\n<li>10-mal schneller als ein USB2.0-Anschluss.<\/li>\n<\/ul>\n<\/li>\n<\/ul>\n<h3>Anwendungen<\/h3>\n<ul>\n<li>Autoguiding<\/li>\n<li>Planetare Bildgebung<\/li>\n<li>Tiefer Himmel<\/li>\n<li>Kompatibel mit 1,25-Zoll-F\u00fchrerbrillen<\/li>\n<\/ul>\n<h3>Zus\u00e4tzliche Eigenschaften<\/h3>\n<ul>\n<li><strong>Quanteneffizienz (QE) :<\/strong> Etwa 77%<\/li>\n<li><strong>Rauschen beim Lesen :<\/strong> 3,57 e- zu einem Gewinn von 350<\/li>\n<li><strong>Schutz vor \u00dcberspannungen und \u00dcberstrom<\/strong><\/li>\n<\/ul>\n<h3>Schlussfolgerung<\/h3>\n<p>Mit ihrem innovativen sechseckigen Design und ihrer fortschrittlichen Leistung ist die <strong>Xena-M<\/strong> ist ein vielseitiges Werkzeug f\u00fcr anspruchsvolle Astrofotografen.<\/p>","protected":false},"excerpt":{"rendered":"<p>Xena-M : Cam\u00e9ra Monochrome Polyvalente pour l\u2019Autoguidage et l\u2019Imagerie Plan\u00e9taire La Xena-M, d\u00e9velopp\u00e9e par Player One Astronomy, est une cam\u00e9ra monochrome polyvalente con\u00e7ue pour l\u2019autoguidage et l\u2019imagerie plan\u00e9taire, faisant partie de la s\u00e9rie \u201cDwarf Planet\u201d. Caract\u00e9ristiques principales Capteur CMOS Sony IMX249 : Format : 1\/1.2\u201d R\u00e9solution : 2,3 m\u00e9gapixels (1936 x 1216 pixels) Taille des [&hellip;]<\/p>\n","protected":false},"featured_media":3594,"comment_status":"open","ping_status":"closed","template":"","meta":[],"product_brand":[556],"product_cat":[781,769],"product_tag":[],"class_list":{"0":"post-3595","1":"product","2":"type-product","3":"status-publish","4":"has-post-thumbnail","6":"product_brand-player-one","7":"product_cat-planetaire","8":"product_cat-planetaire-guidage-lucky-imaging","10":"first","11":"on_supplier","12":"taxable","13":"shipping-taxable","14":"purchasable","15":"product-type-simple"},"_links":{"self":[{"href":"https:\/\/deep-space-astronomy.ch\/de\/wp-json\/wp\/v2\/product\/3595","targetHints":{"allow":["GET"]}}],"collection":[{"href":"https:\/\/deep-space-astronomy.ch\/de\/wp-json\/wp\/v2\/product"}],"about":[{"href":"https:\/\/deep-space-astronomy.ch\/de\/wp-json\/wp\/v2\/types\/product"}],"replies":[{"embeddable":true,"href":"https:\/\/deep-space-astronomy.ch\/de\/wp-json\/wp\/v2\/comments?post=3595"}],"wp:featuredmedia":[{"embeddable":true,"href":"https:\/\/deep-space-astronomy.ch\/de\/wp-json\/wp\/v2\/media\/3594"}],"wp:attachment":[{"href":"https:\/\/deep-space-astronomy.ch\/de\/wp-json\/wp\/v2\/media?parent=3595"}],"wp:term":[{"taxonomy":"product_brand","embeddable":true,"href":"https:\/\/deep-space-astronomy.ch\/de\/wp-json\/wp\/v2\/product_brand?post=3595"},{"taxonomy":"product_cat","embeddable":true,"href":"https:\/\/deep-space-astronomy.ch\/de\/wp-json\/wp\/v2\/product_cat?post=3595"},{"taxonomy":"product_tag","embeddable":true,"href":"https:\/\/deep-space-astronomy.ch\/de\/wp-json\/wp\/v2\/product_tag?post=3595"}],"curies":[{"name":"wp","href":"https:\/\/api.w.org\/{rel}","templated":true}]}}