{"id":3609,"date":"2025-03-06T18:23:04","date_gmt":"2025-03-06T17:23:04","guid":{"rendered":"https:\/\/deep-space-astronomy.geekworkers.dev\/produit\/sedna-m-camera-guidage-et-planetaire-1-2mp-60fps-monochrome\/"},"modified":"2026-03-29T17:56:54","modified_gmt":"2026-03-29T15:56:54","slug":"sedna-m-camera-guidage-et-planetaire-1-2mp-60fps-monochrome","status":"publish","type":"product","link":"https:\/\/deep-space-astronomy.ch\/de\/produkt\/sedna-m-camera-guidage-et-planetaire-1-2mp-60fps-monochrome\/","title":{"rendered":"Sedna-M - 1.2MP\/60FPS monochrome F\u00fchrungs- und Planetenkamera"},"content":{"rendered":"<h3>Sedna-M: Vielseitige monochrome Kamera f\u00fcr Autoguiding und planetare Bildgebung<\/h3>\n<p>Die <strong>Sedna-M<\/strong>ist eine von Player One Astronomy entwickelte monochrome Mehrzweckkamera, die f\u00fcr Autoguiding und planetare Bildgebung entwickelt wurde und Teil der \"Dwarf Planet\"-Serie ist.<\/p>\n<h3>Hauptmerkmale<\/h3>\n<ul>\n<li><strong>Sony IMX178 CMOS-Sensor :<\/strong><\/li>\n<ul>\n<li><strong>Format :<\/strong> 1\/1.8\"<\/li>\n<li><strong>Aufl\u00f6sung :<\/strong> 6,4 Megapixel (3096 x 2078 Pixel)<\/li>\n<li><strong>Pixelgr\u00f6\u00dfe :<\/strong> 2,4 \u00b5m<\/li>\n<li><strong>Diagonale :<\/strong> 9 mm<\/li>\n<li><strong>Brunnentiefe (Full Well) :<\/strong> 15 ke<\/li>\n<li><strong>Maximale Trittfrequenz :<\/strong> 60 FPS im RAW8-Modus (10-Bit)<\/li>\n<\/ul>\n<\/ul>\n<h3>Technologische St\u00e4rken<\/h3>\n<ul>\n<li><strong>DPS-Technologie (Dead Pixel Suppression) :<\/strong>\n<ul>\n<li>Analysiert dunkle Bilder<\/li>\n<li>Korrigiert automatisch fehlerhafte Pixel durch Zuweisung eines Medianwerts<\/li>\n<\/ul>\n<\/li>\n<li><strong>HCG-Modus (High Conversion Gain) :<\/strong>\n<ul>\n<li>Automatisch aktiviert bei einer Verst\u00e4rkung &gt; 30<\/li>\n<li>Reduziert deutlich das Rauschen beim Lesen<\/li>\n<li>Beh\u00e4lt eine hohe Dynamik bei<\/li>\n<\/ul>\n<\/li>\n<li><strong>USB3.0-Konnektivit\u00e4t :<\/strong>\n<ul>\n<li>\u00dcbertragungsgeschwindigkeit von 500 Mb\/s<\/li>\n<li>10-mal schneller als ein USB2.0-Anschluss<\/li>\n<\/ul>\n<\/li>\n<\/ul>\n<h3>Anwendungen<\/h3>\n<ul>\n<li>Autoguiding<\/li>\n<li>Planetare Bildgebung<\/li>\n<li>Kompatibel mit 1,25-Zoll-F\u00fchrerbrillen<\/li>\n<\/ul>\n<h3>Zus\u00e4tzliche Eigenschaften<\/h3>\n<ul>\n<li><strong>Quanteneffizienz (QE) :<\/strong> Etwa 80%<\/li>\n<li><strong>Rauschen beim Lesen :<\/strong> Zwischen 2,2 und 1,3 e-<\/li>\n<li><strong>Belichtungsbereich :<\/strong> Von 32 \u00b5s bis 2000 s<\/li>\n<li><strong>Schutz vor \u00dcberspannungen und \u00dcberstrom<\/strong><\/li>\n<\/ul>\n<h3>Schlussfolgerung<\/h3>\n<p>Mit ihrem innovativen sechseckigen Design und ihrer fortschrittlichen Leistung ist die <strong>Sedna-M<\/strong> etabliert sich als vielseitiges Werkzeug f\u00fcr anspruchsvolle Astrofotografen.<\/p>","protected":false},"excerpt":{"rendered":"<p>Sedna-M : Cam\u00e9ra Monochrome Polyvalente pour l\u2019Autoguidage et l\u2019Imagerie Plan\u00e9taire La Sedna-M, d\u00e9velopp\u00e9e par Player One Astronomy, est une cam\u00e9ra monochrome polyvalente con\u00e7ue pour l\u2019autoguidage et l\u2019imagerie plan\u00e9taire, faisant partie de la s\u00e9rie \u201cDwarf Planet\u201d. Caract\u00e9ristiques principales Capteur CMOS Sony IMX178 : Format : 1\/1.8\u201d R\u00e9solution : 6,4 m\u00e9gapixels (3096 x 2078 pixels) Taille des [&hellip;]<\/p>\n","protected":false},"featured_media":3602,"comment_status":"open","ping_status":"closed","template":"","meta":[],"product_brand":[556],"product_cat":[833,781,769],"product_tag":[],"class_list":{"0":"post-3609","1":"product","2":"type-product","3":"status-publish","4":"has-post-thumbnail","6":"product_brand-player-one","7":"product_cat-en-stock","8":"product_cat-planetaire","9":"product_cat-planetaire-guidage-lucky-imaging","11":"first","12":"instock","13":"taxable","14":"shipping-taxable","15":"purchasable","16":"product-type-simple"},"_links":{"self":[{"href":"https:\/\/deep-space-astronomy.ch\/de\/wp-json\/wp\/v2\/product\/3609","targetHints":{"allow":["GET"]}}],"collection":[{"href":"https:\/\/deep-space-astronomy.ch\/de\/wp-json\/wp\/v2\/product"}],"about":[{"href":"https:\/\/deep-space-astronomy.ch\/de\/wp-json\/wp\/v2\/types\/product"}],"replies":[{"embeddable":true,"href":"https:\/\/deep-space-astronomy.ch\/de\/wp-json\/wp\/v2\/comments?post=3609"}],"wp:featuredmedia":[{"embeddable":true,"href":"https:\/\/deep-space-astronomy.ch\/de\/wp-json\/wp\/v2\/media\/3602"}],"wp:attachment":[{"href":"https:\/\/deep-space-astronomy.ch\/de\/wp-json\/wp\/v2\/media?parent=3609"}],"wp:term":[{"taxonomy":"product_brand","embeddable":true,"href":"https:\/\/deep-space-astronomy.ch\/de\/wp-json\/wp\/v2\/product_brand?post=3609"},{"taxonomy":"product_cat","embeddable":true,"href":"https:\/\/deep-space-astronomy.ch\/de\/wp-json\/wp\/v2\/product_cat?post=3609"},{"taxonomy":"product_tag","embeddable":true,"href":"https:\/\/deep-space-astronomy.ch\/de\/wp-json\/wp\/v2\/product_tag?post=3609"}],"curies":[{"name":"wp","href":"https:\/\/api.w.org\/{rel}","templated":true}]}}