{"id":3809,"date":"2025-03-06T20:32:20","date_gmt":"2025-03-06T19:32:20","guid":{"rendered":"https:\/\/deep-space-astronomy.geekworkers.dev\/produit\/colour-magic-2-oiii-3nm\/"},"modified":"2025-06-03T10:40:42","modified_gmt":"2025-06-03T08:40:42","slug":"colour-magic-2-oiii-3nm","status":"publish","type":"product","link":"https:\/\/deep-space-astronomy.ch\/de\/produkt\/colour-magic-2-oiii-3nm\/","title":{"rendered":"Colour Magic 2\u2033 OIII 3nm"},"content":{"rendered":"<h2>Askar Colour Magic Filter 2\" OIII 3nm<\/h2>\n<p>Die <strong>Askar Colour Magic 2\" OIII 3nm Filter<\/strong> ist ein spezieller Schmalbandfilter f\u00fcr die Astrofotografie, der darauf ausgelegt ist, die Emissionen von ionisiertem Sauerstoff in Nebeln einzufangen. Hier sind seine Hauptmerkmale:<\/p>\n<h3>Technische Spezifikationen<\/h3>\n<ul>\n<li><strong>Bandbreite :<\/strong> 3 nm zentriert auf 500,7 nm (OIII-Linie)<\/li>\n<li><strong>Format :<\/strong> 2\" (50,8 mm)<\/li>\n<li><strong>Maximale \u00dcbertragung :<\/strong> Ca. 85-90% bei 500,7 nm<\/li>\n<li><strong>Dicke :<\/strong> 1,85 \u00b1 0,05 mm<\/li>\n<li><strong>Optimierung :<\/strong> Reduziert die Halos um helle Sterne<\/li>\n<\/ul>\n<h3>Vorteile<\/h3>\n<ul>\n<li><strong>Kontrast erh\u00f6hen :<\/strong> Verbessert den Kontrast von OIII-emittierenden Nebeln.<\/li>\n<li><strong>Bildgebung unter Bedingungen starker Lichtverschmutzung :<\/strong> Erm\u00f6glicht die Bildgebung selbst bei verschmutztem Himmel.<\/li>\n<li><strong>Reduzierung der Sternenintensit\u00e4t :<\/strong> Verringert die Intensit\u00e4t der umgebenden Sterne, um einen besseren Kontrast zu erzielen.<\/li>\n<li><strong>Kompatibilit\u00e4t mit anderen Filtern :<\/strong> Kann in Kombination mit H-alpha- und SII-Filtern verwendet werden, um Hubble-Palettenbilder (SHO) zu erstellen.<\/li>\n<\/ul>\n<h3>Anwendungen in der Astrofotografie<\/h3>\n<p>Der Filter <strong>Askar Colour Magic OIII 3nm<\/strong> ist besonders geeignet f\u00fcr :<\/p>\n<ul>\n<li><strong>Bildgebung von planetarischen Nebeln :<\/strong> Ideal, um die Details von OIII-reichen planetarischen Nebeln einzufangen.<\/li>\n<li><strong>Einfangen von Supernova-Remanenzen :<\/strong> Perfekt f\u00fcr das Fotografieren von Supernova-Remanenzen, die reich an ionisiertem Sauerstoff sind.<\/li>\n<li><strong>Fotografieren von diffusen Nebeln :<\/strong> Erfassung der Details von diffusen Nebeln, die ionisierten Sauerstoff aussenden.<\/li>\n<\/ul>\n<h3>Zus\u00e4tzliche \u00dcberlegungen<\/h3>\n<p>Es ist wichtig zu beachten, dass dieser Filter aufgrund seiner sehr schmalen Bandbreite l\u00e4ngere Belichtungszeiten erfordert. Dennoch bietet er ein hervorragendes Signal-Rausch-Verh\u00e4ltnis f\u00fcr OIII-emittierende Objekte, selbst unter schwierigen Beobachtungsbedingungen.<\/p>\n<h3>Schlussfolgerung<\/h3>\n<p>Die <strong>Askar Colour Magic OIII 3nm 2\" Filter<\/strong> ist eine unverzichtbare Wahl f\u00fcr Astrofotografen, die sich auf die Abbildung von Nebeln und Himmelsobjekten spezialisiert haben, die OIII-Strahlung aussenden. Seine F\u00e4higkeit, den Kontrast zu erh\u00f6hen und Halos zu reduzieren und gleichzeitig die Bildgebung unter Lichtverschmutzungsbedingungen zu erm\u00f6glichen, macht es zu einem unverzichtbaren Werkzeug f\u00fcr Deep-Sky-Beobachter.<\/p>","protected":false},"excerpt":{"rendered":"<p>Filtre Askar Colour Magic 2\u201d OIII 3nm Le filtre Askar Colour Magic 2\u201d OIII 3nm est un filtre \u00e0 bande \u00e9troite sp\u00e9cialis\u00e9 pour l\u2019astrophotographie, con\u00e7u pour capturer les \u00e9missions d\u2019oxyg\u00e8ne ionis\u00e9 dans les n\u00e9buleuses. Voici ses principales caract\u00e9ristiques : Sp\u00e9cifications techniques Bande passante : 3 nm centr\u00e9e sur 500,7 nm (raie OIII) Format : 2\u201d [&hellip;]<\/p>\n","protected":false},"featured_media":6752,"comment_status":"open","ping_status":"closed","template":"","meta":[],"product_brand":[382],"product_cat":[780],"product_tag":[],"class_list":{"0":"post-3809","1":"product","2":"type-product","3":"status-publish","4":"has-post-thumbnail","6":"product_brand-askar","7":"product_cat-filtres-bande-etroite","9":"first","10":"on_supplier","11":"taxable","12":"shipping-taxable","13":"purchasable","14":"product-type-simple"},"_links":{"self":[{"href":"https:\/\/deep-space-astronomy.ch\/de\/wp-json\/wp\/v2\/product\/3809","targetHints":{"allow":["GET"]}}],"collection":[{"href":"https:\/\/deep-space-astronomy.ch\/de\/wp-json\/wp\/v2\/product"}],"about":[{"href":"https:\/\/deep-space-astronomy.ch\/de\/wp-json\/wp\/v2\/types\/product"}],"replies":[{"embeddable":true,"href":"https:\/\/deep-space-astronomy.ch\/de\/wp-json\/wp\/v2\/comments?post=3809"}],"wp:featuredmedia":[{"embeddable":true,"href":"https:\/\/deep-space-astronomy.ch\/de\/wp-json\/wp\/v2\/media\/6752"}],"wp:attachment":[{"href":"https:\/\/deep-space-astronomy.ch\/de\/wp-json\/wp\/v2\/media?parent=3809"}],"wp:term":[{"taxonomy":"product_brand","embeddable":true,"href":"https:\/\/deep-space-astronomy.ch\/de\/wp-json\/wp\/v2\/product_brand?post=3809"},{"taxonomy":"product_cat","embeddable":true,"href":"https:\/\/deep-space-astronomy.ch\/de\/wp-json\/wp\/v2\/product_cat?post=3809"},{"taxonomy":"product_tag","embeddable":true,"href":"https:\/\/deep-space-astronomy.ch\/de\/wp-json\/wp\/v2\/product_tag?post=3809"}],"curies":[{"name":"wp","href":"https:\/\/api.w.org\/{rel}","templated":true}]}}