{"id":3813,"date":"2025-03-06T20:32:47","date_gmt":"2025-03-06T19:32:47","guid":{"rendered":"https:\/\/deep-space-astronomy.geekworkers.dev\/produit\/colour-magic-2-sii-3nm\/"},"modified":"2025-06-03T10:40:42","modified_gmt":"2025-06-03T08:40:42","slug":"colour-magic-2-sii-3nm","status":"publish","type":"product","link":"https:\/\/deep-space-astronomy.ch\/de\/produkt\/colour-magic-2-sii-3nm\/","title":{"rendered":"Colour Magic 2\u2033 SII 3nm"},"content":{"rendered":"<h2>Askar Colour Magic SII 3nm 2\" Filter<\/h2>\n<p>Die <strong>Askar Colour Magic SII 3nm 2\" Filter<\/strong> ist ein spezieller Schmalbandfilter f\u00fcr die Astrofotografie, der darauf ausgelegt ist, die Emissionen von ionisiertem Schwefel in Nebeln einzufangen. Hier sind seine Hauptmerkmale:<\/p>\n<h3>Technische Spezifikationen<\/h3>\n<ul>\n<li><strong>Bandbreite :<\/strong> 3 nm zentriert auf 672 nm (SII-Linie)<\/li>\n<li><strong>Format :<\/strong> 2\" (50,8 mm) mit M48x0,75 Au\u00dfengewinde<\/li>\n<li><strong>Maximale \u00dcbertragung :<\/strong> Mehr als 90% bei 672 nm<\/li>\n<li><strong>Dicke :<\/strong> 1,85 \u00b1 0,05 mm<\/li>\n<li><strong>Barriereeigenschaft :<\/strong> \u2265OD5 bei 200-1100 nm<\/li>\n<\/ul>\n<h3>Vorteile<\/h3>\n<ul>\n<li><strong>Verbesserter Kontrast :<\/strong> Erh\u00f6ht den Kontrast von Nebeln, die in SII strahlen, stark.<\/li>\n<li><strong>Reduzierung der Lichtverschmutzung :<\/strong> Blockiert wirksam Lichtverschmutzung und n\u00e4chtliches Gl\u00fchen.<\/li>\n<li><strong>Reduzierung der Sternenintensit\u00e4t :<\/strong> Reduziert die Intensit\u00e4t der umgebenden Sterne.<\/li>\n<li><strong>Kompatibilit\u00e4t mit anderen Filtern :<\/strong> Kann in Kombination mit H-alpha- und OIII-Filtern verwendet werden, um Hubble-Palettenbilder (SHO) zu erstellen.<\/li>\n<\/ul>\n<h3>Anwendungen in der Astrofotografie<\/h3>\n<p>Der Filter <strong>Askar Colour Magic SII 3nm 2\".<\/strong> ist besonders geeignet f\u00fcr :<\/p>\n<ul>\n<li><strong>Bildgebung von Emissionsnebeln :<\/strong> Ideal, um die Details von Nebeln einzufangen, die reich an ionisiertem Schwefel sind.<\/li>\n<li><strong>Erfassung von planetarischen Nebeln :<\/strong> Perfekt f\u00fcr das Fotografieren von planetarischen Nebeln und ihren filigranen Strukturen.<\/li>\n<li><strong>Fotografie der \u00dcberreste von Supernovae :<\/strong> N\u00fctzlich f\u00fcr Astrofotografen, die versuchen, die Ph\u00e4nomene von Supernovae und ihren \u00dcberresten festzuhalten.<\/li>\n<\/ul>\n<h3>Zus\u00e4tzliche \u00dcberlegungen<\/h3>\n<p>Es ist wichtig zu beachten, dass dieser Filter aufgrund seiner sehr schmalen Bandbreite l\u00e4ngere Belichtungszeiten erfordert. Dennoch bietet er ein hervorragendes Signal-Rausch-Verh\u00e4ltnis f\u00fcr SII-emittierende Objekte, selbst unter schwierigen Beobachtungsbedingungen.<\/p>\n<h3>Schlussfolgerung<\/h3>\n<p>Die <strong>Askar Colour Magic SII 3nm 2\" Filter<\/strong> ist eine ausgezeichnete Wahl f\u00fcr Astrofotografen, die sich auf die Abbildung von Nebeln und Himmelsobjekten spezialisiert haben, die in der SII-Linie strahlen. Seine F\u00e4higkeit, Lichtverschmutzung zu blockieren und gleichzeitig einen au\u00dfergew\u00f6hnlichen Kontrast zu bieten, macht es zu einem wichtigen Werkzeug f\u00fcr die Aufnahme detaillierter Deep-Sky-Bilder.<\/p>","protected":false},"excerpt":{"rendered":"<p>Filtre Askar Colour Magic SII 3nm 2\u201d Le filtre Askar Colour Magic SII 3nm 2\u201d est un filtre \u00e0 bande \u00e9troite sp\u00e9cialis\u00e9 pour l\u2019astrophotographie, con\u00e7u pour capturer les \u00e9missions de soufre ionis\u00e9 dans les n\u00e9buleuses. Voici ses principales caract\u00e9ristiques : Sp\u00e9cifications techniques Bande passante : 3 nm centr\u00e9e sur 672 nm (raie SII) Format : [&hellip;]<\/p>\n","protected":false},"featured_media":6752,"comment_status":"open","ping_status":"closed","template":"","meta":[],"product_brand":[382],"product_cat":[780],"product_tag":[],"class_list":{"0":"post-3813","1":"product","2":"type-product","3":"status-publish","4":"has-post-thumbnail","6":"product_brand-askar","7":"product_cat-filtres-bande-etroite","9":"first","10":"on_supplier","11":"taxable","12":"shipping-taxable","13":"purchasable","14":"product-type-simple"},"_links":{"self":[{"href":"https:\/\/deep-space-astronomy.ch\/de\/wp-json\/wp\/v2\/product\/3813","targetHints":{"allow":["GET"]}}],"collection":[{"href":"https:\/\/deep-space-astronomy.ch\/de\/wp-json\/wp\/v2\/product"}],"about":[{"href":"https:\/\/deep-space-astronomy.ch\/de\/wp-json\/wp\/v2\/types\/product"}],"replies":[{"embeddable":true,"href":"https:\/\/deep-space-astronomy.ch\/de\/wp-json\/wp\/v2\/comments?post=3813"}],"wp:featuredmedia":[{"embeddable":true,"href":"https:\/\/deep-space-astronomy.ch\/de\/wp-json\/wp\/v2\/media\/6752"}],"wp:attachment":[{"href":"https:\/\/deep-space-astronomy.ch\/de\/wp-json\/wp\/v2\/media?parent=3813"}],"wp:term":[{"taxonomy":"product_brand","embeddable":true,"href":"https:\/\/deep-space-astronomy.ch\/de\/wp-json\/wp\/v2\/product_brand?post=3813"},{"taxonomy":"product_cat","embeddable":true,"href":"https:\/\/deep-space-astronomy.ch\/de\/wp-json\/wp\/v2\/product_cat?post=3813"},{"taxonomy":"product_tag","embeddable":true,"href":"https:\/\/deep-space-astronomy.ch\/de\/wp-json\/wp\/v2\/product_tag?post=3813"}],"curies":[{"name":"wp","href":"https:\/\/api.w.org\/{rel}","templated":true}]}}