{"id":3820,"date":"2025-03-06T20:33:37","date_gmt":"2025-03-06T19:33:37","guid":{"rendered":"https:\/\/deep-space-astronomy.geekworkers.dev\/produit\/filtre-l-uv-ir-cut-pegasus\/"},"modified":"2025-06-03T10:40:42","modified_gmt":"2025-06-03T08:40:42","slug":"filtre-l-uv-ir-cut-pegasus","status":"publish","type":"product","link":"https:\/\/deep-space-astronomy.ch\/de\/produkt\/filtre-l-uv-ir-cut-pegasus\/","title":{"rendered":"L-Filter (UV\/IR Cut) Pegasus - 2\u2033 Montiert"},"content":{"rendered":"<h2>Pegasus Luminance Filter (UV\/IR cut)<\/h2>\n<p>Der Filter <strong>Pegasus Luminance (UV\/IR cut)<\/strong> ist eine wichtige Komponente f\u00fcr die Astrofotografie. Er wurde entwickelt, um ultraviolette und infrarote Wellenl\u00e4ngen zu blockieren und gleichzeitig die Bildsch\u00e4rfe zu verbessern und Halos zu reduzieren. Dieser hochwertige Filter weist die folgenden technischen Merkmale auf:<\/p>\n<h3>Technische Spezifikationen<\/h3>\n<ul>\n<li><strong>Durchmesser :<\/strong> 50,8 mm (2 Zoll)<\/li>\n<li><strong>Gewinde :<\/strong> M48 x 0,75 mm<\/li>\n<li><strong>Gesamtdicke :<\/strong> 7,5 mm (5 mm f\u00fcr das Filtergeh\u00e4use + 2,5 mm Gewinde)<\/li>\n<li><strong>Glasdicke :<\/strong> 2 mm<\/li>\n<li><strong>\u00dcbertragungsbereich :<\/strong> Tave &gt; 95%, 410-680 nm<\/li>\n<li><strong>Polieren :<\/strong> 1\/4 Wellenl\u00e4nge<\/li>\n<li><strong>Verkleidung :<\/strong> Mehrschichtige Antireflexionsbeschichtung<\/li>\n<\/ul>\n<h3>Eigenschaften und Vorteile<\/h3>\n<ul>\n<li><strong>Optimale \u00dcbertragung :<\/strong> Der Pegasus Luminance Filter bietet eine au\u00dfergew\u00f6hnliche Transmission von \u00fcber 95% im Bereich von 410 bis 680 nm, erfasst ein Maximum an Lichtsignalen und blockiert gleichzeitig unerw\u00fcnschtes UV- und IR-Licht.<\/li>\n<li><strong>Parafokalit\u00e4t :<\/strong> Alle Pegasus Astro-Filter, einschlie\u00dflich des Luminance-Filters, sind parafokal zueinander und vereinfachen so den Prozess der Bildaufnahme.<\/li>\n<li><strong>\u00dcberlegene optische Qualit\u00e4t :<\/strong> Mit einer Politur von 1\/4 Wellenl\u00e4nge sorgt dieser Filter f\u00fcr eine hervorragende Bildqualit\u00e4t und optimale Sch\u00e4rfe.<\/li>\n<li><strong>Antireflexionsbeschichtung :<\/strong> Die mehrschichtige Antireflexionsbeschichtung eliminiert Lichth\u00f6fe, Geisterbilder und unerw\u00fcnschte Reflexionen und verbessert so den Kontrast und die Bildqualit\u00e4t.<\/li>\n<li><strong>Nachhaltigkeit :<\/strong> Der Filter ist kratzfest und temperaturbest\u00e4ndig und sorgt so f\u00fcr eine lange Lebensdauer und eine gleichbleibende Leistung.<\/li>\n<\/ul>\n<h3>Anwendungen in der Astrofotografie<\/h3>\n<p>Der Filter <strong>Pegasus Luminance<\/strong> ist besonders n\u00fctzlich f\u00fcr :<\/p>\n<ul>\n<li><strong>Bildgebung in Leuchtdichte :<\/strong> Nimmt ein Breitbandbild auf, das verwendet wird, um einem LRGB (Luminanz, Rot, Gr\u00fcn, Blau)-Kompositbild Details und Sch\u00e4rfe hinzuzuf\u00fcgen.<\/li>\n<li><strong>Reduzierung von chromatischen Aberrationen :<\/strong> Durch das Blockieren von UV- und IR-Strahlen hilft dieser Filter, chromatische Aberrationen zu minimieren, was besonders bei unkorrigierten optischen Systemen n\u00fctzlich ist.<\/li>\n<li><strong>Kontrast verbessern :<\/strong> Das Blockieren unerw\u00fcnschter Wellenl\u00e4ngen f\u00fchrt zu kontrastreicheren Bildern, die die feinen Details von Himmelsobjekten hervorheben.<\/li>\n<li><strong>Planeten- und Mondbilder :<\/strong> Der UV\/IR-Cut-Filter ist wichtig, um bei der Fotografie von Planeten und dem Mond farbgetreue Bilder zu erhalten.<\/li>\n<\/ul>\n<h3>Schlussfolgerung<\/h3>\n<p>Abschlie\u00dfend <strong>Pegasus Luminance Filter (UV\/IR cut)<\/strong> ist ein vielseitiges und leistungsstarkes Werkzeug f\u00fcr die Astrofotografie. Da es eine hervorragende Lichtdurchl\u00e4ssigkeit bietet und gleichzeitig problematische Wellenl\u00e4ngen eliminiert, ist es eine erstklassige Wahl f\u00fcr anspruchsvolle Astrofotografen.<\/p>","protected":false},"excerpt":{"rendered":"<p>Filtre Pegasus Luminance (UV\/IR cut) Le filtre Pegasus Luminance (UV\/IR cut) est un composant essentiel pour l&rsquo;astrophotographie, con\u00e7u pour bloquer les longueurs d&rsquo;onde ultraviolettes et infrarouges tout en am\u00e9liorant la nettet\u00e9 de l&rsquo;image et en r\u00e9duisant les halos. Ce filtre de haute qualit\u00e9 pr\u00e9sente les caract\u00e9ristiques techniques suivantes : Sp\u00e9cifications techniques Diam\u00e8tre : 50,8 mm [&hellip;]<\/p>\n","protected":false},"featured_media":3817,"comment_status":"open","ping_status":"closed","template":"","meta":[],"product_brand":[517],"product_cat":[780],"product_tag":[],"class_list":{"0":"post-3820","1":"product","2":"type-product","3":"status-publish","4":"has-post-thumbnail","6":"product_brand-pegasus","7":"product_cat-filtres-bande-etroite","9":"first","10":"on_supplier","11":"taxable","12":"shipping-taxable","13":"purchasable","14":"product-type-simple"},"_links":{"self":[{"href":"https:\/\/deep-space-astronomy.ch\/de\/wp-json\/wp\/v2\/product\/3820","targetHints":{"allow":["GET"]}}],"collection":[{"href":"https:\/\/deep-space-astronomy.ch\/de\/wp-json\/wp\/v2\/product"}],"about":[{"href":"https:\/\/deep-space-astronomy.ch\/de\/wp-json\/wp\/v2\/types\/product"}],"replies":[{"embeddable":true,"href":"https:\/\/deep-space-astronomy.ch\/de\/wp-json\/wp\/v2\/comments?post=3820"}],"wp:featuredmedia":[{"embeddable":true,"href":"https:\/\/deep-space-astronomy.ch\/de\/wp-json\/wp\/v2\/media\/3817"}],"wp:attachment":[{"href":"https:\/\/deep-space-astronomy.ch\/de\/wp-json\/wp\/v2\/media?parent=3820"}],"wp:term":[{"taxonomy":"product_brand","embeddable":true,"href":"https:\/\/deep-space-astronomy.ch\/de\/wp-json\/wp\/v2\/product_brand?post=3820"},{"taxonomy":"product_cat","embeddable":true,"href":"https:\/\/deep-space-astronomy.ch\/de\/wp-json\/wp\/v2\/product_cat?post=3820"},{"taxonomy":"product_tag","embeddable":true,"href":"https:\/\/deep-space-astronomy.ch\/de\/wp-json\/wp\/v2\/product_tag?post=3820"}],"curies":[{"name":"wp","href":"https:\/\/api.w.org\/{rel}","templated":true}]}}