{"id":3826,"date":"2025-03-06T20:34:30","date_gmt":"2025-03-06T19:34:30","guid":{"rendered":"https:\/\/deep-space-astronomy.geekworkers.dev\/produit\/filtres-v-pegasus\/"},"modified":"2025-06-03T10:40:42","modified_gmt":"2025-06-03T08:40:42","slug":"filtres-v-pegasus","status":"publish","type":"product","link":"https:\/\/deep-space-astronomy.ch\/de\/produkt\/filtres-v-pegasus\/","title":{"rendered":"V-Filter Pegasus - 2\u2033 Montiert"},"content":{"rendered":"<h2>Filter Pegasus Astro Green<\/h2>\n<p>Der Filter <strong>Pegasus Astro Green<\/strong> ist ein hochwertiger fotografischer Filter, der speziell f\u00fcr die Astrofotografie entwickelt wurde. Hier finden Sie eine detaillierte Beschreibung seiner Eigenschaften und technischen Spezifikationen :<\/p>\n<h3>Technische Spezifikationen<\/h3>\n<ul>\n<li><strong>Durchmesser :<\/strong> 50,8 mm (2 Zoll)<\/li>\n<li><strong>Gewinde :<\/strong> M48 x 0,75 mm<\/li>\n<li><strong>Gesamtdicke :<\/strong> 7,5 mm (5 mm f\u00fcr das Filtergeh\u00e4use + 2,5 mm Gewinde)<\/li>\n<li><strong>Glasdicke :<\/strong> 2 mm<\/li>\n<li><strong>\u00dcbertragungsbereich :<\/strong> Tave &gt; 95%, 500-550 nm<\/li>\n<li><strong>Polieren :<\/strong> 1\/4 Wellenl\u00e4nge<\/li>\n<li><strong>Verkleidung :<\/strong> Mehrschichtige Antireflexionsbeschichtung<\/li>\n<li><strong>Art :<\/strong> Bandpassfilter<\/li>\n<\/ul>\n<h3>Eigenschaften und Vorteile<\/h3>\n<ul>\n<li><strong>Optimale \u00dcbertragung :<\/strong> Der Pegasus Green Filter bietet eine au\u00dfergew\u00f6hnliche Transmission von \u00fcber 95% im Bereich von 500 bis 550 nm, was dem gr\u00fcnen Bereich des sichtbaren Spektrums entspricht.<\/li>\n<li><strong>Infrarot blockieren :<\/strong> Dieser Filter wurde entwickelt, um Infrarotwellenl\u00e4ngen effektiv zu blockieren, wodurch die Bildsch\u00e4rfe verbessert und das thermische Rauschen verringert wird.<\/li>\n<li><strong>Parafokalit\u00e4t :<\/strong> Wie alle Pegasus Astro-Filter ist auch der Green-Filter parafokal zu den anderen Filtern der LRGB-Serie. Bei einem Filterwechsel ist es normalerweise nicht notwendig, die Sch\u00e4rfe neu einzustellen.<\/li>\n<li><strong>\u00dcberlegene optische Qualit\u00e4t :<\/strong> Das Polieren mit einer Wellenl\u00e4nge von 1\/4 sorgt f\u00fcr eine hervorragende Bildqualit\u00e4t und optimale Sch\u00e4rfe.<\/li>\n<li><strong>Antireflexionsbeschichtung :<\/strong> Die mehrschichtige Antireflexionsbeschichtung eliminiert Lichth\u00f6fe, Geisterbilder und unerw\u00fcnschte Reflexionen und verbessert so den Kontrast und die gesamte Bildqualit\u00e4t.<\/li>\n<li><strong>Nachhaltigkeit :<\/strong> Der Filter ist kratzfest und temperaturbest\u00e4ndig und sorgt so f\u00fcr eine lange Lebensdauer und eine gleichbleibende Leistung unter verschiedenen Nutzungsbedingungen.<\/li>\n<\/ul>\n<h3>Anwendungen in der Astrofotografie<\/h3>\n<p>Der Filter <strong>Pegasus Astro Green<\/strong> ist besonders n\u00fctzlich f\u00fcr :<\/p>\n<ul>\n<li><strong>RGB-Bildgebung :<\/strong> Dieser Filter ist Bestandteil eines LRGB-Sets, um mit Monochromkameras zusammengesetzte Farbbilder zu erstellen.<\/li>\n<li><strong>Deep-Sky-Astrofotografie :<\/strong> Ideal, um die gr\u00fcnen Details von Nebeln und anderen Himmelsobjekten einzufangen.<\/li>\n<li><strong>Reduzierung der Lichtverschmutzung :<\/strong> Die Bandbreite des Green-Filters ist so ausgelegt, dass er bestimmte Lichtverschmutzungslinien blockiert und so die Farbbalance und -trennung verbessert.<\/li>\n<li><strong>Planetare Bildgebung :<\/strong> Es kann verwendet werden, um bestimmte Details auf bestimmten Planeten zu erfassen, z. B. die B\u00e4nder von Jupiter oder die Oberfl\u00e4chenmerkmale des Mars.<\/li>\n<\/ul>\n<h3>Schlussfolgerung<\/h3>\n<p>Zusammenfassend l\u00e4sst sich sagen, dass der Filter <strong>Pegasus Astro Green<\/strong> ist ein hochwertiges Werkzeug f\u00fcr die Astrofotografie, das eine hervorragende Transmission im gr\u00fcnen Band bietet und gleichzeitig unerw\u00fcnschte Wellenl\u00e4ngen blockiert. Seine optische Qualit\u00e4t, Haltbarkeit und Kompatibilit\u00e4t mit anderen Filtern machen es zu einer erstklassigen Wahl f\u00fcr anspruchsvolle Astrofotografen, die detaillierte und ausgewogene Deep-Sky-Bilder aufnehmen m\u00f6chten.<\/p>","protected":false},"excerpt":{"rendered":"<p>Filtre Pegasus Astro Green Le filtre Pegasus Astro Green est un filtre photographique de haute qualit\u00e9 con\u00e7u sp\u00e9cifiquement pour l&rsquo;astrophotographie. Voici une description d\u00e9taill\u00e9e de ses caract\u00e9ristiques et sp\u00e9cifications techniques : Sp\u00e9cifications techniques Diam\u00e8tre : 50,8 mm (2 pouces) Filetage : M48 x 0,75 mm \u00c9paisseur totale : 7,5 mm (5 mm pour le corps [&hellip;]<\/p>\n","protected":false},"featured_media":3825,"comment_status":"open","ping_status":"closed","template":"","meta":[],"product_brand":[517],"product_cat":[780],"product_tag":[],"class_list":{"0":"post-3826","1":"product","2":"type-product","3":"status-publish","4":"has-post-thumbnail","6":"product_brand-pegasus","7":"product_cat-filtres-bande-etroite","9":"first","10":"on_supplier","11":"taxable","12":"shipping-taxable","13":"purchasable","14":"product-type-simple"},"_links":{"self":[{"href":"https:\/\/deep-space-astronomy.ch\/de\/wp-json\/wp\/v2\/product\/3826","targetHints":{"allow":["GET"]}}],"collection":[{"href":"https:\/\/deep-space-astronomy.ch\/de\/wp-json\/wp\/v2\/product"}],"about":[{"href":"https:\/\/deep-space-astronomy.ch\/de\/wp-json\/wp\/v2\/types\/product"}],"replies":[{"embeddable":true,"href":"https:\/\/deep-space-astronomy.ch\/de\/wp-json\/wp\/v2\/comments?post=3826"}],"wp:featuredmedia":[{"embeddable":true,"href":"https:\/\/deep-space-astronomy.ch\/de\/wp-json\/wp\/v2\/media\/3825"}],"wp:attachment":[{"href":"https:\/\/deep-space-astronomy.ch\/de\/wp-json\/wp\/v2\/media?parent=3826"}],"wp:term":[{"taxonomy":"product_brand","embeddable":true,"href":"https:\/\/deep-space-astronomy.ch\/de\/wp-json\/wp\/v2\/product_brand?post=3826"},{"taxonomy":"product_cat","embeddable":true,"href":"https:\/\/deep-space-astronomy.ch\/de\/wp-json\/wp\/v2\/product_cat?post=3826"},{"taxonomy":"product_tag","embeddable":true,"href":"https:\/\/deep-space-astronomy.ch\/de\/wp-json\/wp\/v2\/product_tag?post=3826"}],"curies":[{"name":"wp","href":"https:\/\/api.w.org\/{rel}","templated":true}]}}