{"id":3829,"date":"2025-03-06T20:34:58","date_gmt":"2025-03-06T19:34:58","guid":{"rendered":"https:\/\/deep-space-astronomy.geekworkers.dev\/produit\/filtre-b-pegasus\/"},"modified":"2025-06-03T10:40:42","modified_gmt":"2025-06-03T08:40:42","slug":"filtre-b-pegasus","status":"publish","type":"product","link":"https:\/\/deep-space-astronomy.ch\/de\/produkt\/filtre-b-pegasus\/","title":{"rendered":"Filter B Pegasus - 2\u2033 Montiert"},"content":{"rendered":"<h2>Filter Pegasus Astro Blue<\/h2>\n<p>Der Filter <strong>Pegasus Astro Blue<\/strong> ist ein hochwertiger fotografischer Filter, der speziell f\u00fcr die Astrofotografie entwickelt wurde. Hier sind seine detaillierten Eigenschaften :<\/p>\n<h3>Technische Spezifikationen<\/h3>\n<ul>\n<li><strong>Durchmesser :<\/strong> 50,8 mm (2 Zoll)<\/li>\n<li><strong>Gewinde :<\/strong> M48 x 0,75 mm<\/li>\n<li><strong>Gesamtdicke :<\/strong> 7,5 mm (5 mm f\u00fcr das Filtergeh\u00e4use + 2,5 mm Gewinde)<\/li>\n<li><strong>\u00dcbertragungsbereich :<\/strong> Tave &gt; 95%, 410-500 nm<\/li>\n<li><strong>Polieren :<\/strong> 1\/4 Wellenl\u00e4nge<\/li>\n<li><strong>Verkleidung :<\/strong> Mehrschichtige Antireflexionsbeschichtung<\/li>\n<li><strong>Art :<\/strong> Bandpassfilter<\/li>\n<\/ul>\n<h3>Eigenschaften und Vorteile<\/h3>\n<ul>\n<li><strong>Optimale \u00dcbertragung :<\/strong> Der Filter bietet eine au\u00dfergew\u00f6hnliche Transmission von \u00fcber 95% im Bereich von 410 bis 500 nm, was dem blauen Bereich des sichtbaren Spektrums entspricht.<\/li>\n<li><strong>Infrarot blockieren :<\/strong> Dieser Filter blockiert effektiv infrarote Wellenl\u00e4ngen und verbessert so die Bildsch\u00e4rfe.<\/li>\n<li><strong>Parafokalit\u00e4t :<\/strong> Wie alle Pegasus Astro-Filter ist auch der Blue-Filter parafokal zu den anderen Filtern der LRGB-Serie, was den Prozess der Bildaufnahme vereinfacht.<\/li>\n<li><strong>\u00dcberlegene optische Qualit\u00e4t :<\/strong> Das Polieren mit einer Wellenl\u00e4nge von 1\/4 sorgt f\u00fcr eine hervorragende Bildqualit\u00e4t und optimale Sch\u00e4rfe.<\/li>\n<li><strong>Antireflexionsbeschichtung :<\/strong> Die mehrschichtige Antireflexionsbeschichtung eliminiert Lichth\u00f6fe, Geisterbilder und unerw\u00fcnschte Reflexionen.<\/li>\n<li><strong>Nachhaltigkeit :<\/strong> Der Filter ist so konzipiert, dass er Kratzern und Temperaturschwankungen standh\u00e4lt.<\/li>\n<\/ul>\n<h3>Anwendungen in der Astrofotografie<\/h3>\n<p>Der Filter <strong>Blue Pegasus Astro<\/strong> ist besonders n\u00fctzlich f\u00fcr :<\/p>\n<ul>\n<li><strong>RGB-Bildgebung :<\/strong> Dieser Filter ist Bestandteil eines LRGB-Sets, um mit Monochromkameras zusammengesetzte Farbbilder zu erstellen.<\/li>\n<li><strong>Deep-Sky-Astrofotografie :<\/strong> Ideal, um die blauen Details von Nebeln und anderen Himmelsobjekten einzufangen.<\/li>\n<li><strong>Planetare Bildgebung :<\/strong> Es bietet einen hohen Kontrast f\u00fcr die Beobachtung und Fotografie von Planeten.<\/li>\n<\/ul>\n<h3>Schlussfolgerung<\/h3>\n<p>Zusammenfassend l\u00e4sst sich sagen, dass der Filter <strong>Pegasus Astro Blue<\/strong> ist ein hochwertiges Werkzeug f\u00fcr die Astrofotografie, das eine hervorragende Transmission im blauen Band bietet und gleichzeitig unerw\u00fcnschte Wellenl\u00e4ngen blockiert. Seine optische Qualit\u00e4t, Haltbarkeit und Kompatibilit\u00e4t mit anderen Filtern machen ihn zu einer erstklassigen Wahl f\u00fcr anspruchsvolle Astrofotografen.<\/p>","protected":false},"excerpt":{"rendered":"<p>Filtre Pegasus Astro Blue Le filtre Pegasus Astro Blue est un filtre photographique de haute qualit\u00e9 con\u00e7u sp\u00e9cifiquement pour l&rsquo;astrophotographie. Voici ses caract\u00e9ristiques d\u00e9taill\u00e9es : Sp\u00e9cifications techniques Diam\u00e8tre : 50,8 mm (2 pouces) Filetage : M48 x 0,75 mm \u00c9paisseur totale : 7,5 mm (5 mm pour le corps du filtre + 2,5 mm de [&hellip;]<\/p>\n","protected":false},"featured_media":3828,"comment_status":"open","ping_status":"closed","template":"","meta":[],"product_brand":[517],"product_cat":[780],"product_tag":[],"class_list":{"0":"post-3829","1":"product","2":"type-product","3":"status-publish","4":"has-post-thumbnail","6":"product_brand-pegasus","7":"product_cat-filtres-bande-etroite","9":"first","10":"on_supplier","11":"taxable","12":"shipping-taxable","13":"purchasable","14":"product-type-simple"},"_links":{"self":[{"href":"https:\/\/deep-space-astronomy.ch\/de\/wp-json\/wp\/v2\/product\/3829","targetHints":{"allow":["GET"]}}],"collection":[{"href":"https:\/\/deep-space-astronomy.ch\/de\/wp-json\/wp\/v2\/product"}],"about":[{"href":"https:\/\/deep-space-astronomy.ch\/de\/wp-json\/wp\/v2\/types\/product"}],"replies":[{"embeddable":true,"href":"https:\/\/deep-space-astronomy.ch\/de\/wp-json\/wp\/v2\/comments?post=3829"}],"wp:featuredmedia":[{"embeddable":true,"href":"https:\/\/deep-space-astronomy.ch\/de\/wp-json\/wp\/v2\/media\/3828"}],"wp:attachment":[{"href":"https:\/\/deep-space-astronomy.ch\/de\/wp-json\/wp\/v2\/media?parent=3829"}],"wp:term":[{"taxonomy":"product_brand","embeddable":true,"href":"https:\/\/deep-space-astronomy.ch\/de\/wp-json\/wp\/v2\/product_brand?post=3829"},{"taxonomy":"product_cat","embeddable":true,"href":"https:\/\/deep-space-astronomy.ch\/de\/wp-json\/wp\/v2\/product_cat?post=3829"},{"taxonomy":"product_tag","embeddable":true,"href":"https:\/\/deep-space-astronomy.ch\/de\/wp-json\/wp\/v2\/product_tag?post=3829"}],"curies":[{"name":"wp","href":"https:\/\/api.w.org\/{rel}","templated":true}]}}