{"id":3842,"date":"2025-03-06T20:36:44","date_gmt":"2025-03-06T19:36:44","guid":{"rendered":"https:\/\/deep-space-astronomy.geekworkers.dev\/produit\/filtre-oiii-7nm-pegasus\/"},"modified":"2025-06-03T10:40:49","modified_gmt":"2025-06-03T08:40:49","slug":"filtre-oiii-7nm-pegasus","status":"publish","type":"product","link":"https:\/\/deep-space-astronomy.ch\/de\/produkt\/filtre-oiii-7nm-pegasus\/","title":{"rendered":"Pegasus 7nm OIII-Filter - 2\u2033 Montiert"},"content":{"rendered":"<h2>Filter Pegasus Astro OIII<\/h2>\n<p>Der Filter <strong>Pegasus Astro OIII<\/strong> ist ein hochwertiger Schmalbandfilter, der f\u00fcr die Astrofotografie entwickelt wurde. Hier sind seine detaillierten Merkmale:<\/p>\n<h3>Technische Spezifikationen<\/h3>\n<ul>\n<li><strong>Durchmesser :<\/strong> 50,8 mm (2 Zoll)<\/li>\n<li><strong>Gewinde :<\/strong> M48 x 0,75 mm<\/li>\n<li><strong>Gesamtdicke :<\/strong> 7,5 mm (5 mm f\u00fcr das Filtergeh\u00e4use + 2,5 mm Gewinde)<\/li>\n<li><strong>Bandbreite :<\/strong> 7 nm<\/li>\n<li><strong>Zentrale Wellenl\u00e4nge :<\/strong> 500 nm<\/li>\n<li><strong>\u00dcbertragung :<\/strong> Tave &gt; 80% bei 500 nm<\/li>\n<li><strong>Polieren :<\/strong> 1\/4 Wellenl\u00e4nge<\/li>\n<li><strong>Verkleidung :<\/strong> Mehrschichtige Antireflexionsbeschichtung<\/li>\n<li><strong>Art :<\/strong> Schmalbandiger Interferenzfilter<\/li>\n<\/ul>\n<h3>Eigenschaften und Vorteile<\/h3>\n<ul>\n<li><strong>Optimale \u00dcbertragung :<\/strong> Der Filter bietet bei der zentralen Wellenl\u00e4nge von 500 nm, die den Emissionslinien von doppelt ionisiertem Sauerstoff (OIII) entspricht, eine Transmission von mehr als 80%.<\/li>\n<li><strong>Schmale Bandbreite :<\/strong> Mit einer Bandbreite von nur 7 nm isoliert dieser Filter effektiv die OIII-Emissionslinien und erm\u00f6glicht so eine hervorragende Trennung von spektralen Details.<\/li>\n<li><strong>Parafokalit\u00e4t :<\/strong> Wie alle Pegasus Astro-Filter ist auch der OIII-Filter parafokal zu den anderen Filtern der Serie, was den Prozess der Bildaufnahme vereinfacht.<\/li>\n<li><strong>\u00dcberlegene optische Qualit\u00e4t :<\/strong> Das Polieren mit einer Wellenl\u00e4nge von 1\/4 sorgt f\u00fcr eine hervorragende Bildqualit\u00e4t und optimale Sch\u00e4rfe.<\/li>\n<li><strong>Antireflexionsbeschichtung :<\/strong> Die mehrschichtige Antireflexionsbeschichtung eliminiert Lichth\u00f6fe, Geisterbilder und unerw\u00fcnschte Reflexionen.<\/li>\n<li><strong>Nachhaltigkeit :<\/strong> Der Filter ist so konzipiert, dass er Kratzern und Temperaturschwankungen standh\u00e4lt.<\/li>\n<\/ul>\n<h3>Anwendungen in der Astrofotografie<\/h3>\n<ul>\n<li><strong>Bildgebung von Nebeln :<\/strong> Ideal, um die Details von Nebeln, die reich an ionisiertem Sauerstoff sind, einzufangen.<\/li>\n<li><strong>Reduzierung der Lichtverschmutzung :<\/strong> Dank der schmalen Bandbreite k\u00f6nnen Sie auch in Gebieten mit starker Lichtverschmutzung oder bei Vollmond effektiv abbilden.<\/li>\n<li><strong>Falschfarben-Bildgebung :<\/strong> Wird in der Hubble-Paletten-Technik (SHO) verwendet, um spektakul\u00e4re Bilder in Falschfarben zu erzeugen.<\/li>\n<li><strong>Hochaufl\u00f6sende Bildgebung :<\/strong> Die schmale Bandbreite erm\u00f6glicht kontrastreiche Bilder, die feine Details in den Nebelstrukturen offenbaren.<\/li>\n<\/ul>\n<h3>Schlussfolgerung<\/h3>\n<p>Zusammenfassend l\u00e4sst sich sagen, dass der Filter <strong>OIII Pegasus Astro<\/strong> ist ein hochwertiges Werkzeug f\u00fcr die spezielle Astrofotografie und bietet eine hervorragende Transmission in einem schmalen Band, das auf die Emissionslinien von doppelt ionisiertem Sauerstoff zentriert ist.<\/p>","protected":false},"excerpt":{"rendered":"<p>Filtre Pegasus Astro OIII Le filtre Pegasus Astro OIII est un filtre \u00e0 bande \u00e9troite de haute qualit\u00e9 con\u00e7u pour l&rsquo;astrophotographie. Voici ses caract\u00e9ristiques d\u00e9taill\u00e9es : Sp\u00e9cifications techniques Diam\u00e8tre : 50,8 mm (2 pouces) Filetage : M48 x 0,75 mm \u00c9paisseur totale : 7,5 mm (5 mm pour le corps du filtre + 2,5 mm [&hellip;]<\/p>\n","protected":false},"featured_media":3840,"comment_status":"open","ping_status":"closed","template":"","meta":[],"product_brand":[517],"product_cat":[780],"product_tag":[],"class_list":{"0":"post-3842","1":"product","2":"type-product","3":"status-publish","4":"has-post-thumbnail","6":"product_brand-pegasus","7":"product_cat-filtres-bande-etroite","9":"first","10":"on_supplier","11":"taxable","12":"shipping-taxable","13":"purchasable","14":"product-type-simple"},"_links":{"self":[{"href":"https:\/\/deep-space-astronomy.ch\/de\/wp-json\/wp\/v2\/product\/3842","targetHints":{"allow":["GET"]}}],"collection":[{"href":"https:\/\/deep-space-astronomy.ch\/de\/wp-json\/wp\/v2\/product"}],"about":[{"href":"https:\/\/deep-space-astronomy.ch\/de\/wp-json\/wp\/v2\/types\/product"}],"replies":[{"embeddable":true,"href":"https:\/\/deep-space-astronomy.ch\/de\/wp-json\/wp\/v2\/comments?post=3842"}],"wp:featuredmedia":[{"embeddable":true,"href":"https:\/\/deep-space-astronomy.ch\/de\/wp-json\/wp\/v2\/media\/3840"}],"wp:attachment":[{"href":"https:\/\/deep-space-astronomy.ch\/de\/wp-json\/wp\/v2\/media?parent=3842"}],"wp:term":[{"taxonomy":"product_brand","embeddable":true,"href":"https:\/\/deep-space-astronomy.ch\/de\/wp-json\/wp\/v2\/product_brand?post=3842"},{"taxonomy":"product_cat","embeddable":true,"href":"https:\/\/deep-space-astronomy.ch\/de\/wp-json\/wp\/v2\/product_cat?post=3842"},{"taxonomy":"product_tag","embeddable":true,"href":"https:\/\/deep-space-astronomy.ch\/de\/wp-json\/wp\/v2\/product_tag?post=3842"}],"curies":[{"name":"wp","href":"https:\/\/api.w.org\/{rel}","templated":true}]}}