{"id":3875,"date":"2025-03-06T20:40:31","date_gmt":"2025-03-06T19:40:31","guid":{"rendered":"https:\/\/deep-space-astronomy.geekworkers.dev\/produit\/filtre-chroma-h-alpha-5nm\/"},"modified":"2025-06-03T10:40:49","modified_gmt":"2025-06-03T08:40:49","slug":"filtre-chroma-h-alpha-5nm","status":"publish","type":"product","link":"https:\/\/deep-space-astronomy.ch\/de\/produkt\/filtre-chroma-h-alpha-5nm\/","title":{"rendered":"Filter Chroma H-alpha 5nm - 2\u2033 Montiert"},"content":{"rendered":"<h3>5nm H-Alpha-Filter von Chroma<\/h3>\n<p>Der Filter <strong>H-alpha 5nm von Chroma<\/strong> ist ein Schmalbandfilter, der f\u00fcr die Abbildung von Nebeln und anderen Objekten, die reich an ionisiertem Wasserstoff sind, entwickelt wurde. Mit einer Bandbreite, die auf die H-alpha-Linie bei 656,3 nm zentriert ist, bietet er eine au\u00dfergew\u00f6hnliche Leistung f\u00fcr die Astrofotografie, insbesondere in Umgebungen mit starker Lichtverschmutzung.<\/p>\n<h4>Hauptmerkmale<\/h4>\n<ul>\n<li><strong>Bandbreite :<\/strong> 5 nm, was eine genaue Isolierung der H-alpha-Linie erm\u00f6glicht und gleichzeitig unerw\u00fcnschte Wellenl\u00e4ngen wie die von Natrium- oder Quecksilberdampflampen unterdr\u00fcckt.<\/li>\n<li><strong>Hohe Transmission :<\/strong> Bis zu 90 % bei 656,3 nm garantieren ein hervorragendes Signal-Rausch-Verh\u00e4ltnis.<\/li>\n<li><strong>Optische Qualit\u00e4t :<\/strong>\n<ul>\n<li>Polierte Oberfl\u00e4che mit einer Genauigkeit von \u03bb\/4.<\/li>\n<li>Mehrschichtige, beidseitige Antireflexbeschichtung zur Vermeidung von Halos und st\u00f6renden Reflexionen.<\/li>\n<\/ul>\n<\/li>\n<li><strong>Verf\u00fcgbare Formate :<\/strong>\n<ul>\n<li>1,25\" (montiert)<\/li>\n<li>2\" (montiert)<\/li>\n<li>31 mm und 36 mm (nicht montiert)<\/li>\n<\/ul>\n<\/li>\n<li><strong>Dicke des Substrats :<\/strong> Ca. 3 mm \u00b10,05 mm.<\/li>\n<li><strong>Parallelit\u00e4t :<\/strong> &lt; 30 arcsec, wodurch eine optimale Bildqualit\u00e4t gew\u00e4hrleistet wird.<\/li>\n<\/ul>\n<h4>Anwendungen<\/h4>\n<ul>\n<li><strong>Bildgebung von Emissionsnebeln :<\/strong>\n<ul>\n<li>Perfekt, um HII-Regionen einzufangen, die reich an ionisiertem Wasserstoff sind.<\/li>\n<li>Empfohlen f\u00fcr planetarische und diffuse Nebel.<\/li>\n<\/ul>\n<\/li>\n<li><strong>Reduzierung der Lichtverschmutzung :<\/strong>\n<ul>\n<li>Ideal f\u00fcr Astrofotografen, die in st\u00e4dtischen oder vorst\u00e4dtischen Gebieten arbeiten.<\/li>\n<\/ul>\n<\/li>\n<li><strong>Kompatibilit\u00e4t mit schnellen Systemen :<\/strong>\n<ul>\n<li>Optimiert f\u00fcr Brennweitenverh\u00e4ltnisse bis f\/4.0. F\u00fcr schnellere Systeme (f\/2.6 bis f\/3.6) empfiehlt sich die \"High-Speed\"-Version, um die spektrale Blauverschiebung (Blueshift) zu kompensieren.<\/li>\n<\/ul>\n<\/li>\n<\/ul>\n<h4>Technische Vorteile<\/h4>\n<ul>\n<li><strong>Au\u00dfergew\u00f6hnliche Haltbarkeit :<\/strong>\n<ul>\n<li>Hergestellt mit Sputterbeschichtungen (sputter coating) auf einem einzigen Substrat aus hochwertigem optischem Glas, wodurch die Notwendigkeit von Laminierungen entf\u00e4llt.<\/li>\n<li>Die Filter sind resistent gegen extreme Temperatur- und Feuchtigkeitsschwankungen und garantieren so eine langfristige spektrale Stabilit\u00e4t.<\/li>\n<\/ul>\n<\/li>\n<li><strong>Anti-Halo-Design :<\/strong> Antireflexbeschichtungen beseitigen Lichth\u00f6fe um helle Sterne und maximieren die Lichtdurchl\u00e4ssigkeit.<\/li>\n<li><strong>Einfache Orientierung :<\/strong> Ein Pfeil am Rand des Filters zeigt die richtige Richtung an, um die Autofluoreszenz zu minimieren und die Leistung zu maximieren.<\/li>\n<\/ul>\n<h4>Schlussfolgerung<\/h4>\n<p>Der Filter <strong>Chroma H-alpha 5nm<\/strong> ist eine erstklassige Wahl f\u00fcr Astrofotografen, die detaillierte und kontrastreiche Bilder des Deep-Sky-Himmels aufnehmen m\u00f6chten. Seine optische Pr\u00e4zision, die hohe Transmission und die F\u00e4higkeit, die Lichtverschmutzung effektiv zu reduzieren, machen es zu einem unverzichtbaren Werkzeug f\u00fcr die fortgeschrittene Profi- und Amateurfotografie.<\/p>","protected":false},"excerpt":{"rendered":"<p>Filtre H-alpha 5nm de Chroma Le filtre H-alpha 5nm de Chroma est un filtre \u00e0 bande \u00e9troite con\u00e7u pour l\u2019imagerie des n\u00e9buleuses et autres objets riches en hydrog\u00e8ne ionis\u00e9. Avec une bande passante centr\u00e9e sur la raie H-alpha \u00e0 656,3 nm, il offre des performances exceptionnelles pour l\u2019astrophotographie, notamment dans des environnements soumis \u00e0 une [&hellip;]<\/p>\n","protected":false},"featured_media":3869,"comment_status":"open","ping_status":"closed","template":"","meta":[],"product_brand":[582],"product_cat":[780],"product_tag":[],"class_list":{"0":"post-3875","1":"product","2":"type-product","3":"status-publish","4":"has-post-thumbnail","6":"product_brand-chroma","7":"product_cat-filtres-bande-etroite","9":"first","10":"on_supplier","11":"taxable","12":"shipping-taxable","13":"purchasable","14":"product-type-simple"},"_links":{"self":[{"href":"https:\/\/deep-space-astronomy.ch\/de\/wp-json\/wp\/v2\/product\/3875","targetHints":{"allow":["GET"]}}],"collection":[{"href":"https:\/\/deep-space-astronomy.ch\/de\/wp-json\/wp\/v2\/product"}],"about":[{"href":"https:\/\/deep-space-astronomy.ch\/de\/wp-json\/wp\/v2\/types\/product"}],"replies":[{"embeddable":true,"href":"https:\/\/deep-space-astronomy.ch\/de\/wp-json\/wp\/v2\/comments?post=3875"}],"wp:featuredmedia":[{"embeddable":true,"href":"https:\/\/deep-space-astronomy.ch\/de\/wp-json\/wp\/v2\/media\/3869"}],"wp:attachment":[{"href":"https:\/\/deep-space-astronomy.ch\/de\/wp-json\/wp\/v2\/media?parent=3875"}],"wp:term":[{"taxonomy":"product_brand","embeddable":true,"href":"https:\/\/deep-space-astronomy.ch\/de\/wp-json\/wp\/v2\/product_brand?post=3875"},{"taxonomy":"product_cat","embeddable":true,"href":"https:\/\/deep-space-astronomy.ch\/de\/wp-json\/wp\/v2\/product_cat?post=3875"},{"taxonomy":"product_tag","embeddable":true,"href":"https:\/\/deep-space-astronomy.ch\/de\/wp-json\/wp\/v2\/product_tag?post=3875"}],"curies":[{"name":"wp","href":"https:\/\/api.w.org\/{rel}","templated":true}]}}