{"id":3886,"date":"2025-03-06T20:41:53","date_gmt":"2025-03-06T19:41:53","guid":{"rendered":"https:\/\/deep-space-astronomy.geekworkers.dev\/produit\/filtre-chroma-h-beta-5nm\/"},"modified":"2025-06-03T10:40:56","modified_gmt":"2025-06-03T08:40:56","slug":"filtre-chroma-h-beta-5nm","status":"publish","type":"product","link":"https:\/\/deep-space-astronomy.ch\/de\/produkt\/filtre-chroma-h-beta-5nm\/","title":{"rendered":"Filter Chroma H-beta 5nm - 2\u2033 Montiert"},"content":{"rendered":"<h3>H-beta 5nm-Filter von Chroma Technology<\/h3>\n<p>Die <strong>5nm H-beta-Filter von Chroma Technology<\/strong> ist ein f\u00fcr die astronomische Bildgebung entwickelter Schmalbandfilter, der speziell f\u00fcr die Erfassung der H-beta-Linie bei 486,1 nm optimiert wurde. Dieser Filter eignet sich besonders f\u00fcr Astrofotografen, die detaillierte Bilder von Nebeln und anderen Objekten, die reich an ionisiertem Wasserstoff sind, aufnehmen m\u00f6chten.<\/p>\n<h4>Hauptmerkmale<\/h4>\n<ul>\n<li><strong>Bandbreite :<\/strong> 5 nm, was eine genaue Isolierung der H-beta-Linie erm\u00f6glicht und gleichzeitig unerw\u00fcnschte Wellenl\u00e4ngen wirksam blockiert.<\/li>\n<li><strong>Hohe Transmission :<\/strong> Bis zu 95% bei 486,1 nm, garantiert ein hervorragendes Signal-Rausch-Verh\u00e4ltnis.<\/li>\n<li><strong>Optische Qualit\u00e4t :<\/strong>\n<ul>\n<li>Polierte Oberfl\u00e4che mit einer Genauigkeit von \u03bb\/4.<\/li>\n<li>Mehrschichtige Antireflexionsbeschichtungen zur Minimierung von Lichth\u00f6fen und st\u00f6renden Reflexionen.<\/li>\n<\/ul>\n<\/li>\n<li><strong>Verf\u00fcgbare Formate :<\/strong>\n<ul>\n<li>Montiert: 1,25\" und 2\".<\/li>\n<li>Nicht montiert: Benutzerdefinierte Formate verf\u00fcgbar.<\/li>\n<\/ul>\n<\/li>\n<li><strong>Dicke des Substrats :<\/strong> Ca. 3 mm, gew\u00e4hrleistet eine au\u00dfergew\u00f6hnliche Haltbarkeit.<\/li>\n<\/ul>\n<h4>Anwendungen<\/h4>\n<ul>\n<li><strong>Bildgebung von spezifischen Nebeln :<\/strong>\n<ul>\n<li>Ideal zum Einfangen von Objekten wie dem Pferdekopfnebel, dem California-Nebel oder anderen Strukturen, die reich an H-beta-Emissionen sind.<\/li>\n<\/ul>\n<\/li>\n<li><strong>Reduzierung der Lichtverschmutzung :<\/strong>\n<ul>\n<li>Blockiert wirksam k\u00fcnstliche Lichtquellen und den hellen Hintergrund des Himmels.<\/li>\n<\/ul>\n<\/li>\n<li><strong>Fortgeschrittene Astrofotografie :<\/strong>\n<ul>\n<li>Erg\u00e4nzung zu den Filtern H-alpha und OIII, um Bilder in Falschfarben oder wissenschaftlichen Paletten zu erstellen.<\/li>\n<\/ul>\n<\/li>\n<li><strong>Kompatibilit\u00e4t mit schnellen Systemen :<\/strong>\n<ul>\n<li>Optimiert f\u00fcr Brennweitenverh\u00e4ltnisse bis f\/4.0. F\u00fcr schnellere Systeme kann eine spezielle Version erforderlich sein.<\/li>\n<\/ul>\n<\/li>\n<\/ul>\n<h4>Technische Highlights<\/h4>\n<ul>\n<li><strong>Au\u00dfergew\u00f6hnliche Haltbarkeit :<\/strong>\n<ul>\n<li>Sputterbeschichtungen, die eine langfristige spektrale Stabilit\u00e4t gew\u00e4hrleisten.<\/li>\n<li>Widerstandsf\u00e4higkeit gegen Temperatur- und Feuchtigkeitsschwankungen.<\/li>\n<\/ul>\n<\/li>\n<li><strong>Anti-Halo-Design :<\/strong> Antireflexbeschichtungen beseitigen die Halos um helle Sterne.<\/li>\n<li><strong>Universelle Kompatibilit\u00e4t :<\/strong> Passt zu den meisten Filterr\u00e4dern und Schubladen auf dem Markt.<\/li>\n<\/ul>\n<h4>Schlussfolgerung<\/h4>\n<p>Der Filter <strong>Chroma H-beta 5nm<\/strong> ist ein wertvolles Werkzeug f\u00fcr Astrofotografen, die die feinen Details von Nebeln, die reich an ionisiertem Wasserstoff sind, einfangen m\u00f6chten. Seine optische Pr\u00e4zision, hohe Transmission und die F\u00e4higkeit, die Lichtverschmutzung effektiv zu reduzieren, machen es zu einer hochwertigen Wahl f\u00fcr die Deep-Sky-Bildgebung.<\/p>","protected":false},"excerpt":{"rendered":"<p>Filtre H-beta 5nm de Chroma Technology Le filtre H-beta 5nm de Chroma Technology est un filtre \u00e0 bande \u00e9troite con\u00e7u pour l\u2019imagerie astronomique, sp\u00e9cifiquement optimis\u00e9 pour capturer la raie H-beta \u00e0 486,1 nm. Ce filtre est particuli\u00e8rement adapt\u00e9 aux astrophotographes souhaitant obtenir des images d\u00e9taill\u00e9es des n\u00e9buleuses et autres objets riches en hydrog\u00e8ne ionis\u00e9. Caract\u00e9ristiques [&hellip;]<\/p>\n","protected":false},"featured_media":3885,"comment_status":"open","ping_status":"closed","template":"","meta":[],"product_brand":[582],"product_cat":[780],"product_tag":[],"class_list":{"0":"post-3886","1":"product","2":"type-product","3":"status-publish","4":"has-post-thumbnail","6":"product_brand-chroma","7":"product_cat-filtres-bande-etroite","9":"first","10":"on_supplier","11":"taxable","12":"shipping-taxable","13":"purchasable","14":"product-type-simple"},"_links":{"self":[{"href":"https:\/\/deep-space-astronomy.ch\/de\/wp-json\/wp\/v2\/product\/3886","targetHints":{"allow":["GET"]}}],"collection":[{"href":"https:\/\/deep-space-astronomy.ch\/de\/wp-json\/wp\/v2\/product"}],"about":[{"href":"https:\/\/deep-space-astronomy.ch\/de\/wp-json\/wp\/v2\/types\/product"}],"replies":[{"embeddable":true,"href":"https:\/\/deep-space-astronomy.ch\/de\/wp-json\/wp\/v2\/comments?post=3886"}],"wp:featuredmedia":[{"embeddable":true,"href":"https:\/\/deep-space-astronomy.ch\/de\/wp-json\/wp\/v2\/media\/3885"}],"wp:attachment":[{"href":"https:\/\/deep-space-astronomy.ch\/de\/wp-json\/wp\/v2\/media?parent=3886"}],"wp:term":[{"taxonomy":"product_brand","embeddable":true,"href":"https:\/\/deep-space-astronomy.ch\/de\/wp-json\/wp\/v2\/product_brand?post=3886"},{"taxonomy":"product_cat","embeddable":true,"href":"https:\/\/deep-space-astronomy.ch\/de\/wp-json\/wp\/v2\/product_cat?post=3886"},{"taxonomy":"product_tag","embeddable":true,"href":"https:\/\/deep-space-astronomy.ch\/de\/wp-json\/wp\/v2\/product_tag?post=3886"}],"curies":[{"name":"wp","href":"https:\/\/api.w.org\/{rel}","templated":true}]}}