{"id":3897,"date":"2025-03-06T20:43:17","date_gmt":"2025-03-06T19:43:17","guid":{"rendered":"https:\/\/deep-space-astronomy.geekworkers.dev\/produit\/filtre-chroma-oii-8nm\/"},"modified":"2025-06-03T10:40:56","modified_gmt":"2025-06-03T08:40:56","slug":"filtre-chroma-oii-8nm","status":"publish","type":"product","link":"https:\/\/deep-space-astronomy.ch\/de\/produkt\/filtre-chroma-oii-8nm\/","title":{"rendered":"Chroma-Filter OII 8nm - 2\u2033 Montiert"},"content":{"rendered":"<h3>8nm OIII-Filter von Chroma Technology<\/h3>\n<p>Die <strong>8nm OIII-Filter von Chroma Technology<\/strong> ist ein Schmalbandfilter, der f\u00fcr die astronomische Bildgebung entwickelt wurde. Er ist optimiert, um die Emissionslinie von doppelt ionisiertem Sauerstoff (OIII) bei 500,7 nm zu isolieren. Diese Emissionslinie ist nach H-alpha eine der wichtigsten Emissionen bei der Untersuchung von planetarischen und diffusen Nebeln.<\/p>\n<h4>Hauptmerkmale<\/h4>\n<ul>\n<li><strong>Bandbreite :<\/strong> 8 nm, was eine effektive Isolierung der OIII-Linie erm\u00f6glicht und gleichzeitig unerw\u00fcnschte Wellenl\u00e4ngen (Lichtverschmutzung, Natrium- und Quecksilberlampen) blockiert.<\/li>\n<li><strong>Hohe Transmission :<\/strong> Bis zu 94,5 % bei 500,7 nm garantieren ein hervorragendes Signal-Rausch-Verh\u00e4ltnis, um subtile Details zu erfassen.<\/li>\n<li><strong>Optische Qualit\u00e4t :<\/strong> Polierte Oberfl\u00e4che mit einer Genauigkeit von \u03bb\/4.<\/li>\n<li><strong>Mehrschichtige Antireflexbeschichtungen :<\/strong> Auf beiden Seiten, um Lichth\u00f6fe und st\u00f6rende Reflexionen zu minimieren.<\/li>\n<li><strong>Verf\u00fcgbare Formate :<\/strong>\n<ul>\n<li>Montiert: 1,25\", 2\"<\/li>\n<li>Nicht montiert: Benutzerdefinierte Formate (31 mm, 36 mm).<\/li>\n<\/ul>\n<\/li>\n<li><strong>Dicke des Substrats :<\/strong> Ca. 3 mm, hergestellt aus einem einzigartigen Substrat aus optischem Glas f\u00fcr eine au\u00dfergew\u00f6hnliche Haltbarkeit.<\/li>\n<\/ul>\n<h4>Anwendungen<\/h4>\n<ul>\n<li><strong>Bildgebung von OIII-reichen Nebeln :<\/strong>\n<ul>\n<li>Ideal zum Einfangen von Objekten wie dem Schleiernebel, dem Orionnebel oder dem Rosettennebel.<\/li>\n<\/ul>\n<\/li>\n<li><strong>Reduzierung der Lichtverschmutzung :<\/strong>\n<ul>\n<li>Blockiert effektiv unerw\u00fcnschte Wellenl\u00e4ngen, selbst in st\u00e4dtischen oder vorst\u00e4dtischen Umgebungen.<\/li>\n<\/ul>\n<\/li>\n<li><strong>Fortgeschrittene Astrofotografie :<\/strong>\n<ul>\n<li>Perfekte Erg\u00e4nzung zu H-alpha- und SII-Filtern, um Bilder in wissenschaftlichen Paletten (SHO oder Hubble-Palette) zu erstellen.<\/li>\n<\/ul>\n<\/li>\n<li><strong>Kompatibilit\u00e4t mit schnellen Systemen :<\/strong>\n<ul>\n<li>Funktioniert perfekt mit Brennweiten bis zu 1:4,0.<\/li>\n<li>F\u00fcr sehr schnelle Systeme (f\/2.6 bis f\/3.6) ist eine optimierte Version erh\u00e4ltlich, um die spektrale Verschiebung ins Blaue (Blueshift) auszugleichen.<\/li>\n<\/ul>\n<\/li>\n<\/ul>\n<h4>Technische Highlights<\/h4>\n<ul>\n<li><strong>Au\u00dfergew\u00f6hnliche Haltbarkeit :<\/strong>\n<ul>\n<li>Sputterbeschichtungen, die eine langfristige spektrale Stabilit\u00e4t gew\u00e4hrleisten.<\/li>\n<li>Widerstandsf\u00e4hig gegen extreme Temperatur- und Feuchtigkeitsschwankungen.<\/li>\n<\/ul>\n<\/li>\n<li><strong>Anti-Halo-Design :<\/strong> Antireflexbeschichtungen eliminieren Halos um helle Sterne und sorgen f\u00fcr scharfe und detaillierte Bilder.<\/li>\n<li><strong>Universelle Kompatibilit\u00e4t :<\/strong> Kompatibel mit den meisten auf dem Markt erh\u00e4ltlichen Filterr\u00e4dern und Schubladen.<\/li>\n<\/ul>\n<h4>Schlussfolgerung<\/h4>\n<p>Der Filter <strong>Chroma OIII 8nm<\/strong> ist ein wichtiges Werkzeug f\u00fcr die Deep-Sky-Bildgebung. Seine optische Pr\u00e4zision, die hohe Transmission und die F\u00e4higkeit, die Lichtverschmutzung effektiv zu reduzieren, machen es zur ersten Wahl, wenn es darum geht, die subtilen Details von Nebeln einzufangen, die reich an ionisiertem Sauerstoff (OIII) sind.<\/p>","protected":false},"excerpt":{"rendered":"<p>Filtre OIII 8nm de Chroma Technology Le filtre OIII 8nm de Chroma Technology est un filtre \u00e0 bande \u00e9troite con\u00e7u pour l\u2019imagerie astronomique. Il est optimis\u00e9 pour isoler la raie d\u2019\u00e9mission de l\u2019oxyg\u00e8ne doublement ionis\u00e9 (OIII) \u00e0 500,7 nm, une des \u00e9missions les plus importantes apr\u00e8s H-alpha dans l\u2019\u00e9tude des n\u00e9buleuses plan\u00e9taires et diffuses. Caract\u00e9ristiques [&hellip;]<\/p>\n","protected":false},"featured_media":3895,"comment_status":"open","ping_status":"closed","template":"","meta":[],"product_brand":[582],"product_cat":[780],"product_tag":[],"class_list":{"0":"post-3897","1":"product","2":"type-product","3":"status-publish","4":"has-post-thumbnail","6":"product_brand-chroma","7":"product_cat-filtres-bande-etroite","9":"first","10":"on_supplier","11":"taxable","12":"shipping-taxable","13":"purchasable","14":"product-type-simple"},"_links":{"self":[{"href":"https:\/\/deep-space-astronomy.ch\/de\/wp-json\/wp\/v2\/product\/3897","targetHints":{"allow":["GET"]}}],"collection":[{"href":"https:\/\/deep-space-astronomy.ch\/de\/wp-json\/wp\/v2\/product"}],"about":[{"href":"https:\/\/deep-space-astronomy.ch\/de\/wp-json\/wp\/v2\/types\/product"}],"replies":[{"embeddable":true,"href":"https:\/\/deep-space-astronomy.ch\/de\/wp-json\/wp\/v2\/comments?post=3897"}],"wp:featuredmedia":[{"embeddable":true,"href":"https:\/\/deep-space-astronomy.ch\/de\/wp-json\/wp\/v2\/media\/3895"}],"wp:attachment":[{"href":"https:\/\/deep-space-astronomy.ch\/de\/wp-json\/wp\/v2\/media?parent=3897"}],"wp:term":[{"taxonomy":"product_brand","embeddable":true,"href":"https:\/\/deep-space-astronomy.ch\/de\/wp-json\/wp\/v2\/product_brand?post=3897"},{"taxonomy":"product_cat","embeddable":true,"href":"https:\/\/deep-space-astronomy.ch\/de\/wp-json\/wp\/v2\/product_cat?post=3897"},{"taxonomy":"product_tag","embeddable":true,"href":"https:\/\/deep-space-astronomy.ch\/de\/wp-json\/wp\/v2\/product_tag?post=3897"}],"curies":[{"name":"wp","href":"https:\/\/api.w.org\/{rel}","templated":true}]}}