{"id":3904,"date":"2025-03-06T20:44:11","date_gmt":"2025-03-06T19:44:11","guid":{"rendered":"https:\/\/deep-space-astronomy.geekworkers.dev\/produit\/filtre-chroma-sii-5nm\/"},"modified":"2025-06-03T10:40:56","modified_gmt":"2025-06-03T08:40:56","slug":"filtre-chroma-sii-5nm","status":"publish","type":"product","link":"https:\/\/deep-space-astronomy.ch\/de\/produkt\/filtre-chroma-sii-5nm\/","title":{"rendered":"Chroma SII Filter 5nm - 2\u2033 Montiert"},"content":{"rendered":"<h3>5nm SII-Filter von Chroma Technology<\/h3>\n<p>Die <strong>5nm SII-Filter von Chroma Technology<\/strong> ist ein Schmalbandfilter, der f\u00fcr die astronomische Bildgebung entwickelt wurde. Er wurde optimiert, um die Emissionslinie von ionisiertem Schwefel (SII) bei 672 nm einzufangen, eine Spektrallinie, die f\u00fcr die Untersuchung von planetarischen und diffusen Nebeln entscheidend ist. Dieser Filter ist besonders f\u00fcr Astrofotografen geeignet, die einen hohen Kontrast und eine klare Trennung der verschiedenen Spektrallinien w\u00fcnschen.<\/p>\n<h4>Hauptmerkmale<\/h4>\n<ul>\n<li><strong>Bandbreite :<\/strong> 5 nm, was eine genaue Isolierung der SII-Linie erm\u00f6glicht und gleichzeitig unerw\u00fcnschte Wellenl\u00e4ngen wie H-alpha (656,3 nm) blockiert.<\/li>\n<li><strong>Gezielte Emissionsstrahlen :<\/strong> SII-Dubletten bei 671,6 nm und 673,1 nm, die f\u00fcr schwefelreiche Nebel charakteristisch sind.<\/li>\n<li><strong>Hohe Transmission :<\/strong> Bis zu 90 % bei 672 nm garantieren ein hervorragendes Signal-Rausch-Verh\u00e4ltnis.<\/li>\n<li><strong>Optische Qualit\u00e4t :<\/strong> Polierte Oberfl\u00e4che mit einer Genauigkeit von \u03bb\/4.<\/li>\n<li><strong>Mehrschichtige Antireflexbeschichtungen :<\/strong> Auf beiden Seiten, um Lichth\u00f6fe und st\u00f6rende Reflexionen zu minimieren.<\/li>\n<li><strong>Dicke des Substrats :<\/strong> Ca. 3 mm \u00b1 0,05 mm, wodurch eine au\u00dfergew\u00f6hnliche Haltbarkeit gew\u00e4hrleistet wird.<\/li>\n<li><strong>Parallelit\u00e4t :<\/strong> &lt;30 arcsec, wodurch eine optimale Bildqualit\u00e4t gew\u00e4hrleistet wird.<\/li>\n<\/ul>\n<h4>Anwendungen<\/h4>\n<ul>\n<li><strong>Bildgebung von SII-reichen Nebeln :<\/strong>\n<ul>\n<li>Ideal zum Einfangen von Objekten wie dem Krebsnebel, dem Rosettennebel oder dem Schleiernebel.<\/li>\n<\/ul>\n<\/li>\n<li><strong>Reduzierung der Lichtverschmutzung :<\/strong>\n<ul>\n<li>Blockiert effektiv unerw\u00fcnschte Wellenl\u00e4ngen (Natrium- oder Quecksilberlampen), selbst in st\u00e4dtischen oder vorst\u00e4dtischen Umgebungen.<\/li>\n<\/ul>\n<\/li>\n<li><strong>Fortgeschrittene Astrofotografie :<\/strong>\n<ul>\n<li>Ideale Erg\u00e4nzung zu H-alpha- und OIII-Filtern, um Bilder in wissenschaftlichen Paletten (SHO oder Hubble-Palette) zu erstellen.<\/li>\n<\/ul>\n<\/li>\n<li><strong>Kompatibilit\u00e4t mit schnellen Systemen :<\/strong>\n<ul>\n<li>Funktioniert perfekt mit Brennweiten bis zu 1:4,0.<\/li>\n<li>F\u00fcr sehr schnelle Systeme (f\/2.8 bis f\/3.6) kann eine optimierte Version erforderlich sein, um die spektrale Verschiebung ins Blaue (Blueshift) zu kompensieren.<\/li>\n<\/ul>\n<\/li>\n<\/ul>\n<h4>Technische Highlights<\/h4>\n<ul>\n<li><strong>Au\u00dfergew\u00f6hnliche Haltbarkeit :<\/strong>\n<ul>\n<li>Sputterbeschichtungen, die eine langfristige spektrale Stabilit\u00e4t gew\u00e4hrleisten.<\/li>\n<li>Widerstandsf\u00e4hig gegen extreme Temperatur- und Feuchtigkeitsschwankungen.<\/li>\n<\/ul>\n<\/li>\n<li><strong>Anti-Halo-Design :<\/strong> Antireflexbeschichtungen eliminieren Halos um helle Sterne und sorgen f\u00fcr scharfe und detaillierte Bilder.<\/li>\n<li><strong>Universelle Kompatibilit\u00e4t :<\/strong> Kompatibel mit den meisten auf dem Markt erh\u00e4ltlichen Filterr\u00e4dern und Schubladen.<\/li>\n<\/ul>\n<h4>Verf\u00fcgbare Formate<\/h4>\n<ul>\n<li><strong>Beritten:<\/strong> 1,25\", 2\"<\/li>\n<li><strong>Nicht montiert :<\/strong> Benutzerdefinierte Formate (31 mm, 36 mm).<\/li>\n<\/ul>\n<h4>Schlussfolgerung<\/h4>\n<p>Der Filter <strong>Chroma SII 5nm<\/strong> ist ein wichtiges Werkzeug f\u00fcr die Deep-Sky-Bildgebung. Seine optische Pr\u00e4zision, seine hohe Transmission und seine F\u00e4higkeit, die Spektrallinien von ionisiertem Schwefel effektiv zu isolieren, machen es zur ersten Wahl, wenn es darum geht, die subtilen Details von SII-reichen Nebeln einzufangen.<\/p>","protected":false},"excerpt":{"rendered":"<p>Filtre SII 5nm de Chroma Technology Le filtre SII 5nm de Chroma Technology est un filtre \u00e0 bande \u00e9troite con\u00e7u pour l\u2019imagerie astronomique. Il est optimis\u00e9 pour capturer la raie d\u2019\u00e9mission du soufre ionis\u00e9 (SII) \u00e0 672 nm, une raie spectrale essentielle pour l\u2019\u00e9tude des n\u00e9buleuses plan\u00e9taires et diffuses. Ce filtre est particuli\u00e8rement adapt\u00e9 aux [&hellip;]<\/p>\n","protected":false},"featured_media":3902,"comment_status":"open","ping_status":"closed","template":"","meta":[],"product_brand":[582],"product_cat":[780],"product_tag":[],"class_list":{"0":"post-3904","1":"product","2":"type-product","3":"status-publish","4":"has-post-thumbnail","6":"product_brand-chroma","7":"product_cat-filtres-bande-etroite","9":"first","10":"on_supplier","11":"taxable","12":"shipping-taxable","13":"purchasable","14":"product-type-simple"},"_links":{"self":[{"href":"https:\/\/deep-space-astronomy.ch\/de\/wp-json\/wp\/v2\/product\/3904","targetHints":{"allow":["GET"]}}],"collection":[{"href":"https:\/\/deep-space-astronomy.ch\/de\/wp-json\/wp\/v2\/product"}],"about":[{"href":"https:\/\/deep-space-astronomy.ch\/de\/wp-json\/wp\/v2\/types\/product"}],"replies":[{"embeddable":true,"href":"https:\/\/deep-space-astronomy.ch\/de\/wp-json\/wp\/v2\/comments?post=3904"}],"wp:featuredmedia":[{"embeddable":true,"href":"https:\/\/deep-space-astronomy.ch\/de\/wp-json\/wp\/v2\/media\/3902"}],"wp:attachment":[{"href":"https:\/\/deep-space-astronomy.ch\/de\/wp-json\/wp\/v2\/media?parent=3904"}],"wp:term":[{"taxonomy":"product_brand","embeddable":true,"href":"https:\/\/deep-space-astronomy.ch\/de\/wp-json\/wp\/v2\/product_brand?post=3904"},{"taxonomy":"product_cat","embeddable":true,"href":"https:\/\/deep-space-astronomy.ch\/de\/wp-json\/wp\/v2\/product_cat?post=3904"},{"taxonomy":"product_tag","embeddable":true,"href":"https:\/\/deep-space-astronomy.ch\/de\/wp-json\/wp\/v2\/product_tag?post=3904"}],"curies":[{"name":"wp","href":"https:\/\/api.w.org\/{rel}","templated":true}]}}