{"id":3911,"date":"2025-03-06T20:45:20","date_gmt":"2025-03-06T19:45:20","guid":{"rendered":"https:\/\/deep-space-astronomy.geekworkers.dev\/produit\/filtre-chroma-lowglow-anti-pollution-lumineuse\/"},"modified":"2025-06-03T10:41:04","modified_gmt":"2025-06-03T08:41:04","slug":"filtre-chroma-lowglow-anti-pollution-lumineuse","status":"publish","type":"product","link":"https:\/\/deep-space-astronomy.ch\/de\/produkt\/filtre-chroma-lowglow-anti-pollution-lumineuse\/","title":{"rendered":"Chroma LowGlow Filter gegen Lichtverschmutzung - 2\u2033 Montiert"},"content":{"rendered":"<h3>Chroma LoGlow-Filter<\/h3>\n<p>Die <strong>Chroma LoGlow-Filter<\/strong> ist ein Breitbandfilter, der entwickelt wurde, um die Lichtverschmutzung wirksam zu reduzieren und gleichzeitig eine nat\u00fcrliche Farbbalance im sichtbaren Spektrum zu erhalten. Er eignet sich besonders f\u00fcr die astronomische Bildgebung in st\u00e4dtischen oder vorst\u00e4dtischen Umgebungen.<\/p>\n<h4>Hauptmerkmale<\/h4>\n<ul>\n<li><strong>Reduzierung der Lichtverschmutzung<\/strong> :\n<ul>\n<li>Blockiert die g\u00e4ngigen Spektrallinien von k\u00fcnstlichen Lichtquellen wie Quecksilberdampf-, Natriumdampf- und Metallhalogenidlampen.<\/li>\n<li>Erm\u00f6glicht es, die Auswirkungen der Stadtbeleuchtung zu verringern und gleichzeitig das nat\u00fcrliche Licht von Sternen und Himmelsobjekten durchzulassen.<\/li>\n<\/ul>\n<\/li>\n<li><strong>Farbbalance<\/strong> :\n<ul>\n<li>Beh\u00e4lt eine ausgewogene Farbe im sichtbaren Spektrum bei und ist daher ideal f\u00fcr die Farb- (RGB) oder Luminanzbildgebung.<\/li>\n<\/ul>\n<\/li>\n<li><strong>Verf\u00fcgbare Formate<\/strong> :\n<ul>\n<li>1,25\" montiert<\/li>\n<li>2\" montiert<\/li>\n<li>36 mm unmontiert<\/li>\n<li>Kompatibel mit einer gro\u00dfen Auswahl an Filterr\u00e4dern und optischen Konfigurationen.<\/li>\n<\/ul>\n<\/li>\n<li><strong>Nachhaltiges Bauen<\/strong> :\n<ul>\n<li>Hergestellt aus hochwertigen Materialien, einschlie\u00dflich eines robusten Aluminiumrahmens und strapazierf\u00e4higer mehrschichtiger Beschichtungen.<\/li>\n<\/ul>\n<\/li>\n<\/ul>\n<h4>Anwendungen<\/h4>\n<ul>\n<li><strong>St\u00e4dtische\/suburbane astronomische Bildgebung<\/strong> :\n<ul>\n<li>Ideal f\u00fcr die Aufnahme von Deep-Sky-Bildern (Nebel, Galaxien, Sternhaufen) unter einem lichtverschmutzten Himmel.<\/li>\n<\/ul>\n<\/li>\n<li><strong>Astrofotografie in Farbe<\/strong> :\n<ul>\n<li>Eignet sich dank der nat\u00fcrlichen Farbbalance hervorragend f\u00fcr RGB- oder LRGB-Aufnahmen.<\/li>\n<\/ul>\n<\/li>\n<li><strong>Visuelle Beobachtung<\/strong> :\n<ul>\n<li>Kann auch zur Kontraststeigerung bei visuellen Beobachtungen unter einem verschmutzten Himmel verwendet werden.<\/li>\n<\/ul>\n<\/li>\n<\/ul>\n<h4>Technische Vorteile<\/h4>\n<ul>\n<li><strong>Selektives Blockieren<\/strong> :\n<ul>\n<li>Filtert spezifische Wellenl\u00e4ngen, die mit k\u00fcnstlichen Quellen verbunden sind, ohne die nat\u00fcrlichen Farben von Himmelsobjekten zu beeintr\u00e4chtigen.<\/li>\n<\/ul>\n<\/li>\n<li><strong>Universelle Kompatibilit\u00e4t<\/strong> :\n<ul>\n<li>Funktioniert mit den meisten modernen Teleskopen und astronomischen Kameras.<\/li>\n<\/ul>\n<\/li>\n<li><strong>Vielseitigkeit<\/strong> :\n<ul>\n<li>Geeignet sowohl f\u00fcr monochrome als auch f\u00fcr farbige Bildgebung.<\/li>\n<\/ul>\n<\/li>\n<\/ul>\n<h4>Schlussfolgerung<\/h4>\n<p>Die <strong>Chroma LoGlow-Filter<\/strong> ist eine ausgezeichnete Wahl f\u00fcr Astrofotografen und Beobachter, die die Auswirkungen der Lichtverschmutzung minimieren m\u00f6chten, ohne dabei Kompromisse bei der Farbqualit\u00e4t einzugehen. Sein robustes Design und seine optische Leistung machen es zu einem unverzichtbaren Werkzeug f\u00fcr die Aufnahme von Deep-Sky-Aufnahmen in hellen Umgebungen.<\/p>","protected":false},"excerpt":{"rendered":"<p>Filtre Chroma LoGlow Le filtre Chroma LoGlow est un filtre \u00e0 large bande con\u00e7u pour r\u00e9duire efficacement la pollution lumineuse tout en pr\u00e9servant une balance des couleurs naturelle dans le spectre visible. Il est particuli\u00e8rement adapt\u00e9 \u00e0 l\u2019imagerie astronomique dans des environnements urbains ou suburbains. Caract\u00e9ristiques principales R\u00e9duction de la pollution lumineuse : Bloque les [&hellip;]<\/p>\n","protected":false},"featured_media":3910,"comment_status":"open","ping_status":"closed","template":"","meta":[],"product_brand":[582],"product_cat":[780],"product_tag":[],"class_list":{"0":"post-3911","1":"product","2":"type-product","3":"status-publish","4":"has-post-thumbnail","6":"product_brand-chroma","7":"product_cat-filtres-bande-etroite","9":"first","10":"on_supplier","11":"taxable","12":"shipping-taxable","13":"purchasable","14":"product-type-simple"},"_links":{"self":[{"href":"https:\/\/deep-space-astronomy.ch\/de\/wp-json\/wp\/v2\/product\/3911","targetHints":{"allow":["GET"]}}],"collection":[{"href":"https:\/\/deep-space-astronomy.ch\/de\/wp-json\/wp\/v2\/product"}],"about":[{"href":"https:\/\/deep-space-astronomy.ch\/de\/wp-json\/wp\/v2\/types\/product"}],"replies":[{"embeddable":true,"href":"https:\/\/deep-space-astronomy.ch\/de\/wp-json\/wp\/v2\/comments?post=3911"}],"wp:featuredmedia":[{"embeddable":true,"href":"https:\/\/deep-space-astronomy.ch\/de\/wp-json\/wp\/v2\/media\/3910"}],"wp:attachment":[{"href":"https:\/\/deep-space-astronomy.ch\/de\/wp-json\/wp\/v2\/media?parent=3911"}],"wp:term":[{"taxonomy":"product_brand","embeddable":true,"href":"https:\/\/deep-space-astronomy.ch\/de\/wp-json\/wp\/v2\/product_brand?post=3911"},{"taxonomy":"product_cat","embeddable":true,"href":"https:\/\/deep-space-astronomy.ch\/de\/wp-json\/wp\/v2\/product_cat?post=3911"},{"taxonomy":"product_tag","embeddable":true,"href":"https:\/\/deep-space-astronomy.ch\/de\/wp-json\/wp\/v2\/product_tag?post=3911"}],"curies":[{"name":"wp","href":"https:\/\/api.w.org\/{rel}","templated":true}]}}