{"id":3913,"date":"2025-03-06T20:45:40","date_gmt":"2025-03-06T19:45:40","guid":{"rendered":"https:\/\/deep-space-astronomy.geekworkers.dev\/produit\/filtre-chroma-luminance\/"},"modified":"2025-06-03T10:41:04","modified_gmt":"2025-06-03T08:41:04","slug":"filtre-chroma-luminance","status":"publish","type":"product","link":"https:\/\/deep-space-astronomy.ch\/de\/produkt\/filtre-chroma-luminance\/","title":{"rendered":"Chroma Luminance Filter - 2\u2033 Montiert"},"content":{"rendered":"<h3>Luminanzfilter von Chroma Technology<\/h3>\n<p>Die <strong>Luminanzfilter von Chroma Technology<\/strong> ist ein hochpr\u00e4ziser optischer Filter, der f\u00fcr die astronomische Bildgebung entwickelt wurde. Er wurde speziell f\u00fcr die Erfassung von Leuchtdichtedaten in der Astrofotografie entwickelt und erm\u00f6glicht es, die Sch\u00e4rfe und Details der Bilder zu verbessern und gleichzeitig die RGB-Filtersets zu erg\u00e4nzen.<\/p>\n<h4>Hauptmerkmale<\/h4>\n<ul>\n<li><strong>Spektrale Transmission<\/strong> :\n<ul>\n<li>Transmissionsbereich: Von 418 nm bis 697 nm, blockiert effektiv UV- und IR-Strahlen.<\/li>\n<li>Hohe Transmission im sichtbaren Spektrum garantiert eine optimale Erfassung von Details.<\/li>\n<\/ul>\n<\/li>\n<li><strong>Art der Beschichtung<\/strong> :\n<ul>\n<li>Sputterbeschichtungen (sputtered hard coatings) f\u00fcr eine au\u00dfergew\u00f6hnliche Haltbarkeit.<\/li>\n<li>Antireflexbeschichtungen auf der R\u00fcckseite verhindern Reflexionen und maximieren die \u00dcbertragung.<\/li>\n<\/ul>\n<\/li>\n<li><strong>Optische Qualit\u00e4t<\/strong> :\n<ul>\n<li>Polierte Oberfl\u00e4che mit einer Genauigkeit von \u03bb\/4 oder besser.<\/li>\n<li>Parallelit\u00e4t: &lt;30 arcsec, garantiert eine optimale Bildqualit\u00e4t.<\/li>\n<\/ul>\n<\/li>\n<li><strong>Dicke<\/strong> :\n<ul>\n<li>Dicke: 3 mm \u00b1 0,05 mm, kompatibel mit den meisten Filterr\u00e4dern und Schubladen.<\/li>\n<\/ul>\n<\/li>\n<li><strong>Verf\u00fcgbare Formate<\/strong> :\n<ul>\n<li>Montiert: 1,25\", 2\"<\/li>\n<li>Unmontiert: Benutzerdefinierte Formate (31 mm, 36 mm usw.).<\/li>\n<\/ul>\n<\/li>\n<\/ul>\n<h4>Anwendungen<\/h4>\n<ul>\n<li><strong>Monochrome Astrofotografie mit CCD\/CMOS-Kameras<\/strong> :\n<ul>\n<li>Erfasst Luminanzdaten, um Details und Klarheit von Bildern zu verbessern, die mit RGB kombiniert werden.<\/li>\n<\/ul>\n<\/li>\n<li><strong>Deep-Sky-Bildgebung<\/strong> :\n<ul>\n<li>Ideal f\u00fcr die Aufnahme von Galaxien, Nebeln und Sternhaufen in hoher Aufl\u00f6sung.<\/li>\n<\/ul>\n<\/li>\n<li><strong>Reduzierung von optischen Artefakten<\/strong> :\n<ul>\n<li>Blockiert UV- und IR-Strahlen, um chromatische Aberrationen in refraktiven optischen Systemen zu vermeiden.<\/li>\n<\/ul>\n<\/li>\n<\/ul>\n<h4>Technische Vorteile<\/h4>\n<ul>\n<li><strong>Effektive UV\/IR-Blockierung<\/strong> :\n<ul>\n<li>Verbessert die Bildsch\u00e4rfe, indem es unerw\u00fcnschte Wellenl\u00e4ngen au\u00dferhalb des sichtbaren Spektrums eliminiert.<\/li>\n<\/ul>\n<\/li>\n<li><strong>Au\u00dfergew\u00f6hnliche Haltbarkeit<\/strong> :\n<ul>\n<li>Beschichtungen, die gegen Temperatur- und Feuchtigkeitsschwankungen resistent sind, sorgen f\u00fcr eine langfristige spektrale Stabilit\u00e4t.<\/li>\n<\/ul>\n<\/li>\n<li><strong>Universelle Kompatibilit\u00e4t<\/strong> :\n<ul>\n<li>Funktioniert mit allen modernen Monochromkameras und l\u00e4sst sich leicht in bestehende Konfigurationen integrieren.<\/li>\n<\/ul>\n<\/li>\n<\/ul>\n<h4>Schlussfolgerung<\/h4>\n<p>Die <strong>Chroma-Filter Luminanz<\/strong> ist ein wichtiges Werkzeug f\u00fcr die fortgeschrittene Astrofotografie. Als Erg\u00e4nzung zu den RGB-Filtern erm\u00f6glicht es die Aufnahme von scharfen und detaillierten Bildern, w\u00e4hrend es UV- und IR-Strahlen effektiv blockiert. Sein robustes Design und seine optische Leistung machen es zu einer unverzichtbaren Wahl f\u00fcr anspruchsvolle Astrofotografen.<\/p>","protected":false},"excerpt":{"rendered":"<p>Filtre Luminance de Chroma Technology Le filtre Luminance de Chroma Technology est un filtre optique de haute pr\u00e9cision con\u00e7u pour l\u2019imagerie astronomique. Il est sp\u00e9cialement con\u00e7u pour capturer des donn\u00e9es de luminance en astrophotographie, permettant d\u2019am\u00e9liorer la nettet\u00e9 et les d\u00e9tails des images tout en compl\u00e9tant les ensembles de filtres RGB. Caract\u00e9ristiques principales Transmission spectrale [&hellip;]<\/p>\n","protected":false},"featured_media":3912,"comment_status":"open","ping_status":"closed","template":"","meta":[],"product_brand":[582],"product_cat":[780],"product_tag":[],"class_list":{"0":"post-3913","1":"product","2":"type-product","3":"status-publish","4":"has-post-thumbnail","6":"product_brand-chroma","7":"product_cat-filtres-bande-etroite","9":"first","10":"on_supplier","11":"taxable","12":"shipping-taxable","13":"purchasable","14":"product-type-simple"},"_links":{"self":[{"href":"https:\/\/deep-space-astronomy.ch\/de\/wp-json\/wp\/v2\/product\/3913","targetHints":{"allow":["GET"]}}],"collection":[{"href":"https:\/\/deep-space-astronomy.ch\/de\/wp-json\/wp\/v2\/product"}],"about":[{"href":"https:\/\/deep-space-astronomy.ch\/de\/wp-json\/wp\/v2\/types\/product"}],"replies":[{"embeddable":true,"href":"https:\/\/deep-space-astronomy.ch\/de\/wp-json\/wp\/v2\/comments?post=3913"}],"wp:featuredmedia":[{"embeddable":true,"href":"https:\/\/deep-space-astronomy.ch\/de\/wp-json\/wp\/v2\/media\/3912"}],"wp:attachment":[{"href":"https:\/\/deep-space-astronomy.ch\/de\/wp-json\/wp\/v2\/media?parent=3913"}],"wp:term":[{"taxonomy":"product_brand","embeddable":true,"href":"https:\/\/deep-space-astronomy.ch\/de\/wp-json\/wp\/v2\/product_brand?post=3913"},{"taxonomy":"product_cat","embeddable":true,"href":"https:\/\/deep-space-astronomy.ch\/de\/wp-json\/wp\/v2\/product_cat?post=3913"},{"taxonomy":"product_tag","embeddable":true,"href":"https:\/\/deep-space-astronomy.ch\/de\/wp-json\/wp\/v2\/product_tag?post=3913"}],"curies":[{"name":"wp","href":"https:\/\/api.w.org\/{rel}","templated":true}]}}