{"id":3917,"date":"2025-03-06T20:46:20","date_gmt":"2025-03-06T19:46:20","guid":{"rendered":"https:\/\/deep-space-astronomy.geekworkers.dev\/produit\/lrvb\/"},"modified":"2025-06-03T10:41:04","modified_gmt":"2025-06-03T08:41:04","slug":"lrvb","status":"publish","type":"product","link":"https:\/\/deep-space-astronomy.ch\/de\/produkt\/lrvb\/","title":{"rendered":"LRVB - 2\u2033 Mont\u00e9"},"content":{"rendered":"<h3>Chroma-Gr\u00fcn-Filter<\/h3>\n<p>Die <strong>Chroma-Gr\u00fcnfilter<\/strong> ist ein hochpr\u00e4ziser optischer Filter, der f\u00fcr die astronomische und wissenschaftliche Bildgebung entwickelt wurde und besondere technische Eigenschaften aufweist.<\/p>\n<h4>Hauptmerkmale<\/h4>\n<ul>\n<li><strong>Spektrale Transmission<\/strong> :\n<ul>\n<li>Wahrscheinlich zentriert um 500-520 nm im sichtbaren gr\u00fcnen Spektrum.<\/li>\n<li>Optimiert f\u00fcr die pr\u00e4zise Erfassung von Details in diesem Spektralbereich.<\/li>\n<\/ul>\n<\/li>\n<li><strong>Technische Qualit\u00e4t<\/strong> :\n<ul>\n<li>Dauerhafte Sputterbeschichtungen (sputtered hard coatings).<\/li>\n<li>Parallelit\u00e4t: &lt;30 arcsec.<\/li>\n<li>Dicke: 3,0 \u00b1 0,05 mm.<\/li>\n<li>Entwickelt f\u00fcr optische Systeme mit einer Lichtst\u00e4rke von 1:4,0 oder weniger.<\/li>\n<\/ul>\n<\/li>\n<\/ul>\n<h4>Verf\u00fcgbare Formate<\/h4>\n<ul>\n<li>Montiert: 1,25\", 2\"<\/li>\n<li>Unmontiert :\n<ul>\n<li>Durchmesser: 31 mm, 36 mm, 50 mm<\/li>\n<li>Individuelle Optionen m\u00f6glich.<\/li>\n<\/ul>\n<\/li>\n<\/ul>\n<h4>Anwendungen<\/h4>\n<ul>\n<li><strong>Astrofotografie<\/strong> :\n<ul>\n<li>Teil der LRGB-Sets (Luminance, Red, Green, Blue).<\/li>\n<li>Verbesserung des Kontrasts bei astronomischen Beobachtungen.<\/li>\n<\/ul>\n<\/li>\n<li><strong>Wissenschaftliche Bildgebung<\/strong> :\n<ul>\n<li>Anwendungen in der Photometrie und Spektralanalyse.<\/li>\n<\/ul>\n<\/li>\n<\/ul>\n<h4>Vorteile<\/h4>\n<ul>\n<li>Amerikanische Herstellung durch Chroma Technology.<\/li>\n<li>\u00dcber 30 Jahre Erfahrung mit optischen Filtern.<\/li>\n<li>Hohe Genauigkeit und spektrale Stabilit\u00e4t.<\/li>\n<li>Widerstandsf\u00e4higkeit gegen Temperatur- und Feuchtigkeitsschwankungen.<\/li>\n<\/ul>\n<h4>Schlussfolgerung<\/h4>\n<p>Die <strong>Chroma-Filter Gr\u00fcn<\/strong> stellt ein hochwertiges optisches Werkzeug f\u00fcr anspruchsvolle Astrofotografen und Wissenschaftler dar, das eine pr\u00e4zise \u00dcbertragung und eine au\u00dfergew\u00f6hnliche Haltbarkeit bietet.<\/p>","protected":false},"excerpt":{"rendered":"<p>Filtre Vert Chroma Le filtre vert Chroma est un filtre optique de haute pr\u00e9cision con\u00e7u pour l\u2019imagerie astronomique et scientifique, avec des caract\u00e9ristiques techniques sp\u00e9cifiques. Caract\u00e9ristiques principales Transmission spectrale : Probablement centr\u00e9 autour de 500-520 nm dans le spectre vert visible. Optimis\u00e9 pour la capture pr\u00e9cise des d\u00e9tails dans cette plage spectrale. Qualit\u00e9 technique : [&hellip;]<\/p>\n","protected":false},"featured_media":3916,"comment_status":"open","ping_status":"closed","template":"","meta":[],"product_brand":[582],"product_cat":[780],"product_tag":[],"class_list":{"0":"post-3917","1":"product","2":"type-product","3":"status-publish","4":"has-post-thumbnail","6":"product_brand-chroma","7":"product_cat-filtres-bande-etroite","9":"first","10":"on_supplier","11":"taxable","12":"shipping-taxable","13":"purchasable","14":"product-type-simple"},"_links":{"self":[{"href":"https:\/\/deep-space-astronomy.ch\/de\/wp-json\/wp\/v2\/product\/3917","targetHints":{"allow":["GET"]}}],"collection":[{"href":"https:\/\/deep-space-astronomy.ch\/de\/wp-json\/wp\/v2\/product"}],"about":[{"href":"https:\/\/deep-space-astronomy.ch\/de\/wp-json\/wp\/v2\/types\/product"}],"replies":[{"embeddable":true,"href":"https:\/\/deep-space-astronomy.ch\/de\/wp-json\/wp\/v2\/comments?post=3917"}],"wp:featuredmedia":[{"embeddable":true,"href":"https:\/\/deep-space-astronomy.ch\/de\/wp-json\/wp\/v2\/media\/3916"}],"wp:attachment":[{"href":"https:\/\/deep-space-astronomy.ch\/de\/wp-json\/wp\/v2\/media?parent=3917"}],"wp:term":[{"taxonomy":"product_brand","embeddable":true,"href":"https:\/\/deep-space-astronomy.ch\/de\/wp-json\/wp\/v2\/product_brand?post=3917"},{"taxonomy":"product_cat","embeddable":true,"href":"https:\/\/deep-space-astronomy.ch\/de\/wp-json\/wp\/v2\/product_cat?post=3917"},{"taxonomy":"product_tag","embeddable":true,"href":"https:\/\/deep-space-astronomy.ch\/de\/wp-json\/wp\/v2\/product_tag?post=3917"}],"curies":[{"name":"wp","href":"https:\/\/api.w.org\/{rel}","templated":true}]}}