{"id":3919,"date":"2025-03-06T20:46:40","date_gmt":"2025-03-06T19:46:40","guid":{"rendered":"https:\/\/deep-space-astronomy.geekworkers.dev\/produit\/filtre-chroma-bleu\/"},"modified":"2025-06-03T10:41:04","modified_gmt":"2025-06-03T08:41:04","slug":"filtre-chroma-bleu","status":"publish","type":"product","link":"https:\/\/deep-space-astronomy.ch\/de\/produkt\/filtre-chroma-bleu\/","title":{"rendered":"Chroma-Filter Blau - 2\u2033 Montiert"},"content":{"rendered":"<h3>Chroma-Blau-Filter<\/h3>\n<p>Die <strong>Chroma-Blau-Filter<\/strong> ist ein hochpr\u00e4ziser optischer Filter, der f\u00fcr die astronomische Bildgebung entwickelt wurde. Er eignet sich besonders f\u00fcr LRGB-Sets (Luminance, Red, Green, Blue) in der astronomischen Fotografie.<\/p>\n<h4>Hauptmerkmale<\/h4>\n<ul>\n<li><strong>Spektrale Transmission<\/strong> :\n<ul>\n<li>Zentriert sich auf das sichtbare blaue Spektrum, wahrscheinlich um 450-480 nm.<\/li>\n<li>Optimiert, um Details im blauen Spektralbereich einzufangen.<\/li>\n<\/ul>\n<\/li>\n<li><strong>Optische Qualit\u00e4t<\/strong> :\n<ul>\n<li>Entwickelt f\u00fcr optische Systeme mit einer Lichtst\u00e4rke von 1:4,0 oder weniger.<\/li>\n<li>Polierte Oberfl\u00e4che mit einer Genauigkeit von \u03bb\/4.<\/li>\n<li>Mehrschichtige Antireflexbeschichtungen zur Minimierung von Lichth\u00f6fen und st\u00f6renden Reflexionen.<\/li>\n<\/ul>\n<\/li>\n<\/ul>\n<h4>Anwendungen<\/h4>\n<ul>\n<li><strong>Astrofotografie in Farbe<\/strong> :\n<ul>\n<li>Bestandteil von LRGB-Sets.<\/li>\n<li>Erfassen von spektralen Details im blauen Bereich.<\/li>\n<\/ul>\n<\/li>\n<li><strong>Astronomische Bildgebung<\/strong> :\n<ul>\n<li>Wird mit monochromen CCD\/CMOS-Kameras verwendet.<\/li>\n<li>Ideal f\u00fcr die Abbildung von Himmelsobjekten mit signifikanten Blauanteilen.<\/li>\n<\/ul>\n<\/li>\n<\/ul>\n<h4>Verf\u00fcgbare Formate<\/h4>\n<ul>\n<li>Montiert: 1,25\", 2\"<\/li>\n<li>Nicht montiert: Benutzerdefinierte Formate verf\u00fcgbar<\/li>\n<\/ul>\n<h4>Schlussfolgerung<\/h4>\n<p>Die <strong>Chroma-Blau-Filter<\/strong> ist ein wichtiges Werkzeug f\u00fcr Astrofotografen, die eine genaue und detaillierte Farbwiedergabe in astronomischen Bildern anstreben.<\/p>","protected":false},"excerpt":{"rendered":"<p>Filtre Bleu Chroma Le filtre bleu Chroma est un filtre optique de haute pr\u00e9cision con\u00e7u pour l\u2019imagerie astronomique, particuli\u00e8rement adapt\u00e9 aux ensembles LRGB (Luminance, Rouge, Vert, Bleu) pour la photographie astronomique. Caract\u00e9ristiques principales Transmission spectrale : Centr\u00e9 sur le spectre bleu visible, probablement autour de 450-480 nm. Optimis\u00e9 pour capturer les d\u00e9tails dans la plage [&hellip;]<\/p>\n","protected":false},"featured_media":3918,"comment_status":"open","ping_status":"closed","template":"","meta":[],"product_brand":[582],"product_cat":[780],"product_tag":[],"class_list":{"0":"post-3919","1":"product","2":"type-product","3":"status-publish","4":"has-post-thumbnail","6":"product_brand-chroma","7":"product_cat-filtres-bande-etroite","9":"first","10":"on_supplier","11":"taxable","12":"shipping-taxable","13":"purchasable","14":"product-type-simple"},"_links":{"self":[{"href":"https:\/\/deep-space-astronomy.ch\/de\/wp-json\/wp\/v2\/product\/3919","targetHints":{"allow":["GET"]}}],"collection":[{"href":"https:\/\/deep-space-astronomy.ch\/de\/wp-json\/wp\/v2\/product"}],"about":[{"href":"https:\/\/deep-space-astronomy.ch\/de\/wp-json\/wp\/v2\/types\/product"}],"replies":[{"embeddable":true,"href":"https:\/\/deep-space-astronomy.ch\/de\/wp-json\/wp\/v2\/comments?post=3919"}],"wp:featuredmedia":[{"embeddable":true,"href":"https:\/\/deep-space-astronomy.ch\/de\/wp-json\/wp\/v2\/media\/3918"}],"wp:attachment":[{"href":"https:\/\/deep-space-astronomy.ch\/de\/wp-json\/wp\/v2\/media?parent=3919"}],"wp:term":[{"taxonomy":"product_brand","embeddable":true,"href":"https:\/\/deep-space-astronomy.ch\/de\/wp-json\/wp\/v2\/product_brand?post=3919"},{"taxonomy":"product_cat","embeddable":true,"href":"https:\/\/deep-space-astronomy.ch\/de\/wp-json\/wp\/v2\/product_cat?post=3919"},{"taxonomy":"product_tag","embeddable":true,"href":"https:\/\/deep-space-astronomy.ch\/de\/wp-json\/wp\/v2\/product_tag?post=3919"}],"curies":[{"name":"wp","href":"https:\/\/api.w.org\/{rel}","templated":true}]}}