{"id":3927,"date":"2025-03-06T20:48:06","date_gmt":"2025-03-06T19:48:06","guid":{"rendered":"https:\/\/deep-space-astronomy.geekworkers.dev\/produit\/filtre-photometrique-chroma-b-bessell\/"},"modified":"2025-06-03T10:41:11","modified_gmt":"2025-06-03T08:41:11","slug":"filtre-photometrique-chroma-b-bessell","status":"publish","type":"product","link":"https:\/\/deep-space-astronomy.ch\/de\/produkt\/filtre-photometrique-chroma-b-bessell\/","title":{"rendered":"Photometrischer Filter Chroma B-Bessell - 2\u2033 Montiert"},"content":{"rendered":"<h3>Photometrischer Filter Chroma B-Bessell<\/h3>\n<p>Die <strong>fotometrischer Filter Chroma B-Bessell<\/strong> wurde entwickelt, um das blaue Spektralband (ca. 400-500 nm) f\u00fcr pr\u00e4zise photometrische Studien zu erfassen. Er ist Teil des photometrischen Systems UBVRI, das in der wissenschaftlichen Astronomie h\u00e4ufig zur Messung der Helligkeit und der Farben von Himmelsobjekten verwendet wird. Dieser Filter bietet eine optimierte Transmission und eine au\u00dfergew\u00f6hnliche optische Qualit\u00e4t, die zuverl\u00e4ssige Ergebnisse garantiert und mit historischen Datenbanken kompatibel ist.<\/p>\n<h4>Hauptmerkmale<\/h4>\n<ul>\n<li><strong>Spektrale Transmission<\/strong>:\n<ul>\n<li>Zentriert auf das blaue Band (B), mit einer effektiven Abschaltung der UV- und IR-Wellenl\u00e4ngen, um Interferenzen zu vermeiden.<\/li>\n<\/ul>\n<\/li>\n<li><strong>Nachhaltiges Bauen<\/strong>:\n<ul>\n<li>Mehrschichtige Antireflexionsbeschichtungen zur Minimierung von Lichth\u00f6fen und st\u00f6renden Reflexionen.<\/li>\n<li>Parfocal mit anderen UBVRI-Filtern von Chroma, was die Verwendung in Filterr\u00e4dern erleichtert.<\/li>\n<li>Standarddicke von 2 mm, kompatibel mit den meisten optischen Systemen.<\/li>\n<\/ul>\n<\/li>\n<li><strong>Kompatibilit\u00e4t<\/strong>:\n<ul>\n<li>Funktioniert perfekt mit modernen CCD- und CMOS-Kameras, selbst an schnellen Teleskopen (f\/1,8 bis f\/15).<\/li>\n<\/ul>\n<\/li>\n<\/ul>\n<h4>Verwendung und Technologie von Bessell-Filtern<\/h4>\n<p>Bessell-Filter sind dank ihrer F\u00e4higkeit, die Eigenschaften der Johnson-Cousins-Filter genau zu reproduzieren und gleichzeitig an moderne Sensoren angepasst zu sein, zu einem Standard in der astronomischen Photometrie geworden. Diese Filter verwenden fortschrittliche dielektrische Beschichtungen, um eine stabile Transmission und eine au\u00dfergew\u00f6hnliche Haltbarkeit zu gew\u00e4hrleisten.<\/p>\n<p>Der Filter <strong>B-Bessell<\/strong> ist entscheidend f\u00fcr das Einfangen von blauem Licht, das besonders n\u00fctzlich f\u00fcr die Untersuchung junger, hei\u00dfer oder massereicher Sterne ist. In der wissenschaftlichen Astrofotografie erm\u00f6glicht es die genaue Messung der Magnitude im blauen Band und die Berechnung von Farbindizes, wie z. B. <i>g'-r'<\/i>. Diese Daten sind entscheidend f\u00fcr die Charakterisierung der physikalischen Eigenschaften von Sternen, wie etwa ihrer Temperatur oder ihrer chemischen Zusammensetzung.<\/p>\n<h4>Anwendungen<\/h4>\n<ul>\n<li><strong>Wissenschaftliche Photometrie (UBVRI)<\/strong>:\n<ul>\n<li>Pr\u00e4zise Messung der Helligkeit im blauen Band.<\/li>\n<li>Untersuchung von ver\u00e4nderlichen Sternen, Supernovae, Sternhaufen und Galaxien.<\/li>\n<\/ul>\n<\/li>\n<li><strong>Fortgeschrittene Astrofotografie<\/strong>:\n<ul>\n<li>Perfekte Erg\u00e4nzung zu anderen UBVRI-Filtern, um wissenschaftlich kalibrierte Datens\u00e4tze zu erstellen.<\/li>\n<\/ul>\n<\/li>\n<li><strong>Astronomische Forschung<\/strong>:\n<ul>\n<li>Spektralanalyse und Untersuchung der physikalischen Eigenschaften von Himmelsobjekten.<\/li>\n<\/ul>\n<\/li>\n<\/ul>\n<h4>Schlussfolgerung<\/h4>\n<p>Die <strong>fotometrischer Filter Chroma B-Bessell<\/strong> ist ein unverzichtbares Werkzeug f\u00fcr Amateur- und Profiastronomen, die pr\u00e4zise photometrische Studien im blauen Band des sichtbaren Spektrums durchf\u00fchren m\u00f6chten. Sein robustes Design, die optimierte Transmission und die strenge Kalibrierung machen es zu einer unverzichtbaren Wahl f\u00fcr die wissenschaftliche Bildgebung und die fortgeschrittene astronomische Beobachtung.<\/p>","protected":false},"excerpt":{"rendered":"<p>Filtre Photom\u00e9trique Chroma B-Bessell Le filtre photom\u00e9trique Chroma B-Bessell est con\u00e7u pour capturer la bande spectrale bleue (environ 400-500 nm) dans le cadre d\u2019\u00e9tudes photom\u00e9triques pr\u00e9cises. Il fait partie du syst\u00e8me photom\u00e9trique UBVRI, largement utilis\u00e9 en astronomie scientifique pour mesurer la luminosit\u00e9 et les couleurs des objets c\u00e9lestes. Ce filtre offre une transmission optimis\u00e9e et [&hellip;]<\/p>\n","protected":false},"featured_media":3926,"comment_status":"open","ping_status":"closed","template":"","meta":[],"product_brand":[582],"product_cat":[780],"product_tag":[],"class_list":{"0":"post-3927","1":"product","2":"type-product","3":"status-publish","4":"has-post-thumbnail","6":"product_brand-chroma","7":"product_cat-filtres-bande-etroite","9":"first","10":"on_supplier","11":"taxable","12":"shipping-taxable","13":"purchasable","14":"product-type-simple"},"_links":{"self":[{"href":"https:\/\/deep-space-astronomy.ch\/de\/wp-json\/wp\/v2\/product\/3927","targetHints":{"allow":["GET"]}}],"collection":[{"href":"https:\/\/deep-space-astronomy.ch\/de\/wp-json\/wp\/v2\/product"}],"about":[{"href":"https:\/\/deep-space-astronomy.ch\/de\/wp-json\/wp\/v2\/types\/product"}],"replies":[{"embeddable":true,"href":"https:\/\/deep-space-astronomy.ch\/de\/wp-json\/wp\/v2\/comments?post=3927"}],"wp:featuredmedia":[{"embeddable":true,"href":"https:\/\/deep-space-astronomy.ch\/de\/wp-json\/wp\/v2\/media\/3926"}],"wp:attachment":[{"href":"https:\/\/deep-space-astronomy.ch\/de\/wp-json\/wp\/v2\/media?parent=3927"}],"wp:term":[{"taxonomy":"product_brand","embeddable":true,"href":"https:\/\/deep-space-astronomy.ch\/de\/wp-json\/wp\/v2\/product_brand?post=3927"},{"taxonomy":"product_cat","embeddable":true,"href":"https:\/\/deep-space-astronomy.ch\/de\/wp-json\/wp\/v2\/product_cat?post=3927"},{"taxonomy":"product_tag","embeddable":true,"href":"https:\/\/deep-space-astronomy.ch\/de\/wp-json\/wp\/v2\/product_tag?post=3927"}],"curies":[{"name":"wp","href":"https:\/\/api.w.org\/{rel}","templated":true}]}}