{"id":3931,"date":"2025-03-06T20:48:47","date_gmt":"2025-03-06T19:48:47","guid":{"rendered":"https:\/\/deep-space-astronomy.geekworkers.dev\/produit\/filtre-photometrique-chroma-i-bessell\/"},"modified":"2025-06-03T10:41:11","modified_gmt":"2025-06-03T08:41:11","slug":"filtre-photometrique-chroma-i-bessell","status":"publish","type":"product","link":"https:\/\/deep-space-astronomy.ch\/de\/produkt\/filtre-photometrique-chroma-i-bessell\/","title":{"rendered":"Photometrischer Filter Chroma I-Bessell - 2\u2033 Montiert"},"content":{"rendered":"<h3>Photometrischer Filter Chroma I-Bessell<\/h3>\n<p>Die <strong>fotometrischer Filter Chroma I-Bessell<\/strong> wurde entwickelt, um das nahe Infrarot-Spektralband (ca. 700-900 nm) im Rahmen der photometrischen UBVRI-Studien zu erfassen. Er eignet sich ideal f\u00fcr wissenschaftliche Beobachtungen und fortgeschrittene astronomische Bildgebung, um die Helligkeit und die Farben von Sternen, Galaxien und anderen Himmelsobjekten zu messen. Der Filter entspricht den Johnson-Cousins\/Bessell-Standards und garantiert genaue und reproduzierbare Ergebnisse, die mit historischen Datenbanken kompatibel sind.<\/p>\n<h4>Hauptmerkmale<\/h4>\n<ul>\n<li><strong>Spektrale Transmission<\/strong>:\n<ul>\n<li>Zentriert auf das nahe Infrarotband (I) mit einer hohen Transmission im Bereich von 700 bis 900 nm.<\/li>\n<li>Effektive Blockierung von fernen UV- und IR-Wellenl\u00e4ngen zur Vermeidung von spektralen Interferenzen.<\/li>\n<\/ul>\n<\/li>\n<li><strong>Nachhaltiges Bauen<\/strong>:\n<ul>\n<li>Mehrschichtige Antireflexionsbeschichtungen zur Minimierung von Lichth\u00f6fen und st\u00f6renden Reflexionen.<\/li>\n<li>Standarddicke von 2 mm, kompatibel mit den meisten Filterr\u00e4dern und optischen Systemen.<\/li>\n<li>Parfokal mit anderen UBVRI-Filtern von Chroma, sodass keine Neufokussierung erforderlich ist.<\/li>\n<\/ul>\n<\/li>\n<li><strong>Kompatibilit\u00e4t<\/strong>:\n<ul>\n<li>Funktioniert perfekt mit modernen CCD- und CMOS-Kameras, selbst an schnellen Teleskopen (f\/1,8 bis f\/4,0).<\/li>\n<\/ul>\n<\/li>\n<\/ul>\n<h4>Verwendung und Technologie von Bessell-Filtern<\/h4>\n<p>Bessell-Filter sind ein Standard in der astronomischen Photometrie. Sie wurden entwickelt, um die Eigenschaften der Johnson-Cousins-Filter genau zu reproduzieren, sind aber gleichzeitig f\u00fcr moderne CCD\/CMOS-Sensoren geeignet. Im Gegensatz zu den historisch verwendeten get\u00f6nten Glasfiltern verwenden moderne Bessell-Filter fortschrittliche dielektrische Beschichtungen, die eine stabile Transmission und eine hervorragende Haltbarkeit bieten.<\/p>\n<p>Der I-Bessell-Filter wurde speziell entwickelt, um das nahe Infrarotlicht einzufangen, das f\u00fcr die Untersuchung von kalten Sternen (wie roten Zwergen), entwickelten Sternen (roten Riesen) oder auch f\u00fcr die Analyse von fernen Galaxien, bei denen die Rotverschiebung ihr Licht in diesen Spektralbereich verschiebt, von entscheidender Bedeutung ist. Au\u00dferdem kann man damit die Helligkeit in diesem Band genau messen und Farbindizes berechnen, wie z. B. <i>g'-r'<\/i>Die meisten von ihnen sind f\u00fcr die Charakterisierung der physikalischen Eigenschaften von Himmelsobjekten von entscheidender Bedeutung.<\/p>\n<h4>Anwendungen<\/h4>\n<ul>\n<li><strong>Wissenschaftliche Photometrie (UBVRI)<\/strong>:\n<ul>\n<li>Pr\u00e4zise Messung der Helligkeit im nahen Infrarotbereich.<\/li>\n<li>Untersuchung von ver\u00e4nderlichen Sternen, Supernovae, Sternhaufen und Galaxien.<\/li>\n<\/ul>\n<\/li>\n<li><strong>Fortgeschrittene Astrofotografie<\/strong>:\n<ul>\n<li>Perfekte Erg\u00e4nzung zu anderen UBVRI-Filtern, um wissenschaftlich kalibrierte Datens\u00e4tze zu erstellen.<\/li>\n<\/ul>\n<\/li>\n<li><strong>Astronomische Forschung<\/strong>:\n<ul>\n<li>Detaillierte Spektralanalyse von kalten Sternen, roten Riesen und weit entfernten Galaxien.<\/li>\n<\/ul>\n<\/li>\n<\/ul>\n<h4>Schlussfolgerung<\/h4>\n<p>Die <strong>fotometrischer Filter Chroma I-Bessell<\/strong> ist ein unverzichtbares Werkzeug f\u00fcr Amateur- und Profiastronomen, die pr\u00e4zise photometrische Studien im nahen Infrarotbereich des Spektrums durchf\u00fchren m\u00f6chten. Sein robustes Design, die optimierte Transmission und die strenge Kalibrierung machen es zu einer unverzichtbaren Wahl f\u00fcr die wissenschaftliche Bildgebung und die fortgeschrittene astronomische Beobachtung.<\/p>","protected":false},"excerpt":{"rendered":"<p>Filtre Photom\u00e9trique Chroma I-Bessell Le filtre photom\u00e9trique Chroma I-Bessell est con\u00e7u pour capturer la bande spectrale infrarouge proche (environ 700-900 nm) dans le cadre des \u00e9tudes photom\u00e9triques UBVRI. Il est id\u00e9al pour les observations scientifiques et l\u2019imagerie astronomique avanc\u00e9e, permettant de mesurer la luminosit\u00e9 et les couleurs des \u00e9toiles, galaxies et autres objets c\u00e9lestes. Conforme [&hellip;]<\/p>\n","protected":false},"featured_media":3930,"comment_status":"open","ping_status":"closed","template":"","meta":[],"product_brand":[582],"product_cat":[780],"product_tag":[],"class_list":{"0":"post-3931","1":"product","2":"type-product","3":"status-publish","4":"has-post-thumbnail","6":"product_brand-chroma","7":"product_cat-filtres-bande-etroite","9":"first","10":"on_supplier","11":"taxable","12":"shipping-taxable","13":"purchasable","14":"product-type-simple"},"_links":{"self":[{"href":"https:\/\/deep-space-astronomy.ch\/de\/wp-json\/wp\/v2\/product\/3931","targetHints":{"allow":["GET"]}}],"collection":[{"href":"https:\/\/deep-space-astronomy.ch\/de\/wp-json\/wp\/v2\/product"}],"about":[{"href":"https:\/\/deep-space-astronomy.ch\/de\/wp-json\/wp\/v2\/types\/product"}],"replies":[{"embeddable":true,"href":"https:\/\/deep-space-astronomy.ch\/de\/wp-json\/wp\/v2\/comments?post=3931"}],"wp:featuredmedia":[{"embeddable":true,"href":"https:\/\/deep-space-astronomy.ch\/de\/wp-json\/wp\/v2\/media\/3930"}],"wp:attachment":[{"href":"https:\/\/deep-space-astronomy.ch\/de\/wp-json\/wp\/v2\/media?parent=3931"}],"wp:term":[{"taxonomy":"product_brand","embeddable":true,"href":"https:\/\/deep-space-astronomy.ch\/de\/wp-json\/wp\/v2\/product_brand?post=3931"},{"taxonomy":"product_cat","embeddable":true,"href":"https:\/\/deep-space-astronomy.ch\/de\/wp-json\/wp\/v2\/product_cat?post=3931"},{"taxonomy":"product_tag","embeddable":true,"href":"https:\/\/deep-space-astronomy.ch\/de\/wp-json\/wp\/v2\/product_tag?post=3931"}],"curies":[{"name":"wp","href":"https:\/\/api.w.org\/{rel}","templated":true}]}}