{"id":4010,"date":"2025-03-06T20:58:54","date_gmt":"2025-03-06T19:58:54","guid":{"rendered":"https:\/\/deep-space-astronomy.geekworkers.dev\/produit\/flatmaster-150l\/"},"modified":"2025-06-03T10:41:26","modified_gmt":"2025-06-03T08:41:26","slug":"flatmaster-150l","status":"publish","type":"product","link":"https:\/\/deep-space-astronomy.ch\/de\/produkt\/flatmaster-150l\/","title":{"rendered":"FlatMaster 150L"},"content":{"rendered":"<h3>FlatMaster 150L von Pegasus Astro<\/h3>\n<p>Die <strong>FlatMaster 150L<\/strong> von Pegasus Astro ist eine elektrolumineszente Lichtplatte, die entwickelt wurde, um eine gleichm\u00e4\u00dfige Lichtquelle zu erzeugen, die f\u00fcr die Astrofotografie und Fotometrie unerl\u00e4sslich ist. Es erzeugt qualitativ hochwertige Flachfeldbilder (flat-field images), wodurch optische Fehler und Helligkeitsschwankungen in den Aufnahmen reduziert werden.<\/p>\n<h4>Technische Eigenschaften<\/h4>\n<ul>\n<li><strong>Typ<\/strong> : LED-Leuchtpaneel (wei\u00df).<\/li>\n<li><strong>Abstufung<\/strong> : Helligkeit einstellbar von 0 bis 100 %.<\/li>\n<li><strong>Nutzbarer Durchmesser<\/strong> : 150 mm (5,9 Zoll), ideal f\u00fcr Teleskope mit einer \u00d6ffnung von bis zu 6 Zoll.<\/li>\n<li><strong>Material<\/strong> : Robuster schwarzer ABS-Kunststoff.<\/li>\n<li><strong>Abmessungen<\/strong> : Gesamtdurchmesser von 250 mm bei einer Dicke von 8 mm.<\/li>\n<li><strong>Gewicht<\/strong> : 350 g.<\/li>\n<li><strong>Ern\u00e4hrung<\/strong> : 5 V Gleichstrom \u00fcber ein Mini-USB-Kabel (maximaler Strom 500 mA).<\/li>\n<li><strong>Manuelle Taste<\/strong> : Stufenlose Einstellung der Helligkeit durch einen kleinen integrierten Druckknopf.<\/li>\n<\/ul>\n<h4>Schl\u00fcsselfunktionen<\/h4>\n<ul>\n<li><strong>Panel mit variabler Intensit\u00e4t<\/strong> : Erm\u00f6glicht eine pr\u00e4zise Steuerung der Helligkeit, sodass keine Folien oder andere Hilfsmittel zum Einstellen der Lichtintensit\u00e4t ben\u00f6tigt werden. Kann sehr hohe Helligkeitswerte erreichen, die f\u00fcr kurze Belichtungszeiten (2-3 Sekunden bei Blende 7) mit Schmalbandfiltern (3 nm) geeignet sind.<\/li>\n<li><strong>Fernsteuerung und Speicherung der Einstellungen<\/strong> : Kompatibel mit Software wie Sequence Generator Pro (SGPro), N.I.N.A., Astrophotography Tool (APT) und Voyager. M\u00f6glichkeit, die Helligkeitsstufen f\u00fcr jeden verwendeten Filter zu speichern, was eine schnelle Wiederherstellung der Einstellungen bietet.<\/li>\n<li><strong>Vereinfachte Konnektivit\u00e4t<\/strong> : Funktioniert mit einem einzigen USB-Kabel (Typ B), das das Panel gleichzeitig mit Strom versorgt und steuert. Native Unterst\u00fctzung durch die ASCOM- und INDI-Plattformen, wodurch eine einfache Integration in die meisten Astrofotografie-Programme gew\u00e4hrleistet ist.<\/li>\n<li><strong>Tragbarkeit und Robustheit<\/strong> : Wird mit einer Tragetasche geliefert, um den Transport zu erleichtern und das Ger\u00e4t zu sch\u00fctzen. Langlebiges Design durch die Verwendung von strapazierf\u00e4higen Materialien.<\/li>\n<\/ul>\n<h4>Inhalt der Schachtel<\/h4>\n<ul>\n<li>1 x FlatMaster 150L.<\/li>\n<li>1 x Tragetasche.<\/li>\n<li>1 x USB2 Typ B-Kabel (1,8 m).<\/li>\n<\/ul>\n<h4>Anwendungen<\/h4>\n<p>Der FlatMaster 150L ist ideal f\u00fcr :<\/p>\n<ul>\n<li>Die Erstellung von Flat-Field-Bildern in der Astrofotografie, um Vignettierungen und Staub auf dem Sensor zu korrigieren.<\/li>\n<li>Benutzer, die mit Teleskopen mit einer \u00d6ffnung von bis zu 6 Zoll arbeiten.<\/li>\n<li>Konfigurationen, die eine gleichm\u00e4\u00dfige und kontrollierte Beleuchtung f\u00fcr genaue Ergebnisse in der Photometrie erfordern.<\/li>\n<\/ul>\n<h4>Zusammenfassung<\/h4>\n<p>Zusammenfassend l\u00e4sst sich sagen, dass der <strong>FlatMaster 150L<\/strong> ist eine kompakte, leistungsstarke und einfach zu bedienende L\u00f6sung zur Erzeugung gleichm\u00e4\u00dfiger flacher Felder, die den Anforderungen von Amateur- und professionellen Astrofotografen gleicherma\u00dfen gerecht wird.<\/p>","protected":false},"excerpt":{"rendered":"<p>FlatMaster 150L de Pegasus Astro Le FlatMaster 150L de Pegasus Astro est un panneau lumineux \u00e9lectroluminescent con\u00e7u pour produire une source d&rsquo;\u00e9clairage uniforme, essentielle pour l&rsquo;astrophotographie et la photom\u00e9trie. Il permet de g\u00e9n\u00e9rer des images de champ plat (flat-field) de haute qualit\u00e9, r\u00e9duisant ainsi les d\u00e9fauts optiques et les variations de luminosit\u00e9 dans les captures. [&hellip;]<\/p>\n","protected":false},"featured_media":4009,"comment_status":"open","ping_status":"closed","template":"","meta":[],"product_brand":[517],"product_cat":[19,592,575],"product_tag":[],"class_list":{"0":"post-4010","1":"product","2":"type-product","3":"status-publish","4":"has-post-thumbnail","6":"product_brand-pegasus","7":"product_cat-accessoires","8":"product_cat-panneaux--flats","9":"product_cat-astrophotographie","11":"first","12":"on_supplier","13":"taxable","14":"shipping-taxable","15":"purchasable","16":"product-type-simple"},"_links":{"self":[{"href":"https:\/\/deep-space-astronomy.ch\/de\/wp-json\/wp\/v2\/product\/4010","targetHints":{"allow":["GET"]}}],"collection":[{"href":"https:\/\/deep-space-astronomy.ch\/de\/wp-json\/wp\/v2\/product"}],"about":[{"href":"https:\/\/deep-space-astronomy.ch\/de\/wp-json\/wp\/v2\/types\/product"}],"replies":[{"embeddable":true,"href":"https:\/\/deep-space-astronomy.ch\/de\/wp-json\/wp\/v2\/comments?post=4010"}],"wp:featuredmedia":[{"embeddable":true,"href":"https:\/\/deep-space-astronomy.ch\/de\/wp-json\/wp\/v2\/media\/4009"}],"wp:attachment":[{"href":"https:\/\/deep-space-astronomy.ch\/de\/wp-json\/wp\/v2\/media?parent=4010"}],"wp:term":[{"taxonomy":"product_brand","embeddable":true,"href":"https:\/\/deep-space-astronomy.ch\/de\/wp-json\/wp\/v2\/product_brand?post=4010"},{"taxonomy":"product_cat","embeddable":true,"href":"https:\/\/deep-space-astronomy.ch\/de\/wp-json\/wp\/v2\/product_cat?post=4010"},{"taxonomy":"product_tag","embeddable":true,"href":"https:\/\/deep-space-astronomy.ch\/de\/wp-json\/wp\/v2\/product_tag?post=4010"}],"curies":[{"name":"wp","href":"https:\/\/api.w.org\/{rel}","templated":true}]}}