{"id":4015,"date":"2025-03-06T20:59:39","date_gmt":"2025-03-06T19:59:39","guid":{"rendered":"https:\/\/deep-space-astronomy.geekworkers.dev\/produit\/flatmaster-250\/"},"modified":"2025-06-03T10:41:26","modified_gmt":"2025-06-03T08:41:26","slug":"flatmaster-250","status":"publish","type":"product","link":"https:\/\/deep-space-astronomy.ch\/de\/produkt\/flatmaster-250\/","title":{"rendered":"FlatMaster 250"},"content":{"rendered":"<h3>FlatMaster 250 von Pegasus Astro<\/h3>\n<p>Die <strong>FlatMaster 250<\/strong> von Pegasus Astro ist ein fortschrittliches Lichtpanel, das entwickelt wurde, um eine gleichm\u00e4\u00dfige Beleuchtungsquelle zu erzeugen, die f\u00fcr die Erstellung von Flatfield-Bildern in der Astrofotografie unerl\u00e4sslich ist. Es eignet sich besonders f\u00fcr Teleskope mit einer \u00d6ffnung von bis zu 10 Zoll (250 mm).<\/p>\n<h4>Technische Eigenschaften<\/h4>\n<ul>\n<li><strong>Typ<\/strong> : LED-Leuchtpaneel (wei\u00df).<\/li>\n<li><strong>Abstufung<\/strong> : Helligkeit einstellbar von 0 bis 100 %.<\/li>\n<li><strong>Nutzbarer Durchmesser<\/strong> : 250 mm (10 Zoll), ideal f\u00fcr Teleskope mit einer \u00d6ffnung von bis zu 10 Zoll.<\/li>\n<li><strong>Material<\/strong> : Robuster schwarzer ABS-Kunststoff.<\/li>\n<li><strong>Abmessungen<\/strong> : Gesamtdurchmesser 250 mm, Dicke 8 mm.<\/li>\n<li><strong>Gewicht<\/strong> : 840 g.<\/li>\n<li><strong>Ern\u00e4hrung<\/strong> : 5 V DC \u00fcber ein Mini-USB-Kabel (maximal 500 mA).<\/li>\n<li><strong>Manuelle Taste<\/strong> : Stufenlose Einstellung der Helligkeit durch einen integrierten Druckknopf.<\/li>\n<\/ul>\n<h4>Schl\u00fcsselfunktionen<\/h4>\n<ul>\n<li><strong>Panel mit variabler Intensit\u00e4t<\/strong> : Erm\u00f6glicht eine pr\u00e4zise Steuerung der Helligkeit, ohne dass zus\u00e4tzliches Zubeh\u00f6r wie Papierb\u00f6gen ben\u00f6tigt wird. Kann eine hohe Helligkeit erzeugen, ideal f\u00fcr kurze Belichtungszeiten (2-3 Sekunden bei Blende 7) mit Schmalbandfiltern (3 nm).<\/li>\n<li><strong>Fernsteuerung und Speicherung der Einstellungen<\/strong> : Kompatibel mit Software wie Sequence Generator Pro (SGPro), N.I.N.A., APT und Voyager. M\u00f6glichkeit, die Helligkeitsstufen pro Filter zu speichern, was das schnelle Abrufen f\u00fcr jede Konfiguration erleichtert.<\/li>\n<li><strong>Vereinfachte Konnektivit\u00e4t<\/strong> : Betrieb mit einem einzigen USB-Kabel, das das Panel gleichzeitig mit Strom versorgt und steuert. Native Unterst\u00fctzung \u00fcber die ASCOM- und INDI-Plattformen f\u00fcr eine einfache Integration in die meisten Astrofotografie-Programme.<\/li>\n<li><strong>Tragbarkeit und Robustheit<\/strong> : Kompaktes und langlebiges Design, ideal f\u00fcr unterwegs und unter verschiedenen Beobachtungsbedingungen.<\/li>\n<\/ul>\n<h4>Inhalt der Schachtel<\/h4>\n<ul>\n<li>1 x FlatMaster 250.<\/li>\n<li>1 x USB-Kabel Mini Typ B (1,8 m).<\/li>\n<li>1 x Tragetasche.<\/li>\n<\/ul>\n<h4>Anwendungen<\/h4>\n<p>Der FlatMaster 250 ist f\u00fcr :<\/p>\n<ul>\n<li>Die Erstellung von Flat-Field-Bildern, um Vignettierungen, Staub und optische Unvollkommenheiten zu korrigieren.<\/li>\n<li>Konfigurationen, die eine einheitliche Lichtquelle f\u00fcr genaue Ergebnisse in der Photometrie erfordern.<\/li>\n<li>Astrofotografen, die Teleskope mit einer \u00d6ffnung von bis zu 10 Zoll verwenden.<\/li>\n<\/ul>\n<h4>Zusammenfassung<\/h4>\n<p>Zusammenfassend l\u00e4sst sich sagen, dass der <strong>FlatMaster 250<\/strong> bietet eine leistungsstarke und benutzerfreundliche L\u00f6sung zur Erzeugung gleichm\u00e4\u00dfiger flacher Felder, die den Anforderungen von Amateur- und professionellen Astrofotografen gleicherma\u00dfen gerecht wird.<\/p>","protected":false},"excerpt":{"rendered":"<p>FlatMaster 250 de Pegasus Astro Le FlatMaster 250 de Pegasus Astro est un panneau lumineux avanc\u00e9 con\u00e7u pour produire une source d&rsquo;\u00e9clairage uniforme, essentielle pour la cr\u00e9ation d&rsquo;images de champ plat (flat-field) en astrophotographie. Il est particuli\u00e8rement adapt\u00e9 aux t\u00e9lescopes d&rsquo;une ouverture allant jusqu&rsquo;\u00e0 10 pouces (250 mm). Caract\u00e9ristiques Techniques Type : Panneau lumineux LED [&hellip;]<\/p>\n","protected":false},"featured_media":4013,"comment_status":"open","ping_status":"closed","template":"","meta":[],"product_brand":[517],"product_cat":[19,592,575],"product_tag":[],"class_list":{"0":"post-4015","1":"product","2":"type-product","3":"status-publish","4":"has-post-thumbnail","6":"product_brand-pegasus","7":"product_cat-accessoires","8":"product_cat-panneaux--flats","9":"product_cat-astrophotographie","11":"first","12":"on_supplier","13":"taxable","14":"shipping-taxable","15":"purchasable","16":"product-type-simple"},"_links":{"self":[{"href":"https:\/\/deep-space-astronomy.ch\/de\/wp-json\/wp\/v2\/product\/4015","targetHints":{"allow":["GET"]}}],"collection":[{"href":"https:\/\/deep-space-astronomy.ch\/de\/wp-json\/wp\/v2\/product"}],"about":[{"href":"https:\/\/deep-space-astronomy.ch\/de\/wp-json\/wp\/v2\/types\/product"}],"replies":[{"embeddable":true,"href":"https:\/\/deep-space-astronomy.ch\/de\/wp-json\/wp\/v2\/comments?post=4015"}],"wp:featuredmedia":[{"embeddable":true,"href":"https:\/\/deep-space-astronomy.ch\/de\/wp-json\/wp\/v2\/media\/4013"}],"wp:attachment":[{"href":"https:\/\/deep-space-astronomy.ch\/de\/wp-json\/wp\/v2\/media?parent=4015"}],"wp:term":[{"taxonomy":"product_brand","embeddable":true,"href":"https:\/\/deep-space-astronomy.ch\/de\/wp-json\/wp\/v2\/product_brand?post=4015"},{"taxonomy":"product_cat","embeddable":true,"href":"https:\/\/deep-space-astronomy.ch\/de\/wp-json\/wp\/v2\/product_cat?post=4015"},{"taxonomy":"product_tag","embeddable":true,"href":"https:\/\/deep-space-astronomy.ch\/de\/wp-json\/wp\/v2\/product_tag?post=4015"}],"curies":[{"name":"wp","href":"https:\/\/api.w.org\/{rel}","templated":true}]}}