{"id":4039,"date":"2025-03-06T21:04:02","date_gmt":"2025-03-06T20:04:02","guid":{"rendered":"https:\/\/deep-space-astronomy.geekworkers.dev\/produit\/ecran-a-flat-giotto-430\/"},"modified":"2025-06-03T10:41:34","modified_gmt":"2025-06-03T08:41:34","slug":"ecran-a-flat-giotto-430","status":"publish","type":"product","link":"https:\/\/deep-space-astronomy.ch\/de\/produkt\/ecran-a-flat-giotto-430\/","title":{"rendered":"Flat Screen GIOTTO 430"},"content":{"rendered":"<h3>GIOTTO von PrimaLuceLab<\/h3>\n<p>Die <strong>GIOTTO<\/strong> von PrimaLuceLab ist ein intelligenter Flat-Screen, der entwickelt wurde, um eine gleichm\u00e4\u00dfige und pr\u00e4zise Beleuchtung zu erzeugen, die f\u00fcr die Aufnahme von Flat-Field-Bildern in der Astrofotografie unerl\u00e4sslich ist. Mit diesen Bildern k\u00f6nnen optische Fehler wie Vignettierung, Staub auf dem Sensor oder Lichtunregelm\u00e4\u00dfigkeiten korrigiert werden, wodurch eine optimale Kalibrierung gew\u00e4hrleistet wird. Jedes GIOTTO-Modell ist auf einen maximalen Spiegel- oder Linsendurchmesser abgestimmt und gleichzeitig mit einem genauen Bereich von Au\u00dfendurchmessern der optischen Tuben kompatibel.<\/p>\n<h4>Erweiterte technische Eigenschaften<\/h4>\n<ul>\n<li><strong>Homogene LED-Beleuchtung<\/strong> : Gleichm\u00e4\u00dfiges Licht mit einer sonnen\u00e4hnlichen Temperatur, ideal zur Kalibrierung von CMOS- oder CCD-Sensoren.<\/li>\n<li><strong>Einstellbare Intensit\u00e4t<\/strong> : Pr\u00e4zise Steuerung in 100 Stufen (von 0% bis 100%), die sich an verschiedene Filter oder optische Konfigurationen anpassen.<\/li>\n<li><strong>Moderne Konnektivit\u00e4t<\/strong> : Integriertes WiFi f\u00fcr die kabellose Steuerung \u00fcber Smartphone oder Tablet und USB-C-Anschluss f\u00fcr den einfachen Anschluss an einen PC oder das EAGLE-System.<\/li>\n<li><strong>ALTO-Kompatibilit\u00e4t (optional)<\/strong> : Verwandeln Sie den GIOTTO in eine motorisierte Haube, um Ihr Teleskop zu sch\u00fctzen und das \u00d6ffnen\/Schlie\u00dfen zu automatisieren.<\/li>\n<\/ul>\n<h4>Kompatibilit\u00e4t nach Modell<\/h4>\n<p>Jedes GIOTTO-Modell ist so konzipiert, dass es zu bestimmten Instrumenten passt, je nach dem maximalen Durchmesser des Spiegels oder der Linse und dem Au\u00dfendurchmesser des optischen Tubus. Hier die Details:<\/p>\n<ul>\n<li><strong>GIOTTO 120 mm<\/strong> :\n<ul>\n<li>Maximaler Durchmesser der Linse\/des Spiegels: 120 mm.<\/li>\n<li>Au\u00dfendurchmesserbereich des Rohrs: 77 mm bis 140 mm.<\/li>\n<\/ul>\n<\/li>\n<li><strong>GIOTTO 150 mm<\/strong> :\n<ul>\n<li>Maximaler Durchmesser der Linse\/des Spiegels: 150 mm.<\/li>\n<li>Au\u00dfendurchmesserbereich des Rohrs: 112 mm bis 174 mm.<\/li>\n<\/ul>\n<\/li>\n<li><strong>GIOTTO 185 mm<\/strong> :\n<ul>\n<li>Maximaler Durchmesser der Linse\/des Spiegels: 185 mm.<\/li>\n<li>Au\u00dfendurchmesserbereich des Rohrs: 147 mm bis 210 mm.<\/li>\n<\/ul>\n<\/li>\n<li><strong>GIOTTO 220 mm<\/strong> :\n<ul>\n<li>Maximaler Durchmesser der Linse\/des Spiegels: 220 mm.<\/li>\n<li>Au\u00dfendurchmesserbereich des Rohrs: 181,6 mm bis 244,6 mm.<\/li>\n<\/ul>\n<\/li>\n<li><strong>GIOTTO 255 mm<\/strong> :\n<ul>\n<li>Maximaler Durchmesser der Linse\/des Spiegels: 255 mm.<\/li>\n<li>Au\u00dfendurchmesserbereich des Rohrs: 216,5 mm bis 279,54 mm.<\/li>\n<\/ul>\n<\/li>\n<li><strong>GIOTTO 285 mm<\/strong> :\n<ul>\n<li>Maximaler Durchmesser der Linse\/des Spiegels: 285 mm.<\/li>\n<li>Au\u00dfendurchmesserbereich des Rohrs: 251,6 mm bis 315 mm.<\/li>\n<\/ul>\n<\/li>\n<li><strong>GIOTTO 320 mm<\/strong> :\n<ul>\n<li>Maximaler Durchmesser der Linse\/des Spiegels: 320 mm.<\/li>\n<li>Au\u00dfendurchmesserbereich des Rohrs: 286,5 mm bis 349,54 mm.<\/li>\n<\/ul>\n<\/li>\n<li><strong>GIOTTO 430 mm<\/strong> :\n<ul>\n<li>Maximaler Durchmesser der Linse\/des Spiegels: 430 mm.<\/li>\n<li>Au\u00dfendurchmesserbereich des Rohrs: 391,1 mm bis 454,1 mm.<\/li>\n<\/ul>\n<\/li>\n<li><strong>GIOTTO 560 mm<\/strong> :\n<ul>\n<li>Maximaler Durchmesser der Linse\/des Spiegels : Bis zu 560 mm.<\/li>\n<\/ul>\n<\/li>\n<li><strong>GIOTTO Ma\u00dfgeschneidert<\/strong> :\n<ul>\n<li>Kontaktieren Sie uns.<\/li>\n<\/ul>\n<\/li>\n<\/ul>\n<h4>Zus\u00e4tzliche Funktionen<\/h4>\n<ul>\n<li><strong>Universelle Befestigung<\/strong> durch die mitgelieferten R\u00e4ndelschrauben (nicht im Lieferumfang des Modells GIOTTO 560 enthalten).<\/li>\n<li><strong>Robuste und leichte Konstruktion<\/strong> geeignet f\u00fcr anspruchsvolle Beobachtungsumgebungen.<\/li>\n<li><strong>USB-C-Anschluss und standardm\u00e4\u00dfige 12-V-Stromversorgung<\/strong> zur einfachen Integration mit Ihrer Astrofotografie-Ausr\u00fcstung.<\/li>\n<\/ul>\n<h4>In the Box<\/h4>\n<ul>\n<li>Der Bildschirm GIOTTO in der gew\u00e4hlten Gr\u00f6\u00dfe.<\/li>\n<li>Ein robustes USB-C-Kabel.<\/li>\n<li>Ein ausf\u00fchrliches Benutzerhandbuch.<\/li>\n<\/ul>\n<h4>Unterscheidende Besonderheiten<\/h4>\n<ul>\n<li>Homogene LED-Beleuchtung mit in 100 Stufen einstellbarer Intensit\u00e4t.<\/li>\n<li>Kompatibilit\u00e4t mit optischen R\u00f6hren, die je nach Modell unterschiedliche Au\u00dfendurchmesser haben (von 77 mm bis \u00fcber 454,1 mm, sogar Sonderanfertigungen).<\/li>\n<li>Erweiterte Konnektivit\u00e4t \u00fcber WiFi oder USB-C.<\/li>\n<li>Kompatibilit\u00e4t mit dem ALTO-Motor, um das \u00d6ffnen\/Schlie\u00dfen des Teleskops zu automatisieren.<\/li>\n<\/ul>\n<p>Die <strong>GIOTTO<\/strong> ist eine intelligente und leistungsstarke L\u00f6sung, die die Aufnahme von Blitzen vereinfacht und gleichzeitig robust und flexibel ist. Sie passt sich mit ihrem gro\u00dfen Gr\u00f6\u00dfenbereich und den erweiterten Funktionen perfekt an die Bed\u00fcrfnisse anspruchsvoller Astrofotografen an.<\/p>","protected":false},"excerpt":{"rendered":"<p>GIOTTO de PrimaLuceLab Le GIOTTO de PrimaLuceLab est un \u00e9cran \u00e0 flat intelligent con\u00e7u pour produire un \u00e9clairage uniforme et pr\u00e9cis, indispensable pour capturer des images Flat-Field en astrophotographie. Ces images permettent de corriger les d\u00e9fauts optiques tels que le vignettage, les poussi\u00e8res sur le capteur ou les irr\u00e9gularit\u00e9s lumineuses, garantissant ainsi une calibration optimale. [&hellip;]<\/p>\n","protected":false},"featured_media":4038,"comment_status":"open","ping_status":"closed","template":"","meta":[],"product_brand":[594],"product_cat":[19,592,575],"product_tag":[],"class_list":{"0":"post-4039","1":"product","2":"type-product","3":"status-publish","4":"has-post-thumbnail","6":"product_brand-primalucelab","7":"product_cat-accessoires","8":"product_cat-panneaux--flats","9":"product_cat-astrophotographie","11":"first","12":"on_supplier","13":"taxable","14":"shipping-taxable","15":"purchasable","16":"product-type-simple"},"_links":{"self":[{"href":"https:\/\/deep-space-astronomy.ch\/de\/wp-json\/wp\/v2\/product\/4039","targetHints":{"allow":["GET"]}}],"collection":[{"href":"https:\/\/deep-space-astronomy.ch\/de\/wp-json\/wp\/v2\/product"}],"about":[{"href":"https:\/\/deep-space-astronomy.ch\/de\/wp-json\/wp\/v2\/types\/product"}],"replies":[{"embeddable":true,"href":"https:\/\/deep-space-astronomy.ch\/de\/wp-json\/wp\/v2\/comments?post=4039"}],"wp:featuredmedia":[{"embeddable":true,"href":"https:\/\/deep-space-astronomy.ch\/de\/wp-json\/wp\/v2\/media\/4038"}],"wp:attachment":[{"href":"https:\/\/deep-space-astronomy.ch\/de\/wp-json\/wp\/v2\/media?parent=4039"}],"wp:term":[{"taxonomy":"product_brand","embeddable":true,"href":"https:\/\/deep-space-astronomy.ch\/de\/wp-json\/wp\/v2\/product_brand?post=4039"},{"taxonomy":"product_cat","embeddable":true,"href":"https:\/\/deep-space-astronomy.ch\/de\/wp-json\/wp\/v2\/product_cat?post=4039"},{"taxonomy":"product_tag","embeddable":true,"href":"https:\/\/deep-space-astronomy.ch\/de\/wp-json\/wp\/v2\/product_tag?post=4039"}],"curies":[{"name":"wp","href":"https:\/\/api.w.org\/{rel}","templated":true}]}}