{"id":4055,"date":"2025-03-06T21:06:51","date_gmt":"2025-03-06T20:06:51","guid":{"rendered":"https:\/\/deep-space-astronomy.geekworkers.dev\/produit\/motorisation-alto-4-pour-giotto-560\/"},"modified":"2025-06-03T10:41:43","modified_gmt":"2025-06-03T08:41:43","slug":"motorisation-alto-4-pour-giotto-560","status":"publish","type":"product","link":"https:\/\/deep-space-astronomy.ch\/de\/produkt\/motorisation-alto-4-pour-giotto-560\/","title":{"rendered":"Motorisierung ALTO-3L f\u00fcr GIOTTO 560"},"content":{"rendered":"<h3>ALTO-Motor von PrimaLuceLab<\/h3>\n<p>Die <strong>ALTO<\/strong> von PrimaLuceLab ist ein innovativer Teleskopabdeckungsmotor, der entwickelt wurde, um den Flachfeldgenerator umzuwandeln <strong>GIOTTO<\/strong> in eine ferngesteuerte, motorisierte Kappe um. Mit diesem System k\u00f6nnen Sie Ihr Teleskop aus der Ferne \u00f6ffnen und schlie\u00dfen, was die Aufnahme von Kalibrierungsbildern erleichtert, ohne dass Sie in der N\u00e4he des Instruments anwesend sein m\u00fcssen. Das ALTO ist in drei Versionen erh\u00e4ltlich, die jeweils f\u00fcr bestimmte GIOTTO-Gr\u00f6\u00dfen geeignet sind.<\/p>\n<h4>Erweiterte technische Eigenschaften<\/h4>\n<ul>\n<li><strong>Fernsteuerung<\/strong> : Erm\u00f6glicht das \u00d6ffnen und Schlie\u00dfen des Teleskops \u00fcber eine mobile Anwendung oder einen Computer, wodurch die Verwendung des GIOTTO bequemer wird.<\/li>\n<li><strong>Moderne Konnektivit\u00e4t<\/strong> : USB-C-Anschluss f\u00fcr den einfachen Anschluss an einen EAGLE- oder Windows-Computer sowie WiFi-Konnektivit\u00e4t f\u00fcr die kabellose Steuerung.<\/li>\n<li><strong>Ern\u00e4hrung<\/strong> : Funktioniert mit einer 12V-Stromquelle, sodass keine externen Netzteile ben\u00f6tigt werden.<\/li>\n<li><strong>Verbessertes Kabelmanagement<\/strong> : USB- und 12V-Stromversorgungsanschl\u00fcsse, um GIOTTO direkt mit ALTO zu verbinden, mit enthaltenen Kabelverriegelungsclips f\u00fcr eine bessere Organisation.<\/li>\n<\/ul>\n<h4>Verf\u00fcgbare Versionen<\/h4>\n<ul>\n<li><strong>ALTO-1<\/strong> :\n<ul>\n<li>Entwickelt f\u00fcr GIOTTO bis 220 mm.<\/li>\n<li>Gewicht: 0,7 kg (1,5 lb).<\/li>\n<li>Ideal f\u00fcr Konfigurationen, bei denen GIOTTO-Bildschirme mit einer maximalen Gr\u00f6\u00dfe von 220 mm verwendet werden.<\/li>\n<\/ul>\n<\/li>\n<li><strong>ALTO-2<\/strong> :\n<ul>\n<li>Entwickelt f\u00fcr GIOTTO bis 320 mm.<\/li>\n<li>Gewicht: 0,85 kg (1,9 lb).<\/li>\n<li>Geeignet f\u00fcr GIOTTO-Leinw\u00e4nde zwischen 221 mm und 320 mm.<\/li>\n<\/ul>\n<\/li>\n<li><strong>ALTO-3<\/strong> :\n<ul>\n<li>Entwickelt f\u00fcr GIOTTO \u00fcber 320 mm.<\/li>\n<li>Gewicht: 1,5 kg (3,3 lb).<\/li>\n<li>Bestimmt f\u00fcr Konfigurationen, in denen GIOTTO-Bildschirme mit einer L\u00e4nge von mehr als 320 mm verwendet werden.<\/li>\n<\/ul>\n<\/li>\n<\/ul>\n<h4>Zus\u00e4tzliche Funktionen<\/h4>\n<ul>\n<li><strong>Kompatibilit\u00e4t mit der PLAY-Software<\/strong> : Einfache Steuerung \u00fcber die Astrofotografie-Software PLAY f\u00fcr EAGLE oder Windows.<\/li>\n<li><strong>ASCOM-Treiber verf\u00fcgbar<\/strong> : Erm\u00f6glicht die Verwendung mit Software von Drittanbietern, die ASCOM CoverCalibrator unterst\u00fctzt.<\/li>\n<li><strong>Kabelverriegelungsclips (CLC)<\/strong> : Enthalten, damit sich die Kabel mit dem ALTO-Arm und dem GIOTTO drehen k\u00f6nnen.<\/li>\n<\/ul>\n<h4>In the Box<\/h4>\n<ul>\n<li>Der ALTO-Motor, der der gew\u00e4hlten Gr\u00f6\u00dfe entspricht (ALTO-1, ALTO-2 oder ALTO-3).<\/li>\n<li>Ein USB-C-Kabel f\u00fcr den Anschluss.<\/li>\n<li>Ein ausf\u00fchrliches Benutzerhandbuch.<\/li>\n<\/ul>\n<h4>Unterscheidende Besonderheiten<\/h4>\n<ul>\n<li>Motor, der speziell f\u00fcr die Automatisierung des \u00d6ffnens und Schlie\u00dfens des GIOTTO entwickelt wurde.<\/li>\n<li>Erweiterte Konnektivit\u00e4t \u00fcber USB-C und integriertes WiFi.<\/li>\n<li>Drei Versionen, die an bestimmte Gr\u00f6\u00dfen angepasst sind (bis 220 mm, bis 320 mm und \u00fcber 320 mm).<\/li>\n<li>Stromversorgung \u00fcber eine 12V-Quelle mit verbessertem Kabelmanagement.<\/li>\n<\/ul>\n<p>Der Motor <strong>ALTO<\/strong> ist eine ideale L\u00f6sung f\u00fcr Astrofotografen, die ihren Kalibrierungsprozess automatisieren und gleichzeitig die Praktikabilit\u00e4t und Effizienz bei der Verwendung des GIOTTO Flatfield-Generators steigern m\u00f6chten.<\/p>","protected":false},"excerpt":{"rendered":"<p>Moteur ALTO de PrimaLuceLab Le ALTO de PrimaLuceLab est un moteur de couverture de t\u00e9lescope innovant, con\u00e7u pour transformer le g\u00e9n\u00e9rateur de champs plats GIOTTO en un capuchon motoris\u00e9 t\u00e9l\u00e9command\u00e9. Ce syst\u00e8me permet d\u2019ouvrir et de fermer votre t\u00e9lescope \u00e0 distance, facilitant ainsi la capture d\u2019images d\u2019\u00e9talonnage sans n\u00e9cessiter votre pr\u00e9sence pr\u00e8s de l\u2019instrument. Le [&hellip;]<\/p>\n","protected":false},"featured_media":6744,"comment_status":"open","ping_status":"closed","template":"","meta":[],"product_brand":[594],"product_cat":[19,592,575],"product_tag":[],"class_list":{"0":"post-4055","1":"product","2":"type-product","3":"status-publish","4":"has-post-thumbnail","6":"product_brand-primalucelab","7":"product_cat-accessoires","8":"product_cat-panneaux--flats","9":"product_cat-astrophotographie","11":"first","12":"on_supplier","13":"taxable","14":"shipping-taxable","15":"purchasable","16":"product-type-simple"},"_links":{"self":[{"href":"https:\/\/deep-space-astronomy.ch\/de\/wp-json\/wp\/v2\/product\/4055","targetHints":{"allow":["GET"]}}],"collection":[{"href":"https:\/\/deep-space-astronomy.ch\/de\/wp-json\/wp\/v2\/product"}],"about":[{"href":"https:\/\/deep-space-astronomy.ch\/de\/wp-json\/wp\/v2\/types\/product"}],"replies":[{"embeddable":true,"href":"https:\/\/deep-space-astronomy.ch\/de\/wp-json\/wp\/v2\/comments?post=4055"}],"wp:featuredmedia":[{"embeddable":true,"href":"https:\/\/deep-space-astronomy.ch\/de\/wp-json\/wp\/v2\/media\/6744"}],"wp:attachment":[{"href":"https:\/\/deep-space-astronomy.ch\/de\/wp-json\/wp\/v2\/media?parent=4055"}],"wp:term":[{"taxonomy":"product_brand","embeddable":true,"href":"https:\/\/deep-space-astronomy.ch\/de\/wp-json\/wp\/v2\/product_brand?post=4055"},{"taxonomy":"product_cat","embeddable":true,"href":"https:\/\/deep-space-astronomy.ch\/de\/wp-json\/wp\/v2\/product_cat?post=4055"},{"taxonomy":"product_tag","embeddable":true,"href":"https:\/\/deep-space-astronomy.ch\/de\/wp-json\/wp\/v2\/product_tag?post=4055"}],"curies":[{"name":"wp","href":"https:\/\/api.w.org\/{rel}","templated":true}]}}