{"id":4082,"date":"2025-03-06T21:11:27","date_gmt":"2025-03-06T20:11:27","guid":{"rendered":"https:\/\/deep-space-astronomy.geekworkers.dev\/produit\/ecran-a-flat-giotto-moteur-alto-560\/"},"modified":"2025-06-03T10:41:50","modified_gmt":"2025-06-03T08:41:50","slug":"ecran-a-flat-giotto-moteur-alto-560","status":"publish","type":"product","link":"https:\/\/deep-space-astronomy.ch\/de\/produkt\/ecran-a-flat-giotto-moteur-alto-560\/","title":{"rendered":"Flat Screen GIOTTO + Motor ALTO 560"},"content":{"rendered":"<h3>Bundle GIOTTO + ALTO von PrimaLuceLab<\/h3>\n<p>Die <strong>bundle GIOTTO + ALTO<\/strong> von PrimaLuceLab ist eine Komplettl\u00f6sung f\u00fcr Astrofotografen, die die Aufnahme von Flat-Field-Bildern automatisieren und gleichzeitig die Bedienung ihres Teleskops vereinfachen m\u00f6chten. Dieses Paket kombiniert das <strong>GIOTTO Smart Flat Field Generator<\/strong> und der Motor f\u00fcr die Teleskopabdeckung <strong>ALTO<\/strong>Der GIOTTO kann als ferngesteuerte, motorisierte Haube verwendet werden.<\/p>\n<h4>Eigenschaften des GIOTTO<\/h4>\n<ul>\n<li><strong>Gleichm\u00e4\u00dfige LED-Beleuchtung<\/strong> GIOTTO erzeugt ein homogenes Licht, das f\u00fcr die Aufnahme hochwertiger Flat-Field-Bilder unerl\u00e4sslich ist, und korrigiert optische Fehler wie Vignettierung und Staub auf dem Sensor.<\/li>\n<li><strong>Einstellbare Intensit\u00e4t<\/strong> : Mit 100 Intensit\u00e4tsstufen passt er sich perfekt an verschiedene Filter und optische Konfigurationen an.<\/li>\n<li><strong>Moderne Konnektivit\u00e4t<\/strong> : Der GIOTTO verf\u00fcgt \u00fcber einen USB-C-Anschluss f\u00fcr den einfachen Anschluss an einen Computer oder ein EAGLE-System sowie WiFi-Konnektivit\u00e4t f\u00fcr die kabellose Steuerung \u00fcber Smartphone oder Tablet.<\/li>\n<li><strong>Kompatibilit\u00e4t mit ALTO<\/strong> : Der GIOTTO kann mit dem ALTO-Motor verwendet werden, um das \u00d6ffnen und Schlie\u00dfen der Kappe zu automatisieren.<\/li>\n<\/ul>\n<h4>Eigenschaften von ALTO<\/h4>\n<ul>\n<li><strong>Motor<\/strong> : Mit dem ALTO k\u00f6nnen Sie die Teleskopkappe aus der Ferne \u00f6ffnen und schlie\u00dfen, was die Aufnahme von Kalibrierungsbildern erleichtert, ohne dass Sie physisch anwesend sein m\u00fcssen.<\/li>\n<li><strong>Einfache Installation<\/strong> : Entwickelt f\u00fcr die einfache Befestigung an den meisten Teleskopen \u00fcber Vixen- oder Losmandy-Schwalbenschwanzstangen und kompatibel mit mehreren GIOTTO-Gr\u00f6\u00dfen (bis zu 320 mm).<\/li>\n<li><strong>Integrierte Kontrolle<\/strong> : Der ALTO kann \u00fcber die PLAY-Software von PrimaLuceLab oder jede andere ASCOM-kompatible Software gesteuert werden, wodurch die Automatisierung einfach und intuitiv wird.<\/li>\n<\/ul>\n<h4>Vorteile von Bundle<\/h4>\n<ul>\n<li><strong>Vollst\u00e4ndige Automatisierung<\/strong> : Das Bundle erm\u00f6glicht eine vollst\u00e4ndige Automatisierung des Kalibrierungsprozesses, wodurch die Astrofotografie effizienter wird.<\/li>\n<li><strong>Einfache Handhabung<\/strong> Dank der WiFi-Konnektivit\u00e4t und der Steuerung \u00fcber Smartphones k\u00f6nnen die Nutzer ihre Ger\u00e4te aus der Ferne verwalten.<\/li>\n<li><strong>Flexibilit\u00e4t<\/strong> : Da das Paket mit verschiedenen Teleskopdurchmessern kompatibel ist, eignet es sich f\u00fcr unterschiedliche Bed\u00fcrfnisse in der Astrofotografie.<\/li>\n<\/ul>\n<h4>In the Box<\/h4>\n<ul>\n<li>Der GIOTTO-Flachfeldgenerator in der gew\u00e4hlten Gr\u00f6\u00dfe.<\/li>\n<li>Den entsprechenden ALTO-Motor (ALTO-1 f\u00fcr GIOTTO bis 220 mm, ALTO-2 f\u00fcr bis 320 mm).<\/li>\n<li>Ein USB-C-Kabel f\u00fcr den Anschluss.<\/li>\n<li>Ein ausf\u00fchrliches Benutzerhandbuch.<\/li>\n<\/ul>\n<p>Die <strong>bundle GIOTTO + ALTO<\/strong> ist eine ideale L\u00f6sung f\u00fcr Astrofotografen, die ihren Workflow verbessern und gleichzeitig pr\u00e4zise und professionelle Ergebnisse garantieren m\u00f6chten. Mit dieser Kombination k\u00f6nnen Sie die Vorteile einer vollst\u00e4ndigen Automatisierung nutzen und gleichzeitig Flat-Field-Bilder von h\u00f6chster Qualit\u00e4t aufnehmen.<\/p>","protected":false},"excerpt":{"rendered":"<p>Bundle GIOTTO + ALTO de PrimaLuceLab Le bundle GIOTTO + ALTO de PrimaLuceLab est une solution compl\u00e8te pour les astrophotographes souhaitant automatiser la capture d\u2019images Flat-Field tout en simplifiant l\u2019utilisation de leur t\u00e9lescope. Ce pack combine le GIOTTO Smart Flat Field Generator et le moteur de couverture de t\u00e9lescope ALTO, permettant d\u2019utiliser le GIOTTO comme [&hellip;]<\/p>\n","protected":false},"featured_media":4081,"comment_status":"open","ping_status":"closed","template":"","meta":[],"product_brand":[594],"product_cat":[19,592,575],"product_tag":[],"class_list":{"0":"post-4082","1":"product","2":"type-product","3":"status-publish","4":"has-post-thumbnail","6":"product_brand-primalucelab","7":"product_cat-accessoires","8":"product_cat-panneaux--flats","9":"product_cat-astrophotographie","11":"first","12":"on_supplier","13":"taxable","14":"shipping-taxable","15":"purchasable","16":"product-type-simple"},"_links":{"self":[{"href":"https:\/\/deep-space-astronomy.ch\/de\/wp-json\/wp\/v2\/product\/4082","targetHints":{"allow":["GET"]}}],"collection":[{"href":"https:\/\/deep-space-astronomy.ch\/de\/wp-json\/wp\/v2\/product"}],"about":[{"href":"https:\/\/deep-space-astronomy.ch\/de\/wp-json\/wp\/v2\/types\/product"}],"replies":[{"embeddable":true,"href":"https:\/\/deep-space-astronomy.ch\/de\/wp-json\/wp\/v2\/comments?post=4082"}],"wp:featuredmedia":[{"embeddable":true,"href":"https:\/\/deep-space-astronomy.ch\/de\/wp-json\/wp\/v2\/media\/4081"}],"wp:attachment":[{"href":"https:\/\/deep-space-astronomy.ch\/de\/wp-json\/wp\/v2\/media?parent=4082"}],"wp:term":[{"taxonomy":"product_brand","embeddable":true,"href":"https:\/\/deep-space-astronomy.ch\/de\/wp-json\/wp\/v2\/product_brand?post=4082"},{"taxonomy":"product_cat","embeddable":true,"href":"https:\/\/deep-space-astronomy.ch\/de\/wp-json\/wp\/v2\/product_cat?post=4082"},{"taxonomy":"product_tag","embeddable":true,"href":"https:\/\/deep-space-astronomy.ch\/de\/wp-json\/wp\/v2\/product_tag?post=4082"}],"curies":[{"name":"wp","href":"https:\/\/api.w.org\/{rel}","templated":true}]}}