{"id":4099,"date":"2025-03-06T21:13:16","date_gmt":"2025-03-06T20:13:16","guid":{"rendered":"https:\/\/deep-space-astronomy.geekworkers.dev\/produit\/diviseur-optique-pegasus-indigo\/"},"modified":"2025-06-03T10:41:50","modified_gmt":"2025-06-03T08:41:50","slug":"diviseur-optique-pegasus-indigo","status":"publish","type":"product","link":"https:\/\/deep-space-astronomy.ch\/de\/produkt\/diviseur-optique-pegasus-indigo\/","title":{"rendered":"Optischer Teiler Pegasus Indigo"},"content":{"rendered":"<h3>Pegasus Indigo OAG (Off-Axis Guider)<\/h3>\n<p>Die <strong>Pegasus Indigo OAG<\/strong> (Off-Axis Guider) ist ein hochleistungsf\u00e4higes, au\u00dferaxiales F\u00fchrungsinstrument, das f\u00fcr anspruchsvolle Astrofotografen entwickelt wurde. Mit seinem ultrad\u00fcnnen Design und der robusten Konstruktion aus Flugzeugaluminium bietet er eine kompakte und zuverl\u00e4ssige L\u00f6sung, um die Probleme der differentiellen Biegung zu beseitigen, die h\u00e4ufig bei separaten F\u00fchrungsfernrohren auftreten. Hier finden Sie eine detaillierte Beschreibung dieser innovativen Ausr\u00fcstung.<\/p>\n<h4>Kompaktes Design und hochwertige Materialien<\/h4>\n<p>Der OAG Indigo wird aus 6061er Aluminium gefr\u00e4st, das in der Luft- und Raumfahrtindustrie verwendet wird und Leichtigkeit und St\u00e4rke garantiert. Seine Gesamtdicke betr\u00e4gt nur 10 mm (14 mm mit Adaptern), was ihn zu einem der d\u00fcnnsten optischen Teiler auf dem Markt macht. Dieses Design erm\u00f6glicht eine einfache Integration in komplexe Konfigurationen bei gleichzeitiger Minimierung des optischen Drawdowns.<\/p>\n<h4>Verstellbares Prisma und gro\u00dfes Feld<\/h4>\n<ul>\n<li><strong>Prisma von 12 \u00d7 8 mm<\/strong> : Dieses mehrfach beschichtete und entspiegelte Prisma bietet eine hervorragende Lichtdurchl\u00e4ssigkeit und garantiert runde, helle Sterne f\u00fcr die F\u00fchrungskamera.<\/li>\n<li><strong>H\u00f6henverstellbarkeit<\/strong> : Das Prisma kann verschoben werden, um die Beleuchtungsst\u00e4rke des F\u00fchrungssensors zu optimieren, wodurch Vignettierungen bei gro\u00dfen Bildsensoren vermieden werden.<\/li>\n<\/ul>\n<h4>Universelle Kompatibilit\u00e4t<\/h4>\n<p>Der OAG Indigo ist so konzipiert, dass er dank seiner vielf\u00e4ltigen Anschlussm\u00f6glichkeiten mit einer breiten Palette von Ger\u00e4ten zusammenpasst:<\/p>\n<ul>\n<li><strong>Seite des Teleskops<\/strong> : Gewinde M54x0,75 oder M48x0,75.<\/li>\n<li><strong>Seite der Kamera<\/strong> : Gewinde M48x0,75 oder M54x0,75.<\/li>\n<li><strong>Kameraf\u00fchrung<\/strong> : Standard 1,25-Zoll-Anschluss<\/li>\n<li><strong>Durchgangsl\u00f6cher<\/strong> (M2\/M3): Erm\u00f6glichen eine direkte Befestigung mit modernen CMOS-Kameras und Filterr\u00e4dern von Drittanbietern.<\/li>\n<\/ul>\n<h4>Au\u00dfergew\u00f6hnliche optische Leistung<\/h4>\n<ul>\n<li><strong>Freie \u00d6ffnung<\/strong> : 53,5 mm, wodurch ein maximaler Lichtdurchlass f\u00fcr gro\u00dfformatige Bildsensoren gew\u00e4hrleistet wird.<\/li>\n<li><strong>Minimaler optischer Pfad<\/strong> : 14 mm (10 mm f\u00fcr den OAG + 4 mm f\u00fcr den Adapter), ideal f\u00fcr Konfigurationen, die einen geringen Backfocus erfordern.<\/li>\n<li><strong>Kompatibel mit dem Indigo-Filterrad<\/strong> : F\u00fcr einen kombinierten optischen Gesamtweg von nur 33 mm.<\/li>\n<\/ul>\n<h4>Erweiterte Optionen<\/h4>\n<p>Eine Premiumversion (<strong>PEG-INDIGO-OAGPREM<\/strong>) enth\u00e4lt einen integrierten Helix-Fokussierer, der eine pr\u00e4zise Fokuseinstellung f\u00fcr F\u00fchrungskameras erm\u00f6glicht. Dieser Fokussierer kann auch sp\u00e4ter als Upgrade hinzugef\u00fcgt werden.<\/p>\n<h4>Praktische Anwendungen<\/h4>\n<ul>\n<li><strong>Astrofotografie mit langer Belichtung<\/strong> : Ideal f\u00fcr die Aufnahme von Deep-Sky-Objekten mit pr\u00e4ziser Nachf\u00fchrung.<\/li>\n<li><strong>Schwere Konfigurationen<\/strong> : Die robuste Konstruktion h\u00e4lt auch komplexen Bildgebungsger\u00e4ten problemlos stand.<\/li>\n<li><strong>Reduzierung von differentiellen Biegungen<\/strong> : Da sie denselben optischen Pfad wie die Hauptkamera verwendet, eliminiert sie die Fehler, die durch mechanische Verschiebungen entstehen.<\/li>\n<\/ul>\n<h4>Inhalt der Schachtel<\/h4>\n<ul>\n<li>Optischer Teiler Indigo OAG.<\/li>\n<li>M54F Gewindeadapter (Teleskopseite).<\/li>\n<li>M48F-Gewindeadapter (Kameraseite).<\/li>\n<li>Schrauben und Inbusschl\u00fcssel zum Anpassen.<\/li>\n<li>Benutzerhandbuch.<\/li>\n<\/ul>\n<h4>Bemerkenswerte Besonderheiten<\/h4>\n<ul>\n<li>Ultrad\u00fcnnes und leichtes Design.<\/li>\n<li>Verstellbares Prisma zur Vermeidung von Vignettierungen.<\/li>\n<li>Erweiterte Kompatibilit\u00e4t mit CMOS-Kameras und Filterr\u00e4dern.<\/li>\n<li>Solide Konstruktion, um schwere Ger\u00e4te zu tragen.<\/li>\n<li>M\u00f6glichkeit, einen Spiralfokussierer f\u00fcr eine pr\u00e4zise Einstellung hinzuzuf\u00fcgen.<\/li>\n<\/ul>\n<p>Zusammenfassend l\u00e4sst sich sagen, dass der <strong>Pegasus Indigo OAG<\/strong> ist eine hochgradig optimierte L\u00f6sung f\u00fcr Astrofotografen, die die Genauigkeit ihrer Nachf\u00fchrung maximieren und gleichzeitig den Platzbedarf und die mechanische Belastung minimieren m\u00f6chten.<\/p>","protected":false},"excerpt":{"rendered":"<p>Pegasus Indigo OAG (Off-Axis Guider) Le Pegasus Indigo OAG (Off-Axis Guider) est un outil de guidage hors axe hautement performant, con\u00e7u pour les astrophotographes exigeants. Avec son design ultra-fin et sa construction robuste en aluminium a\u00e9ronautique, il offre une solution compacte et fiable pour \u00e9liminer les probl\u00e8mes de flexion diff\u00e9rentielle, souvent rencontr\u00e9s avec les lunettes [&hellip;]<\/p>\n","protected":false},"featured_media":4095,"comment_status":"open","ping_status":"closed","template":"","meta":[],"product_brand":[517],"product_cat":[19,606,575],"product_tag":[],"class_list":{"0":"post-4099","1":"product","2":"type-product","3":"status-publish","4":"has-post-thumbnail","6":"product_brand-pegasus","7":"product_cat-accessoires","8":"product_cat-diviseurs-optiques-astrophotographie","9":"product_cat-astrophotographie","11":"first","12":"on_supplier","13":"taxable","14":"shipping-taxable","15":"purchasable","16":"product-type-simple"},"_links":{"self":[{"href":"https:\/\/deep-space-astronomy.ch\/de\/wp-json\/wp\/v2\/product\/4099","targetHints":{"allow":["GET"]}}],"collection":[{"href":"https:\/\/deep-space-astronomy.ch\/de\/wp-json\/wp\/v2\/product"}],"about":[{"href":"https:\/\/deep-space-astronomy.ch\/de\/wp-json\/wp\/v2\/types\/product"}],"replies":[{"embeddable":true,"href":"https:\/\/deep-space-astronomy.ch\/de\/wp-json\/wp\/v2\/comments?post=4099"}],"wp:featuredmedia":[{"embeddable":true,"href":"https:\/\/deep-space-astronomy.ch\/de\/wp-json\/wp\/v2\/media\/4095"}],"wp:attachment":[{"href":"https:\/\/deep-space-astronomy.ch\/de\/wp-json\/wp\/v2\/media?parent=4099"}],"wp:term":[{"taxonomy":"product_brand","embeddable":true,"href":"https:\/\/deep-space-astronomy.ch\/de\/wp-json\/wp\/v2\/product_brand?post=4099"},{"taxonomy":"product_cat","embeddable":true,"href":"https:\/\/deep-space-astronomy.ch\/de\/wp-json\/wp\/v2\/product_cat?post=4099"},{"taxonomy":"product_tag","embeddable":true,"href":"https:\/\/deep-space-astronomy.ch\/de\/wp-json\/wp\/v2\/product_tag?post=4099"}],"curies":[{"name":"wp","href":"https:\/\/api.w.org\/{rel}","templated":true}]}}