{"id":4171,"date":"2025-03-06T21:21:11","date_gmt":"2025-03-06T20:21:11","guid":{"rendered":"https:\/\/deep-space-astronomy.geekworkers.dev\/produit\/kit-de-mise-au-point-automatique-pour-sqa55-2\/"},"modified":"2025-12-10T17:01:35","modified_gmt":"2025-12-10T16:01:35","slug":"kit-de-mise-au-point-automatique-pour-sqa55-2","status":"publish","type":"product","link":"https:\/\/deep-space-astronomy.ch\/de\/produkt\/kit-de-mise-au-point-automatique-pour-sqa55-2\/","title":{"rendered":"Autofokus-Kit f\u00fcr SQA55"},"content":{"rendered":"<h3>SQA55 AF Autofokus-Kit<\/h3>\n<p>F\u00fcr Astronomen, die nach M\u00f6glichkeiten suchen, die Genauigkeit und Leichtigkeit des Fokussierens zu verbessern, ist das Kit <strong>SQA55 AF<\/strong> ist ein wichtiges Zubeh\u00f6r. Dieses Kit wurde so konzipiert, dass es mit einer Vielzahl von elektronischen Fokussierern kompatibel ist. Es erm\u00f6glicht eine automatische Fokuseinstellung, die ideal ist, um Ihre astronomischen Beobachtungen zu optimieren.<\/p>\n<h4>Im Kit enthalten<\/h4>\n<ul>\n<li>Drei MXL-Synchronriemen in verschiedenen L\u00e4ngen<\/li>\n<li>Eine MXL-Synchronscheibe<\/li>\n<li>Eine Spannrolle<\/li>\n<li>Drei Inbusschl\u00fcssel verschiedener Art<\/li>\n<li>Zwei M4\u00d710 mm Schrauben<\/li>\n<li>Eine Schraube M4\u00d7145 mm<\/li>\n<li>Eine Schraube M3\u00d740 mm<\/li>\n<li>Eine Schraube M4\u00d76 mm<\/li>\n<li>Zwei M3\u00d710 mm Schrauben<\/li>\n<li>Zwei M4\u00d712 mm Schrauben<\/li>\n<\/ul>\n<h4>Vorteile des Kits<\/h4>\n<ol>\n<li><strong>Speziell entwickelter Adapter :<\/strong> Erm\u00f6glicht den einfachen Anschluss von Zubeh\u00f6r dank der idealen L\u00e4nge der Platten.<\/li>\n<li><strong>Reduzierung des Synchronriemenspiels :<\/strong> F\u00fcr eine pr\u00e4zisere Fokussierung.<\/li>\n<li><strong>Vereinfachte und anpassungsf\u00e4hige Installation :<\/strong> Erleichtert den Auf- und Abbau bei maximaler Flexibilit\u00e4t.<\/li>\n<li><strong>Erweiterte Kompatibilit\u00e4t :<\/strong> Das Set ist mit den meisten Marken von elektronischen Fokussierern kompatibel.<\/li>\n<\/ol>\n<h4>Installationsmodi<\/h4>\n<p>Die mitgelieferte L-f\u00f6rmige Platte bietet zwei Installationsarten f\u00fcr maximale Flexibilit\u00e4t.<\/p>\n<h4>Weitreichende Nutzung<\/h4>\n<p>Mit diesem Set ist es m\u00f6glich, einen Autofokus zu erreichen, wodurch die Genauigkeit und Effizienz Ihrer Beobachtungen verbessert wird. Es ist auch mit Fokussierern mit einem gr\u00f6\u00dferen Achsabstand kompatibel, wie z. B. mit denen von <strong>Pegasus Astro<\/strong>.<\/p>\n<p><strong>Bemerkung :<\/strong> Visuelle Elemente wie der SQA55 und die abgebildeten elektronischen Fokussierer sind nicht im Lieferumfang enthalten.<\/p>\n<h4>Warum sollten Sie sich f\u00fcr das SQA55 AF Autofokus-Kit entscheiden?<\/h4>\n<p>Das Set <strong>SQA55 AF<\/strong> wurde speziell f\u00fcr anspruchsvolle Astronomen entwickelt, die die Genauigkeit und Flexibilit\u00e4t ihrer Ausr\u00fcstung verbessern m\u00f6chten. Hier erfahren Sie, was dieses Set so einzigartig macht und warum es eine ausgezeichnete Wahl f\u00fcr ein optimiertes Beobachtungserlebnis ist :<\/p>\n<ol>\n<li><strong>Erh\u00f6hte Anpassungsf\u00e4higkeit :<\/strong> Der Adapter hat eine ideale L\u00e4nge, sodass Sie das Zubeh\u00f6r Ihrer Wahl problemlos anschlie\u00dfen k\u00f6nnen.<\/li>\n<li><strong>Verbesserte Genauigkeit :<\/strong> Das Kit enth\u00e4lt eine Spannrolle, um den Riemen einzustellen und das Spiel zu beseitigen, wodurch eine pr\u00e4zise Fokussierung gew\u00e4hrleistet wird.<\/li>\n<li><strong>Erleichterte Installation :<\/strong> Da es so konzipiert ist, dass es leicht auf- und abgebaut werden kann, schafft es Platz, um weiteres notwendiges Zubeh\u00f6r hinzuzuf\u00fcgen.<\/li>\n<li><strong>Universelle Kompatibilit\u00e4t :<\/strong> Dieses Set ist mit den meisten Marken von elektronischen Fokussierern kompatibel und bietet maximale Flexibilit\u00e4t.<\/li>\n<\/ol>\n<h4>Tipp zur Installation<\/h4>\n<p>Wenn Sie einen elektronischen Fokussierer mit einem gr\u00f6\u00dferen Lochabstand verwenden, wie das Modell von <strong>Pegasus Astro<\/strong>dann ist das kein Problem! Die L-f\u00f6rmige Platte in diesem Set ist vollst\u00e4ndig verstellbar. Schrauben Sie einfach die M4\u00d712-Befestigungen an, positionieren Sie die Platte und befestigen Sie sie dann fest mit den Schrauben, um eine perfekte Passform zu erreichen.<\/p>\n<p>Dank des Kits <strong>SQA55 AF<\/strong>Verbessern Sie Ihre Fokussierungsgenauigkeit und steigern Sie die Effizienz Ihrer astronomischen Beobachtungen. Bringen Sie Ihre Ausr\u00fcstung auf die n\u00e4chste Stufe!<\/p>","protected":false},"excerpt":{"rendered":"<p>Kit de Mise au Point Automatique SQA55 AF Pour les astronomes cherchant \u00e0 am\u00e9liorer la pr\u00e9cision et la facilit\u00e9 de mise au point, le kit SQA55 AF est un accessoire essentiel. Con\u00e7u pour \u00eatre compatible avec une grande vari\u00e9t\u00e9 de focalisateurs \u00e9lectroniques, ce kit permet un r\u00e9glage automatique de la mise au point, id\u00e9al pour [&hellip;]<\/p>\n","protected":false},"featured_media":4166,"comment_status":"open","ping_status":"closed","template":"","meta":[],"product_brand":[382],"product_cat":[19,609,575],"product_tag":[],"class_list":{"0":"post-4171","1":"product","2":"type-product","3":"status-publish","4":"has-post-thumbnail","6":"product_brand-askar","7":"product_cat-accessoires","8":"product_cat-systeme-de-map-robotique","9":"product_cat-astrophotographie","11":"first","12":"instock","13":"taxable","14":"shipping-taxable","15":"purchasable","16":"product-type-simple"},"_links":{"self":[{"href":"https:\/\/deep-space-astronomy.ch\/de\/wp-json\/wp\/v2\/product\/4171","targetHints":{"allow":["GET"]}}],"collection":[{"href":"https:\/\/deep-space-astronomy.ch\/de\/wp-json\/wp\/v2\/product"}],"about":[{"href":"https:\/\/deep-space-astronomy.ch\/de\/wp-json\/wp\/v2\/types\/product"}],"replies":[{"embeddable":true,"href":"https:\/\/deep-space-astronomy.ch\/de\/wp-json\/wp\/v2\/comments?post=4171"}],"wp:featuredmedia":[{"embeddable":true,"href":"https:\/\/deep-space-astronomy.ch\/de\/wp-json\/wp\/v2\/media\/4166"}],"wp:attachment":[{"href":"https:\/\/deep-space-astronomy.ch\/de\/wp-json\/wp\/v2\/media?parent=4171"}],"wp:term":[{"taxonomy":"product_brand","embeddable":true,"href":"https:\/\/deep-space-astronomy.ch\/de\/wp-json\/wp\/v2\/product_brand?post=4171"},{"taxonomy":"product_cat","embeddable":true,"href":"https:\/\/deep-space-astronomy.ch\/de\/wp-json\/wp\/v2\/product_cat?post=4171"},{"taxonomy":"product_tag","embeddable":true,"href":"https:\/\/deep-space-astronomy.ch\/de\/wp-json\/wp\/v2\/product_tag?post=4171"}],"curies":[{"name":"wp","href":"https:\/\/api.w.org\/{rel}","templated":true}]}}