{"id":4197,"date":"2025-03-06T21:23:58","date_gmt":"2025-03-06T20:23:58","guid":{"rendered":"https:\/\/deep-space-astronomy.geekworkers.dev\/produit\/focuscube-3-universel\/"},"modified":"2026-03-29T17:56:38","modified_gmt":"2026-03-29T15:56:38","slug":"focuscube-3-universel","status":"publish","type":"product","link":"https:\/\/deep-space-astronomy.ch\/de\/produkt\/focuscube-3-universel\/","title":{"rendered":"FocusCube 3 Universell"},"content":{"rendered":"<h3>FocusCube 3 von Pegasus Astro: Fortschrittliche L\u00f6sung f\u00fcr die elektronische Fokussierung von Teleskopen<\/h3>\n<p>Die <strong>FocusCube 3<\/strong> von Pegasus Astro ist eine fortschrittliche, eigenst\u00e4ndige L\u00f6sung f\u00fcr die elektronische Fokussierung von Teleskopen, die speziell entwickelt wurde, um die wachsenden Anforderungen der modernen Astrofotografie zu erf\u00fcllen. Im Folgenden finden Sie eine detaillierte Beschreibung seiner technischen Merkmale und Funktionen :<\/p>\n<h4>Technische Eigenschaften<\/h4>\n<h5>1. Hochaufl\u00f6sender Schrittmotor<\/h5>\n<ul>\n<li><strong>Au\u00dfergew\u00f6hnliche Genauigkeit :<\/strong> Schrittwinkel von 0,0625\u00b0 durch einen Getriebemotor mit einem Untersetzungsverh\u00e4ltnis von 1:120. Dies erm\u00f6glicht eine Fokussierung im Mikrometerbereich, ideal f\u00fcr schnelle Optiken und moderne Sensoren.<\/li>\n<li><strong>Hohes Drehmoment :<\/strong> 60 Ncm, die bis zu 6 kg Bildgebungsausr\u00fcstung heben kann, selbst wenn das Teleskop in den Zenit zeigt.<\/li>\n<li><strong>Schwacher Backlash :<\/strong> Das mechanische Spiel wird minimiert, um eine pr\u00e4zise und zuverl\u00e4ssige Fokussierung zu gew\u00e4hrleisten.<\/li>\n<\/ul>\n<h5>2. Vereinfachte Konnektivit\u00e4t<\/h5>\n<ul>\n<li><strong>Einzigartiges USB-C :<\/strong> Ein einziger USB-C-Anschluss f\u00fcr Strom und Daten, wodurch die Komplexit\u00e4t der Verkabelung in Ihrer Einrichtung verringert wird.<\/li>\n<li><strong>Erweiterte Softwarekompatibilit\u00e4t :<\/strong> Unterst\u00fctzung der Protokolle ASCOM, ASCOM Alpaca und INDI, wodurch die Integration in Software wie NINA, SGPro, Voyager, APT und MaximDL erm\u00f6glicht wird.<\/li>\n<\/ul>\n<h5>3. Integrierte Temperatursonde<\/h5>\n<ul>\n<li><strong>W\u00e4rmesensor :<\/strong> Ein externer digitaler Sensor misst in Echtzeit die Umgebungstemperatur und die Temperatur des Okularhalters und gleicht automatisch Temperaturschwankungen aus, um die optimale Fokussierung beizubehalten.<\/li>\n<\/ul>\n<h5>4. V-Kurve Leicht wiederholbar<\/h5>\n<ul>\n<li><strong>V-Curve-Autofokus :<\/strong> Der FocusCube 3 erleichtert die Erzeugung pr\u00e4ziser V-Kurven, die f\u00fcr das Erreichen einer perfekten Fokussierung beim Autofokus unerl\u00e4sslich sind.<\/li>\n<\/ul>\n<h5>5. Einfache und kompakte Installation<\/h5>\n<ul>\n<li><strong>Kompaktes Geh\u00e4use :<\/strong> Das 52 x 58 x 35 mm gro\u00dfe Geh\u00e4use l\u00e4sst sich mithilfe einer speziellen Halterung leicht am Fokussierer des SCT-Teleskops anbringen.<\/li>\n<li><strong>Enthaltene Kabel :<\/strong> Die Kamera wird mit den notwendigen Kabeln f\u00fcr die Stromversorgung und den USB-Anschluss geliefert.<\/li>\n<\/ul>\n<h4>Getestete Kompatibilit\u00e4t<\/h4>\n<p>Die Installation der universellen L-Halterung des FocusCube 3 wurde an den folgenden Okularhaltern validiert, wodurch eine schnelle und m\u00fchelose Integration gew\u00e4hrleistet wird :<\/p>\n<ul>\n<li>Baader Diamond Steeltrack<\/li>\n<li>Baader Steeltrack<\/li>\n<li>Explore Scientific Focuser<\/li>\n<li>Askar Telescopes Focusers<\/li>\n<li>MoonLite Focusers<\/li>\n<li>Skywatcher Esprit Series Focuser<\/li>\n<li>StarField Optics Focusers<\/li>\n<li>Starlight Feathertouch Series<\/li>\n<li>Stellarvue Focusers<\/li>\n<li>Takahashi FS-60, TSA-120, Epsilon Focusers<\/li>\n<li>Takahashi FSQ &amp; TOA Focuser<\/li>\n<li>Vixen ED81S<\/li>\n<li>William Optics GT71<\/li>\n<li>William Optics RedCat<\/li>\n<\/ul>\n<h4>Inhalt des Pakets<\/h4>\n<ul>\n<li>Ein FocusCube 3-Motor<\/li>\n<li>Ein digitaler Temperatursensor<\/li>\n<li>Ein universeller St\u00e4nder aus Aluminium<\/li>\n<li>F\u00fcnf mechanische Kupplungen<\/li>\n<li>Ein USB-C-Kabel<\/li>\n<li>Ein Stromkabel (12V)<\/li>\n<\/ul>\n<h4>Schl\u00fcsselvorteile<\/h4>\n<ul>\n<li><strong>Volle Autonomie :<\/strong> Kein separater Controller erforderlich; alles ist in einem kompakten, robusten Geh\u00e4use integriert.<\/li>\n<li><strong>Vielseitigkeit :<\/strong> Dank der Universalhalterung an fast alle Arten von Teleskopen anpassbar.<\/li>\n<li><strong>Erh\u00f6hte Genauigkeit :<\/strong> Ideal f\u00fcr anspruchsvolle Astrofotografen, die trotz Temperaturschwankungen eine stabile Fokussierung ben\u00f6tigen.<\/li>\n<\/ul>\n<h4>Schlussfolgerung<\/h4>\n<p>Abschlie\u00dfend <strong>FocusCube 3<\/strong> stellt einen bedeutenden Fortschritt im Bereich der elektronischen Fokussierungssysteme f\u00fcr Teleskope dar. Seine mikrometrische Genauigkeit, seine Robustheit und seine einfache Bedienung machen es zu einer unverzichtbaren Wahl f\u00fcr Amateure und Profis in der Astronomie.<\/p>","protected":false},"excerpt":{"rendered":"<p>FocusCube 3 de Pegasus Astro : Solution Avanc\u00e9e pour la Mise au Point \u00c9lectronique des T\u00e9lescopes Le FocusCube 3 de Pegasus Astro est une solution avanc\u00e9e et autonome pour la mise au point \u00e9lectronique des t\u00e9lescopes, sp\u00e9cialement con\u00e7ue pour r\u00e9pondre aux exigences croissantes de l&rsquo;astrophotographie moderne. Voici une description d\u00e9taill\u00e9e de ses caract\u00e9ristiques techniques et [&hellip;]<\/p>\n","protected":false},"featured_media":4187,"comment_status":"open","ping_status":"closed","template":"","meta":[],"product_brand":[517],"product_cat":[19,609,575],"product_tag":[856],"class_list":{"0":"post-4197","1":"product","2":"type-product","3":"status-publish","4":"has-post-thumbnail","6":"product_brand-pegasus","7":"product_cat-accessoires","8":"product_cat-systeme-de-map-robotique","9":"product_cat-astrophotographie","10":"product_tag-produits-phares-en-stock","12":"first","13":"on_supplier","14":"sale","15":"taxable","16":"shipping-taxable","17":"purchasable","18":"product-type-simple"},"_links":{"self":[{"href":"https:\/\/deep-space-astronomy.ch\/de\/wp-json\/wp\/v2\/product\/4197","targetHints":{"allow":["GET"]}}],"collection":[{"href":"https:\/\/deep-space-astronomy.ch\/de\/wp-json\/wp\/v2\/product"}],"about":[{"href":"https:\/\/deep-space-astronomy.ch\/de\/wp-json\/wp\/v2\/types\/product"}],"replies":[{"embeddable":true,"href":"https:\/\/deep-space-astronomy.ch\/de\/wp-json\/wp\/v2\/comments?post=4197"}],"wp:featuredmedia":[{"embeddable":true,"href":"https:\/\/deep-space-astronomy.ch\/de\/wp-json\/wp\/v2\/media\/4187"}],"wp:attachment":[{"href":"https:\/\/deep-space-astronomy.ch\/de\/wp-json\/wp\/v2\/media?parent=4197"}],"wp:term":[{"taxonomy":"product_brand","embeddable":true,"href":"https:\/\/deep-space-astronomy.ch\/de\/wp-json\/wp\/v2\/product_brand?post=4197"},{"taxonomy":"product_cat","embeddable":true,"href":"https:\/\/deep-space-astronomy.ch\/de\/wp-json\/wp\/v2\/product_cat?post=4197"},{"taxonomy":"product_tag","embeddable":true,"href":"https:\/\/deep-space-astronomy.ch\/de\/wp-json\/wp\/v2\/product_tag?post=4197"}],"curies":[{"name":"wp","href":"https:\/\/api.w.org\/{rel}","templated":true}]}}