{"id":4202,"date":"2025-03-06T21:24:53","date_gmt":"2025-03-06T20:24:53","guid":{"rendered":"https:\/\/deep-space-astronomy.geekworkers.dev\/produit\/focuscube-zero-c14-c14-edge-ou-rasa-14\/"},"modified":"2025-06-03T10:27:11","modified_gmt":"2025-06-03T08:27:11","slug":"focuscube-zero-c14-c14-edge-ou-rasa-14","status":"publish","type":"product","link":"https:\/\/deep-space-astronomy.ch\/de\/produkt\/focuscube-zero-c14-c14-edge-ou-rasa-14\/","title":{"rendered":"FocusCube Zero C14, C14 Edge oder RASA 14"},"content":{"rendered":"<h3>Pegasus Astro FocusCube Zero: Fortschrittlicher elektronischer Fokussierungsmotor<\/h3>\n<p>Die <strong>Pegasus Astro FocusCube Zero<\/strong> ist ein fortschrittlicher elektronischer Fokussiermotor, der speziell f\u00fcr Teleskope vom Typ Schmidt-Cassegrain (SCT) oder RASA entwickelt wurde. Dieses eigenst\u00e4ndige Ger\u00e4t bietet au\u00dfergew\u00f6hnliche Genauigkeit und Benutzerfreundlichkeit und erf\u00fcllt damit die Anforderungen anspruchsvoller Astrofotografen. Es folgt eine detaillierte Beschreibung seiner technischen Merkmale und Funktionen :<\/p>\n<h4>Schl\u00fcsselfunktionen<\/h4>\n<h5>1. Hochpr\u00e4ziser Schrittmotor<\/h5>\n<ul>\n<li><strong>Zweipoliger Schrittmotor :<\/strong> Bietet eine Bewegung ohne mechanisches Spiel (zero backlash) und gew\u00e4hrleistet so eine pr\u00e4zise und reproduzierbare Fokussierung, die f\u00fcr die hochaufl\u00f6sende Astrofotografie unerl\u00e4sslich ist.<\/li>\n<li><strong>Schnelle Reisen :<\/strong> Das Fehlen eines Verkleinerungsgeh\u00e4uses erm\u00f6glicht schnelle Bewegungen des Hauptspiegels, was ideal ist, um die Sch\u00e4rfe schnell einzustellen.<\/li>\n<\/ul>\n<h5>2. Autonome digitale Steuerung<\/h5>\n<ul>\n<li><strong>Eigenst\u00e4ndiges Ger\u00e4t :<\/strong> Integriert seinen eigenen elektronischen Controller, so dass er ohne externen Controller verwendet werden kann. Er kann direkt \u00fcber einen PC mit ASCOM-Treibern oder der Unity-Plattform von Pegasus Astro gesteuert werden.<\/li>\n<li><strong>Software-Kompatibilit\u00e4t :<\/strong> Kompatibel mit beliebter Software wie NINA oder anderen Tools, die das ASCOM-Protokoll unterst\u00fctzen.<\/li>\n<\/ul>\n<h5>3. Integrierter W\u00e4rmesensor<\/h5>\n<ul>\n<li><strong>Temperatursensor :<\/strong> Misst kontinuierlich die Umgebungstemperatur und passt den Fokus automatisch an, um Temperaturschwankungen auszugleichen. So bleibt die Sch\u00e4rfe auch bei langen Beobachtungs- oder Astrofotografie-Sessions optimal.<\/li>\n<\/ul>\n<h5>4. V-Kurve Leicht wiederholbar<\/h5>\n<ul>\n<li><strong>Pr\u00e4ziser Autofokus :<\/strong> Der FocusCube Zero erleichtert die Erzeugung von V-Kurven, die f\u00fcr eine perfekte Fokussierung beim Autofokus unerl\u00e4sslich sind.<\/li>\n<\/ul>\n<h5>5. Einfache und kompakte Installation<\/h5>\n<ul>\n<li><strong>Kompaktes Geh\u00e4use :<\/strong> Das 52 x 58 x 35 mm gro\u00dfe Geh\u00e4use l\u00e4sst sich mithilfe einer speziellen Halterung leicht am Fokussierer des SCT-Teleskops anbringen. Das Ger\u00e4t wird mit den erforderlichen Kabeln f\u00fcr die Stromversorgung und den USB-Anschluss geliefert.<\/li>\n<\/ul>\n<h4>Praktische Vorteile<\/h4>\n<ul>\n<li><strong>Universelle Kompatibilit\u00e4t :<\/strong> Speziell f\u00fcr SCT-Teleskope wie Celestron C11 und EdgeHD entwickelt.<\/li>\n<li><strong>H\u00f6here Zuverl\u00e4ssigkeit :<\/strong> Moderne Materialien und fortschrittliche Elektronik sorgen f\u00fcr eine lange Haltbarkeit und gleichbleibende Leistung.<\/li>\n<li><strong>Einfache Handhabung :<\/strong> Nach der Installation m\u00fcssen Sie das Ger\u00e4t nur noch an den PC anschlie\u00dfen, die erforderlichen Treiber herunterladen und schon ist es einsatzbereit.<\/li>\n<li><strong>Volle Autonomie :<\/strong> Keine physische Fernbedienung oder zus\u00e4tzliches Zubeh\u00f6r erforderlich.<\/li>\n<\/ul>\n<h4>Einschr\u00e4nkungen<\/h4>\n<ul>\n<li><strong>Begrenzte Konnektivit\u00e4t :<\/strong> Darf nicht \u00fcber den RJ45-Anschluss mit externen Steuerger\u00e4ten wie dem Dual Motor Focus Controller oder der Ultimate Powerbox verbunden werden, der nur f\u00fcr den W\u00e4rmesensor oder eine optionale Fernbedienung reserviert ist.<\/li>\n<li><strong>Fehlen einer physischen Fernbedienung :<\/strong> Es enth\u00e4lt keine physische Fernbedienung.<\/li>\n<\/ul>\n<h4>Anwendungen<\/h4>\n<ul>\n<li><strong>Astrofotografen :<\/strong> Ideal f\u00fcr alle, die eine pr\u00e4zise automatische Fokussierung an SCT-Teleskopen suchen.<\/li>\n<li><strong>Reduzierung von Vibrationen :<\/strong> Perfekt f\u00fcr Nutzer, die die Vibrationen bei der manuellen Einstellung minimieren m\u00f6chten.<\/li>\n<li><strong>Thermische Kompensation :<\/strong> Geeignet f\u00fcr lange Sitzungen, bei denen ein automatischer Temperaturausgleich erforderlich ist.<\/li>\n<\/ul>\n<h4>Schlussfolgerung<\/h4>\n<p>Zusammenfassend l\u00e4sst sich sagen, dass der <strong>Pegasus Astro FocusCube Zero<\/strong> zeichnet sich durch seine Genauigkeit, Schnelligkeit und einfache Installation aus. Es wird zu einem unverzichtbaren Werkzeug, um die Fokussierung von SCT-Teleskopen unter anspruchsvollen Bedingungen zu optimieren.<\/p>","protected":false},"excerpt":{"rendered":"<p>Pegasus Astro FocusCube Zero : Moteur de Mise au Point \u00c9lectronique Avanc\u00e9 Le Pegasus Astro FocusCube Zero est un moteur de mise au point \u00e9lectronique avanc\u00e9, sp\u00e9cialement con\u00e7u pour les t\u00e9lescopes de type Schmidt-Cassegrain (SCT) ou RASA. Ce dispositif autonome offre une pr\u00e9cision exceptionnelle et une facilit\u00e9 d\u2019utilisation, r\u00e9pondant aux besoins des astrophotographes exigeants. Voici [&hellip;]<\/p>\n","protected":false},"featured_media":4201,"comment_status":"open","ping_status":"closed","template":"","meta":[],"product_brand":[517],"product_cat":[19,609,575],"product_tag":[],"class_list":{"0":"post-4202","1":"product","2":"type-product","3":"status-publish","4":"has-post-thumbnail","6":"product_brand-pegasus","7":"product_cat-accessoires","8":"product_cat-systeme-de-map-robotique","9":"product_cat-astrophotographie","11":"first","12":"on_supplier","13":"taxable","14":"shipping-taxable","15":"purchasable","16":"product-type-simple"},"_links":{"self":[{"href":"https:\/\/deep-space-astronomy.ch\/de\/wp-json\/wp\/v2\/product\/4202","targetHints":{"allow":["GET"]}}],"collection":[{"href":"https:\/\/deep-space-astronomy.ch\/de\/wp-json\/wp\/v2\/product"}],"about":[{"href":"https:\/\/deep-space-astronomy.ch\/de\/wp-json\/wp\/v2\/types\/product"}],"replies":[{"embeddable":true,"href":"https:\/\/deep-space-astronomy.ch\/de\/wp-json\/wp\/v2\/comments?post=4202"}],"wp:featuredmedia":[{"embeddable":true,"href":"https:\/\/deep-space-astronomy.ch\/de\/wp-json\/wp\/v2\/media\/4201"}],"wp:attachment":[{"href":"https:\/\/deep-space-astronomy.ch\/de\/wp-json\/wp\/v2\/media?parent=4202"}],"wp:term":[{"taxonomy":"product_brand","embeddable":true,"href":"https:\/\/deep-space-astronomy.ch\/de\/wp-json\/wp\/v2\/product_brand?post=4202"},{"taxonomy":"product_cat","embeddable":true,"href":"https:\/\/deep-space-astronomy.ch\/de\/wp-json\/wp\/v2\/product_cat?post=4202"},{"taxonomy":"product_tag","embeddable":true,"href":"https:\/\/deep-space-astronomy.ch\/de\/wp-json\/wp\/v2\/product_tag?post=4202"}],"curies":[{"name":"wp","href":"https:\/\/api.w.org\/{rel}","templated":true}]}}