{"id":4213,"date":"2025-03-06T21:26:18","date_gmt":"2025-03-06T20:26:18","guid":{"rendered":"https:\/\/deep-space-astronomy.geekworkers.dev\/produit\/pegasus-prodigy\/"},"modified":"2025-06-03T10:27:11","modified_gmt":"2025-06-03T08:27:11","slug":"pegasus-prodigy","status":"publish","type":"product","link":"https:\/\/deep-space-astronomy.ch\/de\/produkt\/pegasus-prodigy\/","title":{"rendered":"Pegasus Prodigy"},"content":{"rendered":"<h3>Pegasus Astro Prodigy Microfocuser : Motorisierter 3-Zoll-Okularhalter<\/h3>\n<p>Der Pegasus Astro Prodigy Microfocuser ist ein robuster, motorisierter 3-Zoll (76 mm)-Okularhalter, der f\u00fcr die pr\u00e4zise Fernsteuerung der Fokussierung von Teleskopen entwickelt wurde. Es folgt eine detaillierte Beschreibung seiner Merkmale und Funktionen :<\/p>\n<h4>Schl\u00fcsselfunktionen<\/h4>\n<h5>Innovatives mechanisches Design<\/h5>\n<ul>\n<li><strong>Ist weder ein Crayford noch eine Einweihungsparty :<\/strong> Ein einzigartiges Design, das eine hohe Belastbarkeit ohne Durchbiegung bietet.<\/li>\n<li><strong>Null Backlash :<\/strong> Dank des integrierten Schrittmotors, der eine fl\u00fcssige Fokussierung ohne mechanisches Spiel garantiert.<\/li>\n<\/ul>\n<h5>Erweiterte Konnektivit\u00e4t<\/h5>\n<ul>\n<li><strong>2 umschaltbare USB2-Anschl\u00fcsse :<\/strong> Zum Anschluss und zur Stromversorgung verschiedener Peripherieger\u00e4te.<\/li>\n<li><strong>2 umschaltbare 12V-Stromversorgungsausg\u00e4nge (je 4A max) :<\/strong> Bietet eine stabile Stromversorgung f\u00fcr zus\u00e4tzliche Ger\u00e4te.<\/li>\n<li><strong>RJ45-Erweiterungsport :<\/strong> F\u00fcr einen zuk\u00fcnftigen Handcontroller, der zus\u00e4tzliche Konnektivit\u00e4t bietet.<\/li>\n<\/ul>\n<h5>Anpassungsf\u00e4higkeit<\/h5>\n<ul>\n<li><strong>Einstellbare Rotation auf beiden Seiten :<\/strong> Erm\u00f6glicht eine einfache Installation, unabh\u00e4ngig von der Ausrichtung des Teleskops.<\/li>\n<li><strong>Kompatibel mit verschiedenen Teleskopen :<\/strong> Wie Celestron SCT Edge, GSO RC und mehr.<\/li>\n<li><strong>Spezifische Adapter erh\u00e4ltlich :<\/strong> F\u00fcr verschiedene Teleskopmodelle, wodurch eine umfassende Kompatibilit\u00e4t gew\u00e4hrleistet wird.<\/li>\n<\/ul>\n<h5>Software-Kontrolle<\/h5>\n<ul>\n<li><strong>Dedizierte Software f\u00fcr Windows :<\/strong> Gew\u00e4hrleistet eine umfassende Verwaltung der Fokussierung und der Einstellungen.<\/li>\n<li><strong>ASCOM- und INDI-kompatibel :<\/strong> Integration mit beliebten Automatisierungssystemen f\u00fcr die Astrofotografie.<\/li>\n<li><strong>Firmware-Aktualisierung \u00fcber USB :<\/strong> Einfache Aktualisierbarkeit, um das System mit den neuesten Funktionen auf dem neuesten Stand zu halten.<\/li>\n<\/ul>\n<h5>Zus\u00e4tzliche Funktionen<\/h5>\n<ul>\n<li><strong>Inklusive digitalem Temperatursensor :<\/strong> Erm\u00f6glicht das Verfolgen und Anpassen des Fokus an Temperaturschwankungen.<\/li>\n<li><strong>M\u00f6glichkeit, benutzerdefinierte Adapter zu erstellen :<\/strong> 3D-STEP-Datei verf\u00fcgbar, um ma\u00dfgeschneiderte Adapter herzustellen.<\/li>\n<\/ul>\n<h4>Vorteile f\u00fcr die Astrofotografie<\/h4>\n<ul>\n<li><strong>Au\u00dfergew\u00f6hnliche Genauigkeit :<\/strong> Erm\u00f6glicht einen hochpr\u00e4zisen Autofokus, ideal f\u00fcr hochwertige Bilder.<\/li>\n<li><strong>F\u00e4higkeit, schwere Lasten zu tragen, ohne sich zu verbiegen :<\/strong> Garantiert Stabilit\u00e4t auch bei schweren Ger\u00e4ten wie gek\u00fchlten CCD\/CMOS-Kameras.<\/li>\n<li><strong>Einfache Integration :<\/strong> Dank der integrierten USB- und Stromversorgungsanschl\u00fcsse l\u00e4sst er sich problemlos mit anderen Ger\u00e4ten integrieren.<\/li>\n<li><strong>Einstellbare Rotation :<\/strong> F\u00fcr eine optimale Positionierung der Kamera, die den Bildausschnitt Ihrer Fotos verbessert.<\/li>\n<\/ul>\n<p>Die <strong>Pegasus Astro Prodigy Microfocuser<\/strong> zeichnet sich durch seine Robustheit, Genauigkeit und Vielseitigkeit aus und macht es zu einem wichtigen Werkzeug f\u00fcr anspruchsvolle Astrofotografen, die ihre Bildsitzungen optimieren m\u00f6chten.<\/p>","protected":false},"excerpt":{"rendered":"<p>Pegasus Astro Prodigy Microfocuser : Porte-Oculaire Motoris\u00e9 de 3 Pouces Le Pegasus Astro Prodigy Microfocuser est un porte-oculaire motoris\u00e9 robuste de 3 pouces (76 mm) con\u00e7u pour un contr\u00f4le pr\u00e9cis et \u00e0 distance de la mise au point des t\u00e9lescopes. Voici une description d\u00e9taill\u00e9e de ses caract\u00e9ristiques et fonctionnalit\u00e9s : Fonctionnalit\u00e9s cl\u00e9s Conception m\u00e9canique innovante [&hellip;]<\/p>\n","protected":false},"featured_media":4209,"comment_status":"open","ping_status":"closed","template":"","meta":[],"product_brand":[517],"product_cat":[19,609,575],"product_tag":[],"class_list":{"0":"post-4213","1":"product","2":"type-product","3":"status-publish","4":"has-post-thumbnail","6":"product_brand-pegasus","7":"product_cat-accessoires","8":"product_cat-systeme-de-map-robotique","9":"product_cat-astrophotographie","11":"first","12":"on_supplier","13":"taxable","14":"shipping-taxable","15":"purchasable","16":"product-type-simple"},"_links":{"self":[{"href":"https:\/\/deep-space-astronomy.ch\/de\/wp-json\/wp\/v2\/product\/4213","targetHints":{"allow":["GET"]}}],"collection":[{"href":"https:\/\/deep-space-astronomy.ch\/de\/wp-json\/wp\/v2\/product"}],"about":[{"href":"https:\/\/deep-space-astronomy.ch\/de\/wp-json\/wp\/v2\/types\/product"}],"replies":[{"embeddable":true,"href":"https:\/\/deep-space-astronomy.ch\/de\/wp-json\/wp\/v2\/comments?post=4213"}],"wp:featuredmedia":[{"embeddable":true,"href":"https:\/\/deep-space-astronomy.ch\/de\/wp-json\/wp\/v2\/media\/4209"}],"wp:attachment":[{"href":"https:\/\/deep-space-astronomy.ch\/de\/wp-json\/wp\/v2\/media?parent=4213"}],"wp:term":[{"taxonomy":"product_brand","embeddable":true,"href":"https:\/\/deep-space-astronomy.ch\/de\/wp-json\/wp\/v2\/product_brand?post=4213"},{"taxonomy":"product_cat","embeddable":true,"href":"https:\/\/deep-space-astronomy.ch\/de\/wp-json\/wp\/v2\/product_cat?post=4213"},{"taxonomy":"product_tag","embeddable":true,"href":"https:\/\/deep-space-astronomy.ch\/de\/wp-json\/wp\/v2\/product_tag?post=4213"}],"curies":[{"name":"wp","href":"https:\/\/api.w.org\/{rel}","templated":true}]}}