{"id":4249,"date":"2025-03-06T21:30:46","date_gmt":"2025-03-06T20:30:46","guid":{"rendered":"https:\/\/deep-space-astronomy.geekworkers.dev\/produit\/esatto-2-lp\/"},"modified":"2025-06-03T10:27:11","modified_gmt":"2025-06-03T08:27:11","slug":"esatto-2-lp","status":"publish","type":"product","link":"https:\/\/deep-space-astronomy.ch\/de\/produkt\/esatto-2-lp\/","title":{"rendered":"ESATTO 2\u2033 LP"},"content":{"rendered":"<h3>ESATTO 2\" LP (Low Profile) von PrimaLuceLab: Ultra-kompakter robotergest\u00fctzter Mikrofokussierer<\/h3>\n<p>Der ESATTO 2\" LP (Low Profile) von PrimaLuceLab ist ein ultrakompakter robotergest\u00fctzter Mikrofokussierer, der speziell f\u00fcr Teleskope entwickelt wurde, die einen geringen Backfokus ben\u00f6tigen. Mit einer Dicke von nur 32 mm bietet er eine au\u00dfergew\u00f6hnliche Pr\u00e4zisionsleistung und eignet sich gleichzeitig perfekt f\u00fcr anspruchsvolle Konfigurationen wie Celestron EdgeHD 8\"-Teleskope oder schnelle Astrographen.<\/p>\n<h4>Erweiterte technische Eigenschaften<\/h4>\n<ul>\n<li><strong>Au\u00dfergew\u00f6hnliche Genauigkeit :<\/strong> Aufl\u00f6sung von 0,03 Mikron pro Schritt, was eine extrem feine Fokussierung erm\u00f6glicht.<\/li>\n<li><strong>Hohe Belastbarkeit :<\/strong> Tr\u00e4gt bis zu 5 kg, ideal f\u00fcr schwere Konfigurationen, die gek\u00fchlte Kameras, Filterr\u00e4der und anderes Zubeh\u00f6r beinhalten.<\/li>\n<li><strong>Brennweite :<\/strong> 10 mm, die ausreicht, um den Fokus in komplexen optischen Systemen pr\u00e4zise einzustellen.<\/li>\n<li><strong>Freie \u00d6ffnung :<\/strong> Innendurchmesser von 50,9 mm, optimiert f\u00fcr moderne Gro\u00dfformatsensoren.<\/li>\n<\/ul>\n<h4>Optimierter Backfocus<\/h4>\n<ul>\n<li>Mit einer minimalen Dicke von nur 32 mm wurde der ESATTO 2\" LP f\u00fcr Teleskope mit geringem Backfocus entwickelt. Dieses Design erm\u00f6glicht eine nahtlose Integration, ohne die Tasten f\u00fcr die Spiegelsperre oder den manuellen Fokus bei Instrumenten wie dem Celestron EdgeHD 8\" zu beeintr\u00e4chtigen.<\/li>\n<li>Die geringe Dicke gew\u00e4hrleistet die Kompatibilit\u00e4t mit Konfigurationen, bei denen der Platz kritisch ist, wie z. B. bei schnellen Astrographen oder kurzen Refraktoren.<\/li>\n<\/ul>\n<h4>Konnektivit\u00e4t und Kontrolle<\/h4>\n<ul>\n<li><strong>Robuster USB-C-Anschluss :<\/strong> Erm\u00f6glicht eine zuverl\u00e4ssige Verbindung mit einem Windows-Computer oder dem EAGLE-System. Die Stromversorgung kann nur \u00fcber USB-C erfolgen (bei Bedarf sind auch 12V verf\u00fcgbar).<\/li>\n<li><strong>Integriertes WiFi :<\/strong> Drahtlose Steuerung \u00fcber die Virtual HandPad App auf dem Smartphone oder Tablet.<\/li>\n<li><strong>ARCO-Kompatibilit\u00e4t :<\/strong> Eigener Port zum Anschluss des ARCO-Rotators\/Detrotors ohne zus\u00e4tzliche Kabel.<\/li>\n<li><strong>Kompatibel mit der PLAY-Software und ASCOM-Treibern :<\/strong> Bietet eine zentralisierte und automatisierte Kontrolle.<\/li>\n<\/ul>\n<h4>Robustes, vielseitiges Design<\/h4>\n<ul>\n<li>Hergestellt aus hochwertigen Materialien, um geringes Gewicht (730 g) und Langlebigkeit zu gew\u00e4hrleisten.<\/li>\n<li>Ausgestattet mit einem Anschluss f\u00fcr einen Temperatursensor, um den Fokus automatisch an die n\u00e4chtlichen Temperaturschwankungen anzupassen.<\/li>\n<li>Dimmbare LED, um Lichtverschmutzung w\u00e4hrend der Beobachtung zu vermeiden.<\/li>\n<\/ul>\n<h4>In the Box<\/h4>\n<ul>\n<li>Der ESATTO 2\" LP Mikrofokussierer<\/li>\n<li>Ein robustes USB-C-Kabel<\/li>\n<li>Ein ausf\u00fchrliches Benutzerhandbuch<\/li>\n<\/ul>\n<p>Spezielle Adapter (Teleskop oder Kamera) sind separat erh\u00e4ltlich, um den besonderen Anforderungen Ihres Setups gerecht zu werden.<\/p>\n<h4>Unterscheidende Besonderheiten<\/h4>\n<ul>\n<li>Ultrad\u00fcnnes Profil (32 mm dick), perfekt f\u00fcr Teleskope mit geringem Backfocus.<\/li>\n<li>Au\u00dfergew\u00f6hnliche mikrometrische Aufl\u00f6sung (0,03 Mikron\/Schritt).<\/li>\n<li>Robuste Nutzlast (5 kg) mit 50,9 mm freier \u00d6ffnung.<\/li>\n<li>Erweiterte Integration \u00fcber USB-C, WiFi und ARCO-Kompatibilit\u00e4t.<\/li>\n<li>Optimiertes Design f\u00fcr schnelle Astrographen und Teleskope wie das Celestron EdgeHD 8\".<\/li>\n<\/ul>\n<h4>Schlussfolgerung<\/h4>\n<p>Der ESATTO 2\" LP ist die ideale L\u00f6sung, um die Leistung von Instrumenten, die einen geringen Backfocus ben\u00f6tigen, zu maximieren und gleichzeitig un\u00fcbertroffene Genauigkeit und Flexibilit\u00e4t f\u00fcr Ihre fortschrittlichen Astrofotografieprojekte zu bieten.<\/p>","protected":false},"excerpt":{"rendered":"<p>ESATTO 2\u201d LP (Low Profile) de PrimaLuceLab : Microfocuser Robotis\u00e9 Ultra-Compact Le ESATTO 2\u201d LP (Low Profile) de PrimaLuceLab est un microfocuser robotis\u00e9 ultra-compact, sp\u00e9cialement con\u00e7u pour les t\u00e9lescopes n\u00e9cessitant un faible backfocus. Avec seulement 32 mm d\u2019\u00e9paisseur, il offre des performances de pr\u00e9cision exceptionnelles tout en s\u2019adaptant parfaitement aux configurations exigeantes, comme les t\u00e9lescopes [&hellip;]<\/p>\n","protected":false},"featured_media":4247,"comment_status":"open","ping_status":"closed","template":"","meta":[],"product_brand":[594],"product_cat":[19,609,575],"product_tag":[],"class_list":{"0":"post-4249","1":"product","2":"type-product","3":"status-publish","4":"has-post-thumbnail","6":"product_brand-primalucelab","7":"product_cat-accessoires","8":"product_cat-systeme-de-map-robotique","9":"product_cat-astrophotographie","11":"first","12":"on_supplier","13":"taxable","14":"shipping-taxable","15":"purchasable","16":"product-type-simple"},"_links":{"self":[{"href":"https:\/\/deep-space-astronomy.ch\/de\/wp-json\/wp\/v2\/product\/4249","targetHints":{"allow":["GET"]}}],"collection":[{"href":"https:\/\/deep-space-astronomy.ch\/de\/wp-json\/wp\/v2\/product"}],"about":[{"href":"https:\/\/deep-space-astronomy.ch\/de\/wp-json\/wp\/v2\/types\/product"}],"replies":[{"embeddable":true,"href":"https:\/\/deep-space-astronomy.ch\/de\/wp-json\/wp\/v2\/comments?post=4249"}],"wp:featuredmedia":[{"embeddable":true,"href":"https:\/\/deep-space-astronomy.ch\/de\/wp-json\/wp\/v2\/media\/4247"}],"wp:attachment":[{"href":"https:\/\/deep-space-astronomy.ch\/de\/wp-json\/wp\/v2\/media?parent=4249"}],"wp:term":[{"taxonomy":"product_brand","embeddable":true,"href":"https:\/\/deep-space-astronomy.ch\/de\/wp-json\/wp\/v2\/product_brand?post=4249"},{"taxonomy":"product_cat","embeddable":true,"href":"https:\/\/deep-space-astronomy.ch\/de\/wp-json\/wp\/v2\/product_cat?post=4249"},{"taxonomy":"product_tag","embeddable":true,"href":"https:\/\/deep-space-astronomy.ch\/de\/wp-json\/wp\/v2\/product_tag?post=4249"}],"curies":[{"name":"wp","href":"https:\/\/api.w.org\/{rel}","templated":true}]}}