{"id":4258,"date":"2025-03-06T21:31:50","date_gmt":"2025-03-06T20:31:50","guid":{"rendered":"https:\/\/deep-space-astronomy.geekworkers.dev\/produit\/esatto-3-5-lp\/"},"modified":"2025-06-03T10:27:19","modified_gmt":"2025-06-03T08:27:19","slug":"esatto-3-5-lp","status":"publish","type":"product","link":"https:\/\/deep-space-astronomy.ch\/de\/produkt\/esatto-3-5-lp\/","title":{"rendered":"ESATTO 3.5\u2033 LP"},"content":{"rendered":"<h3>ESATTO 3.5\" LP (Low Profile) von PrimaLuceLab: Robotischer Mikrofokussierer<\/h3>\n<p>Der ESATTO 3,5\" LP (Low Profile) von PrimaLuceLab ist ein robotergesteuerter Mikrofokussierer, der f\u00fcr astrofotografische Konfigurationen entwickelt wurde, die einen geringen Backfokus erfordern. Mit einer Dicke von nur 32 mm vereint er h\u00f6chste Pr\u00e4zision, beeindruckende Belastbarkeit und umfassende Kompatibilit\u00e4t und macht ihn zu einem unverzichtbaren Werkzeug f\u00fcr schnelle Astrografen und Teleskope mit begrenztem Backfokus.<\/p>\n<h4>Erweiterte technische Eigenschaften<\/h4>\n<ul>\n<li><strong>Au\u00dfergew\u00f6hnliche Genauigkeit :<\/strong> Aufl\u00f6sung von 0,01 Mikron pro Schritt, bietet eine ultrafeine Anpassung f\u00fcr gestochen scharfe Bilder.<\/li>\n<li><strong>Tragf\u00e4higkeit :<\/strong> Tr\u00e4gt bis zu 10 kg, ideal f\u00fcr gek\u00fchlte Kameras, Filterr\u00e4der und schweres Zubeh\u00f6r.<\/li>\n<li><strong>Brennweite :<\/strong> 10 mm und erm\u00f6glicht pr\u00e4zise Anpassungen in komplexen optischen Systemen.<\/li>\n<li><strong>Freie \u00d6ffnung :<\/strong> Innendurchmesser von 90 mm, optimiert f\u00fcr gro\u00dfformatige Sensoren und Instrumente mit gro\u00dfem Messfeld.<\/li>\n<\/ul>\n<h4>Optimierter Backfocus<\/h4>\n<ul>\n<li><strong>Optische Mindestdicke :<\/strong> Nur 32 mm, was ihn zu einem der d\u00fcnnsten Fokussierer auf dem Markt macht. Dieses Design ist ideal f\u00fcr Teleskope mit begrenztem Backfocus, wie z. B. schnelle Astrographen.<\/li>\n<li>Dank der geringen Dicke l\u00e4sst sich der Focuser leicht in Konfigurationen integrieren, bei denen es auf jeden Millimeter ankommt, w\u00e4hrend gleichzeitig eine optimale mechanische Stabilit\u00e4t erhalten bleibt.<\/li>\n<\/ul>\n<h4>Mechanische Schnittstellen<\/h4>\n<p><strong>Eingangsschnittstelle (Teleskopseite) :<\/strong><\/p>\n<ul>\n<li>Das ESATTO 3.5\" LP verwendet eine anpassbare Schnittstelle mit verf\u00fcgbaren spezifischen Adaptern, die an eine Vielzahl von Teleskopen passen, wie z. B. Refraktoren, Newtonsche oder Astrographen. Wenn kein Standardadapter passt, bietet PrimaLuceLab einen Sonderanfertigungsservice an.<\/li>\n<\/ul>\n<p><strong>Ausgabeschnittstelle (Zubeh\u00f6rseite) :<\/strong><\/p>\n<ul>\n<li>Standard M98x1-Innengewinde zum direkten Anschluss von DSLR-\/Mirrorless- oder gek\u00fchlten CCD\/CMOS-Kameras.<\/li>\n<li>Optionale Adapter mit Klemmring erm\u00f6glichen es, die Kamera in einem bestimmten Winkel zu arretieren, um einen optimalen Bildausschnitt zu erhalten.<\/li>\n<li>Native Integration mit dem ARCO 3\"-Rotator, wodurch das Feld ohne zus\u00e4tzliche Kabel gedreht oder derotiert werden kann.<\/li>\n<\/ul>\n<h4>Konnektivit\u00e4t und Kontrolle<\/h4>\n<ul>\n<li><strong>Robuster USB-C-Anschluss :<\/strong> Erm\u00f6glicht eine zuverl\u00e4ssige Verbindung mit einem Windows-Computer oder dem EAGLE-System. Strom und Steuerung laufen \u00fcber ein einziges Kabel.<\/li>\n<li><strong>Integriertes WiFi :<\/strong> Drahtlose Steuerung \u00fcber die Virtual HandPad App auf Smartphone, Tablet oder Computer.<\/li>\n<li><strong>Kompatible Software :<\/strong> Arbeitet mit der PLAY-Software und ASCOM-Treibern und erm\u00f6glicht so eine zentrale und automatisierte Verwaltung.<\/li>\n<\/ul>\n<h4>Robustes, vielseitiges Design<\/h4>\n<ul>\n<li>Hergestellt aus hochwertigen Materialien, um Haltbarkeit und geringes Gewicht zu gew\u00e4hrleisten (Gesamtgewicht: 1150 g).<\/li>\n<li>Ausgestattet mit einem Anschluss f\u00fcr einen Temperatursensor, um den Fokus automatisch an die n\u00e4chtlichen Temperaturschwankungen anzupassen.<\/li>\n<li>Dimmbare LED, um Lichtverschmutzung w\u00e4hrend der Beobachtung zu vermeiden.<\/li>\n<\/ul>\n<h4>In the Box<\/h4>\n<ul>\n<li>Der ESATTO 3.5\" LP Mikrofokussierer<\/li>\n<li>Ein robustes USB-C-Kabel<\/li>\n<li>Ein ausf\u00fchrliches Benutzerhandbuch<\/li>\n<\/ul>\n<p>Spezielle Adapter (Teleskop oder Kamera) sind separat erh\u00e4ltlich, um den besonderen Anforderungen Ihres Setups gerecht zu werden.<\/p>\n<h4>Unterscheidende Besonderheiten<\/h4>\n<ul>\n<li>Ultrad\u00fcnnes Profil (32 mm dick), perfekt f\u00fcr Teleskope mit geringem Backfocus.<\/li>\n<li>Au\u00dfergew\u00f6hnliche mikrometrische Aufl\u00f6sung (0,01 Mikron\/Schritt).<\/li>\n<li>Robuste Nutzlast (10 kg) mit 90 mm freier \u00d6ffnung.<\/li>\n<li>Flexible mechanische Schnittstellen: M98x1-Innengewinde auf der Kameraseite und anpassbare Adapter auf der Teleskopseite.<\/li>\n<li>Erweiterte Integration \u00fcber USB-C, WiFi und ARCO-Kompatibilit\u00e4t.<\/li>\n<\/ul>\n<h4>Schlussfolgerung<\/h4>\n<p>Der ESATTO 3.5\" LP ist die ideale L\u00f6sung, um die Leistung von Instrumenten zu maximieren, die einen geringen Backfocus ben\u00f6tigen, und bietet gleichzeitig un\u00fcbertroffene Genauigkeit und maximale Flexibilit\u00e4t f\u00fcr Ihre fortschrittlichen Astrofotografie-Projekte.<\/p>","protected":false},"excerpt":{"rendered":"<p>ESATTO 3.5\u201d LP (Low Profile) de PrimaLuceLab : Microfocuser Robotis\u00e9 Le ESATTO 3.5\u201d LP (Low Profile) de PrimaLuceLab est un microfocuser robotis\u00e9 con\u00e7u pour les configurations astrophotographiques n\u00e9cessitant un faible backfocus. Avec une \u00e9paisseur de seulement 32 mm, il combine une pr\u00e9cision extr\u00eame, une capacit\u00e9 de charge impressionnante et une compatibilit\u00e9 \u00e9tendue, en faisant un [&hellip;]<\/p>\n","protected":false},"featured_media":4254,"comment_status":"open","ping_status":"closed","template":"","meta":[],"product_brand":[594],"product_cat":[19,609,575],"product_tag":[],"class_list":{"0":"post-4258","1":"product","2":"type-product","3":"status-publish","4":"has-post-thumbnail","6":"product_brand-primalucelab","7":"product_cat-accessoires","8":"product_cat-systeme-de-map-robotique","9":"product_cat-astrophotographie","11":"first","12":"on_supplier","13":"taxable","14":"shipping-taxable","15":"purchasable","16":"product-type-simple"},"_links":{"self":[{"href":"https:\/\/deep-space-astronomy.ch\/de\/wp-json\/wp\/v2\/product\/4258","targetHints":{"allow":["GET"]}}],"collection":[{"href":"https:\/\/deep-space-astronomy.ch\/de\/wp-json\/wp\/v2\/product"}],"about":[{"href":"https:\/\/deep-space-astronomy.ch\/de\/wp-json\/wp\/v2\/types\/product"}],"replies":[{"embeddable":true,"href":"https:\/\/deep-space-astronomy.ch\/de\/wp-json\/wp\/v2\/comments?post=4258"}],"wp:featuredmedia":[{"embeddable":true,"href":"https:\/\/deep-space-astronomy.ch\/de\/wp-json\/wp\/v2\/media\/4254"}],"wp:attachment":[{"href":"https:\/\/deep-space-astronomy.ch\/de\/wp-json\/wp\/v2\/media?parent=4258"}],"wp:term":[{"taxonomy":"product_brand","embeddable":true,"href":"https:\/\/deep-space-astronomy.ch\/de\/wp-json\/wp\/v2\/product_brand?post=4258"},{"taxonomy":"product_cat","embeddable":true,"href":"https:\/\/deep-space-astronomy.ch\/de\/wp-json\/wp\/v2\/product_cat?post=4258"},{"taxonomy":"product_tag","embeddable":true,"href":"https:\/\/deep-space-astronomy.ch\/de\/wp-json\/wp\/v2\/product_tag?post=4258"}],"curies":[{"name":"wp","href":"https:\/\/api.w.org\/{rel}","templated":true}]}}