{"id":4269,"date":"2025-03-06T21:33:05","date_gmt":"2025-03-06T20:33:05","guid":{"rendered":"https:\/\/deep-space-astronomy.geekworkers.dev\/produit\/sesto-senso-2\/"},"modified":"2025-11-08T10:43:17","modified_gmt":"2025-11-08T09:43:17","slug":"sesto-senso-2","status":"publish","type":"product","link":"https:\/\/deep-space-astronomy.ch\/de\/produkt\/sesto-senso-2\/","title":{"rendered":"SESTO SENSO 2"},"content":{"rendered":"<h3>SESTO SENSO 2 von PrimaLuceLab: Advanced Electronic Focusing Engine (Erweiterte elektronische Fokussierungsmaschine)<\/h3>\n<p>Der SESTO SENSO 2 von PrimaLuceLab ist ein fortschrittlicher, kompakter und pr\u00e4ziser elektrischer Fokussiermotor, der zur Automatisierung der Fokussierung an einer Vielzahl von Teleskopen entwickelt wurde. Mit seinem integrierten Design, seinen modernen Funktionen und seiner umfassenden Kompatibilit\u00e4t ist er ideal f\u00fcr die Astrofotografie und die visuelle Beobachtung.<\/p>\n<h4>Erweiterte technische Eigenschaften<\/h4>\n<ul>\n<li><strong>Au\u00dfergew\u00f6hnliche Genauigkeit :<\/strong> Dank seines Schrittmotors erreicht das SESTO SENSO 2 eine Fokussierungsgenauigkeit von 0,7 Mikron pro Schritt, was ultrafeine Anpassungen garantiert.<\/li>\n<li><strong>Kompaktes Design :<\/strong> Geringe Abmessungen (87,5 x 64 x 43 mm) integriert Antrieb, Elektronik und WiFi in einem einzigen Geh\u00e4use.<\/li>\n<li><strong>Ohne Vibrationen :<\/strong> Der fortschrittliche Motor sorgt f\u00fcr eine reibungslose, vibrationsfreie Fokussierung, die f\u00fcr lange Astrofotografie-Belichtungen unerl\u00e4sslich ist.<\/li>\n<li><strong>Thermische Kontrolle :<\/strong> Kompatibel mit einem Temperatursensor (optional) zum automatischen Ausgleich von Temperaturschwankungen, die sich auf den Fokus auswirken.<\/li>\n<\/ul>\n<h4>Mechanische Schnittstellen<\/h4>\n<p><strong>Eingangsschnittstelle (Teleskopseite) :<\/strong><\/p>\n<ul>\n<li>Das SESTO SENSO 2 verwendet die Self Centering Clamp (SCC) Technologie, eine selbstzentrierende Klemme, die eine direkte Montage an den meisten auf dem Markt erh\u00e4ltlichen Okularhaltern erm\u00f6glicht, ohne dass externe Halterungen erforderlich sind.<\/li>\n<li>Kompatibel mit Fokussierern beliebter Marken wie Sky-Watcher, TS-Optics, Takahashi oder GSO. F\u00fcr spezielle Konfigurationen sind optionale Adapter erh\u00e4ltlich.<\/li>\n<\/ul>\n<p><strong>Ausgabeschnittstelle (Zubeh\u00f6rseite) :<\/strong><\/p>\n<ul>\n<li>Der SESTO SENSO 2 ist so konzipiert, dass er \u00fcber einen eigenen Anschluss direkt mit dem ARCO Rotator\/Deterator integriert werden kann. Diese kurze und direkte Verbindung gew\u00e4hrleistet eine perfekte Synchronisation zwischen den beiden Ger\u00e4ten f\u00fcr pr\u00e4zise Rotationen.<\/li>\n<\/ul>\n<h4>Konnektivit\u00e4t und Kontrolle<\/h4>\n<ul>\n<li><strong>Robuster USB-C-Anschluss :<\/strong> Erm\u00f6glicht eine zuverl\u00e4ssige Verbindung mit einem Windows-Computer oder dem EAGLE-System. Das mitgelieferte USB-C-Kabel ist beidseitig verwendbar und erleichtert das Anschlie\u00dfen im Dunkeln.<\/li>\n<li><strong>Integriertes WiFi :<\/strong> Drahtlose Steuerung \u00fcber das Virtual HandPad auf dem Smartphone oder Tablet. WiFi funktioniert auch, wenn der SESTO SENSO 2 gleichzeitig mit einem Computer verbunden ist.<\/li>\n<li><strong>Kompatible Software :<\/strong> Funktioniert mit der FOCUSER Manager-Software, dem ASCOM-Treiber und der PLAY-Software f\u00fcr eine zentrale und intuitive Verwaltung.<\/li>\n<\/ul>\n<h4>Zus\u00e4tzliche Funktionen<\/h4>\n<ul>\n<li><strong>Parametrisierbare LEDs :<\/strong> Die Kontrollleuchten k\u00f6nnen in der Helligkeit angepasst oder ausgeschaltet werden, um eine Lichtverschmutzung w\u00e4hrend der Beobachtung zu vermeiden.<\/li>\n<li><strong>Praktische Voreinstellungen :<\/strong> M\u00f6glichkeit, vorbestimmte Positionen zu speichern, um schnelle Anpassungen zwischen verschiedenen optischen Konfigurationen zu erleichtern.<\/li>\n<li><strong>Manuelle Verwendung m\u00f6glich :<\/strong> Der Fokussierer kann manuell bedient werden, ohne dass der SESTO SENSO 2 ausgekuppelt werden muss.<\/li>\n<\/ul>\n<h4>In the Box<\/h4>\n<ul>\n<li>Der SESTO SENSO 2-Motor<\/li>\n<li>Ein Kabel von USB-C auf Standard-USB<\/li>\n<li>Ein Stromkabel f\u00fcr 12V DC (Typ Zigarettenanz\u00fcnder)<\/li>\n<li>Sechskantschl\u00fcssel f\u00fcr die Installation<\/li>\n<li>Sechs farblich passende Ringe, um das Aussehen des Motors individuell zu gestalten<\/li>\n<\/ul>\n<h4>Unterscheidende Besonderheiten<\/h4>\n<ul>\n<li>Mikrometergenauigkeit (0,7 Mikron pro Schritt)<\/li>\n<li>Kompaktes, integriertes Design (87,5 x 64 x 43 mm)<\/li>\n<li>SCC-Technologie f\u00fcr eine universelle Installation ohne externe Halterungen<\/li>\n<li>Erweiterte Konnektivit\u00e4t \u00fcber USB-C und integriertes WiFi<\/li>\n<li>Native Integration mit dem ARCO-Rotator f\u00fcr erweiterte Konfigurationen<\/li>\n<\/ul>\n<h4>Schlussfolgerung<\/h4>\n<p>Das SESTO SENSO 2 ist eine vielseitige und leistungsstarke L\u00f6sung, die das Scharfstellen vereinfacht und gleichzeitig h\u00f6chste Pr\u00e4zision gew\u00e4hrleistet. Ob f\u00fcr die Astrofotografie oder die visuelle Beobachtung, es passt sich perfekt an die Bed\u00fcrfnisse moderner Astronomen an.<\/p>","protected":false},"excerpt":{"rendered":"<p>SESTO SENSO 2 de PrimaLuceLab : Moteur de Mise au Point \u00c9lectronique Avanc\u00e9 Le SESTO SENSO 2 de PrimaLuceLab est un moteur de mise au point \u00e9lectrique avanc\u00e9, compact et pr\u00e9cis, con\u00e7u pour automatiser la mise au point sur une large gamme de t\u00e9lescopes. Avec son design int\u00e9gr\u00e9, ses fonctionnalit\u00e9s modernes et sa compatibilit\u00e9 \u00e9tendue, [&hellip;]<\/p>\n","protected":false},"featured_media":4264,"comment_status":"open","ping_status":"closed","template":"","meta":[],"product_brand":[594],"product_cat":[19,609,575],"product_tag":[],"class_list":{"0":"post-4269","1":"product","2":"type-product","3":"status-publish","4":"has-post-thumbnail","6":"product_brand-primalucelab","7":"product_cat-accessoires","8":"product_cat-systeme-de-map-robotique","9":"product_cat-astrophotographie","11":"first","12":"outofstock","13":"taxable","14":"shipping-taxable","15":"purchasable","16":"product-type-simple"},"_links":{"self":[{"href":"https:\/\/deep-space-astronomy.ch\/de\/wp-json\/wp\/v2\/product\/4269","targetHints":{"allow":["GET"]}}],"collection":[{"href":"https:\/\/deep-space-astronomy.ch\/de\/wp-json\/wp\/v2\/product"}],"about":[{"href":"https:\/\/deep-space-astronomy.ch\/de\/wp-json\/wp\/v2\/types\/product"}],"replies":[{"embeddable":true,"href":"https:\/\/deep-space-astronomy.ch\/de\/wp-json\/wp\/v2\/comments?post=4269"}],"wp:featuredmedia":[{"embeddable":true,"href":"https:\/\/deep-space-astronomy.ch\/de\/wp-json\/wp\/v2\/media\/4264"}],"wp:attachment":[{"href":"https:\/\/deep-space-astronomy.ch\/de\/wp-json\/wp\/v2\/media?parent=4269"}],"wp:term":[{"taxonomy":"product_brand","embeddable":true,"href":"https:\/\/deep-space-astronomy.ch\/de\/wp-json\/wp\/v2\/product_brand?post=4269"},{"taxonomy":"product_cat","embeddable":true,"href":"https:\/\/deep-space-astronomy.ch\/de\/wp-json\/wp\/v2\/product_cat?post=4269"},{"taxonomy":"product_tag","embeddable":true,"href":"https:\/\/deep-space-astronomy.ch\/de\/wp-json\/wp\/v2\/product_tag?post=4269"}],"curies":[{"name":"wp","href":"https:\/\/api.w.org\/{rel}","templated":true}]}}