{"id":4331,"date":"2025-03-06T09:00:30","date_gmt":"2025-03-06T08:00:30","guid":{"rendered":"https:\/\/deep-space-astronomy.geekworkers.dev\/produit\/falcon-rotator-v2\/"},"modified":"2026-05-06T12:05:48","modified_gmt":"2026-05-06T10:05:48","slug":"falcon-rotator-v2","status":"publish","type":"product","link":"https:\/\/deep-space-astronomy.ch\/de\/produkt\/falcon-rotator-v2\/","title":{"rendered":"Falcon Rotator V2"},"content":{"rendered":"<h3>Pegasus Falcon Rotator V2: Motorisierter Feldrotator f\u00fcr Astrofotografie<\/h3>\n<p>Der Pegasus Falcon Rotator V2 ist ein technisches Juwel, das entwickelt wurde, um die Anforderungen moderner Astrofotografen zu erf\u00fcllen. Dieser motorisierte Feldrotator, der speziell f\u00fcr Kameras mit gro\u00dfer Blende (M68) geeignet ist, zeichnet sich durch seine au\u00dfergew\u00f6hnliche Pr\u00e4zision, sein kompaktes Design und seine fortschrittlichen Funktionen aus. Hier finden Sie eine detaillierte Beschreibung dieses ausgekl\u00fcgelten Ger\u00e4ts.<\/p>\n<h4>Technische Daten und Funktionen<\/h4>\n<h5>Design und Materialien<\/h5>\n<ul>\n<li><strong>Kompakte und leichte Struktur :<\/strong> Der Falcon Rotator V2 weist ein ultrad\u00fcnnes Profil mit einer Backfocus-Dicke von nur 15,5 mm auf. Dieses minimalistische Design reduziert den Platzbedarf und optimiert gleichzeitig die optische Leistung.<\/li>\n<li><strong>Robustes Material :<\/strong> Hergestellt aus eloxiertem Aluminium, garantiert es eine lange Haltbarkeit und ist mit einem Gewicht von ca. 700 g dennoch leicht.<\/li>\n<li><strong>\u00d6ffnungen M68 :<\/strong> Beide Seiten des Rotators sind mit M68 x 1 mm-Gewinden ausgestattet, die die Kompatibilit\u00e4t mit gro\u00dfen optischen Ger\u00e4ten erm\u00f6glichen und gleichzeitig Vignettierungen verhindern.<\/li>\n<\/ul>\n<h5>Pr\u00e4zision und Leistung<\/h5>\n<ul>\n<li><strong>Spielarmer Schrittmotor :<\/strong> Ausgestattet mit einem leistungsstarken Motor mit Getriebereduktion bietet der Falcon V2 eine pr\u00e4zise Rotation mit einer perfekten Verriegelung in jeder Winkelposition. Die Mechanik sorgt daf\u00fcr, dass selbst bei hohen Belastungen kaum eine Durchbiegung stattfindet.<\/li>\n<li><strong>Winkelgenauigkeit :<\/strong> Das System erm\u00f6glicht eine extrem feine Justierung mit bis zu 32 Mikroschritten pro Winkelgrad - ideal, um Ihren Sensor pr\u00e4zise auf komplexe Himmelsobjekte wie die Plejaden (M45) auszurichten.<\/li>\n<li><strong>Hohe Nutzlast :<\/strong> Er wurde auf die Unterst\u00fctzung von Bildgebungskonfigurationen von bis zu 6 kg (13 lb) getestet und passt sich perfekt an schwere optische Z\u00fcge an, ohne die Stabilit\u00e4t zu beeintr\u00e4chtigen.<\/li>\n<\/ul>\n<h5>Konnektivit\u00e4t und Kontrolle<\/h5>\n<ul>\n<li><strong>Universal USB-C :<\/strong> F\u00fcr die Stromversorgung und die Daten\u00fcbertragung ist nur ein einziges USB-C-Kabel erforderlich, wodurch die Einrichtung des Teleskops erheblich vereinfacht wird.<\/li>\n<li><strong>Wi-Fi-Kompatibilit\u00e4t :<\/strong> Die Fernsteuerung \u00fcber Smartphone oder Tablet ist dank der integrierten drahtlosen Konnektivit\u00e4t m\u00f6glich und bietet mehr Flexibilit\u00e4t bei Beobachtungssitzungen.<\/li>\n<li><strong>Unterst\u00fctzte Software :<\/strong> Der Rotator ist mit den klassischen ASCOM-Treibern, den nativen ASCOM Alpaca-Treibern und der Unity Platform-Software kompatibel. Diese Tools erm\u00f6glichen eine reibungslose und pr\u00e4zise Automatisierung der Ausrichtung des Kamerafelds.<\/li>\n<\/ul>\n<h5>Erweiterte Funktionen<\/h5>\n<ul>\n<li><strong>Ausnahmeregelung f\u00fcr Alt-Azimutale Fassungen :<\/strong> Durch integrierte Berechnungen, die den Breitengrad des Beobachters und die Himmelskoordinaten (H\u00f6he\/Azimut) ber\u00fccksichtigen, kann der Falcon V2 die Felddrehung bei Alt-Az-Montierungen korrigieren, wodurch lang belichtete Bilder ohne \u00e4quatoriale Montierung m\u00f6glich werden.<\/li>\n<li><strong>Intelligentes Kabelmanagement :<\/strong> Die Drehung ist auf 220\u00b0 im Uhrzeigersinn begrenzt, um ein versehentliches Verdrehen oder Trennen der Verbindung zu verhindern. Bei \u00dcberschreitung dieser Grenze kehrt das System die Drehrichtung automatisch um.<\/li>\n<\/ul>\n<h5>Enthaltenes Zubeh\u00f6r<\/h5>\n<ul>\n<li>Adapter von M68-Stecker auf M54-Buchse, um eine erweiterte Kompatibilit\u00e4t mit verschiedenen optischen Ger\u00e4ten zu gew\u00e4hrleisten.<\/li>\n<li>Im Lieferumfang enthaltenes USB-A-auf-USB-C-Kabel (1,5 m) f\u00fcr eine sofortige und zuverl\u00e4ssige Verbindung.<\/li>\n<\/ul>\n<h5>Schwerpunkte<\/h5>\n<ul>\n<li><strong>Un\u00fcbertroffene Genauigkeit :<\/strong> Dank des fortschrittlichen Schrittmotors und der spielfreien Mechanik.<\/li>\n<li><strong>Ergonomisches Design :<\/strong> Ultrad\u00fcnn und leicht f\u00fcr die einfache Integration in jedes astrophotographische Setup.<\/li>\n<li><strong>Software-Vielseitigkeit :<\/strong> Kompatibel mit mehreren Softwareplattformen f\u00fcr eine optimierte Steuerung.<\/li>\n<li><strong>Moderne Konnektivit\u00e4t :<\/strong> USB-C und Wi-Fi sorgen f\u00fcr Einfachheit und Flexibilit\u00e4t.<\/li>\n<\/ul>\n<h4>Zusammenfassung<\/h4>\n<p>Der Pegasus Falcon Rotator V2 ist ein unverzichtbares Werkzeug f\u00fcr anspruchsvolle Astrofotografen. Seine einzigartige Kombination aus mechanischer Pr\u00e4zision, fortschrittlichen Anschlussm\u00f6glichkeiten und kompaktem Design macht ihn zur idealen Wahl, um schwere Konfigurationen zu bew\u00e4ltigen und gleichzeitig eine pr\u00e4zise Ausrichtung des Kamerafeldes zu erm\u00f6glichen. Ob Sie komplexe Nebel einfangen oder Ihren Bildausschnitt auf weit entfernte Galaxien einstellen, dieser Rotator sorgt bei jedem Einsatz f\u00fcr ein reibungsloses und effizientes Erlebnis.<\/p>","protected":false},"excerpt":{"rendered":"<p>Pegasus Falcon Rotator V2 : Rotateur de Champ Motoris\u00e9 pour Astrophotographie Le Pegasus Falcon Rotator V2 est un bijou d\u2019ing\u00e9nierie con\u00e7u pour r\u00e9pondre aux exigences des astrophotographes modernes. Ce rotateur de champ motoris\u00e9, sp\u00e9cifiquement adapt\u00e9 aux cam\u00e9ras \u00e0 grande ouverture (M68), se distingue par sa pr\u00e9cision exceptionnelle, sa conception compacte et ses fonctionnalit\u00e9s avanc\u00e9es. Voici [&hellip;]<\/p>\n","protected":false},"featured_media":12203,"comment_status":"open","ping_status":"closed","template":"","meta":[],"product_brand":[517],"product_cat":[19,833,620,575],"product_tag":[],"class_list":{"0":"post-4331","1":"product","2":"type-product","3":"status-publish","4":"has-post-thumbnail","6":"product_brand-pegasus","7":"product_cat-accessoires","8":"product_cat-en-stock","9":"product_cat-rotateurs","10":"product_cat-astrophotographie","12":"first","13":"on_supplier","14":"sale","15":"taxable","16":"shipping-taxable","17":"purchasable","18":"product-type-simple"},"_links":{"self":[{"href":"https:\/\/deep-space-astronomy.ch\/de\/wp-json\/wp\/v2\/product\/4331","targetHints":{"allow":["GET"]}}],"collection":[{"href":"https:\/\/deep-space-astronomy.ch\/de\/wp-json\/wp\/v2\/product"}],"about":[{"href":"https:\/\/deep-space-astronomy.ch\/de\/wp-json\/wp\/v2\/types\/product"}],"replies":[{"embeddable":true,"href":"https:\/\/deep-space-astronomy.ch\/de\/wp-json\/wp\/v2\/comments?post=4331"}],"wp:featuredmedia":[{"embeddable":true,"href":"https:\/\/deep-space-astronomy.ch\/de\/wp-json\/wp\/v2\/media\/12203"}],"wp:attachment":[{"href":"https:\/\/deep-space-astronomy.ch\/de\/wp-json\/wp\/v2\/media?parent=4331"}],"wp:term":[{"taxonomy":"product_brand","embeddable":true,"href":"https:\/\/deep-space-astronomy.ch\/de\/wp-json\/wp\/v2\/product_brand?post=4331"},{"taxonomy":"product_cat","embeddable":true,"href":"https:\/\/deep-space-astronomy.ch\/de\/wp-json\/wp\/v2\/product_cat?post=4331"},{"taxonomy":"product_tag","embeddable":true,"href":"https:\/\/deep-space-astronomy.ch\/de\/wp-json\/wp\/v2\/product_tag?post=4331"}],"curies":[{"name":"wp","href":"https:\/\/api.w.org\/{rel}","templated":true}]}}