{"id":4338,"date":"2025-03-06T21:41:16","date_gmt":"2025-03-06T20:41:16","guid":{"rendered":"https:\/\/deep-space-astronomy.geekworkers.dev\/produit\/rotateur-2-arco\/"},"modified":"2025-06-03T10:27:27","modified_gmt":"2025-06-03T08:27:27","slug":"rotateur-2-arco","status":"publish","type":"product","link":"https:\/\/deep-space-astronomy.ch\/de\/produkt\/rotateur-2-arco\/","title":{"rendered":"Rotator 2\u2033 ARCO"},"content":{"rendered":"<h3>Feldrotator und -Derotator ARCO 2\" von PrimaLuceLab<\/h3>\n<p>Der ARCO 2\" von PrimaLuceLab ist ein motorisierter Low-Profile-Feldrotator und -Devolver, der f\u00fcr au\u00dfergew\u00f6hnliche Genauigkeit und nahtlose Integration in die Systeme ESATTO und SESTO SENSO 2 entwickelt wurde. Mit seiner beeindruckenden Aufl\u00f6sung von 1 Bogensekunde pro Schritt erm\u00f6glicht er es, Himmelsobjekte pr\u00e4zise zu fokussieren oder die Feldrotation bei Altazimutmontierungen zu kompensieren. Hier finden Sie eine detaillierte Beschreibung seiner Eigenschaften, mechanischen Schnittstellen und Funktionen.<\/p>\n<h4>Erweiterte technische Eigenschaften<\/h4>\n<ul>\n<li><strong>Unglaubliche Genauigkeit :<\/strong> Aufl\u00f6sung von 1 Bogensekunde pro Schritt, ideal f\u00fcr ultrafeine Anpassungen des Bildausschnitts oder f\u00fcr die Derotation in der Astrofotografie mit Langzeitbelichtung.<\/li>\n<li><strong>Ultrad\u00fcnnes Profil :<\/strong> Nur 20 mm dick, erm\u00f6glicht eine kompakte Integration in Konfigurationen mit begrenztem Platzangebot.<\/li>\n<li><strong>Optimierte freie \u00d6ffnung :<\/strong> Innendurchmesser von 50,9 mm, soll Vignettierungen auch bei gro\u00dfformatigen Sensoren verhindern<\/li>\n<li><strong>Robuste Nutzlast :<\/strong> Entwickelt, um schwere Kameras und Zubeh\u00f6r zu drehen, ohne sich zu verbiegen, und garantiert so eine perfekte mechanische Stabilit\u00e4t.<\/li>\n<\/ul>\n<h4>Mechanische Schnittstellen<\/h4>\n<p><strong>Eingangsschnittstelle (Teleskopseite) :<\/strong><\/p>\n<ul>\n<li>Standard M56x1 Innengewinde f\u00fcr den direkten Anschluss an ESATTO 2\", 3\" oder 4\" Okularhalter \u00fcber dedizierte Adapter :<\/li>\n<ul>\n<li>Adapter PL3600412 f\u00fcr ESATTO 2\".<\/li>\n<li>Adapter PL3600416 f\u00fcr ESATTO 3\".<\/li>\n<li>Adapter PL3600423 f\u00fcr 4\" ESATTO<\/li>\n<\/ul>\n<li>Auch mit SESTO SENSO 2 kompatibel durch optionale Adapter, z. B. PL3600413 (2\"-Fluss) oder PL3600424 (M48x0,75-Gewinde).<\/li>\n<\/ul>\n<p><strong>Ausgabeschnittstelle (Zubeh\u00f6rseite) :<\/strong><\/p>\n<ul>\n<li>M56x1 Standard-Au\u00dfengewinde, das mit den optionalen M56-Adaptern kompatibel ist. Diese Adapter erm\u00f6glichen den direkten Anschluss verschiedener Zubeh\u00f6rteile wie :<\/li>\n<ul>\n<li>DSLR-\/Mirrorless-Kameras<\/li>\n<li>Gek\u00fchlte CCD\/CMOS-Kameras<\/li>\n<li>Optische Korrekturen oder Reduktionen<\/li>\n<li>M\u00f6glichkeit, einen Stoppring hinzuzuf\u00fcgen, um die Kamera in einem bestimmten Winkel zu arretieren, was die optimale Wahl des Bildausschnitts erleichtert.<\/li>\n<\/ul>\n<\/ul>\n<h4>Erweiterte Funktionen<\/h4>\n<ul>\n<li><strong>Feldabweichung :<\/strong> Im Altazimut-Modus gleicht ARCO die Felddrehung aus und erm\u00f6glicht so lange Belichtungszeiten, ohne dass eine \u00e4quatoriale Montierung erforderlich ist.<\/li>\n<li><strong>Fernsteuerung :<\/strong> Wird ARCO \u00fcber ein mitgeliefertes kurzes Kabel mit einem ESATTO oder SESTO SENSO 2 verbunden, kann es von :<\/li>\n<ul>\n<li>Die PLAY-Software auf Windows-PCs<\/li>\n<li>Ein EAGLE-System<\/li>\n<li>Ein Smartphone oder Tablet \u00fcber WiFi<\/li>\n<\/ul>\n<li><strong>Robuster Schrittmotor :<\/strong> Ausgestattet mit einem Hochpr\u00e4zisionsmotor mit widerstandsf\u00e4higen Zahnr\u00e4dern und geringem mechanischem Spiel, der eine stabile und wiederholbare Positionierung gew\u00e4hrleistet.<\/li>\n<\/ul>\n<h4>In the Box<\/h4>\n<ul>\n<li>Der ARCO 2\"-Rotator<\/li>\n<li>Ein kurzes Kabel f\u00fcr den direkten Anschluss an ESATTO oder SESTO SENSO 2<\/li>\n<li>Ein ausf\u00fchrliches Benutzerhandbuch<\/li>\n<\/ul>\n<p>Spezifische Adapter (Teleskop oder Kamera) sind je nach Ihren Bed\u00fcrfnissen separat erh\u00e4ltlich.<\/p>\n<h4>Unterscheidende Besonderheiten<\/h4>\n<ul>\n<li>Mikrometeraufl\u00f6sung (1 Winkelsekunde pro Schritt).<\/li>\n<li>Ultrad\u00fcnnes Profil (20 mm) mit einer lichten \u00d6ffnung von 50,9 mm.<\/li>\n<li>Universelle mechanische Schnittstellen (M56x1-Gewinde).<\/li>\n<li>Native Integration mit ESATTO und SESTO SENSO 2 \u00fcber ein einziges Kabel.<\/li>\n<li>Erweiterte Derotationsfunktionalit\u00e4t f\u00fcr alt-azimutale Fassungen.<\/li>\n<\/ul>\n<h4>Schlussfolgerung<\/h4>\n<p>Das ARCO 2\" ist ein unverzichtbares Werkzeug f\u00fcr Astrofotografen, die eine pr\u00e4zise Kontrolle \u00fcber den Bildausschnitt und maximale Flexibilit\u00e4t bei ihren Projekten suchen. Es ist kompakt, robust und unglaublich pr\u00e4zise und passt perfekt in moderne Konfigurationen f\u00fcr fortgeschrittene Astrofotografie.<\/p>","protected":false},"excerpt":{"rendered":"<p>Rotateur et D\u00e9rotateur de Champ ARCO 2\u201d de PrimaLuceLab Le ARCO 2\u201d de PrimaLuceLab est un rotateur et d\u00e9rotateur de champ motoris\u00e9 \u00e0 profil bas, con\u00e7u pour offrir une pr\u00e9cision exceptionnelle et une int\u00e9gration parfaite avec les syst\u00e8mes ESATTO et SESTO SENSO 2. Avec sa r\u00e9solution impressionnante d\u20191 seconde d\u2019arc par pas, il permet de [&hellip;]<\/p>\n","protected":false},"featured_media":4335,"comment_status":"open","ping_status":"closed","template":"","meta":[],"product_brand":[594],"product_cat":[19,620,575],"product_tag":[],"class_list":{"0":"post-4338","1":"product","2":"type-product","3":"status-publish","4":"has-post-thumbnail","6":"product_brand-primalucelab","7":"product_cat-accessoires","8":"product_cat-rotateurs","9":"product_cat-astrophotographie","11":"first","12":"on_supplier","13":"taxable","14":"shipping-taxable","15":"purchasable","16":"product-type-simple"},"_links":{"self":[{"href":"https:\/\/deep-space-astronomy.ch\/de\/wp-json\/wp\/v2\/product\/4338","targetHints":{"allow":["GET"]}}],"collection":[{"href":"https:\/\/deep-space-astronomy.ch\/de\/wp-json\/wp\/v2\/product"}],"about":[{"href":"https:\/\/deep-space-astronomy.ch\/de\/wp-json\/wp\/v2\/types\/product"}],"replies":[{"embeddable":true,"href":"https:\/\/deep-space-astronomy.ch\/de\/wp-json\/wp\/v2\/comments?post=4338"}],"wp:featuredmedia":[{"embeddable":true,"href":"https:\/\/deep-space-astronomy.ch\/de\/wp-json\/wp\/v2\/media\/4335"}],"wp:attachment":[{"href":"https:\/\/deep-space-astronomy.ch\/de\/wp-json\/wp\/v2\/media?parent=4338"}],"wp:term":[{"taxonomy":"product_brand","embeddable":true,"href":"https:\/\/deep-space-astronomy.ch\/de\/wp-json\/wp\/v2\/product_brand?post=4338"},{"taxonomy":"product_cat","embeddable":true,"href":"https:\/\/deep-space-astronomy.ch\/de\/wp-json\/wp\/v2\/product_cat?post=4338"},{"taxonomy":"product_tag","embeddable":true,"href":"https:\/\/deep-space-astronomy.ch\/de\/wp-json\/wp\/v2\/product_tag?post=4338"}],"curies":[{"name":"wp","href":"https:\/\/api.w.org\/{rel}","templated":true}]}}