{"id":4343,"date":"2025-03-06T21:41:52","date_gmt":"2025-03-06T20:41:52","guid":{"rendered":"https:\/\/deep-space-astronomy.geekworkers.dev\/produit\/rotateur-3-arco\/"},"modified":"2025-06-03T10:27:27","modified_gmt":"2025-06-03T08:27:27","slug":"rotateur-3-arco","status":"publish","type":"product","link":"https:\/\/deep-space-astronomy.ch\/de\/produkt\/rotateur-3-arco\/","title":{"rendered":"Rotator 3\u2033 ARCO"},"content":{"rendered":"<h3>Feldrotator und -Derotator ARCO 3\" von PrimaLuceLab<\/h3>\n<p>Der ARCO 3\" von PrimaLuceLab ist ein motorisierter Feldrotator und -Devolver, der f\u00fcr anspruchsvolle Astrofotografen und Beobachter entwickelt wurde, die Pr\u00e4zision und Flexibilit\u00e4t in ihren Konfigurationen suchen. Mit einer au\u00dfergew\u00f6hnlichen Aufl\u00f6sung von 1 Bogensekunde pro Schritt l\u00e4sst er sich nahtlos in die ESATTO- und SESTO SENSO 2-Systeme integrieren, um eine fortschrittliche Kontrolle \u00fcber die Bildfeldausrichtung und die Derotation zu erm\u00f6glichen.<\/p>\n<h4>Erweiterte technische Eigenschaften<\/h4>\n<ul>\n<li><strong>Au\u00dfergew\u00f6hnliche Genauigkeit :<\/strong> Winkelaufl\u00f6sung von 1 Bogensekunde pro Schritt, ideal, um den Bildausschnitt von Himmelsobjekten genau anzupassen oder die Felddrehung bei alt-azimutalen Fassungen auszugleichen.<\/li>\n<li><strong>Kompaktes Profil :<\/strong> Nur 23 mm dick, erm\u00f6glicht eine unauff\u00e4llige Integration in komplexe Konfigurationen.<\/li>\n<li><strong>Optimierte freie \u00d6ffnung :<\/strong> Innendurchmesser von 76,3 mm, perfekt f\u00fcr gro\u00dfformatige Sensoren, keine Vignettierung.<\/li>\n<li><strong>Robuste Nutzlast :<\/strong> Entwickelt, um schwere Kameras und Zubeh\u00f6r ohne Biegung oder mechanisches Spiel zu tragen.<\/li>\n<\/ul>\n<h4>Mechanische Schnittstellen<\/h4>\n<p><strong>Eingangsschnittstelle (Teleskopseite) :<\/strong><\/p>\n<ul>\n<li>Standard M81x1 Innengewinde, erm\u00f6glicht den direkten Anschluss an ESATTO 3\" oder ESATTO 4\" Okularhalter \u00fcber dedizierte Adapter.<\/li>\n<li>Auch mit SESTO SENSO 2 kompatibel, da spezielle Adapter erh\u00e4ltlich sind.<\/li>\n<\/ul>\n<p><strong>Ausgabeschnittstelle (Zubeh\u00f6rseite) :<\/strong><\/p>\n<ul>\n<li>M81x1 Standard-Au\u00dfengewinde, kompatibel mit einer Vielzahl von Zubeh\u00f6rteilen wie :<\/li>\n<ul>\n<li>DSLR-\/Mirrorless-Kameras<\/li>\n<li>Gek\u00fchlte CCD\/CMOS-Kameras<\/li>\n<li>Optische Korrekturen oder Reduktionen<\/li>\n<li>Optionale Adapter f\u00fcr spezielle Anforderungen erh\u00e4ltlich.<\/li>\n<\/ul>\n<\/ul>\n<h4>Konnektivit\u00e4t und Kontrolle<\/h4>\n<ul>\n<li><strong>Direkte Verbindung :<\/strong> Wird \u00fcber ein mitgeliefertes kurzes Kabel mit Strom versorgt und gesteuert, sodass keine zus\u00e4tzlichen Kabel ben\u00f6tigt werden.<\/li>\n<li><strong>Kompatible Software :<\/strong> Steuerbar \u00fcber die PLAY-Software auf einem Windows-PC oder \u00fcber ASCOM zur Integration in automatisierte Systeme.<\/li>\n<li><strong>Kompatibilit\u00e4t mit dem EAGLE-System :<\/strong> Erm\u00f6glicht eine zentrale Steuerung.<\/li>\n<\/ul>\n<h4>Erweiterte Funktionen<\/h4>\n<ul>\n<li><strong>Feldabweichung :<\/strong> Im Altazimut-Modus gleicht ARCO die Felddrehung aus und erm\u00f6glicht so lange Belichtungszeiten, ohne dass eine \u00e4quatoriale Montierung erforderlich ist.<\/li>\n<li><strong>Pr\u00e4zise Rotation :<\/strong> Stellen Sie den Winkel Ihrer Kamera mit unglaublicher Pr\u00e4zision ein, um einen perfekten Bildausschnitt zu erhalten.<\/li>\n<li><strong>Kompatibel mit gro\u00dfformatigen Sensoren :<\/strong> Dank seiner erweiterten freien \u00d6ffnung<\/li>\n<\/ul>\n<h4>Robustes Premium-Design<\/h4>\n<ul>\n<li><strong>Material :<\/strong> Hergestellt aus hochwertigem Aluminium, das Haltbarkeit und geringes Gewicht garantiert (Gesamtgewicht: 1060 g).<\/li>\n<li><strong>Optimiertes Design :<\/strong> Minimiert den Platzbedarf bei gleichzeitiger Maximierung der mechanischen Stabilit\u00e4t.<\/li>\n<\/ul>\n<h4>In the Box<\/h4>\n<ul>\n<li>Der ARCO 3\"-Rotator<\/li>\n<li>Ein kurzes Kabel f\u00fcr den direkten Anschluss an ESATTO oder SESTO SENSO 2<\/li>\n<li>Ein ausf\u00fchrliches Benutzerhandbuch<\/li>\n<\/ul>\n<p>Spezielle Adapter (Teleskop oder Kamera) sind separat erh\u00e4ltlich, um den besonderen Anforderungen Ihres Setups gerecht zu werden.<\/p>\n<h4>Unterscheidende Besonderheiten<\/h4>\n<ul>\n<li>Mikrometeraufl\u00f6sung (1 Winkelsekunde pro Schritt).<\/li>\n<li>Ultrad\u00fcnnes Profil (23 mm) mit einer lichten \u00d6ffnung von 76,3 mm.<\/li>\n<li>Universelle mechanische Schnittstellen (M81x1-Gewinde).<\/li>\n<li>Native Integration mit ESATTO und SESTO SENSO 2 \u00fcber ein einziges Kabel.<\/li>\n<li>Erweiterte Derotationsfunktionalit\u00e4t f\u00fcr alt-azimutale Fassungen.<\/li>\n<\/ul>\n<h4>Schlussfolgerung<\/h4>\n<p>Das ARCO 3\" ist ein unverzichtbares Werkzeug f\u00fcr Astrofotografen, die eine pr\u00e4zise Kontrolle \u00fcber den Bildausschnitt und maximale Flexibilit\u00e4t bei ihren Projekten suchen. Es ist kompakt, robust und unglaublich pr\u00e4zise und f\u00fcgt sich nahtlos in moderne Konfigurationen f\u00fcr fortgeschrittene Astrofotografie ein.<\/p>","protected":false},"excerpt":{"rendered":"<p>Rotateur et D\u00e9rotateur de Champ ARCO 3\u201d de PrimaLuceLab Le ARCO 3\u201d de PrimaLuceLab est un rotateur et d\u00e9rotateur de champ motoris\u00e9 con\u00e7u pour les astrophotographes et observateurs exigeants, recherchant pr\u00e9cision et flexibilit\u00e9 dans leurs configurations. Avec une r\u00e9solution exceptionnelle de 1 seconde d\u2019arc par pas, il s\u2019int\u00e8gre parfaitement avec les syst\u00e8mes ESATTO et SESTO [&hellip;]<\/p>\n","protected":false},"featured_media":4341,"comment_status":"open","ping_status":"closed","template":"","meta":[],"product_brand":[594],"product_cat":[19,620,575],"product_tag":[],"class_list":{"0":"post-4343","1":"product","2":"type-product","3":"status-publish","4":"has-post-thumbnail","6":"product_brand-primalucelab","7":"product_cat-accessoires","8":"product_cat-rotateurs","9":"product_cat-astrophotographie","11":"first","12":"on_supplier","13":"taxable","14":"shipping-taxable","15":"purchasable","16":"product-type-simple"},"_links":{"self":[{"href":"https:\/\/deep-space-astronomy.ch\/de\/wp-json\/wp\/v2\/product\/4343","targetHints":{"allow":["GET"]}}],"collection":[{"href":"https:\/\/deep-space-astronomy.ch\/de\/wp-json\/wp\/v2\/product"}],"about":[{"href":"https:\/\/deep-space-astronomy.ch\/de\/wp-json\/wp\/v2\/types\/product"}],"replies":[{"embeddable":true,"href":"https:\/\/deep-space-astronomy.ch\/de\/wp-json\/wp\/v2\/comments?post=4343"}],"wp:featuredmedia":[{"embeddable":true,"href":"https:\/\/deep-space-astronomy.ch\/de\/wp-json\/wp\/v2\/media\/4341"}],"wp:attachment":[{"href":"https:\/\/deep-space-astronomy.ch\/de\/wp-json\/wp\/v2\/media?parent=4343"}],"wp:term":[{"taxonomy":"product_brand","embeddable":true,"href":"https:\/\/deep-space-astronomy.ch\/de\/wp-json\/wp\/v2\/product_brand?post=4343"},{"taxonomy":"product_cat","embeddable":true,"href":"https:\/\/deep-space-astronomy.ch\/de\/wp-json\/wp\/v2\/product_cat?post=4343"},{"taxonomy":"product_tag","embeddable":true,"href":"https:\/\/deep-space-astronomy.ch\/de\/wp-json\/wp\/v2\/product_tag?post=4343"}],"curies":[{"name":"wp","href":"https:\/\/api.w.org\/{rel}","templated":true}]}}