{"id":4391,"date":"2025-03-06T21:47:59","date_gmt":"2025-03-06T20:47:59","guid":{"rendered":"https:\/\/deep-space-astronomy.geekworkers.dev\/produit\/tete-binoculaire-mark-v\/"},"modified":"2025-06-03T10:27:35","modified_gmt":"2025-06-03T08:27:35","slug":"tete-binoculaire-mark-v","status":"publish","type":"product","link":"https:\/\/deep-space-astronomy.ch\/de\/produkt\/tete-binoculaire-mark-v\/","title":{"rendered":"Binokularer Kopf Mark V"},"content":{"rendered":"<h3>Mark V Binokulartubus - Ein au\u00dfergew\u00f6hnliches Sehverm\u00f6gen, entwickelt von Carl Zeiss<\/h3>\n<p>G\u00f6nnen Sie sich das ultimative Beobachtungserlebnis mit dem Mark V Binokulartubus, einem unvergleichlichen St\u00fcck optischer Ingenieurskunst, das von den Experten bei Carl Zeiss entwickelt wurde, die weltweit f\u00fcr ihr au\u00dfergew\u00f6hnliches Know-how in der Pr\u00e4zisionsoptik bekannt sind.<\/p>\n<h4>Ein legend\u00e4res optisches Design<\/h4>\n<p>Das optische Design von Carl Zeiss sorgt f\u00fcr au\u00dfergew\u00f6hnliche Klarheit und Sch\u00e4rfe. Jedes 30-mm-Prisma wurde so pr\u00e4zise geschliffen, dass es selbst bei extremen Vergr\u00f6\u00dferungen perfekte Bilder liefert. Mit mehrschichtigen, 7-lagigen Antireflexbeschichtungen bietet dieser Binokulartubus eine un\u00fcbertroffene Lichtdurchl\u00e4ssigkeit und brillante Kontraste.<\/p>\n<h4>Beeindruckende technische Details<\/h4>\n<ul>\n<li><strong>Kollimationsgenauigkeit :<\/strong> Auf einer optischen Bank von Carl Zeiss bei 1000-facher Vergr\u00f6\u00dferung getestet, um eine perfekte Orthogonalit\u00e4t zu gew\u00e4hrleisten.<\/li>\n<li><strong>Hochleistungs-Strahlteiler :<\/strong> Mit einer dielektrischen Schicht, die f\u00fcr helle und scharfe Bilder sorgt.<\/li>\n<li><strong>Innovatives ClickLock\u00ae-System :<\/strong> Befestigen Sie Ihre Okulare schnell und fest mit einer einfachen Drehung.<\/li>\n<li><strong>Korrektur der sph\u00e4rischen Aberration :<\/strong> Glaspfadkorrektoren, die auf Zeiss-Berechnungen basieren, eliminieren Farbfehler und optimieren die Leistung bei kurzbrennweitigen Teleskopen.<\/li>\n<\/ul>\n<h4>Ein verwandeltes Binokular-Erlebnis<\/h4>\n<p>Wussten Sie, dass das binokulare Sehen das volle Potenzial Ihres Gehirns aussch\u00f6pft? Durch die Verwendung beider Augen kombiniert Ihr Geist visuelle Daten, um ein reichhaltigeres, sch\u00e4rferes und immersiveres Bild zu erzeugen. Mit dem Mark V Binokulartubus genie\u00dfen Sie einen unvergleichlichen Sehkomfort: keine Erm\u00fcdung mehr, nur noch entspanntes und langes Beobachten.<\/p>\n<h4>An alle Teleskope anpassbar<\/h4>\n<p>Dank seiner breiten Kompatibilit\u00e4t mit Teleskopen, von Schmidt-Cassegrain bis zu kurzen Refraktoren, ist das Mark V ein vielseitiges Werkzeug, das Ihre astronomischen Beobachtungen auf neue H\u00f6hen hebt. Mit dem im Lieferumfang enthaltenen Zubeh\u00f6r, wie dem ClickLock\u00ae-System und den Pfadkorrekturen, k\u00f6nnen Sie es ganz einfach in Ihre Ausr\u00fcstung integrieren.<\/p>\n<h4>Warum Mark V w\u00e4hlen?<\/h4>\n<ul>\n<li><strong>Qualit\u00e4t Made in Germany :<\/strong> Hergestellt unter strengen Standards von Carl Zeiss.<\/li>\n<li><strong>Ein einzigartiges St\u00fcck :<\/strong> Das fortschrittlichste Binokular, das das Unternehmen je entwickelt hat.<\/li>\n<li><strong>F\u00fcr anspruchsvolle Astronomie konzipiert :<\/strong> Tadellose Leistung auch unter den anspruchsvollsten Bedingungen.<\/li>\n<\/ul>\n<h4>\ud83c\udf1f G\u00f6nnen Sie sich optische Exzellenz mit dem binokularen Mark V-Kopf \ud83c\udf1f.<\/h4>\n<p>- Dort, wo Innovation und Tradition aufeinandertreffen, um ein einzigartiges visuelles Erlebnis zu bieten.<\/p>","protected":false},"excerpt":{"rendered":"<p>T\u00eate Binoculaire Mark V &#8211; Une Vision d\u2019Exception Con\u00e7ue par Carl Zeiss Offrez-vous l\u2019exp\u00e9rience ultime d\u2019observation avec la t\u00eate binoculaire Mark V, une pi\u00e8ce d\u2019ing\u00e9nierie optique incomparable, con\u00e7ue par les experts de Carl Zeiss, mondialement reconnus pour leur savoir-faire exceptionnel en optique de pr\u00e9cision. Une Conception Optique de L\u00e9gende Le design optique sign\u00e9 Carl Zeiss [&hellip;]<\/p>\n","protected":false},"featured_media":4384,"comment_status":"open","ping_status":"closed","template":"","meta":[],"product_brand":[624],"product_cat":[19,625,368],"product_tag":[],"class_list":{"0":"post-4391","1":"product","2":"type-product","3":"status-publish","4":"has-post-thumbnail","6":"product_brand-baader","7":"product_cat-accessoires","8":"product_cat-binoculaires","9":"product_cat-visuel","11":"first","12":"on_supplier","13":"taxable","14":"shipping-taxable","15":"purchasable","16":"product-type-simple"},"_links":{"self":[{"href":"https:\/\/deep-space-astronomy.ch\/de\/wp-json\/wp\/v2\/product\/4391","targetHints":{"allow":["GET"]}}],"collection":[{"href":"https:\/\/deep-space-astronomy.ch\/de\/wp-json\/wp\/v2\/product"}],"about":[{"href":"https:\/\/deep-space-astronomy.ch\/de\/wp-json\/wp\/v2\/types\/product"}],"replies":[{"embeddable":true,"href":"https:\/\/deep-space-astronomy.ch\/de\/wp-json\/wp\/v2\/comments?post=4391"}],"wp:featuredmedia":[{"embeddable":true,"href":"https:\/\/deep-space-astronomy.ch\/de\/wp-json\/wp\/v2\/media\/4384"}],"wp:attachment":[{"href":"https:\/\/deep-space-astronomy.ch\/de\/wp-json\/wp\/v2\/media?parent=4391"}],"wp:term":[{"taxonomy":"product_brand","embeddable":true,"href":"https:\/\/deep-space-astronomy.ch\/de\/wp-json\/wp\/v2\/product_brand?post=4391"},{"taxonomy":"product_cat","embeddable":true,"href":"https:\/\/deep-space-astronomy.ch\/de\/wp-json\/wp\/v2\/product_cat?post=4391"},{"taxonomy":"product_tag","embeddable":true,"href":"https:\/\/deep-space-astronomy.ch\/de\/wp-json\/wp\/v2\/product_tag?post=4391"}],"curies":[{"name":"wp","href":"https:\/\/api.w.org\/{rel}","templated":true}]}}