{"id":4400,"date":"2025-03-06T21:48:37","date_gmt":"2025-03-06T20:48:37","guid":{"rendered":"https:\/\/deep-space-astronomy.geekworkers.dev\/produit\/tete-binoculaire-baader-maxbright-ii-avec-malette-rigide-2\/"},"modified":"2025-06-03T10:27:35","modified_gmt":"2025-06-03T08:27:35","slug":"tete-binoculaire-baader-maxbright-ii-avec-malette-rigide-2","status":"publish","type":"product","link":"https:\/\/deep-space-astronomy.ch\/de\/produkt\/tete-binoculaire-baader-maxbright-ii-avec-malette-rigide-2\/","title":{"rendered":"Baader MaxBright II Binokular-Kopf mit Hartschalenkoffer"},"content":{"rendered":"<h3>Binokular MaxBright II<\/h3>\n<h4>Allgemeine Darstellung<\/h4>\n<p>Das MaxBright II Binokular ist ein fortschrittliches Zubeh\u00f6r f\u00fcr Astronomie-Enthusiasten, die mit beiden Augen beobachten m\u00f6chten, und bietet ein immersives und komfortables Seherlebnis. Es zeichnet sich aus durch :<\/p>\n<ul>\n<li>27-mm-Prismen bieten ein breites Sichtfeld.<\/li>\n<li>Mehrschichtige Beschichtungen f\u00fcr maximale Lichtdurchl\u00e4ssigkeit.<\/li>\n<li>Ein innovatives ClickLock\u00ae-System zur Sicherung der Okulare.<\/li>\n<\/ul>\n<h4>Hauptanwendungen<\/h4>\n<p>Der MaxBright II ist f\u00fcr :<\/p>\n<ul>\n<li>Eine Verwendung an einer Vielzahl von Teleskopen (Refraktoren, Newton, Schmidt-Cassegrains).<\/li>\n<li>Korrigieren Sie optische Fehler wie die chromatische Aberration mit Glaswegkorrektoren (GWK).<\/li>\n<li>Liefern auch bei hohen Vergr\u00f6\u00dferungen ein scharfes und helles Bild.<\/li>\n<\/ul>\n<h4>Konfigurationen und Anpassungen<\/h4>\n<p>Mit dem verf\u00fcgbaren Zubeh\u00f6r k\u00f6nnen Sie die Verwendung des Binokulars an Ihr Teleskop und Ihre Objektive anpassen :<\/p>\n<h5>Glaswegkorrektoren (GWK)<\/h5>\n<ul>\n<li><strong>1,25x (# 2456314)<\/strong> : Optische Korrektur mit einem Gewinn von 20 mm im Backfocus.<\/li>\n<li><strong>1,7x (# 2456316)<\/strong> : 35 mm Verst\u00e4rkung im Back-Focus, geeignet f\u00fcr Teleskope mit geringer \u00d6ffnung.<\/li>\n<li><strong>2,6x (# 2456317)<\/strong> : Ideal f\u00fcr sehr starke Vergr\u00f6\u00dferungen mit einem Gewinn von 65 mm im Back-Focus.<\/li>\n<li><strong>GWK 2\u201d Newton 1,7x (# 2456300)<\/strong> : Speziell f\u00fcr Newton-Teleskope zur Korrektur von Koma-Aberrationen.<\/li>\n<\/ul>\n<h5>Prismen und Spiegel T-2<\/h5>\n<p>Empfohlene Modelle zur Minimierung der optischen L\u00e4nge sind u. a. :<\/p>\n<ul>\n<li><strong>T-2 90\u00b0 mit 32 mm Prisma (# 2456005)<\/strong><\/li>\n<li><strong>T-2 BBHS\u00ae Zenitspiegel 36mm<\/strong> : Mit BBHS\u00ae-Beschichtung f\u00fcr ein besseres Reflexionsverm\u00f6gen.<\/li>\n<\/ul>\n<h4>Die MaxBright II kann auf verschiedene Weise konfiguriert werden, je nach Ihrem Teleskop und Ihren Bed\u00fcrfnissen :<\/h4>\n<ul>\n<li><strong>Mit Prismen oder Spiegeln T-2 :<\/strong> Empfohlen, um die optische L\u00e4nge zu minimieren und eine einfache Fokussierung zu gew\u00e4hrleisten. Verwendung von GWK zur Anpassung des optischen Weges.<\/li>\n<li><strong>Mit 1,25\u201d- oder 2\u201d-Adaptern :<\/strong> Praktisch, wenn der Back-Focus des Teleskops ausreicht.<\/li>\n<li><strong>Mit telezentrischen Systemen (z. B. SunDancer II) :<\/strong> Ideal f\u00fcr Planetenbeobachtungen mit hohen Vergr\u00f6\u00dferungen.<\/li>\n<\/ul>\n<h4>Auswahl an Zubeh\u00f6r<\/h4>\n<ul>\n<li><strong>Glaswegkorrektoren (GWK)<\/strong> Objektive: Sie korrigieren die durch Prismen verursachten Aberrationen und verl\u00e4ngern die Brennweite. Es stehen verschiedene Korrekturfaktoren zur Verf\u00fcgung (1,25x, 1,7x, 2,6x).<\/li>\n<li><strong>Zenitspiegel und T-2 Prismen<\/strong> : Bieten verschiedene optische L\u00e4ngen und sind f\u00fcr verschiedene Teleskope geeignet. Beispiele: T-2 90\u00b0 (32 mm), T-2 BBHS\u00ae f\u00fcr scharfe Bilder.<\/li>\n<li><strong>Okulare<\/strong> : Kompatibel mit 1,25\u201d-Okularen. Empfohlen werden die Serien Hyperion\u00ae und Morpheus\u00ae. Identische Okulare (gleicher Hersteller und gleiches Modell) sind f\u00fcr ein ausgewogenes binokulares Bild unerl\u00e4sslich.<\/li>\n<\/ul>\n<h4>Installation und Einstellungen<\/h4>\n<ul>\n<li><strong>Einstellen des Augenabstands :<\/strong> Passen Sie das Binokular an Ihren Augenabstand an, um ein optimales Sichtfeld zu erhalten.<\/li>\n<li><strong>Dioptrie :<\/strong> Stellen Sie jedes Auge separat ein, um Unterschiede in der Fokussierung zu korrigieren.<\/li>\n<li><strong>Fixierung :<\/strong> Zu den Optionen geh\u00f6ren die direkte Verwendung eines GWK oder die Integration in einen Spiegel\/Prisma mit einem T-2-Adapter.<\/li>\n<\/ul>\n<h4>Kompatibilit\u00e4t mit verschiedenen Teleskopen<\/h4>\n<p>Der MaxBright II ist kompatibel mit :<\/p>\n<ul>\n<li><strong>Newton :<\/strong> Ben\u00f6tigt oft einen speziellen GWK (1,7x), um den schwachen Backfokus zu kompensieren.<\/li>\n<li><strong>Schmidt-Cassegrains :<\/strong> Kann ohne GWK verwendet werden, wenn die Blende gr\u00f6\u00dfer als f\/10 ist.<\/li>\n<li><strong>Astronomische Brillen :<\/strong> Empfohlen mit T-2 Prismen, um die optische L\u00e4nge zu minimieren.<\/li>\n<\/ul>\n<h4>Spezifische Anwendungen<\/h4>\n<ul>\n<li><strong>Sonnenbeobachtung :<\/strong> In Verbindung mit dem Herschel Prisma f\u00fcr au\u00dfergew\u00f6hnliche Details der Sonnenoberfl\u00e4che. Vorsichtsma\u00dfnahmen erforderlich, um die mit der Sonnenbeobachtung verbundenen Risiken zu vermeiden.<\/li>\n<li><strong>Astrofotografie :<\/strong> M\u00f6glichkeit, spezielle Adapter zum Anschluss von Kameras zu verwenden.<\/li>\n<\/ul>\n<h4>Pflege und Wartung<\/h4>\n<ul>\n<li>Reinigen Sie Prismen und Linsen mit geeigneten Mitteln.<\/li>\n<li>Stellen Sie sicher, dass die Einstellmechanismen (Dioptrie, ClickLock\u00ae) richtig funktionieren.<\/li>\n<\/ul>\n<h4>Vorteile<\/h4>\n<ul>\n<li>Das Handbuch bietet klare Erkl\u00e4rungen zu den Grundlagen der optischen und mechanischen Anpassungen.<\/li>\n<li>Vorgefertigte Konfigurationen verringern die Komplexit\u00e4t der Installation.<\/li>\n<li>Die Verwendung von binokularen Okularen erh\u00f6ht den Komfort bei langen Beobachtungssitzungen.<\/li>\n<\/ul>\n<h4>Inhalt der Schachtel<\/h4>\n<ul>\n<li>Das Binokular MaxBright II (# 2456460)<\/li>\n<li>Ein T-2-Drehadapter (vorinstalliert) mit einem Kunststoff-Einstellring<\/li>\n<li>Eine Zeiss-Microbayonet-Schnittstelle<\/li>\n<li>Ein Schl\u00fcssel f\u00fcr die Montage\/Demontage von T-2- und Zeiss-Adaptern<\/li>\n<li>Ein ABS-Hartschalenkoffer mit F\u00e4chern f\u00fcr Zubeh\u00f6r<\/li>\n<\/ul>","protected":false},"excerpt":{"rendered":"<p>Binoculaire MaxBright II Pr\u00e9sentation g\u00e9n\u00e9rale Le MaxBright II Binokular est un accessoire avanc\u00e9 destin\u00e9 aux amateurs d\u2019astronomie qui souhaitent observer avec les deux yeux, offrant une exp\u00e9rience visuelle immersive et confortable. Il se distingue par : Des prismes de 27 mm offrant un large champ visuel. Des rev\u00eatements multicouches pour une transmission lumineuse maximale. Un [&hellip;]<\/p>\n","protected":false},"featured_media":4392,"comment_status":"open","ping_status":"closed","template":"","meta":[],"product_brand":[624],"product_cat":[19,625,368],"product_tag":[],"class_list":{"0":"post-4400","1":"product","2":"type-product","3":"status-publish","4":"has-post-thumbnail","6":"product_brand-baader","7":"product_cat-accessoires","8":"product_cat-binoculaires","9":"product_cat-visuel","11":"first","12":"on_supplier","13":"taxable","14":"shipping-taxable","15":"purchasable","16":"product-type-simple"},"_links":{"self":[{"href":"https:\/\/deep-space-astronomy.ch\/de\/wp-json\/wp\/v2\/product\/4400","targetHints":{"allow":["GET"]}}],"collection":[{"href":"https:\/\/deep-space-astronomy.ch\/de\/wp-json\/wp\/v2\/product"}],"about":[{"href":"https:\/\/deep-space-astronomy.ch\/de\/wp-json\/wp\/v2\/types\/product"}],"replies":[{"embeddable":true,"href":"https:\/\/deep-space-astronomy.ch\/de\/wp-json\/wp\/v2\/comments?post=4400"}],"wp:featuredmedia":[{"embeddable":true,"href":"https:\/\/deep-space-astronomy.ch\/de\/wp-json\/wp\/v2\/media\/4392"}],"wp:attachment":[{"href":"https:\/\/deep-space-astronomy.ch\/de\/wp-json\/wp\/v2\/media?parent=4400"}],"wp:term":[{"taxonomy":"product_brand","embeddable":true,"href":"https:\/\/deep-space-astronomy.ch\/de\/wp-json\/wp\/v2\/product_brand?post=4400"},{"taxonomy":"product_cat","embeddable":true,"href":"https:\/\/deep-space-astronomy.ch\/de\/wp-json\/wp\/v2\/product_cat?post=4400"},{"taxonomy":"product_tag","embeddable":true,"href":"https:\/\/deep-space-astronomy.ch\/de\/wp-json\/wp\/v2\/product_tag?post=4400"}],"curies":[{"name":"wp","href":"https:\/\/api.w.org\/{rel}","templated":true}]}}