{"id":4410,"date":"2025-03-06T21:50:14","date_gmt":"2025-03-06T20:50:14","guid":{"rendered":"https:\/\/deep-space-astronomy.geekworkers.dev\/produit\/sol-searche-chercheur-solaire-pour-lunette-lunt\/"},"modified":"2025-06-03T10:27:35","modified_gmt":"2025-06-03T08:27:35","slug":"sol-searche-chercheur-solaire-pour-lunette-lunt","status":"publish","type":"product","link":"https:\/\/deep-space-astronomy.ch\/de\/produkt\/sol-searche-chercheur-solaire-pour-lunette-lunt\/","title":{"rendered":"Tele Vue Sol Search - Sonnensucher f\u00fcr LUNT-Brille"},"content":{"rendered":"<h3>TeleVue Sol-Searcher<\/h3>\n<p>Der TeleVue Sol-Searcher ist ein cleveres und sicheres Werkzeug, das entwickelt wurde, um die Sonne mit einem Teleskop oder einem Refraktor mit geeigneten Sonnenfiltern einfach anzupeilen. Dieser Sucher ohne Optik verwendet ein einfaches und effektives Projektionssystem, mit dem Sie Ihr Instrument schnell und ohne Gefahr f\u00fcr Ihre Augen auf die Sonne ausrichten k\u00f6nnen.<\/p>\n<h3>Hauptmerkmale<\/h3>\n<ul>\n<li><strong>Art :<\/strong> Solarsucher ohne Optik und ohne Vergr\u00f6\u00dferung.<\/li>\n<li><strong>Funktionsweise :<\/strong>\n<ul>\n<li>Eine kleine \u00d6ffnung an der Vorderseite l\u00e4sst das Sonnenlicht durch.<\/li>\n<li>Dieses Licht wird auf eine lichtdurchl\u00e4ssige Leinwand auf der R\u00fcckseite projiziert, die von beiden Seiten sichtbar ist.<\/li>\n<li>Wenn das Bild der Sonne auf dem Bildschirm zentriert ist, ist es auch im Sichtfeld des Okulars zentriert.<\/li>\n<\/ul>\n<\/li>\n<li><strong>Kompatibilit\u00e4t :<\/strong>\n<ul>\n<li>Wird direkt an den Halsb\u00e4ndern der Sonnenbrillen von TeleVue und Lunt Solar Systems befestigt.<\/li>\n<li>Kann mithilfe von Schrauben (#10-32) oder eines Klettbands (nicht im Lieferumfang enthalten) an andere Instrumente angepasst werden.<\/li>\n<li>Kompatibel mit Schwalbenschw\u00e4nzen vom Typ Synta (Vixen, Sky-Watcher, Orion) \u00fcber Basisstationen wie die TeleVue QRB-1002.<\/li>\n<\/ul>\n<\/li>\n<li><strong>Bildschirmabmessungen :<\/strong> Etwa 1\/4\" (6,35 mm), lichtdurchl\u00e4ssig und gut lesbar.<\/li>\n<\/ul>\n<h3>Vorteile des Sol-Searchers<\/h3>\n<ul>\n<li><strong>Absolute Sicherheit :<\/strong> Sie schauen nie direkt auf die Sonne, sondern auf eine Projektion auf dem lichtdurchl\u00e4ssigen Bildschirm.<\/li>\n<li><strong>Einfachheit der Nutzung :<\/strong> Richten Sie Ihr Teleskop schnell auf die Sonne aus, ohne zu tasten.<\/li>\n<li><strong>Universelle Kompatibilit\u00e4t :<\/strong> Dank flexibler Montageoptionen an eine Vielzahl von Teleskopen anpassbar.<\/li>\n<li><strong>Kompakt und leicht :<\/strong> Es l\u00e4sst sich leicht anbringen und entfernen und f\u00fcgt Ihrem Instrument kein nennenswertes Gewicht hinzu.<\/li>\n<\/ul>\n<h3>Empfohlene Anwendungen<\/h3>\n<ul>\n<li><strong>Sichere Sonnenbeobachtung :<\/strong> Ideal, um mit Brillen oder Teleskopen mit Sonnenfiltern schnell auf die Sonne zu zeigen.<\/li>\n<li><strong>Astrofotografie der Sonne :<\/strong> Erleichtert die genaue Ausrichtung, um Bilder der Sonne einzufangen.<\/li>\n<\/ul>\n<h3>Im Paket enthalten<\/h3>\n<ul>\n<li>TeleVue Sol-Searcher (Sonnenforscher).<\/li>\n<li>Schl\u00fcssel und Montageschrauben f\u00fcr kompatible Schellen (TeleVue und Lunt).<\/li>\n<\/ul>\n<h3>Kompatibilit\u00e4t<\/h3>\n<p>Der Sol-Searcher kann verwendet werden mit :<\/p>\n<ul>\n<li>Die Sonnenbrillen von TeleVue und Lunt Solar Systems.<\/li>\n<li>Jedes Teleskop, das mit einer kompatiblen Basis ausgestattet ist (Typ Synta oder TeleVue QRB-1002).<\/li>\n<li>Andere Instrumente \u00fcber einen Klettverschluss oder eine eigene Montage.<\/li>\n<\/ul>\n<h3>Wichtig<\/h3>\n<p>Die Sonnenbeobachtung sollte immer mit einer geeigneten Ausr\u00fcstung, wie z. B. einem Sonnenfilter mit voller \u00d6ffnung, durchgef\u00fchrt werden. Der Sol-Searcher ersetzt diese Filter nicht, sondern erleichtert lediglich die sichere Ausrichtung auf die Sonne.<\/p>\n<h3>Vereinfachen Sie Ihre Sonnenbeobachtungen<\/h3>\n<p>Dank des TeleVue Sol-Searchers. Er ist kompakt, zuverl\u00e4ssig und sicher und das unverzichtbare Werkzeug, um Ihr Instrument schnell auf unseren Stern auszurichten!<\/p>","protected":false},"excerpt":{"rendered":"<p>TeleVue Sol-Searcher Le TeleVue Sol-Searcher est un outil astucieux et s\u00e9curis\u00e9 con\u00e7u pour pointer facilement le Soleil avec un t\u00e9lescope ou une lunette \u00e9quip\u00e9e de filtres solaires adapt\u00e9s. Ce chercheur sans optique utilise un syst\u00e8me de projection simple et efficace, permettant d\u2019aligner rapidement votre instrument sur le Soleil sans risque pour vos yeux. Caract\u00e9ristiques principales [&hellip;]<\/p>\n","protected":false},"featured_media":4409,"comment_status":"open","ping_status":"closed","template":"","meta":[],"product_brand":[629],"product_cat":[19,630,368],"product_tag":[],"class_list":{"0":"post-4410","1":"product","2":"type-product","3":"status-publish","4":"has-post-thumbnail","6":"product_brand-televue","7":"product_cat-accessoires","8":"product_cat-chercheurs","9":"product_cat-visuel","11":"first","12":"on_supplier","13":"taxable","14":"shipping-taxable","15":"purchasable","16":"product-type-simple"},"_links":{"self":[{"href":"https:\/\/deep-space-astronomy.ch\/de\/wp-json\/wp\/v2\/product\/4410","targetHints":{"allow":["GET"]}}],"collection":[{"href":"https:\/\/deep-space-astronomy.ch\/de\/wp-json\/wp\/v2\/product"}],"about":[{"href":"https:\/\/deep-space-astronomy.ch\/de\/wp-json\/wp\/v2\/types\/product"}],"replies":[{"embeddable":true,"href":"https:\/\/deep-space-astronomy.ch\/de\/wp-json\/wp\/v2\/comments?post=4410"}],"wp:featuredmedia":[{"embeddable":true,"href":"https:\/\/deep-space-astronomy.ch\/de\/wp-json\/wp\/v2\/media\/4409"}],"wp:attachment":[{"href":"https:\/\/deep-space-astronomy.ch\/de\/wp-json\/wp\/v2\/media?parent=4410"}],"wp:term":[{"taxonomy":"product_brand","embeddable":true,"href":"https:\/\/deep-space-astronomy.ch\/de\/wp-json\/wp\/v2\/product_brand?post=4410"},{"taxonomy":"product_cat","embeddable":true,"href":"https:\/\/deep-space-astronomy.ch\/de\/wp-json\/wp\/v2\/product_cat?post=4410"},{"taxonomy":"product_tag","embeddable":true,"href":"https:\/\/deep-space-astronomy.ch\/de\/wp-json\/wp\/v2\/product_tag?post=4410"}],"curies":[{"name":"wp","href":"https:\/\/api.w.org\/{rel}","templated":true}]}}