{"id":4419,"date":"2025-03-06T21:51:59","date_gmt":"2025-03-06T20:51:59","guid":{"rendered":"https:\/\/deep-space-astronomy.geekworkers.dev\/produit\/colliers-131mm-plus\/"},"modified":"2025-06-03T10:27:42","modified_gmt":"2025-06-03T08:27:42","slug":"colliers-131mm-plus","status":"publish","type":"product","link":"https:\/\/deep-space-astronomy.ch\/de\/produkt\/colliers-131mm-plus\/","title":{"rendered":"Primaluce 131mm PLUS Schellen"},"content":{"rendered":"<h3>PrimaLuceLab PLUS St\u00fctzkragen: Robust und modular<\/h3>\n<p>Die PLUS-Halterungsschellen von PrimaLuceLab sind ein hochwertiges Zubeh\u00f6r, das entwickelt wurde, um Teleskope sicher zu befestigen und gleichzeitig eine au\u00dfergew\u00f6hnliche Modularit\u00e4t durch das System zu bieten <strong>PLUS<\/strong> (Prima Luce Universal System). Diese Schellen sorgen f\u00fcr perfekte mechanische Stabilit\u00e4t, die f\u00fcr die Beobachtung und Astrofotografie unerl\u00e4sslich ist, und erm\u00f6glichen das einfache Anbringen von zus\u00e4tzlichem Zubeh\u00f6r.<\/p>\n<h3>Eigenschaften der PLUS-Ketten<\/h3>\n<ul>\n<li><strong>Hochpr\u00e4zise Fertigung :<\/strong> Mit CNC-Maschinen aus Aluminiumbl\u00f6cken gefertigt, f\u00fcr eine glatte Oberfl\u00e4che sandgestrahlt und zum Schutz vor Oxidation eloxiert.<\/li>\n<li><strong>Steifheit und Stabilit\u00e4t :<\/strong> Entwickelt, um mechanische Biegungen zu eliminieren, sodass der optische Tubus selbst bei schweren oder komplexen Konfigurationen fest sitzt.<\/li>\n<li><strong>Modularer Aufbau :<\/strong> Ausgestattet mit Gewindebohrungen (M6) und Schlitzen oben und unten f\u00fcr eine einfache Integration mit anderen Elementen des PLUS-Systems wie Schwalbenschw\u00e4nzen, Platten oder F\u00fchrungsringen.<\/li>\n<\/ul>\n<h3>Kompatibilit\u00e4t von PLUS-Ketten<\/h3>\n<p>Die PLUS-Kragen sind in verschiedenen Gr\u00f6\u00dfen erh\u00e4ltlich, um an verschiedene Teleskope zu passen. Hier sind die verf\u00fcgbaren Gr\u00f6\u00dfen :<\/p>\n<ul>\n<li><strong>80 mm bis 95 mm :<\/strong> Ideal f\u00fcr kleine Refraktoren wie den Takahashi FSQ85 oder FC-100DF.<\/li>\n<li><strong>100 mm bis 125 mm :<\/strong> Geeignet f\u00fcr Teleskope wie Takahashi FSQ106ED oder TSA120.<\/li>\n<li><strong>131 mm bis 155 mm :<\/strong> Perfekt f\u00fcr Instrumente wie den Sky-Watcher Esprit 100ED oder Takahashi TOA130.<\/li>\n<li><strong>168 mm bis 244 mm :<\/strong> Geeignet f\u00fcr gro\u00dfe Teleskope wie das Newton 200 mm oder Takahashi TOA150.<\/li>\n<\/ul>\n<h3>Integration mit dem PLUS-System<\/h3>\n<p>Das PLUS-System ist so konzipiert, dass es eine vollst\u00e4ndige Modularit\u00e4t zwischen allen seinen Komponenten bietet. Die Schellen passen perfekt zu :<\/p>\n<ul>\n<li><strong>Vixen- oder Losmandy-Schwalbenschw\u00e4nze :<\/strong> Befestigen Sie die Schellen an einem Schwalbenschwanz unter dem optischen Tubus, um ihn auf Ihrer Montierung zu montieren, und f\u00fcgen Sie einen weiteren Schwalbenschwanz \u00fcber den Schellen hinzu, um Zubeh\u00f6r wie ein F\u00fchrungsteleskop zu montieren.<\/li>\n<li><strong>F\u00fchrungsringe PLUS :<\/strong> Montieren Sie ein kleines F\u00fchrungsteleskop mithilfe der speziellen Gewindel\u00f6cher direkt an den Schellen.<\/li>\n<li><strong>Universalplatten :<\/strong> F\u00fcgen Sie Platten hinzu, um die mechanische Steifigkeit zu erh\u00f6hen oder zus\u00e4tzliche Ger\u00e4te wie Kameras oder EAGLE-Einheiten zu befestigen.<\/li>\n<\/ul>\n<h3>Vorteile des PLUS-Systems<\/h3>\n<ul>\n<li><strong>Maximale Flexibilit\u00e4t :<\/strong> Alle Elemente des PLUS-Systems teilen sich standardisierte Ma\u00dfe f\u00fcr eine universelle Kompatibilit\u00e4t.<\/li>\n<li><strong>Skalierbarkeit :<\/strong> F\u00fcgen Sie Komponenten hinzu oder tauschen Sie sie aus, ohne das gesamte System zu ver\u00e4ndern, auch wenn Sie Ihre Konfiguration in Zukunft \u00e4ndern.<\/li>\n<li><strong>Universelle Kompatibilit\u00e4t :<\/strong> An den mittleren Schlitzen kann auch mechanisches Zubeh\u00f6r anderer Marken befestigt werden.<\/li>\n<\/ul>\n<h3>Beispiele f\u00fcr Anwendungen<\/h3>\n<ul>\n<li>Befestigen Sie ein Hauptteleskop \u00fcber einen Losmandy-Schwalbenschwanz unter den Schellen an einer Montierung.<\/li>\n<li>Montieren Sie ein F\u00fchrungsteleskop an F\u00fchrungsringen, die \u00fcber den Schellen installiert sind.<\/li>\n<li>F\u00fcgen Sie eine EAGLE-Einheit zwischen den Schellen hinzu, um die Computer- und Elektroverwaltung zu zentralisieren.<\/li>\n<\/ul>\n<h3>Was enthalten ist<\/h3>\n<ul>\n<li>Zwei Schellen in der gew\u00e4hlten Gr\u00f6\u00dfe (z. B. 125 mm).<\/li>\n<li>Ein ausf\u00fchrliches Benutzerhandbuch.<\/li>\n<\/ul>\n<h3>Schlussfolgerung<\/h3>\n<p>Die PrimaLuceLab PLUS-Klemmen sind nicht einfach nur Teleskophalterungen. Dank ihres modularen Designs und der nahtlosen Integration in das PLUS-System bieten sie Amateur- und Profiastronomen die M\u00f6glichkeit, individuelle, stabile und erweiterbare Konfigurationen zu erstellen. Ob Sie Ihren optischen Tubus sichern oder Zubeh\u00f6r wie ein F\u00fchrungsteleskop hinzuf\u00fcgen m\u00f6chten, diese Klemmen bieten un\u00fcbertroffene Robustheit, Pr\u00e4zision und Flexibilit\u00e4t.<\/p>","protected":false},"excerpt":{"rendered":"<p>Colliers de Support PLUS de PrimaLuceLab : Robustes et Modulaire Les colliers de support PLUS de PrimaLuceLab sont des accessoires haut de gamme con\u00e7us pour fixer solidement les t\u00e9lescopes tout en offrant une modularit\u00e9 exceptionnelle gr\u00e2ce au syst\u00e8me PLUS (Prima Luce Universal System). Ces colliers assurent une stabilit\u00e9 m\u00e9canique parfaite, essentielle pour l\u2019observation et l\u2019astrophotographie, [&hellip;]<\/p>\n","protected":false},"featured_media":6750,"comment_status":"open","ping_status":"closed","template":"","meta":[],"product_brand":[594],"product_cat":[631,19,632],"product_tag":[],"class_list":{"0":"post-4419","1":"product","2":"type-product","3":"status-publish","4":"has-post-thumbnail","6":"product_brand-primalucelab","7":"product_cat-trepieds-bagues-et-accessoires-generaux","8":"product_cat-accessoires","9":"product_cat-colliers","11":"first","12":"on_supplier","13":"taxable","14":"shipping-taxable","15":"purchasable","16":"product-type-simple"},"_links":{"self":[{"href":"https:\/\/deep-space-astronomy.ch\/de\/wp-json\/wp\/v2\/product\/4419","targetHints":{"allow":["GET"]}}],"collection":[{"href":"https:\/\/deep-space-astronomy.ch\/de\/wp-json\/wp\/v2\/product"}],"about":[{"href":"https:\/\/deep-space-astronomy.ch\/de\/wp-json\/wp\/v2\/types\/product"}],"replies":[{"embeddable":true,"href":"https:\/\/deep-space-astronomy.ch\/de\/wp-json\/wp\/v2\/comments?post=4419"}],"wp:featuredmedia":[{"embeddable":true,"href":"https:\/\/deep-space-astronomy.ch\/de\/wp-json\/wp\/v2\/media\/6750"}],"wp:attachment":[{"href":"https:\/\/deep-space-astronomy.ch\/de\/wp-json\/wp\/v2\/media?parent=4419"}],"wp:term":[{"taxonomy":"product_brand","embeddable":true,"href":"https:\/\/deep-space-astronomy.ch\/de\/wp-json\/wp\/v2\/product_brand?post=4419"},{"taxonomy":"product_cat","embeddable":true,"href":"https:\/\/deep-space-astronomy.ch\/de\/wp-json\/wp\/v2\/product_cat?post=4419"},{"taxonomy":"product_tag","embeddable":true,"href":"https:\/\/deep-space-astronomy.ch\/de\/wp-json\/wp\/v2\/product_tag?post=4419"}],"curies":[{"name":"wp","href":"https:\/\/api.w.org\/{rel}","templated":true}]}}