{"id":4436,"date":"2025-03-06T21:55:31","date_gmt":"2025-03-06T20:55:31","guid":{"rendered":"https:\/\/deep-space-astronomy.geekworkers.dev\/produit\/platine-vixen-et-losmandy-observatory\/"},"modified":"2025-07-29T23:11:26","modified_gmt":"2025-07-29T21:11:26","slug":"platine-vixen-et-losmandy-observatory","status":"publish","type":"product","link":"https:\/\/deep-space-astronomy.ch\/de\/produkt\/platine-vixen-et-losmandy-observatory\/","title":{"rendered":"Platin Vixen und Losmandy OBSERVATORY"},"content":{"rendered":"<h3>Die Platinen (Dovetail Clamps) von PrimaLuceLab<\/h3>\n<p>Die Tischplatten von PrimaLuceLab sind wesentliche Bestandteile des PLUS-Systems (Prima Luce Universal System) und wurden entwickelt, um eine starke und sichere Verbindung zwischen Teleskopen und Montierungen zu bieten. Diese Tischplatten erm\u00f6glichen eine einfache und flexible Montage und sorgen f\u00fcr optimale Stabilit\u00e4t w\u00e4hrend der Beobachtungs- oder Astrofotografie-Sessions.<\/p>\n<h3>Eigenschaften der PLUS Decks<\/h3>\n<ul>\n<li><strong>Hochwertige Materialien :<\/strong> Die aus robustem Aluminium gefertigten Platinen sind CNC-gefr\u00e4st und eloxiert, um Korrosion und Verschlei\u00df zu widerstehen und so eine langfristige Haltbarkeit zu gew\u00e4hrleisten.<\/li>\n<li><strong>Modularer Aufbau :<\/strong> Die Plattenspieler sind so konzipiert, dass sie in Vixen- oder Losmandy-Fassungen passen und somit eine hohe Flexibilit\u00e4t bei der Auswahl der Instrumente bieten. Sie k\u00f6nnen mit anderen Elementen des PLUS-Systems kombiniert werden, z. B. mit Stativschellen und Schwalbenschw\u00e4nzen.<\/li>\n<li><strong>Sichere Befestigung :<\/strong> Jede Platine ist mit mehreren L\u00f6chern f\u00fcr M6-Schrauben ausgestattet. Dies erm\u00f6glicht eine robuste Befestigung mit mindestens zwei Schrauben, um ein Verbiegen zu verhindern, was bei der Astrofotografie entscheidend ist.<\/li>\n<\/ul>\n<h3>Zus\u00e4tzliche Funktionen<\/h3>\n<ul>\n<li><strong>Abstandsoptionen :<\/strong> Die Tische k\u00f6nnen mit Abstandshaltern (10 mm, 20 mm, 30 mm) verwendet werden, um den Abstand zwischen dem Teleskop und der Montierung anzupassen. Dies erm\u00f6glicht eine bessere Ausbalancierung und verhindert Interferenzen zwischen dem Zubeh\u00f6r.<\/li>\n<li><strong>Integration mit EAGLE :<\/strong> Die Platinen k\u00f6nnen zur Montage der EAGLE-Einheit verwendet werden, die einen Computer und einen USB-Hub in einem kompakten und steifen Design integriert.<\/li>\n<\/ul>\n<h3>In the Box<\/h3>\n<p>Beim Kauf eines PLUS Decks erhalten Sie :<\/p>\n<ul>\n<li>Das gew\u00e4hlte Deck (Vixen oder Losmandy).<\/li>\n<li>Ein ausf\u00fchrliches Benutzerhandbuch.<\/li>\n<\/ul>\n<h3>Schlussfolgerung<\/h3>\n<p>Die Tischplatten von PrimaLuceLab stellen eine robuste und flexible L\u00f6sung f\u00fcr die Montage von Teleskopen auf Montierungen dar. Dank ihres modularen Designs und ihrer Kompatibilit\u00e4t mit dem PLUS-System bieten sie Amateur- und Profiastronomen die M\u00f6glichkeit, ihre Ausr\u00fcstung an ihre speziellen Bed\u00fcrfnisse anzupassen. Egal, ob Sie ein leichtes Teleskop oder ein schwereres Modell verwenden, diese Montierungen garantieren eine sichere und stabile Montage, um Ihre Beobachtungs- und Astrofotografie-Sessions zu optimieren.<\/p>","protected":false},"excerpt":{"rendered":"<p>Les Platines (Dovetail Clamps) de PrimaLuceLab Les platines de PrimaLuceLab sont des \u00e9l\u00e9ments essentiels du syst\u00e8me PLUS (Prima Luce Universal System), con\u00e7us pour offrir une connexion solide et s\u00e9curis\u00e9e entre les t\u00e9lescopes et les montures. Ces platines permettent un montage facile et flexible, tout en garantissant une stabilit\u00e9 optimale lors des sessions d\u2019observation ou d\u2019astrophotographie. [&hellip;]<\/p>\n","protected":false},"featured_media":4947,"comment_status":"open","ping_status":"closed","template":"","meta":[],"product_brand":[594],"product_cat":[631,19,633],"product_tag":[],"class_list":{"0":"post-4436","1":"product","2":"type-product","3":"status-publish","4":"has-post-thumbnail","6":"product_brand-primalucelab","7":"product_cat-trepieds-bagues-et-accessoires-generaux","8":"product_cat-accessoires","9":"product_cat-platines-et-accessoires-trpieds-bagues-et-accessoires-gnraux","11":"first","12":"on_supplier","13":"taxable","14":"shipping-taxable","15":"purchasable","16":"product-type-simple"},"_links":{"self":[{"href":"https:\/\/deep-space-astronomy.ch\/de\/wp-json\/wp\/v2\/product\/4436","targetHints":{"allow":["GET"]}}],"collection":[{"href":"https:\/\/deep-space-astronomy.ch\/de\/wp-json\/wp\/v2\/product"}],"about":[{"href":"https:\/\/deep-space-astronomy.ch\/de\/wp-json\/wp\/v2\/types\/product"}],"replies":[{"embeddable":true,"href":"https:\/\/deep-space-astronomy.ch\/de\/wp-json\/wp\/v2\/comments?post=4436"}],"wp:featuredmedia":[{"embeddable":true,"href":"https:\/\/deep-space-astronomy.ch\/de\/wp-json\/wp\/v2\/media\/4947"}],"wp:attachment":[{"href":"https:\/\/deep-space-astronomy.ch\/de\/wp-json\/wp\/v2\/media?parent=4436"}],"wp:term":[{"taxonomy":"product_brand","embeddable":true,"href":"https:\/\/deep-space-astronomy.ch\/de\/wp-json\/wp\/v2\/product_brand?post=4436"},{"taxonomy":"product_cat","embeddable":true,"href":"https:\/\/deep-space-astronomy.ch\/de\/wp-json\/wp\/v2\/product_cat?post=4436"},{"taxonomy":"product_tag","embeddable":true,"href":"https:\/\/deep-space-astronomy.ch\/de\/wp-json\/wp\/v2\/product_tag?post=4436"}],"curies":[{"name":"wp","href":"https:\/\/api.w.org\/{rel}","templated":true}]}}