{"id":4440,"date":"2025-03-06T21:56:13","date_gmt":"2025-03-06T20:56:13","guid":{"rendered":"https:\/\/deep-space-astronomy.geekworkers.dev\/produit\/poignee-de-transport-pour-sqa-2\/"},"modified":"2025-06-17T17:03:51","modified_gmt":"2025-06-17T15:03:51","slug":"poignee-de-transport-pour-sqa-2","status":"publish","type":"product","link":"https:\/\/deep-space-astronomy.ch\/de\/produkt\/poignee-de-transport-pour-sqa-2\/","title":{"rendered":"Tragegriff f\u00fcr SQA"},"content":{"rendered":"<h3>Optionaler Griff der SQA-Serie<\/h3>\n<ul>\n<li><strong>Kompatibilit\u00e4t :<\/strong> Entwickelt f\u00fcr die Verwendung mit den meisten OTAs der SQA-Serie (au\u00dfer dem Modell SQA55).<\/li>\n<li><strong>Robuste Konstruktion :<\/strong> Vollst\u00e4ndig aus hochwertigem Metall, CNC-gefr\u00e4st f\u00fcr optimale Pr\u00e4zision, mit einer glatten, langlebigen Oberfl\u00e4chenbeschichtung.<\/li>\n<li><strong>Funktionales Design :<\/strong> Bietet 60 mm mehr Platz und verf\u00fcgt \u00fcber eine rutschfeste Unterseite mit Gummipads, um die Griffigkeit zu verbessern.<\/li>\n<li><strong>Einfache Installation :<\/strong> Quick-Release-System mit R\u00e4ndelschraube f\u00fcr schnelles Auf- und Abbauen.<\/li>\n<li><strong>Vielseitige Befestigung :<\/strong> Geschlitzte Basis mit Verriegelungsnuten, die mehrere Verriegelungspositionen f\u00fcr eine stabilere Nutzung erm\u00f6glichen.<\/li>\n<li><strong>Bereit f\u00fcr Sucherhalterung :<\/strong> Ausgestattet mit einer Standardbasis f\u00fcr Sucher, geeignet f\u00fcr eine Vielzahl von Anwendungen.<\/li>\n<\/ul>","protected":false},"excerpt":{"rendered":"<p>Poign\u00e9e Optionnelle de la S\u00e9rie SQA Compatibilit\u00e9 : Con\u00e7ue pour \u00eatre utilis\u00e9e avec la plupart des OTAs de la s\u00e9rie SQA (sauf le mod\u00e8le SQA55). Construction Robuste : Enti\u00e8rement en m\u00e9tal de haute qualit\u00e9, usin\u00e9e CNC pour une pr\u00e9cision optimale, avec un rev\u00eatement de surface lisse et durable. Design Fonctionnel : Offre un espace suppl\u00e9mentaire [&hellip;]<\/p>\n","protected":false},"featured_media":4954,"comment_status":"open","ping_status":"closed","template":"","meta":[],"product_brand":[382],"product_cat":[631,19,633],"product_tag":[],"class_list":{"0":"post-4440","1":"product","2":"type-product","3":"status-publish","4":"has-post-thumbnail","6":"product_brand-askar","7":"product_cat-trepieds-bagues-et-accessoires-generaux","8":"product_cat-accessoires","9":"product_cat-platines-et-accessoires-trpieds-bagues-et-accessoires-gnraux","11":"first","12":"on_supplier","13":"taxable","14":"shipping-taxable","15":"purchasable","16":"product-type-simple"},"_links":{"self":[{"href":"https:\/\/deep-space-astronomy.ch\/de\/wp-json\/wp\/v2\/product\/4440","targetHints":{"allow":["GET"]}}],"collection":[{"href":"https:\/\/deep-space-astronomy.ch\/de\/wp-json\/wp\/v2\/product"}],"about":[{"href":"https:\/\/deep-space-astronomy.ch\/de\/wp-json\/wp\/v2\/types\/product"}],"replies":[{"embeddable":true,"href":"https:\/\/deep-space-astronomy.ch\/de\/wp-json\/wp\/v2\/comments?post=4440"}],"wp:featuredmedia":[{"embeddable":true,"href":"https:\/\/deep-space-astronomy.ch\/de\/wp-json\/wp\/v2\/media\/4954"}],"wp:attachment":[{"href":"https:\/\/deep-space-astronomy.ch\/de\/wp-json\/wp\/v2\/media?parent=4440"}],"wp:term":[{"taxonomy":"product_brand","embeddable":true,"href":"https:\/\/deep-space-astronomy.ch\/de\/wp-json\/wp\/v2\/product_brand?post=4440"},{"taxonomy":"product_cat","embeddable":true,"href":"https:\/\/deep-space-astronomy.ch\/de\/wp-json\/wp\/v2\/product_cat?post=4440"},{"taxonomy":"product_tag","embeddable":true,"href":"https:\/\/deep-space-astronomy.ch\/de\/wp-json\/wp\/v2\/product_tag?post=4440"}],"curies":[{"name":"wp","href":"https:\/\/api.w.org\/{rel}","templated":true}]}}