{"id":4445,"date":"2025-03-06T21:57:23","date_gmt":"2025-03-06T20:57:23","guid":{"rendered":"https:\/\/deep-space-astronomy.geekworkers.dev\/produit\/alimentation-12v-10a-connecteur-dc-xt60\/"},"modified":"2025-12-09T20:32:06","modified_gmt":"2025-12-09T19:32:06","slug":"alimentation-12v-10a-connecteur-dc-xt60","status":"publish","type":"product","link":"https:\/\/deep-space-astronomy.ch\/de\/produkt\/alimentation-12v-10a-connecteur-dc-xt60\/","title":{"rendered":"Stromversorgung 12V 10A - DC-Anschluss XT60"},"content":{"rendered":"<h3>Kompaktes Netzteil 12V \/ 10A - 120W f\u00fcr Pegasus Astro Zubeh\u00f6r<\/h3>\n<p>Die kompakte, zertifizierte Stromversorgung <strong>12V \/ 10A - 120W<\/strong> von <strong>Pegasus Astro<\/strong> wurde entwickelt, um stabile und zuverl\u00e4ssige Leistung f\u00fcr Zubeh\u00f6r wie die <strong>Pocket Powerbox<\/strong>, l'<strong>Ultimative Powerbox<\/strong>oder der <strong>DewMaster<\/strong>. Mit einer Ausgangsleistung von 12 V und einem maximalen Strom von 10 A bietet sie die ideale Stromversorgung f\u00fcr Ihre Ausr\u00fcstung f\u00fcr Astrofotografie und astronomische Beobachtungen. Sein geringes Rauschen und seine geringe Welligkeit sorgen f\u00fcr eine stabile Leistung auch bei empfindlichen Ger\u00e4ten.<\/p>\n<ul>\n<li><strong>Anwendungen :<\/strong> Pocket Powerbox, Ultimate Powerbox, DewMaster.<\/li>\n<li><strong>Abmessungen :<\/strong> 169 x 61 x 39 mm.<\/li>\n<li><strong>Gewicht :<\/strong> Etwa 0,5 kg.<\/li>\n<li><strong>Schutz :<\/strong> Gegen Feuchtigkeit und Staub abgedichtetes Geh\u00e4use mit eingebautem Schutz gegen \u00dcberspannung, Kurzschluss und \u00dcberlastung.<\/li>\n<\/ul>\n<h3>Verf\u00fcgbare Optionen bei der Auswahl Ihrer Pegasus Astro Ern\u00e4hrung<\/h3>\n<ul>\n<li><strong>12V \/ 10A - 120W :<\/strong> F\u00fcr den vielseitigen Einsatz mit den meisten Pegasus Astro-Produkten. Kompatibel mit mehreren Anschl\u00fcssen (XT60, 2,1 mm oder 2,5 mm). Ideal f\u00fcr Standardkonfigurationen.<\/li>\n<li><strong>12V \/ 20A - 240W :<\/strong> Entwickelt f\u00fcr energieintensive Systeme wie die Ultimate Powerbox oder komplexe Konfigurationen. Nur XT60-Anschluss.<\/li>\n<li><strong>12V \/ 1.5A - 18W :<\/strong> Spezialisierte Netzteile f\u00fcr leichtes Zubeh\u00f6r wie den FocusCube oder den Falcon Rotator. Kompakt und leicht.<\/li>\n<\/ul>\n<h3>Wichtige Kriterien f\u00fcr die Wahl Ihrer Ern\u00e4hrung<\/h3>\n<ol>\n<li><strong>Leistungsbedarf (Watt) :<\/strong> Addieren Sie den Stromverbrauch Ihrer Ausr\u00fcstung (Kameras, Halterungen, Heizwiderst\u00e4nde usw.). Eine CCD\/CMOS-Kamera kann beispielsweise zwischen 2 und 5 A verbrauchen, addieren Sie dazu noch Zubeh\u00f6r wie Filterr\u00e4der oder Fokusmotoren.<\/li>\n<li><strong>Geeignete Verbindung :<\/strong> \u00dcberpr\u00fcfen Sie, ob Ihre Ausr\u00fcstung einen XT60-Stecker (f\u00fcr die Ultimate Powerbox) oder einen herk\u00f6mmlichen DC-Stecker (2,1 mm oder 2,5 mm) ben\u00f6tigt.<\/li>\n<li><strong>Tragbarkeit vs. Leistung :<\/strong> F\u00fcr leichte oder mobile Setups w\u00e4hlen Sie die kompakte Version (10A\/120W). F\u00fcr feste oder komplexe Setups, die mehr Energie ben\u00f6tigen, w\u00e4hlen Sie das Hochleistungsnetzteil (20A\/240W).<\/li>\n<li><strong>Kompatibilit\u00e4t mit dem verwendeten Pegasus-Produkt :<\/strong> Lesen Sie in der Dokumentation Ihres Pegasus Astro-Produkts nach, um die empfohlene Stromversorgung zu ermitteln.<\/li>\n<\/ol>\n<h3>Schlussfolgerung<\/h3>\n<p>Pegasus Astro bietet zuverl\u00e4ssige Netzteile, die auf die Bed\u00fcrfnisse jedes Astrofotografen und Astronomen zugeschnitten sind, von leichtem Zubeh\u00f6r bis hin zu komplexen Systemen, die ein fortschrittliches Energiemanagement erfordern. W\u00e4hlen Sie Ihr Netzteil anhand der ben\u00f6tigten Leistung, des Steckertyps und der Spezifikationen Ihrer Ausr\u00fcstung aus, um eine optimale Leistung bei Ihren n\u00e4chtlichen Beobachtungssitzungen zu gew\u00e4hrleisten.<\/p>","protected":false},"excerpt":{"rendered":"<p>Alimentation Compacte 12V \/ 10A \u2013 120W pour Accessoires Pegasus Astro L&rsquo;alimentation compacte et certifi\u00e9e 12V \/ 10A \u2013 120W de Pegasus Astro est con\u00e7ue pour offrir une puissance stable et fiable aux accessoires tels que la Pocket Powerbox, l&rsquo;Ultimate Powerbox, ou le DewMaster. Avec une sortie de 12 V et un courant maximal de [&hellip;]<\/p>\n","protected":false},"featured_media":4962,"comment_status":"open","ping_status":"closed","template":"","meta":[],"product_brand":[517],"product_cat":[637,19,636],"product_tag":[],"class_list":{"0":"post-4445","1":"product","2":"type-product","3":"status-publish","4":"has-post-thumbnail","6":"product_brand-pegasus","7":"product_cat-alimentations","8":"product_cat-accessoires","9":"product_cat-electroniques-batteries-et-alimentations","11":"first","12":"instock","13":"taxable","14":"shipping-taxable","15":"purchasable","16":"product-type-simple"},"_links":{"self":[{"href":"https:\/\/deep-space-astronomy.ch\/de\/wp-json\/wp\/v2\/product\/4445","targetHints":{"allow":["GET"]}}],"collection":[{"href":"https:\/\/deep-space-astronomy.ch\/de\/wp-json\/wp\/v2\/product"}],"about":[{"href":"https:\/\/deep-space-astronomy.ch\/de\/wp-json\/wp\/v2\/types\/product"}],"replies":[{"embeddable":true,"href":"https:\/\/deep-space-astronomy.ch\/de\/wp-json\/wp\/v2\/comments?post=4445"}],"wp:featuredmedia":[{"embeddable":true,"href":"https:\/\/deep-space-astronomy.ch\/de\/wp-json\/wp\/v2\/media\/4962"}],"wp:attachment":[{"href":"https:\/\/deep-space-astronomy.ch\/de\/wp-json\/wp\/v2\/media?parent=4445"}],"wp:term":[{"taxonomy":"product_brand","embeddable":true,"href":"https:\/\/deep-space-astronomy.ch\/de\/wp-json\/wp\/v2\/product_brand?post=4445"},{"taxonomy":"product_cat","embeddable":true,"href":"https:\/\/deep-space-astronomy.ch\/de\/wp-json\/wp\/v2\/product_cat?post=4445"},{"taxonomy":"product_tag","embeddable":true,"href":"https:\/\/deep-space-astronomy.ch\/de\/wp-json\/wp\/v2\/product_tag?post=4445"}],"curies":[{"name":"wp","href":"https:\/\/api.w.org\/{rel}","templated":true}]}}