{"id":4446,"date":"2025-03-06T21:57:33","date_gmt":"2025-03-06T20:57:33","guid":{"rendered":"https:\/\/deep-space-astronomy.geekworkers.dev\/produit\/alimentation-12v-20a-connecteur-dc-xt60\/"},"modified":"2025-12-09T20:34:34","modified_gmt":"2025-12-09T19:34:34","slug":"alimentation-12v-20a-connecteur-dc-xt60","status":"publish","type":"product","link":"https:\/\/deep-space-astronomy.ch\/de\/produkt\/alimentation-12v-20a-connecteur-dc-xt60\/","title":{"rendered":"Netzteil 12V 20A - DC-Anschluss XT60"},"content":{"rendered":"<h3>Hochleistungsnetzteil 12V \/ 20A - 240W f\u00fcr Energiefresser-Systeme<\/h3>\n<p>Die High-Power-Nahrung <strong>12V \/ 20A - 240W<\/strong> von <strong>Pegasus Astro<\/strong> wurde entwickelt, um die Anforderungen der energieintensivsten Konfigurationen zu erf\u00fcllen, einschlie\u00dflich der Modelle <strong>Ultimate Powerbox V2<\/strong> und <strong>V3<\/strong>oder andere Ger\u00e4te, die eine hohe Stromversorgung ben\u00f6tigen. Mit einem stabilen 12-V-Ausgang und einem maximalen Strom von 20 A sorgt dieses Netzteil auch in anspruchsvollen Umgebungen f\u00fcr eine optimale Leistung.<\/p>\n<ul>\n<li><strong>Anwendungen : <\/strong>Ultimate Powerbox V2\/V3 oder Systeme mit hohem Energiebedarf.<\/li>\n<li><strong>Abmessungen : <\/strong>175 x 78 x 40 mm.<\/li>\n<li><strong>Gewicht : <\/strong>Etwa 0,62 kg.<\/li>\n<li><strong>Verbinder : <\/strong>Nur XT60-Stecker, garantiert geringe elektrische St\u00f6rungen und eine sichere Verbindung.<\/li>\n<\/ul>\n<h3>Verf\u00fcgbare Optionen bei der Auswahl Ihrer Pegasus Astro Ern\u00e4hrung<\/h3>\n<ul>\n<li><strong>12V \/ 10A - 120W :<\/strong> F\u00fcr den vielseitigen Einsatz mit den meisten Pegasus Astro-Produkten. Kompatibel mit mehreren Anschl\u00fcssen (XT60, 2,1 mm oder 2,5 mm). Ideal f\u00fcr Standardkonfigurationen.<\/li>\n<li><strong>12V \/ 20A - 240W :<\/strong> Entwickelt f\u00fcr energieintensive Systeme wie die Ultimate Powerbox oder komplexe Konfigurationen. Nur XT60-Anschluss.<\/li>\n<li><strong>12V \/ 1.5A - 18W :<\/strong> Spezialisierte Netzteile f\u00fcr leichtes Zubeh\u00f6r wie den FocusCube oder den Falcon Rotator. Kompakt und leicht.<\/li>\n<\/ul>\n<h3>Wichtige Kriterien f\u00fcr die Wahl Ihrer Ern\u00e4hrung<\/h3>\n<ol>\n<li><strong>Leistungsbedarf (Watt) :<\/strong> Addieren Sie den Stromverbrauch Ihrer Ausr\u00fcstung (Kameras, Halterungen, Heizwiderst\u00e4nde usw.). Eine CCD\/CMOS-Kamera kann beispielsweise zwischen 2 und 5 A verbrauchen, addieren Sie dazu noch Zubeh\u00f6r wie Filterr\u00e4der oder Fokusmotoren.<\/li>\n<li><strong>Geeignete Verbindung :<\/strong> \u00dcberpr\u00fcfen Sie, ob Ihre Ausr\u00fcstung einen XT60-Stecker (f\u00fcr die Ultimate Powerbox) oder einen herk\u00f6mmlichen DC-Stecker (2,1 mm oder 2,5 mm) ben\u00f6tigt.<\/li>\n<li><strong>Tragbarkeit vs. Leistung :<\/strong> F\u00fcr leichte oder mobile Setups w\u00e4hlen Sie die kompakte Version (10A\/120W). F\u00fcr feste oder komplexe Setups, die mehr Energie ben\u00f6tigen, w\u00e4hlen Sie das Hochleistungsnetzteil (20A\/240W).<\/li>\n<li><strong>Kompatibilit\u00e4t mit dem verwendeten Pegasus-Produkt :<\/strong> Lesen Sie in der Dokumentation Ihres Pegasus Astro-Produkts nach, um die empfohlene Stromversorgung zu ermitteln.<\/li>\n<\/ol>\n<h3>Schlussfolgerung<\/h3>\n<p>Pegasus Astro bietet zuverl\u00e4ssige Netzteile, die auf die Bed\u00fcrfnisse jedes Astrofotografen und Astronomen zugeschnitten sind, von leichtem Zubeh\u00f6r bis hin zu komplexen Systemen, die ein fortschrittliches Energiemanagement erfordern. W\u00e4hlen Sie Ihr Netzteil anhand der ben\u00f6tigten Leistung, des Steckertyps und der Spezifikationen Ihrer Ausr\u00fcstung aus, um eine optimale Leistung bei Ihren n\u00e4chtlichen Beobachtungssitzungen zu gew\u00e4hrleisten.<\/p>","protected":false},"excerpt":{"rendered":"<p>Alimentation Haute Puissance 12V \/ 20A \u2013 240W pour Syst\u00e8mes Gourmands en \u00c9nergie L&rsquo;alimentation haute puissance 12V \/ 20A \u2013 240W de Pegasus Astro est con\u00e7ue pour r\u00e9pondre aux besoins des configurations les plus \u00e9nergivores, notamment les mod\u00e8les Ultimate Powerbox V2 et V3, ou tout autre \u00e9quipement n\u00e9cessitant une alimentation \u00e9lev\u00e9e. Avec une sortie stable [&hellip;]<\/p>\n","protected":false},"featured_media":4963,"comment_status":"open","ping_status":"closed","template":"","meta":[],"product_brand":[517],"product_cat":[637,19,636],"product_tag":[],"class_list":{"0":"post-4446","1":"product","2":"type-product","3":"status-publish","4":"has-post-thumbnail","6":"product_brand-pegasus","7":"product_cat-alimentations","8":"product_cat-accessoires","9":"product_cat-electroniques-batteries-et-alimentations","11":"first","12":"on_supplier","13":"taxable","14":"shipping-taxable","15":"purchasable","16":"product-type-simple"},"_links":{"self":[{"href":"https:\/\/deep-space-astronomy.ch\/de\/wp-json\/wp\/v2\/product\/4446","targetHints":{"allow":["GET"]}}],"collection":[{"href":"https:\/\/deep-space-astronomy.ch\/de\/wp-json\/wp\/v2\/product"}],"about":[{"href":"https:\/\/deep-space-astronomy.ch\/de\/wp-json\/wp\/v2\/types\/product"}],"replies":[{"embeddable":true,"href":"https:\/\/deep-space-astronomy.ch\/de\/wp-json\/wp\/v2\/comments?post=4446"}],"wp:featuredmedia":[{"embeddable":true,"href":"https:\/\/deep-space-astronomy.ch\/de\/wp-json\/wp\/v2\/media\/4963"}],"wp:attachment":[{"href":"https:\/\/deep-space-astronomy.ch\/de\/wp-json\/wp\/v2\/media?parent=4446"}],"wp:term":[{"taxonomy":"product_brand","embeddable":true,"href":"https:\/\/deep-space-astronomy.ch\/de\/wp-json\/wp\/v2\/product_brand?post=4446"},{"taxonomy":"product_cat","embeddable":true,"href":"https:\/\/deep-space-astronomy.ch\/de\/wp-json\/wp\/v2\/product_cat?post=4446"},{"taxonomy":"product_tag","embeddable":true,"href":"https:\/\/deep-space-astronomy.ch\/de\/wp-json\/wp\/v2\/product_tag?post=4446"}],"curies":[{"name":"wp","href":"https:\/\/api.w.org\/{rel}","templated":true}]}}