{"id":4452,"date":"2025-03-06T21:58:22","date_gmt":"2025-03-06T20:58:22","guid":{"rendered":"https:\/\/deep-space-astronomy.geekworkers.dev\/produit\/uranus-meteo-sensor-meteo-locale-et-mesures-du-ciel\/"},"modified":"2026-03-29T17:55:17","modified_gmt":"2026-03-29T15:55:17","slug":"uranus-meteo-sensor-meteo-locale-et-mesures-du-ciel","status":"publish","type":"product","link":"https:\/\/deep-space-astronomy.ch\/de\/produkt\/uranus-meteo-sensor-meteo-locale-et-mesures-du-ciel\/","title":{"rendered":"Uranus Meteo Sensor (Lokales Wetter und Himmelsmessungen)"},"content":{"rendered":"<h3>Uranus Meteo Sensor von Pegasus Astro: Der ideale Wettersensor f\u00fcr Astronomen und Astrofotografen<\/h3>\n<p>Die <strong>Uranus Meteo Sensor<\/strong> von <strong>Pegasus Astro<\/strong> ist ein kompakter und vielseitiger Wettersensor, der auf die Bed\u00fcrfnisse von Amateurastronomen und Astrofotografen zugeschnitten ist. Mit diesem Ger\u00e4t k\u00f6nnen Sie eine Vielzahl von Umwelt- und Wetterparametern messen und so optimale Bedingungen f\u00fcr Ihre Beobachtungssessions gew\u00e4hrleisten. Erfahren Sie mehr \u00fcber seine technischen Daten und Hauptfunktionen.<\/p>\n<h3>Umweltsensoren<\/h3>\n<ul>\n<li><strong>Temperatur :<\/strong> Messbereich von <strong>-40 bis +85 \u00b0C<\/strong> mit einer Genauigkeit von <strong>\u00b10,5 \u00b0C<\/strong>.<\/li>\n<li><strong>Relative Luftfeuchtigkeit :<\/strong> Strand von <strong>0 % bis 100 %<\/strong>mit einer Genauigkeit von <strong>\u00b13 %<\/strong>.<\/li>\n<li><strong>Luftdruck :<\/strong> Messung des absoluten und relativen Drucks auf Meeresh\u00f6he.<\/li>\n<li><strong>Wolken :<\/strong> Erkennung der Wolkendecke (%) \u00fcber einen Infrarotsensor mit einem Erfassungswinkel von 60\u00b0 und Messung der Wolkenh\u00f6he.<\/li>\n<li><strong>Helligkeit des Nachthimmels :<\/strong> Messung in Magnituden pro Quadratbogensekunde (MPSAS), Bortle-Skala und Lux, mit der Lichtverschmutzung oder Schwankungen der Himmelsqualit\u00e4t zwischen verschiedenen Standorten festgestellt werden k\u00f6nnen.<\/li>\n<\/ul>\n<h3>Integriertes GPS<\/h3>\n<p>Der Uranus-Sensor ist mit einem <strong>Integriertes GPS<\/strong>Der Bericht enth\u00e4lt genaue Angaben zu :<\/p>\n<ul>\n<li>Breitengrad und L\u00e4ngengrad.<\/li>\n<li>H\u00f6he (barometrisch und GPS).<\/li>\n<li>Astronomische Zeit und D\u00e4mmerungszeit.<\/li>\n<li>\u00dcber einen NMEA-Anschluss mit Mounts wie den 10Micron-Modellen kompatibel.<\/li>\n<\/ul>\n<h3>Wichtigste Funktionen<\/h3>\n<ul>\n<li><strong>Erhebung und Speicherung von Daten :<\/strong> Der interne Speicher zeichnet alle Umweltmessungen mit den GPS-Koordinaten auf. Die Daten k\u00f6nnen zur weiteren Analyse exportiert werden.<\/li>\n<li><strong>Digitale Anzeige :<\/strong> Ein eingebautes rotes Display zeigt die Daten in Echtzeit an, und die Navigation durch die Men\u00fcs wird durch zwei Tasten auf der Oberseite des Ger\u00e4ts erleichtert.<\/li>\n<li><strong>Software-Kompatibilit\u00e4t :<\/strong> Vollst\u00e4ndige Unterst\u00fctzung von ASCOM 6 f\u00fcr die Integration mit Bildgebungssoftware wie N.I.N.A. oder SGPro. Die Unity-Plattform erm\u00f6glicht die \u00dcberwachung und den Export von Daten in Form von zoombaren Grafiken.<\/li>\n<\/ul>\n<h3>Robustes Design<\/h3>\n<p>Der Sensor wird mit einem Geh\u00e4use aus <strong>blau eloxiertes Aluminium<\/strong> f\u00fcr eine l\u00e4ngere Haltbarkeit. Mit einer kompakten Gr\u00f6\u00dfe, die der einer Zigarettenschachtel entspricht, l\u00e4sst es sich leicht transportieren und an einem Teleskop oder in anderen Beobachtungskonfigurationen anbringen.<\/p>\n<h3>Autonomie und Aufladen<\/h3>\n<p>Die <strong>Uranus Meteo Sensor<\/strong> verf\u00fcgt \u00fcber einen Akku, der \u00fcber <strong>USB-C<\/strong>Die Kamera bietet eine lange Akkulaufzeit und ist ideal f\u00fcr lange Beobachtungen oder Nachtaufnahmen.<\/p>\n<h3>Praktische Anwendungen<\/h3>\n<ul>\n<li>Planung von Beobachtungssitzungen unter Ber\u00fccksichtigung der \u00f6rtlichen Wetterbedingungen.<\/li>\n<li>Optimierung astrophotographischer Bilder durch genaue Wettermessungen.<\/li>\n<li>Schutz von automatisierten Beobachtungsger\u00e4ten (wie Teleskop\u00fcberdachungen) bei ung\u00fcnstigen Wetterbedingungen (Regen oder starke Bew\u00f6lkung).<\/li>\n<\/ul>\n<h3>In Zusammenfassung<\/h3>\n<p>Die <strong>Uranus Meteo Sensor<\/strong> ist ein unverzichtbares Werkzeug f\u00fcr jeden Amateur- oder Profiastronomen, der seine Beobachtungen unter optimalen Bedingungen maximieren m\u00f6chte. Mit seinen fortschrittlichen Sensoren, dem integrierten GPS und den Funktionen zur Datenerfassung und -speicherung ist dieser Sensor die ideale L\u00f6sung, um die Wetterbedingungen in Echtzeit zu \u00fcberwachen und die Himmelsbeobachtung zu optimieren.<\/p>","protected":false},"excerpt":{"rendered":"<p>Uranus Meteo Sensor de Pegasus Astro : Le Capteur M\u00e9t\u00e9o Id\u00e9al pour les Astronomes et Astrophotographes Le Uranus Meteo Sensor de Pegasus Astro est un capteur m\u00e9t\u00e9o compact et polyvalent, con\u00e7u pour r\u00e9pondre aux besoins des astronomes amateurs et des astrophotographes. Ce dispositif permet de mesurer une large gamme de param\u00e8tres environnementaux et m\u00e9t\u00e9orologiques, garantissant [&hellip;]<\/p>\n","protected":false},"featured_media":4966,"comment_status":"open","ping_status":"closed","template":"","meta":[],"product_brand":[517],"product_cat":[19,636,833,638],"product_tag":[856],"class_list":{"0":"post-4452","1":"product","2":"type-product","3":"status-publish","4":"has-post-thumbnail","6":"product_brand-pegasus","7":"product_cat-accessoires","8":"product_cat-electroniques-batteries-et-alimentations","9":"product_cat-en-stock","10":"product_cat-sqm-et-meteo","11":"product_tag-produits-phares-en-stock","13":"first","14":"instock","15":"taxable","16":"shipping-taxable","17":"purchasable","18":"product-type-simple"},"_links":{"self":[{"href":"https:\/\/deep-space-astronomy.ch\/de\/wp-json\/wp\/v2\/product\/4452","targetHints":{"allow":["GET"]}}],"collection":[{"href":"https:\/\/deep-space-astronomy.ch\/de\/wp-json\/wp\/v2\/product"}],"about":[{"href":"https:\/\/deep-space-astronomy.ch\/de\/wp-json\/wp\/v2\/types\/product"}],"replies":[{"embeddable":true,"href":"https:\/\/deep-space-astronomy.ch\/de\/wp-json\/wp\/v2\/comments?post=4452"}],"wp:featuredmedia":[{"embeddable":true,"href":"https:\/\/deep-space-astronomy.ch\/de\/wp-json\/wp\/v2\/media\/4966"}],"wp:attachment":[{"href":"https:\/\/deep-space-astronomy.ch\/de\/wp-json\/wp\/v2\/media?parent=4452"}],"wp:term":[{"taxonomy":"product_brand","embeddable":true,"href":"https:\/\/deep-space-astronomy.ch\/de\/wp-json\/wp\/v2\/product_brand?post=4452"},{"taxonomy":"product_cat","embeddable":true,"href":"https:\/\/deep-space-astronomy.ch\/de\/wp-json\/wp\/v2\/product_cat?post=4452"},{"taxonomy":"product_tag","embeddable":true,"href":"https:\/\/deep-space-astronomy.ch\/de\/wp-json\/wp\/v2\/product_tag?post=4452"}],"curies":[{"name":"wp","href":"https:\/\/api.w.org\/{rel}","templated":true}]}}