{"id":4455,"date":"2025-03-06T21:58:56","date_gmt":"2025-03-06T20:58:56","guid":{"rendered":"https:\/\/deep-space-astronomy.geekworkers.dev\/produit\/sky-quality-meter-sqm-le\/"},"modified":"2025-06-03T10:28:04","modified_gmt":"2025-06-03T08:28:04","slug":"sky-quality-meter-sqm-le","status":"publish","type":"product","link":"https:\/\/deep-space-astronomy.ch\/de\/produkt\/sky-quality-meter-sqm-le\/","title":{"rendered":"Sky Quality Meter (SQM) - LE"},"content":{"rendered":"<h3>Unihedron Sky Quality Meter - LE (SQM-LE): Messung der Qualit\u00e4t des Nachthimmels mit Ethernet-Konnektivit\u00e4t<\/h3>\n<p>Die <strong>Sky Quality Meter - LE (SQM-LE)<\/strong> von <strong>Unihedron<\/strong> ist ein Spezialger\u00e4t, das entwickelt wurde, um die Helligkeit des Nachthimmels kontinuierlich und automatisch zu messen. Mit seiner Ethernet-Konnektivit\u00e4t erm\u00f6glicht es Astronomen, Forschern und Observatorien, die Lichtverschmutzung in Echtzeit zu \u00fcberwachen.<\/p>\n<h3>Wichtigste Merkmale<\/h3>\n<ul>\n<li><strong>Ethernet-Konnektivit\u00e4t :<\/strong> Das SQM-LE \u00fcbertr\u00e4gt Daten in Echtzeit \u00fcber eine Ethernet-Verbindung und ist ideal f\u00fcr eine kontinuierliche \u00dcberwachung aus der Ferne.<\/li>\n<li><strong>Messbereich :<\/strong> Misst die Helligkeit des Himmels in Magnituden pro Quadratbogensekunde (mag\/arcsec\u00b2), mit Werten zwischen 16 (sehr heller Himmel) und 23 (extrem dunkler Himmel).<\/li>\n<li><strong>Winkelempfindlichkeit :<\/strong> Winkelempfindlichkeit mit einer Halbwertsbreite von ca. 10\u00b0 (HWHM), wodurch ein Feld von 20\u00b0 (FWHM) gemessen werden kann.<\/li>\n<li><strong>Sensor :<\/strong> Verwendet einen TAOS TSL237S-Sensor und einen HOYA CM-500 Infrarot-Sperrfilter, der Messungen nur im sichtbaren Spektrum gew\u00e4hrleistet.<\/li>\n<\/ul>\n<h3>Anwendungen<\/h3>\n<ul>\n<li><strong>Kontinuierliche \u00dcberwachung :<\/strong> Dank seiner Ethernet-Konnektivit\u00e4t kann das SQM-LE die Entwicklung der Lichtverschmutzung an einem bestimmten Standort in Echtzeit \u00fcberwachen.<\/li>\n<li><strong>Wissenschaftliche Forschung :<\/strong> Ideal f\u00fcr Projekte, die regelm\u00e4\u00dfige und genaue Daten \u00fcber die Qualit\u00e4t des Nachthimmels ben\u00f6tigen.<\/li>\n<li><strong>Feste Sternwarten :<\/strong> Perfekt f\u00fcr astronomische Observatorien, die die Bedingungen am Himmel langfristig dokumentieren m\u00f6chten.<\/li>\n<\/ul>\n<h3>Inhalt der Lieferung<\/h3>\n<ul>\n<li>Sky Quality Meter - LE<\/li>\n<li>Netzadapter<\/li>\n<li>Benutzerhandbuch<\/li>\n<\/ul>\n<h3>In Zusammenfassung<\/h3>\n<p>Die <strong>SQM-LE<\/strong> ist ein fortschrittliches und vielseitiges Werkzeug, das entwickelt wurde, um genaue und kontinuierliche Messungen der Qualit\u00e4t des Nachthimmels zu liefern. Mit seiner Ethernet-Konnektivit\u00e4t eignet es sich besonders f\u00fcr professionelle und wissenschaftliche Nutzer, die eine zuverl\u00e4ssige \u00dcberwachung der Lichtverschmutzung in Echtzeit anstreben.<\/p>","protected":false},"excerpt":{"rendered":"<p>Sky Quality Meter &#8211; LE (SQM-LE) de Unihedron : Mesurez la Qualit\u00e9 du Ciel Nocturne avec Connectivit\u00e9 Ethernet Le Sky Quality Meter &#8211; LE (SQM-LE) de Unihedron est un appareil sp\u00e9cialis\u00e9 con\u00e7u pour mesurer la luminosit\u00e9 du ciel nocturne de mani\u00e8re continue et automatis\u00e9e. Avec sa connectivit\u00e9 Ethernet, il permet aux astronomes, chercheurs et observatoires [&hellip;]<\/p>\n","protected":false},"featured_media":4973,"comment_status":"open","ping_status":"closed","template":"","meta":[],"product_brand":[639],"product_cat":[19,636,638],"product_tag":[],"class_list":{"0":"post-4455","1":"product","2":"type-product","3":"status-publish","4":"has-post-thumbnail","6":"product_brand-unihedron","7":"product_cat-accessoires","8":"product_cat-electroniques-batteries-et-alimentations","9":"product_cat-sqm-et-meteo","11":"first","12":"on_supplier","13":"taxable","14":"shipping-taxable","15":"purchasable","16":"product-type-simple"},"_links":{"self":[{"href":"https:\/\/deep-space-astronomy.ch\/de\/wp-json\/wp\/v2\/product\/4455","targetHints":{"allow":["GET"]}}],"collection":[{"href":"https:\/\/deep-space-astronomy.ch\/de\/wp-json\/wp\/v2\/product"}],"about":[{"href":"https:\/\/deep-space-astronomy.ch\/de\/wp-json\/wp\/v2\/types\/product"}],"replies":[{"embeddable":true,"href":"https:\/\/deep-space-astronomy.ch\/de\/wp-json\/wp\/v2\/comments?post=4455"}],"wp:featuredmedia":[{"embeddable":true,"href":"https:\/\/deep-space-astronomy.ch\/de\/wp-json\/wp\/v2\/media\/4973"}],"wp:attachment":[{"href":"https:\/\/deep-space-astronomy.ch\/de\/wp-json\/wp\/v2\/media?parent=4455"}],"wp:term":[{"taxonomy":"product_brand","embeddable":true,"href":"https:\/\/deep-space-astronomy.ch\/de\/wp-json\/wp\/v2\/product_brand?post=4455"},{"taxonomy":"product_cat","embeddable":true,"href":"https:\/\/deep-space-astronomy.ch\/de\/wp-json\/wp\/v2\/product_cat?post=4455"},{"taxonomy":"product_tag","embeddable":true,"href":"https:\/\/deep-space-astronomy.ch\/de\/wp-json\/wp\/v2\/product_tag?post=4455"}],"curies":[{"name":"wp","href":"https:\/\/api.w.org\/{rel}","templated":true}]}}