{"id":4456,"date":"2025-03-06T21:59:07","date_gmt":"2025-03-06T20:59:07","guid":{"rendered":"https:\/\/deep-space-astronomy.geekworkers.dev\/produit\/sky-quality-meter-sqm-lu-dl\/"},"modified":"2025-06-03T10:28:12","modified_gmt":"2025-06-03T08:28:12","slug":"sky-quality-meter-sqm-lu-dl","status":"publish","type":"product","link":"https:\/\/deep-space-astronomy.ch\/de\/produkt\/sky-quality-meter-sqm-lu-dl\/","title":{"rendered":"Sky Quality Meter (SQM) - LU - DL"},"content":{"rendered":"<h3>Unihedron Sky Quality Meter - LU-DL (SQM-LU-DL): Messen Sie die Qualit\u00e4t des Nachthimmels mit USB-Anschluss<\/h3>\n<p>Die <strong>Sky Quality Meter - LU-DL (SQM-LU-DL)<\/strong> von <strong>Unihedron<\/strong> ist ein fortschrittliches Fotometer, das speziell f\u00fcr die Messung der Helligkeit des Nachthimmels entwickelt wurde. Mit seinem USB-Anschluss und der M\u00f6glichkeit zur Datenaufzeichnung ist es das ideale Werkzeug f\u00fcr Astronomen, Astrofotografen und Forscher, die die Lichtverschmutzung untersuchen.<\/p>\n<h3>Wichtigste Merkmale<\/h3>\n<ul>\n<li><strong>USB-Konnektivit\u00e4t :<\/strong> Erm\u00f6glicht den Anschluss der Kamera an einen Computer f\u00fcr die direkte Daten\u00fcbertragung und kontinuierliche Aufzeichnung.<\/li>\n<li><strong>Eigenst\u00e4ndiges Aufnehmen :<\/strong> Kann Daten ohne st\u00e4ndiges Eingreifen sammeln und speichern, ideal f\u00fcr l\u00e4ngere \u00dcberwachungen.<\/li>\n<li><strong>Messbereich :<\/strong> Misst die Helligkeit des Himmels in Magnituden pro Quadratbogensekunde (mag\/arcsec\u00b2), mit typischen Werten zwischen 16 (sehr heller Himmel) und 23 (extrem dunkler Himmel).<\/li>\n<li><strong>Winkelempfindlichkeit :<\/strong> Mit einer integrierten Linse bietet es ein pr\u00e4zises Messfeld von 20\u00b0 (FWHM) und eignet sich perfekt f\u00fcr lokalisierte Messungen.<\/li>\n<li><strong>Sensor :<\/strong> Verwendet einen TAOS TSL237S-Sensor in Kombination mit einem HOYA CM-500 Infrarot-Sperrfilter, um genaue Messungen im sichtbaren Spektrum zu gew\u00e4hrleisten.<\/li>\n<\/ul>\n<h3>Vorteile und Anwendungen<\/h3>\n<ul>\n<li><strong>Kontinuierliche \u00dcberwachung :<\/strong> Ideal, um die Entwicklung der Lichtverschmutzung an einem bestimmten Ort zu dokumentieren, ohne h\u00e4ufig eingreifen zu m\u00fcssen.<\/li>\n<li><strong>Wissenschaftliche Forschung :<\/strong> Perfekt f\u00fcr Projekte, die regelm\u00e4\u00dfige und genaue Daten \u00fcber die Qualit\u00e4t des Nachthimmels ben\u00f6tigen.<\/li>\n<li><strong>Astrofotografie :<\/strong> Hilft bei der Korrelation der Himmelsqualit\u00e4t mit der Leistung der CCD- oder CMOS-Sensoren w\u00e4hrend der Bildgebungssitzungen.<\/li>\n<li><strong>Transportabel und praktisch :<\/strong> Es ist leicht und kompakt und kann an verschiedenen Orten eingesetzt werden, um die Qualit\u00e4t des Himmels zwischen verschiedenen Standorten objektiv zu vergleichen.<\/li>\n<\/ul>\n<h3>Inhalt der Lieferung<\/h3>\n<ul>\n<li>Sky Quality Meter - LU-DL<\/li>\n<li>USB-Kabel<\/li>\n<li>Benutzerhandbuch<\/li>\n<\/ul>\n<h3>In Zusammenfassung<\/h3>\n<p>Die <strong>SQM-LU-DL<\/strong> ist ein vielseitiges und leistungsstarkes Ger\u00e4t zur Messung der Qualit\u00e4t des Nachthimmels. Es bietet erweiterte Aufzeichnungs- und Anschlussm\u00f6glichkeiten und eignet sich daher besonders f\u00fcr Nutzer, die Mobilit\u00e4t mit dem Sammeln genauer Daten zur Lichtverschmutzung kombinieren m\u00f6chten.<\/p>","protected":false},"excerpt":{"rendered":"<p>Sky Quality Meter &#8211; LU-DL (SQM-LU-DL) de Unihedron : Mesurez la Qualit\u00e9 du Ciel Nocturne avec Connectivit\u00e9 USB Le Sky Quality Meter &#8211; LU-DL (SQM-LU-DL) de Unihedron est un photom\u00e8tre avanc\u00e9, sp\u00e9cialement con\u00e7u pour mesurer la luminosit\u00e9 du ciel nocturne. Avec sa connectivit\u00e9 USB et ses capacit\u00e9s d&rsquo;enregistrement de donn\u00e9es, il est l&rsquo;outil id\u00e9al pour [&hellip;]<\/p>\n","protected":false},"featured_media":4975,"comment_status":"open","ping_status":"closed","template":"","meta":[],"product_brand":[639],"product_cat":[19,636,638],"product_tag":[],"class_list":{"0":"post-4456","1":"product","2":"type-product","3":"status-publish","4":"has-post-thumbnail","6":"product_brand-unihedron","7":"product_cat-accessoires","8":"product_cat-electroniques-batteries-et-alimentations","9":"product_cat-sqm-et-meteo","11":"first","12":"on_supplier","13":"taxable","14":"shipping-taxable","15":"purchasable","16":"product-type-simple"},"_links":{"self":[{"href":"https:\/\/deep-space-astronomy.ch\/de\/wp-json\/wp\/v2\/product\/4456","targetHints":{"allow":["GET"]}}],"collection":[{"href":"https:\/\/deep-space-astronomy.ch\/de\/wp-json\/wp\/v2\/product"}],"about":[{"href":"https:\/\/deep-space-astronomy.ch\/de\/wp-json\/wp\/v2\/types\/product"}],"replies":[{"embeddable":true,"href":"https:\/\/deep-space-astronomy.ch\/de\/wp-json\/wp\/v2\/comments?post=4456"}],"wp:featuredmedia":[{"embeddable":true,"href":"https:\/\/deep-space-astronomy.ch\/de\/wp-json\/wp\/v2\/media\/4975"}],"wp:attachment":[{"href":"https:\/\/deep-space-astronomy.ch\/de\/wp-json\/wp\/v2\/media?parent=4456"}],"wp:term":[{"taxonomy":"product_brand","embeddable":true,"href":"https:\/\/deep-space-astronomy.ch\/de\/wp-json\/wp\/v2\/product_brand?post=4456"},{"taxonomy":"product_cat","embeddable":true,"href":"https:\/\/deep-space-astronomy.ch\/de\/wp-json\/wp\/v2\/product_cat?post=4456"},{"taxonomy":"product_tag","embeddable":true,"href":"https:\/\/deep-space-astronomy.ch\/de\/wp-json\/wp\/v2\/product_tag?post=4456"}],"curies":[{"name":"wp","href":"https:\/\/api.w.org\/{rel}","templated":true}]}}